{"id":606,"date":"2022-06-27T17:59:13","date_gmt":"2022-06-27T17:59:13","guid":{"rendered":"https:\/\/energysmartyes.com\/servicios\/cambie-a-solar\/"},"modified":"2023-10-27T16:10:36","modified_gmt":"2023-10-27T16:10:36","slug":"cambie-a-solar","status":"publish","type":"page","link":"https:\/\/energysmartyes.com\/es\/electrificacion\/cambie-a-solar\/","title":{"rendered":"Energ\u00eda solar"},"content":{"rendered":"<div class=\"wpb-content-wrapper\"><p>[vc_section full_width=\u00bbstretch_row\u00bb][vc_row type=\u00bbfull_width_section\u00bb][vc_column width=\u00bb1\/1&#8243;]<div class=\"single_image wpb_content_element align-left    \" data-animation=\"none\" data-delay=\"0\"><img loading=\"lazy\" decoding=\"async\" width=\"2000\" height=\"550\" src=\"https:\/\/energysmartyes.com\/wp-content\/uploads\/sites\/2\/2022\/07\/solar-hero.webp\" class=\"attachment-full\" alt=\"\" title=\"solar-hero\" srcset=\"https:\/\/energysmartyes.com\/wp-content\/uploads\/sites\/2\/2022\/07\/solar-hero.webp 2000w, https:\/\/energysmartyes.com\/wp-content\/uploads\/sites\/2\/2022\/07\/solar-hero-300x83.webp 300w, https:\/\/energysmartyes.com\/wp-content\/uploads\/sites\/2\/2022\/07\/solar-hero-1024x282.webp 1024w, https:\/\/energysmartyes.com\/wp-content\/uploads\/sites\/2\/2022\/07\/solar-hero-768x211.webp 768w, https:\/\/energysmartyes.com\/wp-content\/uploads\/sites\/2\/2022\/07\/solar-hero-1536x422.webp 1536w\" sizes=\"auto, (max-width: 2000px) 100vw, 2000px\" \/><\/div>[\/vc_column][\/vc_row][\/vc_section][vc_section full_width=\u00bbstretch_row\u00bb][vc_row top_padding=\u00bb44&#8243; bottom_padding=\u00bb44&#8243;][vc_column width=\u00bb1\/1&#8243;][vc_column_text]<\/p>\n<h2 style=\"text-align: center\">Energ\u00eda solar<\/h2>\n<p>[\/vc_column_text][vc_empty_space][vc_column_text]La energ\u00eda solar es m\u00e1s econ\u00f3mica que nunca. En 2020, Solar Industries Association (SEIA) inform\u00f3 que el precio para instalar paneles solares ha llegado a su piso hist\u00f3rico, cayendo un 70 % desde 2010. . Un sistema residencial de tama\u00f1o promedio hab\u00eda ca\u00eddo desde un precio previo al incentivo de $ 40 mil en 2010 a casi $ 18 mil en la actualidad.[\/vc_column_text][vc_empty_space][vc_column_text]<strong>\u00bfPor qu\u00e9 usar energ\u00eda solar?<\/strong><\/p>\n<ol>\n<li><strong>Estabilidad:<\/strong> El precio de la electricidad de un servicio p\u00fablico puede cambiar mucho. Instalar energ\u00eda solar en su casa le brinda m\u00e1s control sobre cu\u00e1nto paga cada mes.<\/li>\n<li><strong>Finanzas:<\/strong> Despu\u00e9s de que su sistema de energ\u00eda solar est\u00e9 saldado, no tendr\u00e1 que pagar facturas extras de servicio p\u00fablico; solo una baja tarifa mensual de conexi\u00f3n a la red.<\/li>\n<li><strong>Salud y resiliencia:<\/strong> En lugar de depender de la red energ\u00e9tica de su servicio p\u00fablico, obtendr\u00e1 energ\u00eda sin combustibles f\u00f3siles para su casa y reducir\u00e1 la contaminaci\u00f3n del aire en su comunidad.<\/li>\n<\/ol>\n<p>[\/vc_column_text][\/vc_column][\/vc_row][vc_row bg_color=\u00bb#ededed\u00bb top_padding=\u00bb44&#8243; bottom_padding=\u00bb44&#8243;][vc_column width=\u00bb1\/1&#8243;][vc_column_text]<\/p>\n<h3 class=\"sc-1i5rpq-0 jaEAna\" style=\"text-align: center\">Opte por energ\u00eda solar por menos<\/h3>\n<p>[\/vc_column_text][\/vc_column][\/vc_row][vc_row bg_color=\u00bb#ededed\u00bb bottom_padding=\u00bb44&#8243;][vc_column width=\u00bb1\/2&#8243;]<div class=\"single_image wpb_content_element align-left    \" data-animation=\"none\" data-delay=\"0\"><img loading=\"lazy\" decoding=\"async\" width=\"1773\" height=\"1182\" src=\"https:\/\/energysmartyes.com\/wp-content\/uploads\/sites\/2\/2023\/10\/DSC00620_Resize.jpeg\" class=\"attachment-full\" alt=\"\" title=\"DSC00620_Resize\" srcset=\"https:\/\/energysmartyes.com\/wp-content\/uploads\/sites\/2\/2023\/10\/DSC00620_Resize.jpeg 1773w, https:\/\/energysmartyes.com\/wp-content\/uploads\/sites\/2\/2023\/10\/DSC00620_Resize-300x200.jpeg 300w, https:\/\/energysmartyes.com\/wp-content\/uploads\/sites\/2\/2023\/10\/DSC00620_Resize-1024x683.jpeg 1024w, https:\/\/energysmartyes.com\/wp-content\/uploads\/sites\/2\/2023\/10\/DSC00620_Resize-768x512.jpeg 768w, https:\/\/energysmartyes.com\/wp-content\/uploads\/sites\/2\/2023\/10\/DSC00620_Resize-1536x1024.jpeg 1536w, https:\/\/energysmartyes.com\/wp-content\/uploads\/sites\/2\/2023\/10\/DSC00620_Resize-600x400.jpeg 600w\" sizes=\"auto, (max-width: 1773px) 100vw, 1773px\" \/><\/div>[\/vc_column][vc_column width=\u00bb1\/2&#8243;][vc_column_text]El Condado de Boulder se asoci\u00f3 con municipalidades locales y <a class=\"boco_external_link_icon\" href=\"https:\/\/protect-us.mimecast.com\/s\/_vJGClYkMViOl2pVuNCNlM?domain=solarunitedneighbors.org\" target=\"_blank\" rel=\"noopener\">Solar United Neighbors (SUN)<\/a> para armar una cooperativa de energ\u00eda solar por todo el condado. Es gratis sumarse a esta cooperativa y ayudar\u00e1 a los residentes y a las peque\u00f1as empresas a pasarse a energ\u00eda solar mediante la simplificaci\u00f3n del proceso a trav\u00e9s de compras grupales.<\/p>\n<p><span data-contrast=\"auto\">Los miembros de la cooperativa aprovechan sus n\u00fameros para comprar sistemas solares individuales de m\u00e1xima calidad a un precio competitivo. La membres\u00eda tambi\u00e9n incluye oportunidades para aprender m\u00e1s sobre tecnolog\u00eda solar, financiamiento, costos, etc.<\/span><\/p>\n<p><strong>La cooperativa actualmente est\u00e1 completa pero debido al inter\u00e9s significativo, es posible que haya una segunda ronda de membres\u00eda disponible en los pr\u00f3ximos meses. <a href=\"https:\/\/protect-us.mimecast.com\/s\/MOWjCo2n69UlmrZgimJgB7?domain=solarunitedneighbors.org\/\">Inscr\u00edbase aqu\u00ed en la lista de espera<\/a> <\/strong><\/p>\n<p><span data-contrast=\"auto\">Invitamos a las personas interesadas en aprender m\u00e1s sobre la cooperativa a acudir a alguna de las siguientes sesiones informativas gratis:<\/span><\/p>\n<p style=\"text-align: center\"><strong><span data-contrast=\"auto\">Solar 101:<\/span><\/strong><\/p>\n<p style=\"text-align: center\"><span data-contrast=\"auto\">15 de novembre de 2023 a las 5:30 pm<\/span><\/p>\n<p style=\"text-align: center\"><span data-contrast=\"auto\"><a class=\"boco_external_link_icon\" href=\"https:\/\/solarunitedneighbors-org.zoom.us\/webinar\/register\/5416945479834\/WN_uJiYXlIARYygDJ75-S1uyQ\" target=\"_blank\" rel=\"noopener\">Inscripci\u00f3n<\/a><\/span><\/p>\n<p>[\/vc_column_text][\/vc_column][\/vc_row][\/vc_section][vc_section full_width=\u00bbstretch_row\u00bb][vc_row top_padding=\u00bb44&#8243; bottom_padding=\u00bb64&#8243;][vc_column width=\u00bb1\/1&#8243;][vc_column_text]<\/p>\n<h3 style=\"text-align: center\">Primeros pasos<\/h3>\n<p>[\/vc_column_text][vc_empty_space][vc_column_text]\u00a1Hay tantas alternativas para pasarse a la energ\u00eda solar! Estas son dos opciones que los residentes del Condado de Boulder suelen escoger.<\/p>\n<h3>Mercado por internet de EnergySage<\/h3>\n<p><a href=\"https:\/\/www.energysage.com\/shop\/home-solar\/\">EnergySage<\/a> es una plataforma por internet que lo conecta con instaladores locales, que es una gran herramienta si no sabe por d\u00f3nde arrancar. Su Mercado de Energ\u00eda Solar le permite encontrar con seguridad una soluci\u00f3n indicada para usted, su casa y su presupuesto. Cuando se inscribe, puede:<\/p>\n<ul>\n<li>Conseguir presupuestos f\u00e1cilmente de varios instaladores preseleccionados<\/li>\n<li>Acceder a precios un 20 % m\u00e1s bajos (o m\u00e1s) en comparaci\u00f3n con hacerlo por cuenta propia<\/li>\n<li>Recibir asesoramiento objetivo y sincero sin agresivas t\u00e1cticas de venta<\/li>\n<\/ul>\n<p>[\/vc_column_text][vc_empty_space][vc_column_text]<\/p>\n<h3>Lista de contratistas de EnergySmart<\/h3>\n<p>Los residentes del Condado de Boulder tambi\u00e9n pueden <a href=\"https:\/\/energysmartyes.com\/es\/contratista\/\">visitar nuestra p\u00e1gina Encuentre un contratista<\/a>. EnergySmart recomienda conseguir m\u00e1s de un presupuesto antes de avanzar con un proyecto. Tambi\u00e9n puede consultar <a href=\"https:\/\/co.my.xcelenergy.com\/s\/renewable\/third-party-providers\" target=\"_blank\" rel=\"noopener\">los consejos de Xcel Energy para seleccionar contratistas de energ\u00eda solar<\/a>.[\/vc_column_text][vc_empty_space][vc_column_text]<strong>M\u00e1s all\u00e1 de la opci\u00f3n que escoja<\/strong>, hay financiamiento disponible con bajo inter\u00e9s a trav\u00e9s del <a href=\"https:\/\/cocleanenergyfund.com\/products\/residential-products\/renu\/\" target=\"_blank\" rel=\"noopener\">Pr\u00e9stamo RENU del Colorado Clean Energy Fund<\/a> que se asocia con Elevations Credit Union, Clean Energy Credit Union y Westerra Credit Union.[\/vc_column_text][\/vc_column][\/vc_row][\/vc_section][vc_row bg_color=\u00bb#f9a33e\u00bb text_color=\u00bblight\u00bb top_padding=\u00bb30&#8243; bottom_padding=\u00bb30&#8243;][vc_column width=\u00bb1\/4&#8243;][vc_column_text]<\/p>\n<p class=\"sc-1i5rpq-0 jaEAna\" style=\"text-align: center\"><a href=\"https:\/\/energysmartyes.com\/es\/conducir-electrico\/\"><strong>&lt; Volver a la p\u00e1gina Transporte<\/strong><\/a><\/p>\n<p>[\/vc_column_text][\/vc_column][vc_column width=\u00bb1\/2&#8243;][\/vc_column][vc_column width=\u00bb1\/4&#8243;][\/vc_column][\/vc_row]<\/p>\n<\/div>","protected":false},"excerpt":{"rendered":"<p>[vc_section full_width=\u00bbstretch_row\u00bb][vc_row type=\u00bbfull_width_section\u00bb][vc_column width=\u00bb1\/1&#8243;][\/vc_column][\/vc_row][\/vc_section][vc_section full_width=\u00bbstretch_row\u00bb][vc_row top_padding=\u00bb44&#8243; bottom_padding=\u00bb44&#8243;][vc_column width=\u00bb1\/1&#8243;][vc_column_text] Energ\u00eda solar [\/vc_column_text][vc_empty_space][vc_column_text]La energ\u00eda solar es m\u00e1s econ\u00f3mica que nunca. En 2020, Solar Industries Association (SEIA) inform\u00f3 que el precio para instalar paneles solares ha llegado a su piso hist\u00f3rico, cayendo un 70 % desde 2010. . Un sistema residencial de tama\u00f1o promedio hab\u00eda ca\u00eddo desde un precio previo al incentivo de $ 40 mil en 2010 a casi $ 18 mil en la actualidad.[\/vc_column_text][vc_empty_space][vc_column_text]\u00bfPor qu\u00e9 usar energ\u00eda solar? Estabilidad: El precio de la electricidad de un servicio p\u00fablico puede cambiar mucho. Instalar energ\u00eda solar en su casa le brinda m\u00e1s control sobre cu\u00e1nto paga cada mes. Finanzas: Despu\u00e9s de que su sistema de energ\u00eda solar est\u00e9 saldado, no tendr\u00e1 que pagar facturas extras de servicio p\u00fablico; solo una baja tarifa mensual de conexi\u00f3n a la red. Salud y resiliencia: En lugar de depender de la red energ\u00e9tica de su servicio p\u00fablico, obtendr\u00e1 energ\u00eda sin combustibles f\u00f3siles para su casa y reducir\u00e1 la contaminaci\u00f3n del aire en su comunidad. [\/vc_column_text][\/vc_column][\/vc_row][vc_row bg_color=\u00bb#ededed\u00bb top_padding=\u00bb44&#8243; bottom_padding=\u00bb44&#8243;][vc_column width=\u00bb1\/1&#8243;][vc_column_text] Opte por energ\u00eda solar por menos [\/vc_column_text][\/vc_column][\/vc_row][vc_row bg_color=\u00bb#ededed\u00bb bottom_padding=\u00bb44&#8243;][vc_column width=\u00bb1\/2&#8243;][\/vc_column][vc_column width=\u00bb1\/2&#8243;][vc_column_text]El Condado de Boulder se asoci\u00f3 con municipalidades locales y Solar United Neighbors (SUN) para armar una cooperativa [&hellip;]<\/p>\n","protected":false},"author":3004,"featured_media":0,"parent":427,"menu_order":0,"comment_status":"closed","ping_status":"closed","template":"","meta":{"_acf_changed":false,"footnotes":""},"class_list":["post-606","page","type-page","status-publish","hentry"],"acf":[],"_links":{"self":[{"href":"https:\/\/energysmartyes.com\/es\/wp-json\/wp\/v2\/pages\/606","targetHints":{"allow":["GET"]}}],"collection":[{"href":"https:\/\/energysmartyes.com\/es\/wp-json\/wp\/v2\/pages"}],"about":[{"href":"https:\/\/energysmartyes.com\/es\/wp-json\/wp\/v2\/types\/page"}],"author":[{"embeddable":true,"href":"https:\/\/energysmartyes.com\/es\/wp-json\/wp\/v2\/users\/3004"}],"replies":[{"embeddable":true,"href":"https:\/\/energysmartyes.com\/es\/wp-json\/wp\/v2\/comments?post=606"}],"version-history":[{"count":13,"href":"https:\/\/energysmartyes.com\/es\/wp-json\/wp\/v2\/pages\/606\/revisions"}],"predecessor-version":[{"id":3962,"href":"https:\/\/energysmartyes.com\/es\/wp-json\/wp\/v2\/pages\/606\/revisions\/3962"}],"up":[{"embeddable":true,"href":"https:\/\/energysmartyes.com\/es\/wp-json\/wp\/v2\/pages\/427"}],"wp:attachment":[{"href":"https:\/\/energysmartyes.com\/es\/wp-json\/wp\/v2\/media?parent=606"}],"curies":[{"name":"wp","href":"https:\/\/api.w.org\/{rel}","templated":true}]}}