{"id":596,"date":"2022-06-27T17:59:30","date_gmt":"2022-06-27T17:59:30","guid":{"rendered":"https:\/\/energysmartyes.com\/servicios\/contratista\/"},"modified":"2025-03-13T00:29:14","modified_gmt":"2025-03-13T00:29:14","slug":"contratista","status":"publish","type":"page","link":"https:\/\/energysmartyes.com\/es\/recursos\/contratista\/","title":{"rendered":"Encuente una contratista"},"content":{"rendered":"<div class=\"wpb-content-wrapper\"><p>[vc_section full_width=\u00bbstretch_row\u00bb][vc_row top_padding=\u00bb64&#8243; bottom_padding=\u00bb44&#8243;][vc_column width=\u00bb1\/1&#8243;][vc_column_text]<\/p>\n<h1 style=\"text-align: center\">Contratistas en el Condado de Boulder<\/h1>\n<p>[\/vc_column_text][vc_empty_space][vc_column_text]Encontrar un contratista puede ser complicado \u00a1pero cuenta con la ayuda de EnergySmart! A continuaci\u00f3n encontrar\u00e1 listas de contratistas que trabajan en el Condado de Boulder. Los contratistas enumerados han demostrado inter\u00e9s en ayudar a los residentes a completar proyectos de eficiencia energ\u00e9tica y solicitar fondos de programas de descuentos de servicio p\u00fablico e incentivos de EnergySmart. Los contratistas enumerados abajo han completado al menos un proyecto con EnergySmart.<\/p>\n<p><strong>Los residentes pueden trabajar con cualquier proveedor o contratista y no est\u00e1n limitados a estas listas.<\/strong> However, please note that some utility rebates have contractor requirements and EnergySmart does align with the utility&#8217;s contractor requirements to access our rebates. For example, if Xcel is the rebate-providing utility, the contractor will need to be registered on the appropriate <a href=\"https:\/\/hvacree.net\/xcel-co\/public_search.cfm\">Xcel Energy trade partner list<\/a> for some projects. If the City of Longmont is the utility, the contractor needs to be registered as an <a href=\"https:\/\/efficiencyworks.org\/resources\/find-a-service-provider\/\">Efficiency Works Service Provider<\/a> for most projects.   Las listas proporcionadas por EnergySmart ofrecen columnas para mostrar qu\u00e9 contratistas est\u00e1n registrados en las listas correspondientes.<\/p>\n<p><em>*EnergySmart no intercede ni promociona contratistas espec\u00edficos ni realiza declaraciones ni garant\u00edas respecto de la calidad del servicio o la constancia de seguro de ninguno de los contratistas de la lista.<\/em>[\/vc_column_text][\/vc_column][\/vc_row][vc_row bg_color=\u00bb#ededed\u00bb top_padding=\u00bb44&#8243; bottom_padding=\u00bb44&#8243;][vc_column column_center=\u00bbtrue\u00bb width=\u00bb1\/2&#8243;][vc_column_text]<\/p>\n<h2>Apuesta total a la electricidad<\/h2>\n<p>Si le interesa trabajar con contratistas que se especializan en instalaci\u00f3n de bombas de calor el\u00e9ctricas y calentadores de agua con bomba de calor, consulte la siguiente lista:[\/vc_column_text][vc_empty_space][vc_btn title=\u00bbElectrification-Focused Contractors\u00bb size=\u00bbsm\u00bb align=\u00bbcenter\u00bb css=\u00bb\u00bb link=\u00bburl:https%3A%2F%2Fenergysmartyes.com%2Fwp-content%2Fuploads%2Fsites%2F2%2F2025%2F02%2FEnergySmart-Electrification-Contractor-List-2.19.25.pdf|title:Electrification-Focused%20Contractors|target:_blank|\u00bb][\/vc_column][vc_column column_center=\u00bbtrue\u00bb width=\u00bb1\/2&#8243;]<div class=\"single_image wpb_content_element align-left    \" data-animation=\"none\" data-delay=\"0\"><img loading=\"lazy\" decoding=\"async\" width=\"1136\" height=\"885\" src=\"https:\/\/energysmartyes.com\/wp-content\/uploads\/sites\/2\/2022\/06\/hp_img_1.webp\" class=\"attachment-full\" alt=\"\" title=\"hp_img_1\" srcset=\"https:\/\/energysmartyes.com\/wp-content\/uploads\/sites\/2\/2022\/06\/hp_img_1.webp 1136w, https:\/\/energysmartyes.com\/wp-content\/uploads\/sites\/2\/2022\/06\/hp_img_1-300x234.webp 300w, https:\/\/energysmartyes.com\/wp-content\/uploads\/sites\/2\/2022\/06\/hp_img_1-1024x798.webp 1024w, https:\/\/energysmartyes.com\/wp-content\/uploads\/sites\/2\/2022\/06\/hp_img_1-768x598.webp 768w\" sizes=\"auto, (max-width: 1136px) 100vw, 1136px\" \/><\/div>[\/vc_column][\/vc_row][vc_row top_padding=\u00bb44&#8243; bottom_padding=\u00bb44&#8243;][vc_column width=\u00bb1\/3&#8243;]<div class=\"single_image wpb_content_element align-left    \" data-animation=\"none\" data-delay=\"0\"><img loading=\"lazy\" decoding=\"async\" width=\"1800\" height=\"1165\" src=\"https:\/\/energysmartyes.com\/wp-content\/uploads\/sites\/2\/2023\/10\/contractor.jpeg\" class=\"attachment-full\" alt=\"A woman talks to a contractor in her home\" title=\"contractor\" srcset=\"https:\/\/energysmartyes.com\/wp-content\/uploads\/sites\/2\/2023\/10\/contractor.jpeg 1800w, https:\/\/energysmartyes.com\/wp-content\/uploads\/sites\/2\/2023\/10\/contractor-300x194.jpeg 300w, https:\/\/energysmartyes.com\/wp-content\/uploads\/sites\/2\/2023\/10\/contractor-1024x663.jpeg 1024w, https:\/\/energysmartyes.com\/wp-content\/uploads\/sites\/2\/2023\/10\/contractor-768x497.jpeg 768w, https:\/\/energysmartyes.com\/wp-content\/uploads\/sites\/2\/2023\/10\/contractor-1536x994.jpeg 1536w\" sizes=\"auto, (max-width: 1800px) 100vw, 1800px\" \/><\/div><div class=\"spacer\" style=\"height: 10px;\"><\/div>[vc_btn title=\u00bbContratistas de HVAC\u00bb size=\u00bbsm\u00bb align=\u00bbcenter\u00bb css=\u00bb\u00bb link=\u00bburl:https%3A%2F%2Fenergysmartyes.com%2Fwp-content%2Fuploads%2Fsites%2F2%2F2025%2F02%2FEnergySmart-HVAC-Contractor-List-2.19.25.pdf|title:Contratistas%20de%20HVAC|target:_blank|\u00bb][\/vc_column][vc_column width=\u00bb1\/3&#8243;]<div class=\"single_image wpb_content_element align-left    \" data-animation=\"none\" data-delay=\"0\"><img loading=\"lazy\" decoding=\"async\" width=\"1773\" height=\"1182\" src=\"https:\/\/energysmartyes.com\/wp-content\/uploads\/sites\/2\/2023\/10\/Insulation.jpeg\" class=\"attachment-full\" alt=\"\" title=\"Insulation\" srcset=\"https:\/\/energysmartyes.com\/wp-content\/uploads\/sites\/2\/2023\/10\/Insulation.jpeg 1773w, https:\/\/energysmartyes.com\/wp-content\/uploads\/sites\/2\/2023\/10\/Insulation-300x200.jpeg 300w, https:\/\/energysmartyes.com\/wp-content\/uploads\/sites\/2\/2023\/10\/Insulation-1024x683.jpeg 1024w, https:\/\/energysmartyes.com\/wp-content\/uploads\/sites\/2\/2023\/10\/Insulation-768x512.jpeg 768w, https:\/\/energysmartyes.com\/wp-content\/uploads\/sites\/2\/2023\/10\/Insulation-1536x1024.jpeg 1536w, https:\/\/energysmartyes.com\/wp-content\/uploads\/sites\/2\/2023\/10\/Insulation-600x400.jpeg 600w\" sizes=\"auto, (max-width: 1773px) 100vw, 1773px\" \/><\/div><div class=\"spacer\" style=\"height: 10px;\"><\/div>[vc_btn title=\u00bbContratistas de Aislamiento\u00bb size=\u00bbsm\u00bb align=\u00bbcenter\u00bb css=\u00bb\u00bb link=\u00bburl:https%3A%2F%2Fenergysmartyes.com%2Fwp-content%2Fuploads%2Fsites%2F2%2F2025%2F02%2FEnergySmart-Insulation-Contractor-List-2.19.25.pdf|title:Contratistas%20de%20Aislamiento|target:_blank|\u00bb][\/vc_column][vc_column width=\u00bb1\/3&#8243;]<div class=\"single_image wpb_content_element align-left    \" data-animation=\"none\" data-delay=\"0\"><img loading=\"lazy\" decoding=\"async\" width=\"1773\" height=\"1182\" src=\"https:\/\/energysmartyes.com\/wp-content\/uploads\/sites\/2\/2023\/10\/Rooftop_Solar.jpeg\" class=\"attachment-full\" alt=\"\" title=\"Rooftop_Solar\" srcset=\"https:\/\/energysmartyes.com\/wp-content\/uploads\/sites\/2\/2023\/10\/Rooftop_Solar.jpeg 1773w, https:\/\/energysmartyes.com\/wp-content\/uploads\/sites\/2\/2023\/10\/Rooftop_Solar-300x200.jpeg 300w, https:\/\/energysmartyes.com\/wp-content\/uploads\/sites\/2\/2023\/10\/Rooftop_Solar-1024x683.jpeg 1024w, https:\/\/energysmartyes.com\/wp-content\/uploads\/sites\/2\/2023\/10\/Rooftop_Solar-768x512.jpeg 768w, https:\/\/energysmartyes.com\/wp-content\/uploads\/sites\/2\/2023\/10\/Rooftop_Solar-1536x1024.jpeg 1536w, https:\/\/energysmartyes.com\/wp-content\/uploads\/sites\/2\/2023\/10\/Rooftop_Solar-600x400.jpeg 600w\" sizes=\"auto, (max-width: 1773px) 100vw, 1773px\" \/><\/div><div class=\"spacer\" style=\"height: 10px;\"><\/div>[vc_btn title=\u00bbContratistas de Energ\u00eda Solar\u00bb size=\u00bbsm\u00bb align=\u00bbcenter\u00bb css=\u00bb\u00bb link=\u00bburl:https%3A%2F%2Fenergysmartyes.com%2Fwp-content%2Fuploads%2Fsites%2F2%2F2025%2F02%2FEnergySmart-Solar-Contractor-List-2.19.25.pdf|title:Contratistas%20de%20Energ%C3%ADa%20Solar|target:_blank|\u00bb][\/vc_column][\/vc_row][vc_row bottom_padding=\u00bb44&#8243;][vc_column width=\u00bb1\/1&#8243;][vc_column_text]Adem\u00e1s de las listas anteriores, quiz\u00e1 quiera consultar las listas de contratistas de <a href=\"https:\/\/hvacree.net\/xcel-co\/public_search.cfm\" target=\"_blank\" rel=\"noopener\">Xcel Energy<\/a>, <a href=\"https:\/\/co.my.xcelenergy.com\/s\/renewable\/third-party-providers\" target=\"_blank\" rel=\"noopener\">Efficiency Works<\/a> y <a href=\"https:\/\/loveelectric.org\/installer-listing\/\" target=\"_blank\" rel=\"noopener\">Love Electric<\/a>.[\/vc_column_text][\/vc_column][\/vc_row][vc_row bg_color=\u00bb#ededed\u00bb top_padding=\u00bb44&#8243; bottom_padding=\u00bb44&#8243;][vc_column width=\u00bb1\/1&#8243;][vc_column_text]<\/p>\n<h2>Mercado por internet de EnergySage<\/h2>\n<p><a href=\"https:\/\/www.energysage.com\/\">EnergySage<\/a> es una plataforma en l\u00ednea que lo conecta con contratistas e instaladores locales examinados, una excelente opci\u00f3n si no sabe por d\u00f3nde empezar a buscar. Sus mercados de energ\u00eda solar y bombas de calor le permiten comprar con confianza y obtener las soluciones adecuadas para usted, su hogar y su presupuesto. Cuando se inscribe, puede:<\/p>\n<ul>\n<li>Obtenga f\u00e1cilmente cotizaciones de m\u00faltiples contratistas preseleccionados<\/li>\n<li>Acceder a precios un 20 % m\u00e1s bajos (o m\u00e1s) en comparaci\u00f3n con hacerlo por cuenta propia<\/li>\n<li>Recibir asesoramiento objetivo y sincero sin agresivas t\u00e1cticas de venta<\/li>\n<\/ul>\n<p><a href=\"https:\/\/www.energysage.com\">Visite el sitio web de EnergySage aqu\u00ed.<\/a><\/p>\n<p><strong>EnergySage is now offering a $200 rebate to Boulder County customers that go solar through their services<\/strong>. To learn more, sign up, and qualify for the rebate <a href=\"https:\/\/www.energysage.com\/p\/energysmart\/\" target=\"_blank\" rel=\"noopener noreferrer\" data-auth=\"NotApplicable\" data-linkindex=\"7\">visit this link<\/a> (you&#8217;ll need this specific page in order to qualify).[\/vc_column_text][\/vc_column][\/vc_row][vc_row top_padding=\u00bb44&#8243; bottom_padding=\u00bb44&#8243;][vc_column width=\u00bb1\/1&#8243;][vc_column_text]<\/p>\n<h2 style=\"text-align: center\">Contractor and Equipment Selection FAQ<\/h2>\n<p>[\/vc_column_text][vc_empty_space][vc_tta_accordion section_title_tag=\u00bbh3&#8243; active_section=\u00bb1&#8243;][vc_tta_section title=\u00bbCan EnergySmart recommend a contractor?\u00bb tab_id=\u00bb1699983295142-feceb5c6-84b0&#8243;][vc_column_text]We are required to remain unbiased regarding contractor selection. We do offer insulation, HVAC, Electrification-only, and Solar contractor lists for reference at the top of this page.[\/vc_column_text][\/vc_tta_section][vc_tta_section title=\u00bbCan you recommend the equipment that will work best for my home?\u00bb tab_id=\u00bb1699983295158-3e0a7dbf-533d\u00bb][vc_column_text]Due to the various aspects that go into selecting the appropriate system for a home, we recommend consulting with a few contractors to see what equipment is best for your home. Many contractors have preferred vendors they use when selecting equipment.[\/vc_column_text][\/vc_tta_section][vc_tta_section title=\u00bbWhat&apos;s the best brand of equipment?\u00bb tab_id=\u00bb1699983768160-cf7e634f-86af\u00bb][vc_column_text]There are lots of manufacturers and brands that offer excellent, efficient equipment.<\/p>\n<p>We recommend consulting with your contractor regarding the brands they work with and suggest, as many contractors have preferred vendors.[\/vc_column_text][\/vc_tta_section][\/vc_tta_accordion][\/vc_column][\/vc_row][\/vc_section]<\/p>\n<\/div>","protected":false},"excerpt":{"rendered":"<p>[vc_section full_width=\u00bbstretch_row\u00bb][vc_row top_padding=\u00bb64&#8243; bottom_padding=\u00bb44&#8243;][vc_column width=\u00bb1\/1&#8243;][vc_column_text] Contratistas en el Condado de Boulder [\/vc_column_text][vc_empty_space][vc_column_text]Encontrar un contratista puede ser complicado \u00a1pero cuenta con la ayuda de EnergySmart! A continuaci\u00f3n encontrar\u00e1 listas de contratistas que trabajan en el Condado de Boulder. Los contratistas enumerados han demostrado inter\u00e9s en ayudar a los residentes a completar proyectos de eficiencia energ\u00e9tica y solicitar fondos de programas de descuentos de servicio p\u00fablico e incentivos de EnergySmart. Los contratistas enumerados abajo han completado al menos un proyecto con EnergySmart. Los residentes pueden trabajar con cualquier proveedor o contratista y no est\u00e1n limitados a estas listas. However, please note that some utility rebates have contractor requirements and EnergySmart does align with the utility&#8217;s contractor requirements to access our rebates. For example, if Xcel is the rebate-providing utility, the contractor will need to be registered on the appropriate Xcel Energy trade partner list for some projects. If the City of Longmont is the utility, the contractor needs to be registered as an Efficiency Works Service Provider for most projects. Las listas proporcionadas por EnergySmart ofrecen columnas para mostrar qu\u00e9 contratistas est\u00e1n registrados en las listas correspondientes. *EnergySmart no intercede ni promociona contratistas espec\u00edficos ni realiza declaraciones ni garant\u00edas respecto de la [&hellip;]<\/p>\n","protected":false},"author":3004,"featured_media":0,"parent":5230,"menu_order":0,"comment_status":"closed","ping_status":"closed","template":"","meta":{"_acf_changed":false,"footnotes":""},"class_list":["post-596","page","type-page","status-publish","hentry"],"acf":[],"_links":{"self":[{"href":"https:\/\/energysmartyes.com\/es\/wp-json\/wp\/v2\/pages\/596","targetHints":{"allow":["GET"]}}],"collection":[{"href":"https:\/\/energysmartyes.com\/es\/wp-json\/wp\/v2\/pages"}],"about":[{"href":"https:\/\/energysmartyes.com\/es\/wp-json\/wp\/v2\/types\/page"}],"author":[{"embeddable":true,"href":"https:\/\/energysmartyes.com\/es\/wp-json\/wp\/v2\/users\/3004"}],"replies":[{"embeddable":true,"href":"https:\/\/energysmartyes.com\/es\/wp-json\/wp\/v2\/comments?post=596"}],"version-history":[{"count":17,"href":"https:\/\/energysmartyes.com\/es\/wp-json\/wp\/v2\/pages\/596\/revisions"}],"predecessor-version":[{"id":5236,"href":"https:\/\/energysmartyes.com\/es\/wp-json\/wp\/v2\/pages\/596\/revisions\/5236"}],"up":[{"embeddable":true,"href":"https:\/\/energysmartyes.com\/es\/wp-json\/wp\/v2\/pages\/5230"}],"wp:attachment":[{"href":"https:\/\/energysmartyes.com\/es\/wp-json\/wp\/v2\/media?parent=596"}],"curies":[{"name":"wp","href":"https:\/\/api.w.org\/{rel}","templated":true}]}}