{"id":559,"date":"2022-06-27T17:52:39","date_gmt":"2022-06-27T17:52:39","guid":{"rendered":"https:\/\/energysmartyes.com\/rebates-financing\/"},"modified":"2025-03-12T23:53:58","modified_gmt":"2025-03-12T23:53:58","slug":"rembolsos-locales-adicionales","status":"publish","type":"page","link":"https:\/\/energysmartyes.com\/es\/reembolsos\/rembolsos-locales-adicionales\/","title":{"rendered":"Rembolsos Adicionales"},"content":{"rendered":"<div class=\"wpb-content-wrapper\"><p>[vc_section full_width=\u00bbstretch_row\u00bb content_placement=\u00bbmiddle\u00bb css=\u00bb.vc_custom_1657138497498{background-position: center !important;background-repeat: no-repeat !important;background-size: cover !important;}\u00bb][vc_row type=\u00bbfull_width_section\u00bb][vc_column width=\u00bb1\/1&#8243;][vc_single_image image=\u00bb275&#8243; img_size=\u00bbfull\u00bb alignment=\u00bbcenter\u00bb css=\u00bb\u00bb][\/vc_column][\/vc_row][\/vc_section][vc_section][vc_row bg_color=\u00bb#ededed\u00bb top_padding=\u00bb64&#8243; bottom_padding=\u00bb64&#8243; row_id=\u00bbpartnerrebates\u00bb][vc_column width=\u00bb1\/1&#8243;][vc_column_text]<\/p>\n<h1 style=\"text-align: center\">Rembolsos Adicionales<\/h1>\n<p>Adem\u00e1s de nuestros reembolsos internos, los residentes de todo el condado de Boulder tambi\u00e9n pueden beneficiarse de reembolsos ofrecidos por organizaciones externas. EnergySmart no administra los siguientes reembolsos, por lo que cada uno de ellos tiene sus propios requisitos, solicitudes y m\u00e1s. Lea atentamente las condiciones y p\u00f3ngase en contacto con el administrador correspondiente si tiene alguna pregunta.[\/vc_column_text][\/vc_column][\/vc_row][vc_row bg_color=\u00bb#ffffff\u00bb top_padding=\u00bb44&#8243; bottom_padding=\u00bb44&#8243; row_id=\u00bblongmontrebates\u00bb][vc_column text_align=\u00bbcenter\u00bb width=\u00bb1\/4&#8243;]<div class=\"single_image wpb_content_element align-center    \" data-animation=\"none\" data-delay=\"0\"><img loading=\"lazy\" decoding=\"async\" width=\"150\" height=\"150\" src=\"https:\/\/energysmartyes.com\/wp-content\/uploads\/sites\/2\/2022\/07\/rebate-2-150x150.webp\" class=\"attachment-thumbnail\" alt=\"Logo for the City of Longmont\" title=\"rebate-2\" srcset=\"https:\/\/energysmartyes.com\/wp-content\/uploads\/sites\/2\/2022\/07\/rebate-2-150x150.webp 150w, https:\/\/energysmartyes.com\/wp-content\/uploads\/sites\/2\/2022\/07\/rebate-2-300x300.webp 300w, https:\/\/energysmartyes.com\/wp-content\/uploads\/sites\/2\/2022\/07\/rebate-2-80x80.webp 80w, https:\/\/energysmartyes.com\/wp-content\/uploads\/sites\/2\/2022\/07\/rebate-2.webp 400w\" sizes=\"auto, (max-width: 150px) 100vw, 150px\" \/><\/div>[\/vc_column][vc_column width=\u00bb3\/4&#8243;][vc_column_text]<\/p>\n<h2>Ciudad de Longmont<\/h2>\n<p>[\/vc_column_text]<div class=\"spacer\" style=\"height: 20px;\"><\/div>[vc_column_text]Los clientes de Longmont Power &amp; Communications pueden ser elegibles para recibir reembolsos o incentivos del programa <a href=\"https:\/\/efficiencyworks.org\/homes\/rebates\/\">Efficiency Works<\/a>. Estos reembolsos e incentivos incluyen mejoras de HVAC, ventanas y puertas, aislamiento y sellado de aire, y m\u00e1s. Tambi\u00e9n es posible que haya descuentos disponibles en ciertos productos eficientes a trav\u00e9s <a href=\"https:\/\/efficiencyworksstore.com\/\">de la tienda Efficiency Works<\/a> (en ingl\u00e9s).<\/p>\n<h6>Consulte la p\u00e1gina web de Efficiency Works para obtener detalles, condiciones y requisitos del programa. Los reembolsos se pueden combinar con cualquier incentivo EnergySmart o de servicios p\u00fablicos relevante.<\/h6>\n<p>[\/vc_column_text]<div class=\"spacer\" style=\"height: 20px;\"><\/div>[vc_btn title=\u00bbVisite la p\u00e1gina web de Efficiency Works\u00bb style=\u00bbflat\u00bb color=\u00bbwarning\u00bb link=\u00bburl:https%3A%2F%2Fefficiencyworks.org%2Fhomes%2Frebates%2F|title:Visite%20la%20p%C3%A1gina%20web%20de%20Efficiency%20Works|target:_blank|\u00bb][\/vc_column][\/vc_row][\/vc_section][vc_section][vc_row bg_color=\u00bb#ffffff\u00bb top_padding=\u00bb44&#8243; bottom_padding=\u00bb44&#8243; row_id=\u00bblyonsrebates\u00bb][vc_column text_align=\u00bbcenter\u00bb width=\u00bb1\/4&#8243;]<div class=\"single_image wpb_content_element align-center    \" data-animation=\"none\" data-delay=\"0\"><img loading=\"lazy\" decoding=\"async\" width=\"150\" height=\"150\" src=\"https:\/\/energysmartyes.com\/wp-content\/uploads\/sites\/2\/2022\/08\/town-of-lyons-co-squarelogo-1534485094975-150x150.png\" class=\"attachment-thumbnail\" alt=\"Logo for the Town of Lyons\" title=\"town-of-lyons-co-squarelogo-1534485094975\" srcset=\"https:\/\/energysmartyes.com\/wp-content\/uploads\/sites\/2\/2022\/08\/town-of-lyons-co-squarelogo-1534485094975-150x150.png 150w, https:\/\/energysmartyes.com\/wp-content\/uploads\/sites\/2\/2022\/08\/town-of-lyons-co-squarelogo-1534485094975-80x80.png 80w, https:\/\/energysmartyes.com\/wp-content\/uploads\/sites\/2\/2022\/08\/town-of-lyons-co-squarelogo-1534485094975.png 180w\" sizes=\"auto, (max-width: 150px) 100vw, 150px\" \/><\/div>[\/vc_column][vc_column width=\u00bb3\/4&#8243;][vc_column_text]<\/p>\n<h2>Ciudad de Lyons<\/h2>\n<p>[\/vc_column_text]<div class=\"spacer\" style=\"height: 20px;\"><\/div>[vc_column_text]Los residentes de Lyons pueden ser elegibles para los programas y <a href=\"https:\/\/mean.nmppenergy.org\/about\/energy-efficiency-programs\">reembolsos de eficiencia energ\u00e9tica de MEAN Utility<\/a> (en ingl\u00e9s), incluido el aislamiento del \u00e1tico, ciertas mejoras\/afinaciones del sistema HVAC y termostatos inteligentes.<\/p>\n<h6>Consulte la p\u00e1gina web de MEAN Utility para obtener detalles, condiciones y requisitos del programa. Los reembolsos se pueden combinar con cualquier incentivo EnergySmart o de servicios p\u00fablicos relevante.<\/h6>\n<p>[\/vc_column_text]<div class=\"spacer\" style=\"height: 20px;\"><\/div>[vc_btn title=\u00bbVisite la p\u00e1gina web de MEAN Utility (en ingl\u00e9s)\u00bb style=\u00bbflat\u00bb color=\u00bbwarning\u00bb link=\u00bburl:https%3A%2F%2Fmean.nmppenergy.org%2Fabout%2Fenergy-efficiency-programs|title:Visite%20la%20p%C3%A1gina%20web%20de%20MEAN%20Utility%20%28en%20ingl%C3%A9s%29|target:_blank|\u00bb][\/vc_column][\/vc_row][\/vc_section][vc_section][vc_row top_padding=\u00bb44&#8243; bottom_padding=\u00bb44&#8243; row_id=\u00bberierebates\u00bb][vc_column text_align=\u00bbcenter\u00bb width=\u00bb1\/4&#8243;]<div class=\"single_image wpb_content_element align-center    \" data-animation=\"none\" data-delay=\"0\"><img loading=\"lazy\" decoding=\"async\" width=\"150\" height=\"150\" src=\"https:\/\/energysmartyes.com\/wp-content\/uploads\/sites\/2\/2023\/08\/download-150x150.png\" class=\"attachment-thumbnail\" alt=\"\" title=\"download\" srcset=\"https:\/\/energysmartyes.com\/wp-content\/uploads\/sites\/2\/2023\/08\/download-150x150.png 150w, https:\/\/energysmartyes.com\/wp-content\/uploads\/sites\/2\/2023\/08\/download-80x80.png 80w, https:\/\/energysmartyes.com\/wp-content\/uploads\/sites\/2\/2023\/08\/download.png 225w\" sizes=\"auto, (max-width: 150px) 100vw, 150px\" \/><\/div>[\/vc_column][vc_column width=\u00bb3\/4&#8243;][vc_column_text]<\/p>\n<h2>Ciudad de Erie<\/h2>\n<p>[\/vc_column_text]<div class=\"spacer\" style=\"height: 20px;\"><\/div>[vc_column_text]Los residentes de Erie pueden ser elegibles para <a href=\"https:\/\/www.erieco.gov\/2242\/Energy-Efficiency-Rebates\">los reembolsos por eficiencia energ\u00e9tica<\/a> (en ingl\u00e9s) de la ciudad, que incluyen mejoras en calefacci\u00f3n y refrigeraci\u00f3n, mejoras en el calentamiento de agua y m\u00e1s.<\/p>\n<h6>Consulte la p\u00e1gina web de Erie para obtener detalles, condiciones y requisitos del programa. Los reembolsos se pueden combinar con cualquier incentivo EnergySmart o de servicios p\u00fablicos relevante.<\/h6>\n<p>[\/vc_column_text]<div class=\"spacer\" style=\"height: 20px;\"><\/div>[vc_btn title=\u00bbVisite la p\u00e1gina web de Erie (en ingl\u00e9s)\u00bb style=\u00bbflat\u00bb color=\u00bbwarning\u00bb link=\u00bburl:https%3A%2F%2Fwww.erieco.gov%2F2242%2FEnergy-Efficiency-Rebates|title:Visite%20la%20p%C3%A1gina%20web%20de%20Erie%20%28en%20ingl%C3%A9s%29|target:_blank|\u00bb][\/vc_column][\/vc_row][\/vc_section][vc_section][vc_row top_padding=\u00bb44&#8243; bottom_padding=\u00bb44&#8243; row_id=\u00bbxcelrebates\u00bb][vc_column text_align=\u00bbcenter\u00bb width=\u00bb1\/4&#8243;]<div class=\"single_image wpb_content_element align-center    \" data-animation=\"none\" data-delay=\"0\"><img loading=\"lazy\" decoding=\"async\" width=\"150\" height=\"150\" src=\"https:\/\/energysmartyes.com\/wp-content\/uploads\/sites\/2\/2022\/07\/rebate-3-150x150.webp\" class=\"attachment-thumbnail\" alt=\"\" title=\"rebate-3\" srcset=\"https:\/\/energysmartyes.com\/wp-content\/uploads\/sites\/2\/2022\/07\/rebate-3-150x150.webp 150w, https:\/\/energysmartyes.com\/wp-content\/uploads\/sites\/2\/2022\/07\/rebate-3-80x80.webp 80w, https:\/\/energysmartyes.com\/wp-content\/uploads\/sites\/2\/2022\/07\/rebate-3-500x500.webp 500w\" sizes=\"auto, (max-width: 150px) 100vw, 150px\" \/><\/div>[\/vc_column][vc_column width=\u00bb3\/4&#8243;][vc_column_text]<\/p>\n<h2>Xcel Energy<\/h2>\n<p>[\/vc_column_text]<div class=\"spacer\" style=\"height: 20px;\"><\/div>[vc_column_text]Los clientes de Xcel Energy pueden ser elegibles para recibir <a href=\"https:\/\/co.my.xcelenergy.com\/s\/residential\/home-rebates\">reembolsos de Xcel Energy<\/a> (en ingl\u00e9s). Estos reembolsos e incentivos incluyen mejoras en calefacci\u00f3n y refrigeraci\u00f3n, calentamiento de agua, aislamiento y sellado de aire, veh\u00edculos el\u00e9ctricos y m\u00e1s. Tambi\u00e9n pueden estar disponibles descuentos en ciertos productos eficientes a trav\u00e9s <a href=\"https:\/\/www.poweredbyefi.org\/xcelenergyco\">de la Tienda de Xcel Energy<\/a> (en ingl\u00e9s).<\/p>\n<h6>Consulte la p\u00e1gina web de Xcel Energy para obtener detalles, condiciones y requisitos del programa. Los reembolsos se pueden combinar con cualquier incentivo EnergySmart o de servicios p\u00fablicos relevante.<\/h6>\n<p>[\/vc_column_text]<div class=\"spacer\" style=\"height: 20px;\"><\/div>[vc_btn title=\u00bbVisite la p\u00e1gina web de reembolsos de Hogar Xcel (en ingl\u00e9s)\u00bb style=\u00bbflat\u00bb color=\u00bbwarning\u00bb link=\u00bburl:https%3A%2F%2Fco.my.xcelenergy.com%2Fs%2Fresidential%2Fhome-rebates|title:Visite%20la%20p%C3%A1gina%20web%20de%20reembolsos%20de%20Hogar%20Xcel%20%28en%20ingl%C3%A9s%29|target:_blank|\u00bb][\/vc_column][\/vc_row][\/vc_section][vc_section][vc_row bg_color=\u00bb#ffffff\u00bb top_padding=\u00bb44&#8243; bottom_padding=\u00bb44&#8243; row_id=\u00bbpvrearebates\u00bb][vc_column text_align=\u00bbcenter\u00bb width=\u00bb1\/4&#8243;]<div class=\"single_image wpb_content_element align-center    \" data-animation=\"none\" data-delay=\"0\"><img loading=\"lazy\" decoding=\"async\" width=\"1500\" height=\"829\" src=\"https:\/\/energysmartyes.com\/wp-content\/uploads\/sites\/2\/2022\/08\/PVREA_Logo-1.jpg\" class=\"attachment-full\" alt=\"\" title=\"PVREA_Logo\" srcset=\"https:\/\/energysmartyes.com\/wp-content\/uploads\/sites\/2\/2022\/08\/PVREA_Logo-1.jpg 1500w, https:\/\/energysmartyes.com\/wp-content\/uploads\/sites\/2\/2022\/08\/PVREA_Logo-1-300x166.jpg 300w, https:\/\/energysmartyes.com\/wp-content\/uploads\/sites\/2\/2022\/08\/PVREA_Logo-1-1024x566.jpg 1024w, https:\/\/energysmartyes.com\/wp-content\/uploads\/sites\/2\/2022\/08\/PVREA_Logo-1-768x424.jpg 768w\" sizes=\"auto, (max-width: 1500px) 100vw, 1500px\" \/><\/div>[\/vc_column][vc_column width=\u00bb3\/4&#8243;][vc_column_text]<\/p>\n<h2>Poudre Valley Rural Electric Association (PVREA)<\/h2>\n<p>[\/vc_column_text]<div class=\"spacer\" style=\"height: 20px;\"><\/div>[vc_column_text]Los clientes de PVREA pueden ser elegibles para programas de <a href=\"https:\/\/pvrea.coop\/rebates\">reembolso de PVREA<\/a>, incluidos electrodom\u00e9sticos ENERGY STAR, actualizaciones de calefacci\u00f3n y refrigeraci\u00f3n, equipos para exteriores, cargadores de veh\u00edculos el\u00e9ctricos, termostatos inteligentes y m\u00e1s.<\/p>\n<h6>Consulte la p\u00e1gina web de PVREA para obtener detalles, condiciones y requisitos del programa. Los reembolsos se pueden combinar con cualquier incentivo EnergySmart o de servicios p\u00fablicos relevante.<\/h6>\n<p>[\/vc_column_text]<div class=\"spacer\" style=\"height: 20px;\"><\/div>[vc_btn title=\u00bbVisite la p\u00e1gina web de PVREA\u00bb style=\u00bbflat\u00bb color=\u00bbwarning\u00bb link=\u00bburl:https%3A%2F%2Fpvrea.coop%2Frebates|title:Visite%20la%20p%C3%A1gina%20web%20de%20PVREA|target:_blank|\u00bb][\/vc_column][\/vc_row][\/vc_section][vc_section][vc_row top_padding=\u00bb44&#8243; bottom_padding=\u00bb44&#8243;][vc_column text_align=\u00bbcenter\u00bb width=\u00bb1\/4&#8243;]<div class=\"single_image wpb_content_element align-center    \" data-animation=\"none\" data-delay=\"0\"><img loading=\"lazy\" decoding=\"async\" width=\"180\" height=\"180\" src=\"https:\/\/energysmartyes.com\/wp-content\/uploads\/sites\/2\/2022\/08\/united-power-squarelogo-1519116074672.png\" class=\"attachment-full\" alt=\"\" title=\"united-power-squarelogo-1519116074672\" srcset=\"https:\/\/energysmartyes.com\/wp-content\/uploads\/sites\/2\/2022\/08\/united-power-squarelogo-1519116074672.png 180w, https:\/\/energysmartyes.com\/wp-content\/uploads\/sites\/2\/2022\/08\/united-power-squarelogo-1519116074672-150x150.png 150w, https:\/\/energysmartyes.com\/wp-content\/uploads\/sites\/2\/2022\/08\/united-power-squarelogo-1519116074672-80x80.png 80w\" sizes=\"auto, (max-width: 180px) 100vw, 180px\" \/><\/div>[\/vc_column][vc_column width=\u00bb3\/4&#8243;][vc_column_text]<\/p>\n<h2>United Power<\/h2>\n<p>[\/vc_column_text]<div class=\"spacer\" style=\"height: 20px;\"><\/div>[vc_column_text]Los clientes de United Power pueden ser elegibles para <a href=\"https:\/\/www.unitedpower.com\/rebates\">los programas de reembolso de United Power<\/a>, incluidos electrodom\u00e9sticos ENERGY STAR, mejoras de calefacci\u00f3n y refrigeraci\u00f3n, electrificaci\u00f3n de calentadores de agua, ventiladores para toda la casa, termostatos inteligentes y m\u00e1s.<\/p>\n<h6>Consulte la p\u00e1gina web de United Power para obtener detalles, condiciones y requisitos del programa. Los reembolsos se pueden combinar con cualquier incentivo EnergySmart o de servicios p\u00fablicos relevante.<\/h6>\n<p>[\/vc_column_text]<div class=\"spacer\" style=\"height: 20px;\"><\/div>[vc_btn title=\u00bbVisite la p\u00e1gina web de United Power\u00bb style=\u00bbflat\u00bb color=\u00bbwarning\u00bb link=\u00bburl:https%3A%2F%2Fwww.unitedpower.com%2Frebates|title:Visite%20la%20p%C3%A1gina%20web%20de%20United%20Power|target:_blank|\u00bb][\/vc_column][\/vc_row][\/vc_section][vc_section][vc_row bg_color=\u00bb#ffffff\u00bb top_padding=\u00bb44&#8243; bottom_padding=\u00bb44&#8243;][vc_column text_align=\u00bbcenter\u00bb width=\u00bb1\/4&#8243;]<div class=\"single_image wpb_content_element align-center    \" data-animation=\"none\" data-delay=\"0\"><img loading=\"lazy\" decoding=\"async\" width=\"800\" height=\"376\" src=\"https:\/\/energysmartyes.com\/wp-content\/uploads\/sites\/2\/2022\/08\/RENU-logo_FINAL-CO-version_white-800x376-1-e1659720491883.png\" class=\"attachment-full\" alt=\"\" title=\"RENU-logo_FINAL-CO-version_white-800x376\" \/><\/div>[\/vc_column][vc_column width=\u00bb3\/4&#8243;][vc_column_text]<\/p>\n<h2>El Pr\u00e9stamo RENU de Colorado<\/h2>\n<p>[\/vc_column_text]<div class=\"spacer\" style=\"height: 20px;\"><\/div>[vc_column_text]El Pr\u00e9stamo RENU de Colorado es un programa de pr\u00e9stamos residenciales a nivel estatal patrocinado por el Fondo de Energ\u00eda Limpia de Colorado en asociaci\u00f3n con cooperativas de cr\u00e9dito con sede en Colorado. Hace que las actualizaciones de energ\u00eda en los hogares sean f\u00e1ciles y asequibles al ofrecer financiamiento a largo plazo y de bajo costo para mejoras en la eficiencia energ\u00e9tica y las energ\u00edas renovables.<\/p>\n<p>Visite <a href=\"https:\/\/www.cocleanenergyfund.com\/renu\">la p\u00e1gina de pr\u00e9stamos RENU<\/a> (en ingl\u00e9s) para conocer las condiciones del programa y obtener m\u00e1s informaci\u00f3n sobre el programa de pr\u00e9stamos.[\/vc_column_text]<div class=\"spacer\" style=\"height: 20px;\"><\/div>[vc_btn title=\u00bbVisite la p\u00e1gina web de RENU (en ingl\u00e9s)\u00bb style=\u00bbflat\u00bb color=\u00bbwarning\u00bb link=\u00bburl:https%3A%2F%2Fwww.cocleanenergyfund.com%2Frenu|title:Visite%20la%20p%C3%A1gina%20web%20de%20RENU%20%28en%20ingl%C3%A9s%29|target:_blank|\u00bb][\/vc_column][\/vc_row][\/vc_section][vc_row bg_color=\u00bb#007da3&#8243; text_color=\u00bblight\u00bb top_padding=\u00bb44&#8243; bottom_padding=\u00bb44&#8243;][vc_column column_center=\u00bbtrue\u00bb width=\u00bb1\/2&#8243;][vc_column_text]<\/p>\n<h2>\u00bfLe abruman los reembolsos?<\/h2>\n<p>Lo entendemos, \u00a1hay much\u00edsimas opciones! Este Planificador Personal de Electrificaci\u00f3n de Rewiring America puede ayudarte a encontrar los reembolsos m\u00e1s adecuados para tu hogar.[\/vc_column_text][vc_empty_space][vc_btn title=\u00bbEncontrar mis reembolsos (en ingl\u00e9s)\u00bb style=\u00bbflat\u00bb color=\u00bbwarning\u00bb css=\u00bb\u00bb link=\u00bburl:https%3A%2F%2Fhomes.rewiringamerica.org%2Fpersonal-electrification-planner|target:_blank|\u00bb][\/vc_column][vc_column width=\u00bb1\/2&#8243;]<div class=\"single_image wpb_content_element align-left    \" data-animation=\"none\" data-delay=\"0\"><img loading=\"lazy\" decoding=\"async\" width=\"626\" height=\"418\" src=\"https:\/\/energysmartyes.com\/wp-content\/uploads\/sites\/2\/2023\/10\/ReviewingPlan.jpeg\" class=\"attachment-full\" alt=\"Couple sitting at home on their couch reviewing paperwork together\" title=\"ReviewingPlan\" srcset=\"https:\/\/energysmartyes.com\/wp-content\/uploads\/sites\/2\/2023\/10\/ReviewingPlan.jpeg 626w, https:\/\/energysmartyes.com\/wp-content\/uploads\/sites\/2\/2023\/10\/ReviewingPlan-300x200.jpeg 300w, https:\/\/energysmartyes.com\/wp-content\/uploads\/sites\/2\/2023\/10\/ReviewingPlan-600x400.jpeg 600w\" sizes=\"auto, (max-width: 626px) 100vw, 626px\" \/><\/div>[\/vc_column][\/vc_row][vc_row top_padding=\u00bb44&#8243; bottom_padding=\u00bb60&#8243;][vc_column width=\u00bb1\/1&#8243;][vc_column_text]Si bien no podemos garantizar que cada enlace est\u00e9 traducido al espa\u00f1ol, en el condado de Boulder nos aseguramos de que la comunidad tenga acceso a todos los recursos. <a href=\"mailto:info@energysmartyes.com\">Comun\u00edquese con nuestro asesor de energ\u00eda biling\u00fce<\/a> si necesita ayuda.[\/vc_column_text][\/vc_column][\/vc_row]<\/p>\n<\/div>","protected":false},"excerpt":{"rendered":"<p>[vc_section full_width=\u00bbstretch_row\u00bb content_placement=\u00bbmiddle\u00bb css=\u00bb.vc_custom_1657138497498{background-position: center !important;background-repeat: no-repeat !important;background-size: cover !important;}\u00bb][vc_row type=\u00bbfull_width_section\u00bb][vc_column width=\u00bb1\/1&#8243;][vc_single_image image=\u00bb275&#8243; img_size=\u00bbfull\u00bb alignment=\u00bbcenter\u00bb css=\u00bb\u00bb][\/vc_column][\/vc_row][\/vc_section][vc_section][vc_row bg_color=\u00bb#ededed\u00bb top_padding=\u00bb64&#8243; bottom_padding=\u00bb64&#8243; row_id=\u00bbpartnerrebates\u00bb][vc_column width=\u00bb1\/1&#8243;][vc_column_text] Rembolsos Adicionales Adem\u00e1s de nuestros reembolsos internos, los residentes de todo el condado de Boulder tambi\u00e9n pueden beneficiarse de reembolsos ofrecidos por organizaciones externas. EnergySmart no administra los siguientes reembolsos, por lo que cada uno de ellos tiene sus propios requisitos, solicitudes y m\u00e1s. Lea atentamente las condiciones y p\u00f3ngase en contacto con el administrador correspondiente si tiene alguna pregunta.[\/vc_column_text][\/vc_column][\/vc_row][vc_row bg_color=\u00bb#ffffff\u00bb top_padding=\u00bb44&#8243; bottom_padding=\u00bb44&#8243; row_id=\u00bblongmontrebates\u00bb][vc_column text_align=\u00bbcenter\u00bb width=\u00bb1\/4&#8243;][\/vc_column][vc_column width=\u00bb3\/4&#8243;][vc_column_text] Ciudad de Longmont [\/vc_column_text][vc_column_text]Los clientes de Longmont Power &amp; Communications pueden ser elegibles para recibir reembolsos o incentivos del programa Efficiency Works. Estos reembolsos e incentivos incluyen mejoras de HVAC, ventanas y puertas, aislamiento y sellado de aire, y m\u00e1s. Tambi\u00e9n es posible que haya descuentos disponibles en ciertos productos eficientes a trav\u00e9s de la tienda Efficiency Works (en ingl\u00e9s). Consulte la p\u00e1gina web de Efficiency Works para obtener detalles, condiciones y requisitos del programa. Los reembolsos se pueden combinar con cualquier incentivo EnergySmart o de servicios p\u00fablicos relevante. [\/vc_column_text][vc_btn title=\u00bbVisite la p\u00e1gina web de Efficiency Works\u00bb style=\u00bbflat\u00bb color=\u00bbwarning\u00bb link=\u00bburl:https%3A%2F%2Fefficiencyworks.org%2Fhomes%2Frebates%2F|title:Visite%20la%20p%C3%A1gina%20web%20de%20Efficiency%20Works|target:_blank|\u00bb][\/vc_column][\/vc_row][\/vc_section][vc_section][vc_row bg_color=\u00bb#ffffff\u00bb top_padding=\u00bb44&#8243; bottom_padding=\u00bb44&#8243; row_id=\u00bblyonsrebates\u00bb][vc_column text_align=\u00bbcenter\u00bb width=\u00bb1\/4&#8243;][\/vc_column][vc_column width=\u00bb3\/4&#8243;][vc_column_text] Ciudad de Lyons [\/vc_column_text][vc_column_text]Los residentes [&hellip;]<\/p>\n","protected":false},"author":3004,"featured_media":5662,"parent":5205,"menu_order":0,"comment_status":"closed","ping_status":"closed","template":"","meta":{"_acf_changed":false,"footnotes":""},"class_list":["post-559","page","type-page","status-publish","has-post-thumbnail","hentry"],"acf":[],"_links":{"self":[{"href":"https:\/\/energysmartyes.com\/es\/wp-json\/wp\/v2\/pages\/559","targetHints":{"allow":["GET"]}}],"collection":[{"href":"https:\/\/energysmartyes.com\/es\/wp-json\/wp\/v2\/pages"}],"about":[{"href":"https:\/\/energysmartyes.com\/es\/wp-json\/wp\/v2\/types\/page"}],"author":[{"embeddable":true,"href":"https:\/\/energysmartyes.com\/es\/wp-json\/wp\/v2\/users\/3004"}],"replies":[{"embeddable":true,"href":"https:\/\/energysmartyes.com\/es\/wp-json\/wp\/v2\/comments?post=559"}],"version-history":[{"count":64,"href":"https:\/\/energysmartyes.com\/es\/wp-json\/wp\/v2\/pages\/559\/revisions"}],"predecessor-version":[{"id":5211,"href":"https:\/\/energysmartyes.com\/es\/wp-json\/wp\/v2\/pages\/559\/revisions\/5211"}],"up":[{"embeddable":true,"href":"https:\/\/energysmartyes.com\/es\/wp-json\/wp\/v2\/pages\/5205"}],"wp:featuredmedia":[{"embeddable":true,"href":"https:\/\/energysmartyes.com\/es\/wp-json\/wp\/v2\/media\/5662"}],"wp:attachment":[{"href":"https:\/\/energysmartyes.com\/es\/wp-json\/wp\/v2\/media?parent=559"}],"curies":[{"name":"wp","href":"https:\/\/api.w.org\/{rel}","templated":true}]}}