{"id":550,"date":"2022-06-27T17:52:12","date_gmt":"2022-06-27T17:52:12","guid":{"rendered":"https:\/\/energysmartyes.com\/accionamiento-electrico\/"},"modified":"2023-10-27T16:04:05","modified_gmt":"2023-10-27T16:04:05","slug":"conducir-electrico","status":"publish","type":"page","link":"https:\/\/energysmartyes.com\/es\/electrificacion\/conducir-electrico\/","title":{"rendered":"Transporte"},"content":{"rendered":"<div class=\"wpb-content-wrapper\"><p>[vc_section full_width=\u00bbstretch_row_content\u00bb content_placement=\u00bbmiddle\u00bb css=\u00bb.vc_custom_1674507538573{background-position: center !important;background-repeat: no-repeat !important;background-size: cover !important;}\u00bb][vc_row type=\u00bbfull_width_section\u00bb][vc_column width=\u00bb1\/1&#8243;]<div class=\"single_image wpb_content_element align-left    \" data-animation=\"none\" data-delay=\"0\"><img loading=\"lazy\" decoding=\"async\" width=\"2560\" height=\"704\" src=\"https:\/\/energysmartyes.com\/wp-content\/uploads\/sites\/2\/2022\/07\/electric-hero-scaled.webp\" class=\"attachment-full\" alt=\"\" title=\"electric-hero\" srcset=\"https:\/\/energysmartyes.com\/wp-content\/uploads\/sites\/2\/2022\/07\/electric-hero-scaled.webp 2560w, https:\/\/energysmartyes.com\/wp-content\/uploads\/sites\/2\/2022\/07\/electric-hero-300x83.webp 300w, https:\/\/energysmartyes.com\/wp-content\/uploads\/sites\/2\/2022\/07\/electric-hero-1024x282.webp 1024w, https:\/\/energysmartyes.com\/wp-content\/uploads\/sites\/2\/2022\/07\/electric-hero-768x211.webp 768w, https:\/\/energysmartyes.com\/wp-content\/uploads\/sites\/2\/2022\/07\/electric-hero-1536x422.webp 1536w, https:\/\/energysmartyes.com\/wp-content\/uploads\/sites\/2\/2022\/07\/electric-hero-2048x563.webp 2048w\" sizes=\"auto, (max-width: 2560px) 100vw, 2560px\" \/><\/div>[\/vc_column][\/vc_row][\/vc_section][vc_section full_width=\u00bbstretch_row\u00bb][vc_row top_padding=\u00bb44&#8243;][vc_column width=\u00bb1\/1&#8243;][vc_column_text]<\/p>\n<h2 style=\"text-align: center\">Transporte<\/h2>\n<p><span class=\"ui-provider me b c d e f g h i j k l m n o p q r s t u v w x y z ab ac ae af ag ah ai aj ak\" dir=\"ltr\">Caminar, ir en bicicleta, tomar el autob\u00fas o compartir un carro son las opciones de transporte m\u00e1s ecol\u00f3gicas para trasladarse. <a href=\"https:\/\/bouldercounty.gov\/transportation\/multimodal\/\">Averig\u00fce aqu\u00ed acerca de las diferentes opciones para trasladarse por el Condado de Boulder.<\/a> <\/span><\/p>\n<p><span class=\"ui-provider me b c d e f g h i j k l m n o p q r s t u v w x y z ab ac ae af ag ah ai aj ak\" dir=\"ltr\">Cuando necesitas un coche, uno que no queme combustibles f\u00f3siles es el camino a seguir. <\/span>\u00a1Los veh\u00edculos el\u00e9ctricos son m\u00e1s populares y m\u00e1s econ\u00f3micos que nunca! Los veh\u00edculos el\u00e9ctricos son una gran actualizaci\u00f3n con bajas emisiones en comparaci\u00f3n con los coches a gasolina o di\u00e9sel. Despl\u00e1cese hacia abajo para informarse m\u00e1s con preguntas comunes o consulte <a href=\"https:\/\/driveelectriccolorado.org\/\">Drive Electric Colorado<\/a> si desea informaci\u00f3n sobre descuentos, eventos con veh\u00edculos el\u00e9ctricos y m\u00e1s.[\/vc_column_text]<div class=\"spacer\" style=\"height: 30px;\"><\/div>[\/vc_column][\/vc_row][vc_row bg_color=\u00bb#ededed\u00bb top_padding=\u00bb44&#8243;][vc_column width=\u00bb1\/1&#8243;][vc_column_text]<\/p>\n<h3 style=\"text-align: center\">Cargador en su casa<\/h3>\n<p>[\/vc_column_text]<div class=\"spacer\" style=\"height: 30px;\"><\/div>[\/vc_column][\/vc_row][vc_row bg_color=\u00bb#ededed\u00bb bottom_padding=\u00bb44&#8243;][vc_column column_center=\u00bbtrue\u00bb width=\u00bb1\/2&#8243;][vc_column_text]<strong>C\u00f3mo usar un tomacorriente de 3 patas<\/strong><\/p>\n<p>Puede cargar los carros el\u00e9ctricos usando un tomacorriente com\u00fan de 3 patas de su casa. Si lo enchufa mientras est\u00e1 en la casa por la noche y lo deja carg\u00e1ndose, su carro estar\u00e1 listo para salir por la ma\u00f1ana.<\/p>\n<p>El 80 % de los habitantes de Colorado conduce menos de 30 millas (48 km) por d\u00eda. Si ese es su caso, cargar durante la noche en un tomacorriente com\u00fan cubrir\u00e1 sus necesidades cotidianas de manejo.[\/vc_column_text][\/vc_column][vc_column width=\u00bb1\/2&#8243;]<div class=\"single_image wpb_content_element align-left    \" data-animation=\"none\" data-delay=\"0\"><img loading=\"lazy\" decoding=\"async\" width=\"2560\" height=\"1437\" src=\"https:\/\/energysmartyes.com\/wp-content\/uploads\/sites\/2\/2022\/07\/electric-prong-scaled.webp\" class=\"attachment-full\" alt=\"\" title=\"electric-prong\" srcset=\"https:\/\/energysmartyes.com\/wp-content\/uploads\/sites\/2\/2022\/07\/electric-prong-scaled.webp 2560w, https:\/\/energysmartyes.com\/wp-content\/uploads\/sites\/2\/2022\/07\/electric-prong-300x168.webp 300w, https:\/\/energysmartyes.com\/wp-content\/uploads\/sites\/2\/2022\/07\/electric-prong-1024x575.webp 1024w, https:\/\/energysmartyes.com\/wp-content\/uploads\/sites\/2\/2022\/07\/electric-prong-768x431.webp 768w, https:\/\/energysmartyes.com\/wp-content\/uploads\/sites\/2\/2022\/07\/electric-prong-1536x862.webp 1536w, https:\/\/energysmartyes.com\/wp-content\/uploads\/sites\/2\/2022\/07\/electric-prong-2048x1150.webp 2048w\" sizes=\"auto, (max-width: 2560px) 100vw, 2560px\" \/><\/div>[\/vc_column][\/vc_row][vc_row bg_color=\u00bb#ededed\u00bb bottom_padding=\u00bb44&#8243;][vc_column width=\u00bb1\/2&#8243;]<div class=\"single_image wpb_content_element align-left    \" data-animation=\"none\" data-delay=\"0\"><img loading=\"lazy\" decoding=\"async\" width=\"1934\" height=\"1084\" src=\"https:\/\/energysmartyes.com\/wp-content\/uploads\/sites\/2\/2023\/10\/EV-Charger.jpeg\" class=\"attachment-full\" alt=\"\" title=\"EV Charger\" srcset=\"https:\/\/energysmartyes.com\/wp-content\/uploads\/sites\/2\/2023\/10\/EV-Charger.jpeg 1934w, https:\/\/energysmartyes.com\/wp-content\/uploads\/sites\/2\/2023\/10\/EV-Charger-300x168.jpeg 300w, https:\/\/energysmartyes.com\/wp-content\/uploads\/sites\/2\/2023\/10\/EV-Charger-1024x574.jpeg 1024w, https:\/\/energysmartyes.com\/wp-content\/uploads\/sites\/2\/2023\/10\/EV-Charger-768x430.jpeg 768w, https:\/\/energysmartyes.com\/wp-content\/uploads\/sites\/2\/2023\/10\/EV-Charger-1536x861.jpeg 1536w\" sizes=\"auto, (max-width: 1934px) 100vw, 1934px\" \/><\/div>[\/vc_column][vc_column column_center=\u00bbtrue\u00bb width=\u00bb1\/2&#8243;][vc_column_text]C\u00f3mo instalar un cargador de veh\u00edculos el\u00e9ctricos en la casa<\/p>\n<p>Si maneja menos de 30 millas la mayor\u00eda de los d\u00edas, quiz\u00e1 quiera contemplar instalar un cargador de veh\u00edculos el\u00e9ctricos m\u00e1s potente en su casa. Estos cargadores se llaman de \u201cnivel dos\u201d. Los cargadores comunes incluyen: Juicebox 48, ChargePoint Home Flex y ClipperCreek LCS-30P.<\/p>\n<p>Deber\u00e1 contratar a un electricista para instalar el cargador. Deber\u00eda conseguir dos o tres presupuestos de electricistas de su localidad. <a href=\"https:\/\/plugstar.com\/electricians\">Haga clic aqu\u00ed para encontrar electricistas habilitados cerca de su casa.<\/a>[\/vc_column_text][\/vc_column][\/vc_row][vc_row top_padding=\u00bb44&#8243; bottom_padding=\u00bb44&#8243;][vc_column width=\u00bb1\/1&#8243;][vc_column_text]<\/p>\n<h3 style=\"text-align: center\">Cargar en el camino<\/h3>\n<p>[\/vc_column_text][\/vc_column][\/vc_row][vc_row bottom_padding=\u00bb44&#8243;][vc_column width=\u00bb1\/2&#8243;][vc_column_text]La red de carga p\u00fablica de Colorado est\u00e1 creciendo r\u00e1pidamente. A menudo puede encontrar un lugar para enchufar y cargar su carro en lugares a los que ya va, como un estacionamiento p\u00fablico techado o un supermercado.<\/p>\n<p>Puede buscar cargadores p\u00fablicos usando muchos recursos, incluso Google Maps o <a href=\"https:\/\/www.plugshare.com\/%E2%80%8B\">PlugShare<\/a>. Pruebe escribir su c\u00f3digo postal para ver qu\u00e9 aparece.<\/p>\n<p>Para empezar la carga, simplemente pague usando una aplicaci\u00f3n o una tarjeta de cr\u00e9dito, enchufe el cargador a su carro y \u00a1listo para andar![\/vc_column_text][\/vc_column][vc_column width=\u00bb1\/2&#8243;]<div class=\"single_image wpb_content_element align-left    \" data-animation=\"none\" data-delay=\"0\"><img loading=\"lazy\" decoding=\"async\" width=\"2560\" height=\"1429\" src=\"https:\/\/energysmartyes.com\/wp-content\/uploads\/sites\/2\/2022\/07\/electric-3-scaled.webp\" class=\"attachment-full\" alt=\"\" title=\"electric-3\" srcset=\"https:\/\/energysmartyes.com\/wp-content\/uploads\/sites\/2\/2022\/07\/electric-3-scaled.webp 2560w, https:\/\/energysmartyes.com\/wp-content\/uploads\/sites\/2\/2022\/07\/electric-3-300x167.webp 300w, https:\/\/energysmartyes.com\/wp-content\/uploads\/sites\/2\/2022\/07\/electric-3-1024x572.webp 1024w, https:\/\/energysmartyes.com\/wp-content\/uploads\/sites\/2\/2022\/07\/electric-3-768x429.webp 768w, https:\/\/energysmartyes.com\/wp-content\/uploads\/sites\/2\/2022\/07\/electric-3-1536x857.webp 1536w, https:\/\/energysmartyes.com\/wp-content\/uploads\/sites\/2\/2022\/07\/electric-3-2048x1143.webp 2048w\" sizes=\"auto, (max-width: 2560px) 100vw, 2560px\" \/><\/div>[\/vc_column][\/vc_row][vc_row bg_color=\u00bb#ededed\u00bb top_padding=\u00bb44&#8243; bottom_padding=\u00bb44&#8243;][vc_column width=\u00bb1\/1&#8243;][vc_column_text]<\/p>\n<h3 style=\"text-align: center\">A la medida de su estilo de vida<\/h3>\n<p>[\/vc_column_text][\/vc_column][\/vc_row][vc_row bg_color=\u00bb#ededed\u00bb bottom_padding=\u00bb44&#8243;][vc_column width=\u00bb1\/2&#8243;]<div class=\"single_image wpb_content_element align-left    \" data-animation=\"none\" data-delay=\"0\"><img loading=\"lazy\" decoding=\"async\" width=\"1994\" height=\"1051\" src=\"https:\/\/energysmartyes.com\/wp-content\/uploads\/sites\/2\/2023\/10\/EV_trailhead.jpeg\" class=\"attachment-full\" alt=\"\" title=\"EV_trailhead\" srcset=\"https:\/\/energysmartyes.com\/wp-content\/uploads\/sites\/2\/2023\/10\/EV_trailhead.jpeg 1994w, https:\/\/energysmartyes.com\/wp-content\/uploads\/sites\/2\/2023\/10\/EV_trailhead-300x158.jpeg 300w, https:\/\/energysmartyes.com\/wp-content\/uploads\/sites\/2\/2023\/10\/EV_trailhead-1024x540.jpeg 1024w, https:\/\/energysmartyes.com\/wp-content\/uploads\/sites\/2\/2023\/10\/EV_trailhead-768x405.jpeg 768w, https:\/\/energysmartyes.com\/wp-content\/uploads\/sites\/2\/2023\/10\/EV_trailhead-1536x810.jpeg 1536w\" sizes=\"auto, (max-width: 1994px) 100vw, 1994px\" \/><\/div>[\/vc_column][vc_column column_center=\u00bbtrue\u00bb width=\u00bb1\/2&#8243;][vc_column_text]La mayor\u00eda de los carros el\u00e9ctricos puede andar m\u00e1s de 200 millas (320 km) con una \u00fanica carga, es decir, puede hacer recados, ir y volver del trabajo o la escuela o conducir hasta su sendero favorito para hacer una caminata. Y esta es otra ventaja: como puede enchufarlo y cargarlo en su casa, no necesita un viaje adicional hasta la gasolinera.<\/p>\n<p>Si est\u00e1 pensando en pasarse a un veh\u00edculo el\u00e9ctrico por el aire m\u00e1s limpio, una experiencia de conducci\u00f3n m\u00e1s tranquila y m\u00e1s entusiasta o solo debido a todos los nuevos incentivos financieros, puede <a href=\"https:\/\/plugstar.com\/guide\">consultar este recurso de PlugStar para averiguar cu\u00e1l coche el\u00e9ctrico es el indicado para usted<\/a>[\/vc_column_text][\/vc_column][\/vc_row][vc_row top_padding=\u00bb44&#8243; bottom_padding=\u00bb44&#8243;][vc_column width=\u00bb1\/1&#8243;][vc_column_text]<\/p>\n<h3 style=\"text-align: center\">A la medida de su presupuesto<\/h3>\n<p>[\/vc_column_text][\/vc_column][\/vc_row][vc_row bottom_padding=\u00bb44&#8243;][vc_column column_center=\u00bbtrue\u00bb width=\u00bb1\/2&#8243;][vc_column_text]Hay varios tipos de incentivos financieros para comprar un veh\u00edculo el\u00e9ctrico, incluso incentivos tributarios y programas de entrega de carros usados. <a href=\"https:\/\/www.cpr.org\/2023\/08\/04\/colorado-electric-vehicle-discounts-guide\/\">Colorado Public Radio (CPR) hace poco divulg\u00f3 un art\u00edculo que resume los programas disponibles para los habitantes de Colorado,<\/a> que depende de cosas como ingresos, tipo de carro comprado y m\u00e1s. <a href=\"https:\/\/plugstar.com\/tools\/incentives\">PlugStar tambi\u00e9n tiene una herramienta para ayudarlo a navegar los cr\u00e9ditos tributarios disponibles.<\/a> <strong>\u00a1Incentivos disponibles para carros nuevos y usados!<\/strong><\/p>\n<p>El ahorro de dinero con los veh\u00edculos el\u00e9ctricos no se detiene despu\u00e9s de comprarlo. La electricidad es m\u00e1s econ\u00f3mica que la gasolina por cada milla conducida y nunca m\u00e1s tendr\u00e1 que pagar o coordinar un cambio de aceite.[\/vc_column_text][\/vc_column][vc_column width=\u00bb1\/2&#8243;]<div class=\"single_image wpb_content_element align-left    \" data-animation=\"none\" data-delay=\"0\"><img loading=\"lazy\" decoding=\"async\" width=\"2560\" height=\"1438\" src=\"https:\/\/energysmartyes.com\/wp-content\/uploads\/sites\/2\/2022\/07\/electric-5-scaled.webp\" class=\"attachment-full\" alt=\"\" title=\"electric-5\" srcset=\"https:\/\/energysmartyes.com\/wp-content\/uploads\/sites\/2\/2022\/07\/electric-5-scaled.webp 2560w, https:\/\/energysmartyes.com\/wp-content\/uploads\/sites\/2\/2022\/07\/electric-5-300x168.webp 300w, https:\/\/energysmartyes.com\/wp-content\/uploads\/sites\/2\/2022\/07\/electric-5-1024x575.webp 1024w, https:\/\/energysmartyes.com\/wp-content\/uploads\/sites\/2\/2022\/07\/electric-5-768x431.webp 768w, https:\/\/energysmartyes.com\/wp-content\/uploads\/sites\/2\/2022\/07\/electric-5-1536x863.webp 1536w, https:\/\/energysmartyes.com\/wp-content\/uploads\/sites\/2\/2022\/07\/electric-5-2048x1150.webp 2048w, https:\/\/energysmartyes.com\/wp-content\/uploads\/sites\/2\/2022\/07\/electric-5-1000x563.webp 1000w\" sizes=\"auto, (max-width: 2560px) 100vw, 2560px\" \/><\/div>[\/vc_column][\/vc_row][vc_row bg_color=\u00bb#ededed\u00bb top_padding=\u00bb44&#8243; bottom_padding=\u00bb44&#8243;][vc_column width=\u00bb1\/1&#8243;][vc_column_text]<\/p>\n<h3 style=\"text-align: center\">\u00a1Mant\u00e9ngase al tanto!<\/h3>\n<p>[\/vc_column_text]<div class=\"spacer\" style=\"height: 30px;\"><\/div>[vc_column_text]El Condado de Boulder env\u00eda un bolet\u00edn informativo Drive Electric siempre que surgen novedades sobre descuentos e incentivos para veh\u00edculos el\u00e9ctricos, cargadores, bicicletas el\u00e9ctricas y m\u00e1s. <a href=\"https:\/\/oscarbouldercounty.wufoo.com\/forms\/z1813d4d1olstcs\/\">Haga clic aqu\u00ed e inscr\u00edbase para recibir el bolet\u00edn informativo y mantenerse informado.<\/a>[\/vc_column_text][\/vc_column][\/vc_row][\/vc_section][vc_row bg_color=\u00bb#f9a33e\u00bb text_color=\u00bblight\u00bb text_align=\u00bbcenter\u00bb top_padding=\u00bb30&#8243; bottom_padding=\u00bb30&#8243;][vc_column width=\u00bb1\/4&#8243;][vc_column_text]<\/p>\n<p style=\"text-align: center\"><a href=\"https:\/\/energysmartyes.com\/es\/electrificacion\/\"><strong>&lt; Paso anterior: Electrificaci\u00f3n<\/strong><\/a><\/p>\n<p>[\/vc_column_text][\/vc_column][vc_column width=\u00bb1\/2&#8243;][\/vc_column][vc_column width=\u00bb1\/4&#8243;][vc_column_text]<\/p>\n<p style=\"text-align: center\"><a href=\"https:\/\/energysmartyes.com\/es\/cambie-a-solar\/\"><strong>El pr\u00f3ximo paso: energ\u00eda solar &gt;<\/strong><\/a><\/p>\n<p>[\/vc_column_text][\/vc_column][\/vc_row]<\/p>\n<\/div>","protected":false},"excerpt":{"rendered":"<p>[vc_section full_width=\u00bbstretch_row_content\u00bb content_placement=\u00bbmiddle\u00bb css=\u00bb.vc_custom_1674507538573{background-position: center !important;background-repeat: no-repeat !important;background-size: cover !important;}\u00bb][vc_row type=\u00bbfull_width_section\u00bb][vc_column width=\u00bb1\/1&#8243;][\/vc_column][\/vc_row][\/vc_section][vc_section full_width=\u00bbstretch_row\u00bb][vc_row top_padding=\u00bb44&#8243;][vc_column width=\u00bb1\/1&#8243;][vc_column_text] Transporte Caminar, ir en bicicleta, tomar el autob\u00fas o compartir un carro son las opciones de transporte m\u00e1s ecol\u00f3gicas para trasladarse. Averig\u00fce aqu\u00ed acerca de las diferentes opciones para trasladarse por el Condado de Boulder. Cuando necesitas un coche, uno que no queme combustibles f\u00f3siles es el camino a seguir. \u00a1Los veh\u00edculos el\u00e9ctricos son m\u00e1s populares y m\u00e1s econ\u00f3micos que nunca! Los veh\u00edculos el\u00e9ctricos son una gran actualizaci\u00f3n con bajas emisiones en comparaci\u00f3n con los coches a gasolina o di\u00e9sel. Despl\u00e1cese hacia abajo para informarse m\u00e1s con preguntas comunes o consulte Drive Electric Colorado si desea informaci\u00f3n sobre descuentos, eventos con veh\u00edculos el\u00e9ctricos y m\u00e1s.[\/vc_column_text][\/vc_column][\/vc_row][vc_row bg_color=\u00bb#ededed\u00bb top_padding=\u00bb44&#8243;][vc_column width=\u00bb1\/1&#8243;][vc_column_text] Cargador en su casa [\/vc_column_text][\/vc_column][\/vc_row][vc_row bg_color=\u00bb#ededed\u00bb bottom_padding=\u00bb44&#8243;][vc_column column_center=\u00bbtrue\u00bb width=\u00bb1\/2&#8243;][vc_column_text]C\u00f3mo usar un tomacorriente de 3 patas Puede cargar los carros el\u00e9ctricos usando un tomacorriente com\u00fan de 3 patas de su casa. Si lo enchufa mientras est\u00e1 en la casa por la noche y lo deja carg\u00e1ndose, su carro estar\u00e1 listo para salir por la ma\u00f1ana. El 80 % de los habitantes de Colorado conduce menos de 30 millas (48 km) por d\u00eda. Si ese es su caso, cargar [&hellip;]<\/p>\n","protected":false},"author":3004,"featured_media":0,"parent":427,"menu_order":0,"comment_status":"closed","ping_status":"closed","template":"","meta":{"_acf_changed":false,"footnotes":""},"class_list":["post-550","page","type-page","status-publish","hentry"],"acf":[],"_links":{"self":[{"href":"https:\/\/energysmartyes.com\/es\/wp-json\/wp\/v2\/pages\/550","targetHints":{"allow":["GET"]}}],"collection":[{"href":"https:\/\/energysmartyes.com\/es\/wp-json\/wp\/v2\/pages"}],"about":[{"href":"https:\/\/energysmartyes.com\/es\/wp-json\/wp\/v2\/types\/page"}],"author":[{"embeddable":true,"href":"https:\/\/energysmartyes.com\/es\/wp-json\/wp\/v2\/users\/3004"}],"replies":[{"embeddable":true,"href":"https:\/\/energysmartyes.com\/es\/wp-json\/wp\/v2\/comments?post=550"}],"version-history":[{"count":10,"href":"https:\/\/energysmartyes.com\/es\/wp-json\/wp\/v2\/pages\/550\/revisions"}],"predecessor-version":[{"id":3959,"href":"https:\/\/energysmartyes.com\/es\/wp-json\/wp\/v2\/pages\/550\/revisions\/3959"}],"up":[{"embeddable":true,"href":"https:\/\/energysmartyes.com\/es\/wp-json\/wp\/v2\/pages\/427"}],"wp:attachment":[{"href":"https:\/\/energysmartyes.com\/es\/wp-json\/wp\/v2\/media?parent=550"}],"curies":[{"name":"wp","href":"https:\/\/api.w.org\/{rel}","templated":true}]}}