{"id":5413,"date":"2025-05-27T16:53:59","date_gmt":"2025-05-27T16:53:59","guid":{"rendered":"https:\/\/energysmartyes.com\/reembolsos\/reembolsos-de-la-ciudad-de-lafayette\/"},"modified":"2025-10-10T20:36:24","modified_gmt":"2025-10-10T20:36:24","slug":"lafayette","status":"publish","type":"page","link":"https:\/\/energysmartyes.com\/es\/reembolsos\/lafayette\/","title":{"rendered":"Reembolsos de la ciudad de Lafayette"},"content":{"rendered":"<div class=\"wpb-content-wrapper\"><p>[vc_row top_padding=\u00bb44&#8243; bottom_padding=\u00bb44&#8243;][vc_column width=\u00bb1\/1&#8243;]<div class=\"single_image wpb_content_element align-center    \" data-animation=\"none\" data-delay=\"0\"><img loading=\"lazy\" decoding=\"async\" width=\"300\" height=\"136\" src=\"https:\/\/energysmartyes.com\/wp-content\/uploads\/sites\/2\/2025\/05\/City-of-Lafayette-Logo-300x136.png\" class=\"attachment-medium\" alt=\"City of Lafayette Logo\" title=\"City-of-Lafayette-Logo\" srcset=\"https:\/\/energysmartyes.com\/wp-content\/uploads\/sites\/2\/2025\/05\/City-of-Lafayette-Logo-300x136.png 300w, https:\/\/energysmartyes.com\/wp-content\/uploads\/sites\/2\/2025\/05\/City-of-Lafayette-Logo-1024x463.png 1024w, https:\/\/energysmartyes.com\/wp-content\/uploads\/sites\/2\/2025\/05\/City-of-Lafayette-Logo-768x347.png 768w, https:\/\/energysmartyes.com\/wp-content\/uploads\/sites\/2\/2025\/05\/City-of-Lafayette-Logo.png 1200w\" sizes=\"auto, (max-width: 300px) 100vw, 300px\" \/><\/div><div class=\"spacer\" style=\"height: 40px;\"><\/div>[vc_column_text]<\/p>\n<h1 style=\"text-align: center\">Reembolsos de la ciudad de Lafayette del 2025<\/h1>\n<p style=\"text-align: center\"><strong>Para equipos que abastezcan a hasta 4 unidades residenciales.<\/strong><\/p>\n<p>[\/vc_column_text]<div class=\"spacer\" style=\"height: 20px;\"><\/div>[vc_column_text]El siguiente descuento est\u00e1 disponible para los residentes de la ciudad de Lafayette. Para calificar para estos reembolsos, todo el trabajo debe completarse y facturarse entre el <strong>1 de enero de 2025 y el 31 de diciembre de 2025<\/strong>. Es posible que haya reembolsos m\u00e1s elevados disponibles. Visite nuestra p\u00e1gina de <a href=\"https:\/\/energysmartyes.com\/es\/reembolsos\/reembolsos-calificados-por-ingresos\/\">reembolsos por ingresos<\/a> para comprobar si cumple los requisitos.<\/p>\n<p>Los reembolsos se otorgan por orden de llegada, mientras haya fondos disponibles. Al final de esta p\u00e1gina figuran otros requisitos. Los reembolsos pueden combinarse con cualquier incentivo municipal o de servicios p\u00fablicos relevante.<\/p>\n<p><strong>Nota importante:<\/strong> Es posible que su empresa de servicios p\u00fablicos tenga requisitos m\u00e1s estrictos para sus reembolsos.<\/p>\n<p><strong>\u00bfTiene alguna duda?<\/strong> <a href=\"https:\/\/energysmartyes.com\/es\/recursos\/energy-smart-faqs\/\" target=\"_blank\" rel=\"noopener\">Consulte nuestras Preguntas frecuentes sobre reembolsos.<\/a><\/p>\n<p><strong>\u00bfListo para aplicar por su reembolso?<\/strong> Complete nuestro <a href=\"https:\/\/energysmartyes.com\/es\/recursos\/solicitud-de-reembolsos-residenciales-estandar-de-energysmart\/\" target=\"_blank\" rel=\"noopener\">formulario en l\u00ednea.<\/a>[\/vc_column_text]<div class=\"spacer\" style=\"height: 20px;\"><\/div>[\/vc_column][\/vc_row][vc_row bg_color=\u00bb#ededed\u00bb top_padding=\u00bb44&#8243; bottom_padding=\u00bb44&#8243;][vc_column width=\u00bb1\/2&#8243;][vc_column_text]<\/p>\n<h2 style=\"text-align: center\">Persianas celulares<\/h2>\n<p><strong>Reciba el 30% del costo, hasta $300.<\/strong><\/p>\n<p><strong>Requisitos:<\/strong> Debe tener una estructura celular de celda dentro de celda o de doble celda. Foto(s) posterior(es) a la instalaci\u00f3n + foto(s) que muestre(n) la estructura de la celda desde el lado deseado.[\/vc_column_text][\/vc_column][vc_column width=\u00bb1\/2&#8243;]<div class=\"single_image wpb_content_element align-left    \" data-animation=\"none\" data-delay=\"0\"><img loading=\"lazy\" decoding=\"async\" width=\"1000\" height=\"750\" src=\"https:\/\/energysmartyes.com\/wp-content\/uploads\/sites\/2\/2025\/05\/cellular-shades-website.jpg\" class=\"attachment-full\" alt=\"A woman lowers cellular shades. A winter scene is visible through the window.\" title=\"cellular-shades-website\" srcset=\"https:\/\/energysmartyes.com\/wp-content\/uploads\/sites\/2\/2025\/05\/cellular-shades-website.jpg 1000w, https:\/\/energysmartyes.com\/wp-content\/uploads\/sites\/2\/2025\/05\/cellular-shades-website-300x225.jpg 300w, https:\/\/energysmartyes.com\/wp-content\/uploads\/sites\/2\/2025\/05\/cellular-shades-website-768x576.jpg 768w\" sizes=\"auto, (max-width: 1000px) 100vw, 1000px\" \/><\/div>[\/vc_column][\/vc_row][vc_row top_padding=\u00bb44&#8243; bottom_padding=\u00bb44&#8243;][vc_column width=\u00bb1\/1&#8243;][vc_column_text]<strong>Condiciones:<\/strong><\/p>\n<ul>\n<li><strong>Los fondos para reembolsos son limitados, est\u00e1n sujetos a cambios y se otorgar\u00e1n por orden de llegada, mientras haya fondos disponibles.<\/strong><\/li>\n<li>Los reembolsos solo est\u00e1n disponsibles para mejoras completadas en unidades residenciales dentro de la cuidad de Lafayette<\/li>\n<li>Los reembolsos solo est\u00e1n disponibles para la rehabilitaci\u00f3n de viviendas existentes; los reembolsos no est\u00e1n disponibles para la nueva construcci\u00f3n.<\/li>\n<li>La concesi\u00f3n de reembolso se basar\u00e1 en los niveles publicados en el momento en que una factura por el trabajo completado se ha presentado a EnergySmart.<\/li>\n<li>Para calificar para estos reembolsos, todo el trabajo debe completarse y facturarse entre el <strong>1 de enero de 2025 y el 31 de diciembre de 2025<\/strong>.<\/li>\n<li>Las viviendas multifamiliares de 5 unidades o m\u00e1s no son elegibles para recibir estos descuentos.<\/li>\n<li>Los descuentos no pueden superar el 70% del costo de la medida una vez aplicados todos los dem\u00e1s descuentos\/incentivos.<\/li>\n<li>Todos los trabajos deben cumplir todos los c\u00f3digos de construcci\u00f3n o energ\u00e9ticos aplicables y deben obtenerse todos los permisos necesarios.<\/li>\n<\/ul>\n<p>Consulte <a href=\"https:\/\/energysmartyes.com\/es\/recursos\/energy-smart-faqs\/\" target=\"_blank\" rel=\"noopener\">las preguntas m\u00e1s frecuentes sobre los descuentos de EnergySmart<\/a> para encontrar respuestas a las preguntas m\u00e1s frecuentes.<\/p>\n<p><strong>\u00bfListo para aplicar por su reembolso?<\/strong> Complete nuestro <a href=\"https:\/\/energysmartyes.com\/es\/recursos\/solicitud-de-reembolsos-residenciales-estandar-de-energysmart\/\" target=\"_blank\" rel=\"noopener\">formulario en l\u00ednea.<\/a><\/p>\n<p>Los asesores EnergySmart est\u00e1n a su disposici\u00f3n para ayudarle a completar y presentar su solicitud para todos los reembolsos elegibles. Ll\u00e1menos hoy al <strong><a href=\"tel:1-303-544-1000\">303.544.1000<\/a><\/strong> o env\u00edenos un correo electr\u00f3nico a <a href=\"mailto:info@energysmartyes.com\"><strong>info@energysmartyes.com<\/strong><\/a>.[\/vc_column_text][\/vc_column][\/vc_row][vc_row bg_color=\u00bb#007EA5&#8243; text_color=\u00bblight\u00bb top_padding=\u00bb44&#8243; bottom_padding=\u00bb44&#8243;][vc_column column_center=\u00bbtrue\u00bb width=\u00bb1\/2&#8243;][vc_column_text]<\/p>\n<h2>\u00bfLe abruman los reembolsos?<\/h2>\n<p>Entendemos: \u00a1hay muchos programas! Este Planificador de electrificaci\u00f3n personal de Rewiring America puede ayudarle a empezar.[\/vc_column_text]<div class=\"spacer\" style=\"height: 20px;\"><\/div>[vc_btn title=\u00bbEncontrar mis reembolsos (en ingl\u00e9s)\u00bb style=\u00bbcustom\u00bb custom_background=\u00bb#FBAA26&#8243; custom_text=\u00bb#0B323F\u00bb css=\u00bb\u00bb link=\u00bburl:https%3A%2F%2Fhomes.rewiringamerica.org%2Fpersonal-electrification-planner|target:_blank|\u00bb][\/vc_column][vc_column width=\u00bb1\/2&#8243;]<div class=\"single_image wpb_content_element align-left    \" data-animation=\"none\" data-delay=\"0\"><img loading=\"lazy\" decoding=\"async\" width=\"626\" height=\"418\" src=\"https:\/\/energysmartyes.com\/wp-content\/uploads\/sites\/2\/2023\/10\/ReviewingPlan.jpeg\" class=\"attachment-full\" alt=\"Couple sitting at home on their couch reviewing paperwork together\" title=\"ReviewingPlan\" srcset=\"https:\/\/energysmartyes.com\/wp-content\/uploads\/sites\/2\/2023\/10\/ReviewingPlan.jpeg 626w, https:\/\/energysmartyes.com\/wp-content\/uploads\/sites\/2\/2023\/10\/ReviewingPlan-300x200.jpeg 300w, https:\/\/energysmartyes.com\/wp-content\/uploads\/sites\/2\/2023\/10\/ReviewingPlan-600x400.jpeg 600w\" sizes=\"auto, (max-width: 626px) 100vw, 626px\" \/><\/div>[\/vc_column][\/vc_row]<\/p>\n<\/div>","protected":false},"excerpt":{"rendered":"<p>[vc_row top_padding=\u00bb44&#8243; bottom_padding=\u00bb44&#8243;][vc_column width=\u00bb1\/1&#8243;][vc_column_text] Reembolsos de la ciudad de Lafayette del 2025 Para equipos que abastezcan a hasta 4 unidades residenciales. [\/vc_column_text][vc_column_text]El siguiente descuento est\u00e1 disponible para los residentes de la ciudad de Lafayette. Para calificar para estos reembolsos, todo el trabajo debe completarse y facturarse entre el 1 de enero de 2025 y el 31 de diciembre de 2025. Es posible que haya reembolsos m\u00e1s elevados disponibles. Visite nuestra p\u00e1gina de reembolsos por ingresos para comprobar si cumple los requisitos. Los reembolsos se otorgan por orden de llegada, mientras haya fondos disponibles. Al final de esta p\u00e1gina figuran otros requisitos. Los reembolsos pueden combinarse con cualquier incentivo municipal o de servicios p\u00fablicos relevante. Nota importante: Es posible que su empresa de servicios p\u00fablicos tenga requisitos m\u00e1s estrictos para sus reembolsos. \u00bfTiene alguna duda? Consulte nuestras Preguntas frecuentes sobre reembolsos. \u00bfListo para aplicar por su reembolso? Complete nuestro formulario en l\u00ednea.[\/vc_column_text][\/vc_column][\/vc_row][vc_row bg_color=\u00bb#ededed\u00bb top_padding=\u00bb44&#8243; bottom_padding=\u00bb44&#8243;][vc_column width=\u00bb1\/2&#8243;][vc_column_text] Persianas celulares Reciba el 30% del costo, hasta $300. Requisitos: Debe tener una estructura celular de celda dentro de celda o de doble celda. Foto(s) posterior(es) a la instalaci\u00f3n + foto(s) que muestre(n) la estructura de la celda desde el lado deseado.[\/vc_column_text][\/vc_column][vc_column width=\u00bb1\/2&#8243;][\/vc_column][\/vc_row][vc_row top_padding=\u00bb44&#8243; bottom_padding=\u00bb44&#8243;][vc_column [&hellip;]<\/p>\n","protected":false},"author":3038,"featured_media":5410,"parent":5205,"menu_order":0,"comment_status":"closed","ping_status":"closed","template":"","meta":{"_acf_changed":false,"footnotes":""},"class_list":["post-5413","page","type-page","status-publish","has-post-thumbnail","hentry"],"acf":[],"_links":{"self":[{"href":"https:\/\/energysmartyes.com\/es\/wp-json\/wp\/v2\/pages\/5413","targetHints":{"allow":["GET"]}}],"collection":[{"href":"https:\/\/energysmartyes.com\/es\/wp-json\/wp\/v2\/pages"}],"about":[{"href":"https:\/\/energysmartyes.com\/es\/wp-json\/wp\/v2\/types\/page"}],"author":[{"embeddable":true,"href":"https:\/\/energysmartyes.com\/es\/wp-json\/wp\/v2\/users\/3038"}],"replies":[{"embeddable":true,"href":"https:\/\/energysmartyes.com\/es\/wp-json\/wp\/v2\/comments?post=5413"}],"version-history":[{"count":7,"href":"https:\/\/energysmartyes.com\/es\/wp-json\/wp\/v2\/pages\/5413\/revisions"}],"predecessor-version":[{"id":5696,"href":"https:\/\/energysmartyes.com\/es\/wp-json\/wp\/v2\/pages\/5413\/revisions\/5696"}],"up":[{"embeddable":true,"href":"https:\/\/energysmartyes.com\/es\/wp-json\/wp\/v2\/pages\/5205"}],"wp:featuredmedia":[{"embeddable":true,"href":"https:\/\/energysmartyes.com\/es\/wp-json\/wp\/v2\/media\/5410"}],"wp:attachment":[{"href":"https:\/\/energysmartyes.com\/es\/wp-json\/wp\/v2\/media?parent=5413"}],"curies":[{"name":"wp","href":"https:\/\/api.w.org\/{rel}","templated":true}]}}