{"id":5227,"date":"2025-02-07T16:42:13","date_gmt":"2025-02-07T16:42:13","guid":{"rendered":"https:\/\/energysmartyes.com\/reembolsos\/reembolsos-del-municipio-de-superior\/"},"modified":"2025-10-10T20:40:21","modified_gmt":"2025-10-10T20:40:21","slug":"reembolsos-del-municipio-de-superior","status":"publish","type":"page","link":"https:\/\/energysmartyes.com\/es\/reembolsos\/reembolsos-del-municipio-de-superior\/","title":{"rendered":"Reembolsos del municipio de Superior"},"content":{"rendered":"<div class=\"wpb-content-wrapper\"><p>[vc_row top_padding=\u00bb44&#8243; bottom_padding=\u00bb44&#8243;][vc_column width=\u00bb1\/1&#8243;]<div class=\"single_image wpb_content_element align-center    \" data-animation=\"none\" data-delay=\"0\"><img loading=\"lazy\" decoding=\"async\" width=\"300\" height=\"115\" src=\"https:\/\/energysmartyes.com\/wp-content\/uploads\/sites\/2\/2025\/02\/Superior-Full-logo-PMS-208-burgundy-300x115.png\" class=\"attachment-medium\" alt=\"\" title=\"Superior Full logo PMS 208 (burgundy)\" srcset=\"https:\/\/energysmartyes.com\/wp-content\/uploads\/sites\/2\/2025\/02\/Superior-Full-logo-PMS-208-burgundy-300x115.png 300w, https:\/\/energysmartyes.com\/wp-content\/uploads\/sites\/2\/2025\/02\/Superior-Full-logo-PMS-208-burgundy-1024x393.png 1024w, https:\/\/energysmartyes.com\/wp-content\/uploads\/sites\/2\/2025\/02\/Superior-Full-logo-PMS-208-burgundy-768x295.png 768w, https:\/\/energysmartyes.com\/wp-content\/uploads\/sites\/2\/2025\/02\/Superior-Full-logo-PMS-208-burgundy.png 1223w\" sizes=\"auto, (max-width: 300px) 100vw, 300px\" \/><\/div><div class=\"spacer\" style=\"height: 40px;\"><\/div>[vc_column_text]<\/p>\n<h1 style=\"text-align: center\">Reembolsos del municipio de Superior del 2025<\/h1>\n<p style=\"text-align: center\"><strong>Para equipos que abastezcan a hasta 4 unidades residenciales.<\/strong><\/p>\n<p>[\/vc_column_text]<div class=\"spacer\" style=\"height: 40px;\"><\/div>[vc_column_text]The following rebates are available to residents of the Town of Superior. Para calificar para estos reembolsos, todo el trabajo debe completarse y facturarse entre el <strong>1 de enero de 2025 y el 31 de diciembre de 2025<\/strong>. Es posible que haya reembolsos m\u00e1s elevados disponibles. Visite nuestra p\u00e1gina de <a href=\"https:\/\/energysmartyes.com\/es\/reembolsos\/reembolsos-calificados-por-ingresos\/\">reembolsos por ingresos<\/a> para comprobar si cumple los requisitos.<\/p>\n<p>Los reembolsos se otorgan por orden de llegada, mientras haya fondos disponibles. Al final de esta p\u00e1gina figuran otros requisitos. Los reembolsos pueden combinarse con cualquier incentivo municipal o de servicios p\u00fablicos relevante.<\/p>\n<p><strong>Important Note:<\/strong> Your utility may have more stringent requirements for their rebates.<\/p>\n<p><strong>\u00bfTiene alguna duda?<\/strong> <a href=\"https:\/\/energysmartyes.com\/es\/recursos\/energy-smart-faqs\/\" target=\"_blank\" rel=\"noopener\">Consulte nuestras Preguntas frecuentes sobre reembolsos.<\/a><\/p>\n<p><strong>\u00bfListo para aplicar por su reembolso?<\/strong> Complete nuestro <a href=\"https:\/\/energysmartyes.com\/es\/recursos\/solicitud-de-reembolsos-residenciales-estandar-de-energysmart\/\" target=\"_blank\" rel=\"noopener\">formulario en l\u00ednea.<\/a>[\/vc_column_text]<div class=\"spacer\" style=\"height: 20px;\"><\/div>[\/vc_column][\/vc_row][vc_row bg_color=\u00bb#ededed\u00bb top_padding=\u00bb44&#8243; bottom_padding=\u00bb44&#8243; row_id=\u00bbinsulation\u00bb][vc_column width=\u00bb1\/2&#8243;][vc_column_text]<\/p>\n<h2 style=\"text-align: center\">Aislamiento, sellado herm\u00e9tico y persianas celulares<\/h2>\n<p><strong>Reciba 30 % del costo de todo su proyecto o proyectos hasta $750.<\/strong><\/p>\n<p><strong>\u00a1Nuevo reembolso por persianas celulares!<\/strong> Ahorre en la compra e instalaci\u00f3n de nuevas persianas celulares celda doble o celda en celda (las persianas celulares de celda \u00fanica no son elegibles para el reembolso).<\/p>\n<p><strong>Descuento extra disponible de $100<\/strong> para completar el sellado herm\u00e9tico de la placa superior exterior junto con el aislamiento y sellado herm\u00e9tico del altillo.<\/p>\n<p><strong>Nota:<\/strong> Prueba Blower Door obligatoria antes y despu\u00e9s \u2013 Prueba CAZ obligatoria si hay aparatos a gas en la casa  Los proyectos de persianas celulares est\u00e1n exentos de los requisitos CAZ y Blower Door.[\/vc_column_text][\/vc_column][vc_column width=\u00bb1\/2&#8243;]<div class=\"single_image wpb_content_element align-left    \" data-animation=\"none\" data-delay=\"0\"><img loading=\"lazy\" decoding=\"async\" width=\"1773\" height=\"1182\" src=\"https:\/\/energysmartyes.com\/wp-content\/uploads\/sites\/2\/2023\/10\/Insulation.jpeg\" class=\"attachment-full\" alt=\"\" title=\"Insulation\" srcset=\"https:\/\/energysmartyes.com\/wp-content\/uploads\/sites\/2\/2023\/10\/Insulation.jpeg 1773w, https:\/\/energysmartyes.com\/wp-content\/uploads\/sites\/2\/2023\/10\/Insulation-300x200.jpeg 300w, https:\/\/energysmartyes.com\/wp-content\/uploads\/sites\/2\/2023\/10\/Insulation-1024x683.jpeg 1024w, https:\/\/energysmartyes.com\/wp-content\/uploads\/sites\/2\/2023\/10\/Insulation-768x512.jpeg 768w, https:\/\/energysmartyes.com\/wp-content\/uploads\/sites\/2\/2023\/10\/Insulation-1536x1024.jpeg 1536w, https:\/\/energysmartyes.com\/wp-content\/uploads\/sites\/2\/2023\/10\/Insulation-600x400.jpeg 600w\" sizes=\"auto, (max-width: 1773px) 100vw, 1773px\" \/><\/div>[\/vc_column][\/vc_row][vc_row bg_color=\u00bb#ededed\u00bb bottom_padding=\u00bb50&#8243;][vc_column width=\u00bb1\/1&#8243;][vc_column_text]<\/p>\n<table class=\"ins-table\">\n<thead>\n<tr>\n<th id=\"insulation-project\" width=\"50%\">Tipo de proyecto\n<\/th>\n<th id=\"insulation-requirements\" width=\"50%\">Requisitos<\/th>\n<\/tr>\n<\/thead>\n<tbody>\n<tr>\n<td headers=\"insulation-project\">Aislamiento de paredes<\/td>\n<td headers=\"insulation-requirements\">R-19 m\u00ednimo; rellene la cavidad de la pared donde no sea posible R-19. Para paredes s\u00f3lidas como las de ladrillo u hormig\u00f3n, debe a\u00f1adirse aislamiento r\u00edgido exterior hasta un nivel de \u2265 R-10. <\/td>\n<\/tr>\n<tr>\n<td headers=\"insulation-project\">Aislamiento del \u00e1tico con sellado de aire<\/td>\n<td headers=\"insulation-requirements\">Se requiere un m\u00ednimo de R-60 en altillos abiertos; los techos catedral variar\u00e1n en funci\u00f3n de la profundidad de las vigas, pero deben cumplir los requisitos del IECC de 2012. Debe realizar el sellado herm\u00e9tico en los \u00e1ticos antes de a\u00f1adir el aislamiento.<\/td>\n<\/tr>\n<tr>\n<td headers=\"insulation-project\">Aislamiento y sellado herm\u00e9tico de los cimientos (s\u00f3tano o c\u00e1mara)<\/td>\n<td headers=\"insulation-requirements\">C\u00e1mara de poca altura como se indica en el IECC de 2012 R-15 continuo o aislamiento de cavidades R-19 con una barrera de aire permeable al vapor sobre el aislamiento. Las c\u00e1maras de poca altura deben tener una barrera de vapor sellada sobre c\u00e1maras de poca altura de tierra y ventilaci\u00f3n, seg\u00fan el IECC de 2012.<\/td>\n<\/tr>\n<tr>\n<td headers=\"insulation-project\">Aislamiento y sellado herm\u00e9tico de subsuelo o marco de suelo<\/td>\n<td headers=\"insulation-requirements\">R-30 como m\u00ednimo, s\u00f3lo sobre espacios no acondicionados (es decir, voladizos, suelos sobre s\u00f3tanos no acondicionados, sobre garajes, etc.). Rellene las cavidades cerradas del suelo cuando no sea posible R-30.<\/td>\n<\/tr>\n<tr>\n<td headers=\"insulation-project\">Sellado herm\u00e9tico aplicado profesionalmente (nada de \u00abh\u00e1galo usted mismo\u00bb)<\/td>\n<td headers=\"insulation-requirements\">Air infiltration levels must be measured by a blower door before and after improvement. Se recomienda ventilaci\u00f3n mec\u00e1nica si las renovaciones de aire\/hora son inferiores a 0,35 NACH. El sellado del aire debe ser independiente de uno de los proyectos mencionados anteriormente.<\/td>\n<\/tr>\n<tr>\n<td headers=\"insulation-project\">Persianas celulares<\/td>\n<td headers=\"insulation-requirements\">Debe tener una estructura celular de celda dentro de celda o de doble celda. Foto(s) posterior(es) a la instalaci\u00f3n y foto(s) que muestre(n) la estructura de la celda desde el lado deseado. <\/td>\n<\/tr>\n<\/tbody>\n<\/table>\n<p>[\/vc_column_text][\/vc_column][\/vc_row][vc_row bg_color=\u00bb#ffffff\u00bb top_padding=\u00bb44&#8243; bottom_padding=\u00bb44&#8243;][vc_column width=\u00bb1\/2&#8243;][vc_column_text]<\/p>\n<h2 style=\"text-align: center\">Aparatos y HVAC<\/h2>\n<p>[\/vc_column_text][\/vc_column][vc_column width=\u00bb1\/2&#8243;]<div class=\"single_image wpb_content_element align-center    \" data-animation=\"none\" data-delay=\"0\"><img loading=\"lazy\" decoding=\"async\" width=\"648\" height=\"404\" src=\"https:\/\/energysmartyes.com\/wp-content\/uploads\/sites\/2\/2023\/10\/HeatPump.jpeg\" class=\"attachment-full\" alt=\"outdoor heat pump unit against red siding wall with some foliage in the foreground\" title=\"HeatPump\" srcset=\"https:\/\/energysmartyes.com\/wp-content\/uploads\/sites\/2\/2023\/10\/HeatPump.jpeg 648w, https:\/\/energysmartyes.com\/wp-content\/uploads\/sites\/2\/2023\/10\/HeatPump-300x187.jpeg 300w\" sizes=\"auto, (max-width: 648px) 100vw, 648px\" \/><\/div>[\/vc_column][\/vc_row][vc_row bg_color=\u00bb#ffffff\u00bb bottom_padding=\u00bb50&#8243;][vc_column width=\u00bb1\/1&#8243;]<div class=\"spacer\" style=\"height: 20px;\"><\/div>[vc_column_text]<\/p>\n<table class=\"hvac-table\">\n<thead>\n<tr>\n<th id=\"hvac-project\" width=\"20%\">Tipo de proyecto<\/th>\n<th id=\"hvac-amt-gas\" width=\"20%\">Rembolsos para casas con aparatos a gas existentes<\/th>\n<th id=\"hvac-amt-electric\" width=\"20%\">Rembolsos para casas con aparatos el\u00e9ctricos existentes<\/th>\n<th id=\"hvac-requirements\" width=\"40%\">Requisitos<\/th>\n<\/tr>\n<\/thead>\n<tbody>\n<tr>\n<td id=\"hvac-project\">Bomba de calor aerot\u00e9rmica para climas fr\u00edos, incluidas bombas de calor mini-split<\/td>\n<td id=\"hvac-amt-gas\">$750<\/td>\n<td id=\"hvac-amt-electric\">$400<\/td>\n<td id=\"hvac-requirements\">\u2022 HSPF2 \u2265 8.1<br \/>\n\u2022 Debe tener certificado para climas fr\u00edos de ENERGY STAR O COP \u2265 1.75 a 5\u25e6F O capacidad a 5\u25e6F al menos el 70 % de BTU a 47\u25e6F<\/td>\n<\/tr>\n<tr>\n<td id=\"hvac-project\">Bomba de calor aerot\u00e9rmica no para climas fr\u00edos, incluidas bombas de calor mini-split<\/td>\n<td id=\"hvac-amt-gas\">$500<\/td>\n<td id=\"hvac-amt-electric\">$250<\/td>\n<td id=\"hvac-requirements\">HSPF2 \u2265 7.8<\/td>\n<\/tr>\n<tr>\n<td id=\"hvac-project\">Bomba de calor geot\u00e9rmicas<\/td>\n<td id=\"hvac-amt-gas\">$750<\/td>\n<td id=\"hvac-amt-electric\">$400<\/td>\n<td id=\"hvac-requirements\">\u2022 5.5 toneladas o menos, 14.1 EER<br \/>\n\u2022 Debe tener la certificaci\u00f3n ENERGY STAR<\/td>\n<\/tr>\n<tr>\n<td id=\"hvac-project\">Bomba de calor aire-agua<\/td>\n<td id=\"hvac-amt-gas\">$750<\/td>\n<td id=\"hvac-amt-electric\">$400<\/td>\n<td id=\"hvac-requirements\">Debe tener un COP de 1.75 o superior<\/td>\n<\/tr>\n<tr>\n<td id=\"hvac-project\">Calentador de agua con bomba de calor<\/td>\n<td id=\"hvac-amt-gas\">$500<\/td>\n<td id=\"hvac-amt-electric\">$250<\/td>\n<td id=\"hvac-requirements\">Debe tener certificado ENERGY STAR con un Factor Energ\u00e9tico m\u00ednimo de 2.0<\/td>\n<\/tr>\n<tr>\n<td id=\"hvac-project\">Estufa de inducci\u00f3n o el\u00e9ctrica<\/td>\n<td id=\"hvac-amt-gas\">$250<\/td>\n<td id=\"hvac-amt-electric\">$150<\/td>\n<td id=\"hvac-requirements\">\u2022 S\u00f3lo unidades empotradas, empotrables e independientes<br \/>\n\u2022 Las estufas port\u00e1tiles no son elegibles<br \/>\n\u2022 Se requiere comprobante de compra m\u00e1s fotos del antes y el despu\u00e9s de la instalaci\u00f3n<br \/>\n\u2022 Debe sustituir una estufa a gas por estufa de inducci\u00f3n o el\u00e9ctrica<\/td>\n<\/tr>\n<tr>\n<td id=\"hvac-project\">Secadora con bomba de calor<\/td>\n<td id=\"hvac-amt-gas\">$250<\/td>\n<td id=\"hvac-amt-electric\">$150<\/td>\n<td id=\"hvac-requirements\">\u2022 Debe tener la certificaci\u00f3n ENERGY STAR<br \/>\n\u2022 Se requiere comprobante de compra m\u00e1s fotos del antes y el despu\u00e9s de la instalaci\u00f3n<\/td>\n<\/tr>\n<tr>\n<td id=\"hvac-project\">Actualizaci\u00f3n del panel el\u00e9ctrico<\/td>\n<td id=\"hvac-amt-gas\">$150<\/td>\n<td id=\"hvac-amt-electric\">$150<\/td>\n<td id=\"hvac-requirements\">\u2022 Debe tener una capacidad creciente de 200 amperios<br \/>\n\u2022 O 150 A si va desde un panel de 100 A<br \/>\n\u2022 Un electricista con licencia debe efectuar la instalaci\u00f3n<br \/>\n\u2022 Debe completarse junto con las actualizaciones de bomba de calor, inducci\u00f3n, energ\u00eda solar o cargador de veh\u00edculos el\u00e9ctricos (EV)<br \/>\n\u2022 Se requiere constancia de otras actualizaciones<\/td>\n<\/tr>\n<\/tbody>\n<\/table>\n<p>[\/vc_column_text][\/vc_column][\/vc_row][vc_row bg_color=\u00bb#ededed\u00bb top_padding=\u00bb44&#8243; bottom_padding=\u00bb44&#8243;][vc_column width=\u00bb1\/1&#8243;][vc_column_text]<strong>Las siguientes condiciones se aplican a todos los reembolsos enumerados:<\/strong><\/p>\n<ul>\n<li>Los descuentos y las subvenciones est\u00e1n \u00fanicamente disponibles para actualizaciones completadas en unidades residenciales dentro del municipio de Superior.<\/li>\n<li>Los reembolsos solo est\u00e1n disponibles para la rehabilitaci\u00f3n de viviendas existentes; los reembolsos no est\u00e1n disponibles para la nueva construcci\u00f3n.<\/li>\n<li><strong>Los fondos para reembolsos son limitados, est\u00e1n sujetos a cambios y se otorgar\u00e1n por orden de llegada, mientras haya fondos disponibles.<\/strong><\/li>\n<li>La concesi\u00f3n de reembolso se basar\u00e1 en los niveles publicados en el momento en que una factura por el trabajo completado se ha presentado a EnergySmart.<\/li>\n<li>Para calificar para estos reembolsos, todo el trabajo debe completarse y facturarse entre el <strong>1 de enero de 2025 y el 31 de diciembre de 2025<\/strong>.<\/li>\n<li>Hay un l\u00edmite de por vida de dos descuentos por casa para bombas de calor aerot\u00e9rmicas (incluidas bombas de calor mini-split).<\/li>\n<li><strong>El m\u00e1ximo total <\/strong>de por vida de todos los reembolsos <strong>EnergySmart <\/strong>no puede superar los <strong>$6,000 por propietario<\/strong> de varias propiedades (incluidos los reembolsos EnergySmart pasados y presentes). Se permite una excepci\u00f3n si se debe a la bonificaci\u00f3n solar fotovoltaica o al reembolso por ingresos cualificados. <\/li>\n<li>Las viviendas multifamiliares de 5 unidades o m\u00e1s no son elegibles para recibir estos descuentos.<\/li>\n<li>Los descuentos no pueden superar el 70% del costo de la medida una vez aplicados todos los dem\u00e1s descuentos\/incentivos.<\/li>\n<li>Todas las actualizaciones deben ser para los ocupantes de la unidad o beneficiarlos directamente. (Por ejemplo, s\u00f3lo las unidades superiores pueden recibir un reembolso de aislamiento del \u00e1tico cuando se solicitan reembolsos de unidades m\u00faltiples.)<\/li>\n<li>Todos los trabajos deben cumplir todos los c\u00f3digos de construcci\u00f3n o energ\u00e9ticos aplicables y deben obtenerse todos los permisos necesarios.<\/li>\n<li>A menos que se especifique lo contrario, cualquier producto o instalaci\u00f3n debe cumplir con los est\u00e1ndares vigentes de ENERGY STAR como m\u00ednimo, si dichos est\u00e1ndares existen para ese determinado producto o aplicaci\u00f3n.<\/li>\n<li>Los descuentos para aparatos y HVAC requieren de certificaci\u00f3n de la fuente previa de combustible (electricidad o gas\/propano).<\/li>\n<li><strong>Para las bombas de calor aerot\u00e9rmicas (ASHP):<\/strong> Se requiere de una v\u00e1lvula de expansi\u00f3n electr\u00f3nica para ayudar a regular el flujo de refrigerante para los componentes interiores con precisi\u00f3n y eficiencia.<\/li>\n<li>Pueden aplicarse <strong>requisitos para contratistas<\/strong> seg\u00fan el proyecto; EnergySmart adopta los requisitos para contratistas de Xcel Energy. A continuaci\u00f3n presentamos los requisitos para proyectos con contratista:\n<ul>\n<li>El contratista debe figurar en la lista de instaladores elegibles para proyectos de aislamiento\/sellado herm\u00e9tico, bomba de calor aerot\u00e9rmica con tuber\u00edas (incluidas tuber\u00edas parciales) o bomba de calor mini-split, calentador de agua con bomba de calor y bomba de calor geot\u00e9rmica.<\/li>\n<\/ul>\n<\/li>\n<\/ul>\n<p>Consulte <a href=\"https:\/\/energysmartyes.com\/es\/recursos\/energy-smart-faqs\/\" target=\"_blank\" rel=\"noopener\">las preguntas m\u00e1s frecuentes sobre los descuentos de EnergySmart<\/a> para encontrar respuestas a las preguntas m\u00e1s frecuentes.<\/p>\n<p><strong>\u00bfListo para aplicar por su reembolso?<\/strong> Complete nuestro <a href=\"https:\/\/energysmartyes.com\/es\/recursos\/solicitud-de-reembolsos-residenciales-estandar-de-energysmart\/\" target=\"_blank\" rel=\"noopener\">formulario en l\u00ednea.<\/a><\/p>\n<p>Los asesores EnergySmart est\u00e1n a su disposici\u00f3n para ayudarle a completar y presentar su solicitud para todos los reembolsos elegibles. Ll\u00e1menos hoy al <strong><a href=\"tel:1-303-544-1000\">303.544.1000<\/a><\/strong> o env\u00edenos un correo electr\u00f3nico a <a href=\"mailto:info@energysmartyes.com\"><strong>info@energysmartyes.com<\/strong><\/a>.[\/vc_column_text][\/vc_column][\/vc_row][vc_row bg_color=\u00bb#007EA5&#8243; text_color=\u00bblight\u00bb top_padding=\u00bb44&#8243; bottom_padding=\u00bb44&#8243;][vc_column column_center=\u00bbtrue\u00bb width=\u00bb1\/2&#8243;][vc_column_text]<\/p>\n<h2>\u00bfLe abruman los reembolsos?<\/h2>\n<p>Entendemos: \u00a1hay muchos programas! Este Planificador de electrificaci\u00f3n personal de Rewiring America puede ayudarle a empezar.[\/vc_column_text]<div class=\"spacer\" style=\"height: 20px;\"><\/div>[vc_btn title=\u00bbEncontrar mis reembolsos (en ingl\u00e9s)\u00bb style=\u00bbcustom\u00bb custom_background=\u00bb#FBAA26&#8243; custom_text=\u00bb#0B323F\u00bb css=\u00bb\u00bb link=\u00bburl:https%3A%2F%2Fhomes.rewiringamerica.org%2Fpersonal-electrification-planner|target:_blank|\u00bb][\/vc_column][vc_column width=\u00bb1\/2&#8243;]<div class=\"single_image wpb_content_element align-left    \" data-animation=\"none\" data-delay=\"0\"><img loading=\"lazy\" decoding=\"async\" width=\"626\" height=\"418\" src=\"https:\/\/energysmartyes.com\/wp-content\/uploads\/sites\/2\/2023\/10\/ReviewingPlan.jpeg\" class=\"attachment-full\" alt=\"Couple sitting at home on their couch reviewing paperwork together\" title=\"ReviewingPlan\" srcset=\"https:\/\/energysmartyes.com\/wp-content\/uploads\/sites\/2\/2023\/10\/ReviewingPlan.jpeg 626w, https:\/\/energysmartyes.com\/wp-content\/uploads\/sites\/2\/2023\/10\/ReviewingPlan-300x200.jpeg 300w, https:\/\/energysmartyes.com\/wp-content\/uploads\/sites\/2\/2023\/10\/ReviewingPlan-600x400.jpeg 600w\" sizes=\"auto, (max-width: 626px) 100vw, 626px\" \/><\/div>[\/vc_column][\/vc_row]<\/p>\n<\/div>","protected":false},"excerpt":{"rendered":"<p>[vc_row top_padding=\u00bb44&#8243; bottom_padding=\u00bb44&#8243;][vc_column width=\u00bb1\/1&#8243;][vc_column_text] Reembolsos del municipio de Superior del 2025 Para equipos que abastezcan a hasta 4 unidades residenciales. [\/vc_column_text][vc_column_text]The following rebates are available to residents of the Town of Superior. Para calificar para estos reembolsos, todo el trabajo debe completarse y facturarse entre el 1 de enero de 2025 y el 31 de diciembre de 2025. Es posible que haya reembolsos m\u00e1s elevados disponibles. Visite nuestra p\u00e1gina de reembolsos por ingresos para comprobar si cumple los requisitos. Los reembolsos se otorgan por orden de llegada, mientras haya fondos disponibles. Al final de esta p\u00e1gina figuran otros requisitos. Los reembolsos pueden combinarse con cualquier incentivo municipal o de servicios p\u00fablicos relevante. Important Note: Your utility may have more stringent requirements for their rebates. \u00bfTiene alguna duda? Consulte nuestras Preguntas frecuentes sobre reembolsos. \u00bfListo para aplicar por su reembolso? Complete nuestro formulario en l\u00ednea.[\/vc_column_text][\/vc_column][\/vc_row][vc_row bg_color=\u00bb#ededed\u00bb top_padding=\u00bb44&#8243; bottom_padding=\u00bb44&#8243; row_id=\u00bbinsulation\u00bb][vc_column width=\u00bb1\/2&#8243;][vc_column_text] Aislamiento, sellado herm\u00e9tico y persianas celulares Reciba 30 % del costo de todo su proyecto o proyectos hasta $750. \u00a1Nuevo reembolso por persianas celulares! Ahorre en la compra e instalaci\u00f3n de nuevas persianas celulares celda doble o celda en celda (las persianas celulares de celda \u00fanica no son elegibles para el [&hellip;]<\/p>\n","protected":false},"author":3038,"featured_media":5015,"parent":5205,"menu_order":0,"comment_status":"closed","ping_status":"closed","template":"","meta":{"_acf_changed":false,"footnotes":""},"class_list":["post-5227","page","type-page","status-publish","has-post-thumbnail","hentry"],"acf":[],"_links":{"self":[{"href":"https:\/\/energysmartyes.com\/es\/wp-json\/wp\/v2\/pages\/5227","targetHints":{"allow":["GET"]}}],"collection":[{"href":"https:\/\/energysmartyes.com\/es\/wp-json\/wp\/v2\/pages"}],"about":[{"href":"https:\/\/energysmartyes.com\/es\/wp-json\/wp\/v2\/types\/page"}],"author":[{"embeddable":true,"href":"https:\/\/energysmartyes.com\/es\/wp-json\/wp\/v2\/users\/3038"}],"replies":[{"embeddable":true,"href":"https:\/\/energysmartyes.com\/es\/wp-json\/wp\/v2\/comments?post=5227"}],"version-history":[{"count":11,"href":"https:\/\/energysmartyes.com\/es\/wp-json\/wp\/v2\/pages\/5227\/revisions"}],"predecessor-version":[{"id":5702,"href":"https:\/\/energysmartyes.com\/es\/wp-json\/wp\/v2\/pages\/5227\/revisions\/5702"}],"up":[{"embeddable":true,"href":"https:\/\/energysmartyes.com\/es\/wp-json\/wp\/v2\/pages\/5205"}],"wp:featuredmedia":[{"embeddable":true,"href":"https:\/\/energysmartyes.com\/es\/wp-json\/wp\/v2\/media\/5015"}],"wp:attachment":[{"href":"https:\/\/energysmartyes.com\/es\/wp-json\/wp\/v2\/media?parent=5227"}],"curies":[{"name":"wp","href":"https:\/\/api.w.org\/{rel}","templated":true}]}}