{"id":5205,"date":"2025-02-19T20:52:50","date_gmt":"2025-02-19T20:52:50","guid":{"rendered":"https:\/\/energysmartyes.com\/reembolsos\/"},"modified":"2026-01-02T20:15:33","modified_gmt":"2026-01-02T20:15:33","slug":"reembolsos","status":"publish","type":"page","link":"https:\/\/energysmartyes.com\/es\/reembolsos\/","title":{"rendered":"Reembolsos"},"content":{"rendered":"<div class=\"wpb-content-wrapper\"><p>[vc_row type=\u00bbfull_width_section\u00bb][vc_column width=\u00bb1\/1&#8243;][vc_single_image image=\u00bb275&#8243; img_size=\u00bbfull\u00bb alignment=\u00bbcenter\u00bb css=\u00bb\u00bb][\/vc_column][\/vc_row][vc_row top_padding=\u00bb64&#8243; bottom_padding=\u00bb64&#8243;][vc_column width=\u00bb1\/1&#8243;][vc_column_text]<\/p>\n<h1 style=\"text-align: center\">Reembolsos disponibles<\/h1>\n<p>[\/vc_column_text][\/vc_column][\/vc_row][vc_row][vc_column width=\u00bb1\/1&#8243;][vc_message icon_type=\u00bbentypo\u00bb icon_entypo=\u00bbentypo-icon entypo-icon-attention\u00bb css=\u00bb.vc_custom_1767380151113{border-color: #2F5765 !important;}\u00bb]<\/p>\n<h2 style=\"color: #2f5765\">La fecha l\u00edmite para solicitar todos los reembolsos EnergySmart 2025 es el 5 de enero de 2026<\/h2>\n<p><span style=\"color: #2f5765\">Para recibir un reembolso en 2025, <strong>todos los proyectos deben estar completados y facturados antes del 31 de diciembre de 2025. Todas las solicitudes de reembolso deben completarse antes del 5 de enero de 2026 <\/strong>y la documentaci\u00f3n justificativa debe enviarse antes del 5 de enero. <strong>\u00a1No habr\u00e1 excepciones a este fecha l\u00edmite!<\/strong> Consulte con su asesor para asegurarse de que tiene toda la documentaci\u00f3n y las pruebas de finalizaci\u00f3n necesarias para poder presentar su solicitud a tiempo.<\/span>[\/vc_message][\/vc_column][\/vc_row][vc_row top_padding=\u00bb40&#8243; bottom_padding=\u00bb40&#8243;][vc_column width=\u00bb1\/1&#8243;][vc_column_text]Reembolsos seg\u00fan los ingresos del condado de Boulder est\u00e1n disponibles para los residentes del condado de Boulder cuyo hogar gane el 100% del Ingreso Medio del \u00c1rea (AMI) o menos, basado en el ingreso total. <a href=\"https:\/\/energysmartyes.com\/es\/reembolsos\/reembolsos-calificados-por-ingresos\/\" target=\"_blank\" rel=\"noopener\">Consulte nuestra p\u00e1gina web sobre descuentos por ingresos<\/a> para ver si cumple los requisitos y obtener m\u00e1s informaci\u00f3n.<\/p>\n<p>Los municipios y las empresas de servicios p\u00fablicos de la zona tambi\u00e9n ofrecen descuentos, que puede consultar en nuestra p\u00e1gina <a href=\"https:\/\/energysmartyes.com\/es\/reembolsos\/rembolsos-locales-adicionales\/\" target=\"_blank\" rel=\"noopener\">Otros descuentos<\/a>.<\/p>\n<p>Los descuentos por ingresos pueden combinarse con otros descuentos e incentivos disponibles, incluidos los de las empresas de servicios p\u00fablicos de la zona y los cr\u00e9ditos fiscales. Su asesor de EnergySmart puede ayudarle a determinar qu\u00e9 descuentos se pueden combinar. <\/p>\n<p>Los reembolsos se distribuyen por orden de llegada, mientras haya fondos disponibles. Para calificar para estos reembolsos, todo el trabajo debe completarse y facturarse entre el <strong>1 de enero de 2026 y el 31 de diciembre de 2026<\/strong>. <\/p>\n<p><strong>\u00bfNo sabes por d\u00f3nde empezar?<\/strong> Comprueba si cumples los requisitos para nuestros reembolsos seg\u00fan tus ingresos. Si no, consulta nuestros reembolsos est\u00e1ndar y averigua si tu municipio o empresa de servicios p\u00fablicos ofrece reembolsos que se puedan combinar con nuestros reembolsos est\u00e1ndar para ahorrar a\u00fan m\u00e1s. <\/p>\n<h2>\u00bfBusca informaci\u00f3n sobre los reembolsos de 2025?<\/h2>\n<p>La informaci\u00f3n sobre los reembolsos de 2025 estar\u00e1 disponible hasta el 5 de enero de 2026, que es la fecha l\u00edmite para solicitar todos los reembolsos de 2025.<\/p>\n<p><a href=\"https:\/\/energysmartyes.com\/es\/reembolsos\/reembolsos-residenciales-del-condado-de-boulder\/\" target=\"_blank\" rel=\"noopener\">Condado de Boulder<\/a><br \/>\n<a href=\"https:\/\/energysmartyes.com\/es\/reembolsos\/reembolsos-residenciales-de-la-ciudad-de-boulder\/\" target=\"_blank\" rel=\"noopener\">Ciudad de Boulder<\/a><br \/>\n<a href=\"https:\/\/energysmartyes.com\/es\/reembolsos\/lafayette\/\" target=\"_blank\" rel=\"noopener\">Ciudad de Lafayette<\/a><br \/>\n<a href=\"https:\/\/energysmartyes.com\/es\/reembolsos\/reembolsos-residenciales-de-la-ciudad-de-louisville\/\" target=\"_blank\" rel=\"noopener\">Ciudad de Louisville<\/a><br \/>\n<a href=\"https:\/\/energysmartyes.com\/es\/reembolsos\/reembolsos-del-municipio-de-superior\/\" target=\"_blank\" rel=\"noopener\">Municipio de Superior<\/a><\/p>\n<h2>\u00bfQu\u00e9 pas\u00f3 con los descuentos est\u00e1ndar del condado de Boulder y del municipio?<\/h2>\n<p>A finales de 2025, EnergySmart anunci\u00f3 la retirada de los descuentos est\u00e1ndar para centrarse en los descuentos por ingresos cualificados. <a class=\"alertbox-link\" href=\"https:\/\/energysmartyes.com\/2026-rebate-changes\/\">M\u00e1s informaci\u00f3n sobre lo que esto significa<\/a>.[\/vc_column_text][\/vc_column][\/vc_row][vc_row top_padding=\u00bb40&#8243; bottom_padding=\u00bb40&#8243; row_id=\u00bbother-rebates\u00bb][vc_column width=\u00bb1\/1&#8243;][vc_column_text]<\/p>\n<h2>Reembolsos seg\u00fan los ingresos<\/h2>\n<p>[\/vc_column_text]<div class=\"divider divider1\" style='margin:10px 0 30px 0 !important;'><\/div>[vc_column_text]Los reembolsos EnergySmart para residentes del condado de Boulder que califiquen por ingresos est\u00e1n disponibles para aquellos cuyo hogar gane el 100 % del Ingreso Medio del \u00c1rea (AMI) o menos, seg\u00fan sus ingresos totales. Los residentes del condado de Boulder que califiquen pueden recibir hasta el 50 % del costo del proyecto para la eficiencia energ\u00e9tica del hogar (como el aislamiento y el sellado de aire) o mejoras de electrificaci\u00f3n (como bombas de calor, calentadores de agua con bomba de calor y placas de inducci\u00f3n), hasta $2,000 al a\u00f1o. Tambi\u00e9n hay reembolsos disponibles para la actualizaci\u00f3n de paneles el\u00e9ctricos y para casas prefabricadas y construidas en sitio.[\/vc_column_text]<div class=\"spacer\" style=\"height: 30px;\"><\/div>[vc_btn title=\u00bbExplorar los reembolsos seg\u00fan los ingresos\u00bb style=\u00bbcustom\u00bb custom_background=\u00bb#FBAA26&#8243; custom_text=\u00bb#0B323F\u00bb css=\u00bb\u00bb link=\u00bburl:https%3A%2F%2Fenergysmartyes.com%2Fes%2Freembolsos%2Freembolsos-calificados-por-ingresos%2F|title:Explorar%20los%20reembolsos%20seg%C3%BAn%20los%20ingresos|\u00bb][\/vc_column][\/vc_row][vc_row top_padding=\u00bb40&#8243; bottom_padding=\u00bb60&#8243; row_id=\u00bbother-rebates\u00bb][vc_column width=\u00bb1\/1&#8243;][vc_column_text]<\/p>\n<h2>Otros reembolsos y financiamientos disponibles<\/h2>\n<p>[\/vc_column_text]<div class=\"divider divider1\" style='margin:10px 0 30px 0 !important;'><\/div>[vc_column_text]Adem\u00e1s de nuestros reembolsos internos, los residentes del condado de Boulder tambi\u00e9n pueden beneficiarse de los reembolsos ofrecidos por otros municipios, servicios p\u00fablicos y organizaciones. EnergySmart no administra estos reembolsos, por lo que cada uno tiene sus propios requisitos, solicitudes y m\u00e1s. \u00a1Explora nuestra p\u00e1gina de Otros reembolsos para obtener m\u00e1s informaci\u00f3n![\/vc_column_text]<div class=\"spacer\" style=\"height: 30px;\"><\/div>[vc_btn title=\u00bbExplora otros reembolsos y financiamientos disponibles\u00bb style=\u00bbcustom\u00bb custom_background=\u00bb#FBAA26&#8243; custom_text=\u00bb#0B323F\u00bb css=\u00bb\u00bb link=\u00bburl:https%3A%2F%2Fenergysmartyes.com%2Fes%2Freembolsos%2Frembolsos-locales-adicionales%2F|title:Otros%20reembolsos%20y%20financiamientos%20disponibles|\u00bb][\/vc_column][\/vc_row][vc_row bg_color=\u00bb#007da3&#8243; text_color=\u00bblight\u00bb top_padding=\u00bb44&#8243; bottom_padding=\u00bb44&#8243; row_id=\u00bbrwa-planner\u00bb][vc_column column_center=\u00bbtrue\u00bb width=\u00bb1\/2&#8243;][vc_column_text]<\/p>\n<h2>\u00bfLe abruman los reembolsos?<\/h2>\n<p>Lo entendemos, \u00a1hay much\u00edsimas opciones! Este Planificador Personal de Electrificaci\u00f3n de Rewiring America puede ayudarte a encontrar los reembolsos m\u00e1s adecuados para tu hogar.[\/vc_column_text]<div class=\"spacer\" style=\"height: 30px;\"><\/div>[vc_btn title=\u00bbEncontrar mis reembolsos (en ingl\u00e9s)\u00bb style=\u00bbcustom\u00bb custom_background=\u00bb#FBAA26&#8243; custom_text=\u00bb#0B323F\u00bb css=\u00bb\u00bb link=\u00bburl:https%3A%2F%2Fhomes.rewiringamerica.org%2Fpersonal-electrification-planner|target:_blank|\u00bb][\/vc_column][vc_column width=\u00bb1\/2&#8243;]<div class=\"single_image wpb_content_element align-left    \" data-animation=\"none\" data-delay=\"0\"><img loading=\"lazy\" decoding=\"async\" width=\"626\" height=\"418\" src=\"https:\/\/energysmartyes.com\/wp-content\/uploads\/sites\/2\/2023\/10\/ReviewingPlan.jpeg\" class=\"attachment-full\" alt=\"Couple sitting at home on their couch reviewing paperwork together\" title=\"ReviewingPlan\" srcset=\"https:\/\/energysmartyes.com\/wp-content\/uploads\/sites\/2\/2023\/10\/ReviewingPlan.jpeg 626w, https:\/\/energysmartyes.com\/wp-content\/uploads\/sites\/2\/2023\/10\/ReviewingPlan-300x200.jpeg 300w, https:\/\/energysmartyes.com\/wp-content\/uploads\/sites\/2\/2023\/10\/ReviewingPlan-600x400.jpeg 600w\" sizes=\"auto, (max-width: 626px) 100vw, 626px\" \/><\/div>[\/vc_column][\/vc_row][vc_row top_padding=\u00bb44&#8243; bottom_padding=\u00bb60&#8243;][vc_column width=\u00bb1\/1&#8243;][vc_column_text]Si bien no podemos garantizar que cada enlace est\u00e9 traducido al espa\u00f1ol, en el condado de Boulder nos aseguramos de que la comunidad tenga acceso a todos los recursos. <a href=\"mailto:info@energysmartyes.com\">Comun\u00edquese con nuestro asesor de energ\u00eda biling\u00fce<\/a> si necesita ayuda.[\/vc_column_text][\/vc_column][\/vc_row]<\/p>\n<\/div>","protected":false},"excerpt":{"rendered":"<p>[vc_row type=\u00bbfull_width_section\u00bb][vc_column width=\u00bb1\/1&#8243;][vc_single_image image=\u00bb275&#8243; img_size=\u00bbfull\u00bb alignment=\u00bbcenter\u00bb css=\u00bb\u00bb][\/vc_column][\/vc_row][vc_row top_padding=\u00bb64&#8243; bottom_padding=\u00bb64&#8243;][vc_column width=\u00bb1\/1&#8243;][vc_column_text] Reembolsos disponibles [\/vc_column_text][\/vc_column][\/vc_row][vc_row][vc_column width=\u00bb1\/1&#8243;][vc_message icon_type=\u00bbentypo\u00bb icon_entypo=\u00bbentypo-icon entypo-icon-attention\u00bb css=\u00bb.vc_custom_1767380151113{border-color: #2F5765 !important;}\u00bb] La fecha l\u00edmite para solicitar todos los reembolsos EnergySmart 2025 es el 5 de enero de 2026 Para recibir un reembolso en 2025, todos los proyectos deben estar completados y facturados antes del 31 de diciembre de 2025. Todas las solicitudes de reembolso deben completarse antes del 5 de enero de 2026 y la documentaci\u00f3n justificativa debe enviarse antes del 5 de enero. \u00a1No habr\u00e1 excepciones a este fecha l\u00edmite! Consulte con su asesor para asegurarse de que tiene toda la documentaci\u00f3n y las pruebas de finalizaci\u00f3n necesarias para poder presentar su solicitud a tiempo.[\/vc_message][\/vc_column][\/vc_row][vc_row top_padding=\u00bb40&#8243; bottom_padding=\u00bb40&#8243;][vc_column width=\u00bb1\/1&#8243;][vc_column_text]Reembolsos seg\u00fan los ingresos del condado de Boulder est\u00e1n disponibles para los residentes del condado de Boulder cuyo hogar gane el 100% del Ingreso Medio del \u00c1rea (AMI) o menos, basado en el ingreso total. Consulte nuestra p\u00e1gina web sobre descuentos por ingresos para ver si cumple los requisitos y obtener m\u00e1s informaci\u00f3n. Los municipios y las empresas de servicios p\u00fablicos de la zona tambi\u00e9n ofrecen descuentos, que puede consultar en nuestra p\u00e1gina Otros descuentos. Los descuentos por ingresos pueden combinarse con otros [&hellip;]<\/p>\n","protected":false},"author":3038,"featured_media":0,"parent":0,"menu_order":0,"comment_status":"closed","ping_status":"closed","template":"","meta":{"_acf_changed":false,"footnotes":""},"class_list":["post-5205","page","type-page","status-publish","hentry"],"acf":[],"_links":{"self":[{"href":"https:\/\/energysmartyes.com\/es\/wp-json\/wp\/v2\/pages\/5205","targetHints":{"allow":["GET"]}}],"collection":[{"href":"https:\/\/energysmartyes.com\/es\/wp-json\/wp\/v2\/pages"}],"about":[{"href":"https:\/\/energysmartyes.com\/es\/wp-json\/wp\/v2\/types\/page"}],"author":[{"embeddable":true,"href":"https:\/\/energysmartyes.com\/es\/wp-json\/wp\/v2\/users\/3038"}],"replies":[{"embeddable":true,"href":"https:\/\/energysmartyes.com\/es\/wp-json\/wp\/v2\/comments?post=5205"}],"version-history":[{"count":22,"href":"https:\/\/energysmartyes.com\/es\/wp-json\/wp\/v2\/pages\/5205\/revisions"}],"predecessor-version":[{"id":5865,"href":"https:\/\/energysmartyes.com\/es\/wp-json\/wp\/v2\/pages\/5205\/revisions\/5865"}],"wp:attachment":[{"href":"https:\/\/energysmartyes.com\/es\/wp-json\/wp\/v2\/media?parent=5205"}],"curies":[{"name":"wp","href":"https:\/\/api.w.org\/{rel}","templated":true}]}}