{"id":4743,"date":"2024-10-10T23:39:19","date_gmt":"2024-10-10T23:39:19","guid":{"rendered":"https:\/\/energysmartyes.com\/rembolsos-locales-adicionales\/solicitud-de-reembolsos-residenciales-estandar-de-energysmart\/"},"modified":"2025-08-05T21:54:59","modified_gmt":"2025-08-05T21:54:59","slug":"solicitud-de-reembolsos-residenciales-estandar-de-energysmart","status":"publish","type":"page","link":"https:\/\/energysmartyes.com\/es\/recursos\/solicitud-de-reembolsos-residenciales-estandar-de-energysmart\/","title":{"rendered":"Solicitud de reembolsos residenciales est\u00e1ndar de EnergySmart"},"content":{"rendered":"<div class=\"wpb-content-wrapper\"><p>[vc_row top_padding=\u00bb44&#8243; bottom_padding=\u00bb44&#8243;][vc_column width=\u00bb1\/1&#8243;]<div class=\"single_image wpb_content_element align-center    \" data-animation=\"none\" data-delay=\"0\"><img loading=\"lazy\" decoding=\"async\" width=\"150\" height=\"150\" src=\"https:\/\/energysmartyes.com\/wp-content\/uploads\/sites\/2\/2022\/08\/BOCOlogo_Green_PNG.png\" class=\"attachment-full\" alt=\"Logo for Boulder County\" title=\"BOCOlogo_Green_PNG\" srcset=\"https:\/\/energysmartyes.com\/wp-content\/uploads\/sites\/2\/2022\/08\/BOCOlogo_Green_PNG.png 150w, https:\/\/energysmartyes.com\/wp-content\/uploads\/sites\/2\/2022\/08\/BOCOlogo_Green_PNG-80x80.png 80w\" sizes=\"auto, (max-width: 150px) 100vw, 150px\" \/><\/div><div class=\"spacer\" style=\"height: 20px;\"><\/div>[vc_column_text]<\/p>\n<h1 style=\"text-align: center\">Solicitud de reembolsos residenciales est\u00e1ndar<\/h1>\n<h2 style=\"text-align: center\">de EnergySmart<\/h2>\n<p>[\/vc_column_text]<div class=\"spacer\" style=\"height: 20px;\"><\/div><div class=\"spacer\" style=\"height: 20px;\"><\/div>[vc_message icon_type=\u00bbentypo\u00bb icon_entypo=\u00bbentypo-icon entypo-icon-attention\u00bb css=\u00bb\u00bb]<strong>Actualizaci\u00f3n sobre los reembolsos de la ciudad de Boulder para 2025<\/strong>: Los importes de los reembolsos para bombas de calor con fuente de aire y calentadores de agua con bomba de calor cambiar\u00e1n para las solicitudes presentadas a partir del 15 de septiembre de 2025. <a href=\"https:\/\/energysmartyes.com\/es\/reembolsos\/reembolsos-residenciales-de-la-ciudad-de-boulder\/#cob-appliances-hvac\" target=\"_blank\" rel=\"noopener\">Obtenga m\u00e1s informaci\u00f3n sobre lo que esto significa<\/a>.[\/vc_message][vc_column_text]Puede solicitar su Reembolso est\u00e1ndar de EnergySmart cuando haya finalizado su proyecto y disponga de una factura final u otra documentaci\u00f3n adicional. <strong>No lo solicite antes de que su factura est\u00e9 disponible ya que tendr\u00e1 que presentar la factura con el formulario de reembolso.<\/strong><\/p>\n<p>A continuaci\u00f3n le indicamos los pasos que debe seguir <strong>antes <\/strong>de continuar con la solicitud para que el proceso se desarrolle con la mayor fluidez y rapidez posibles. Aseg\u00farese de haber completado cada paso antes de pasar al siguiente. <\/p>\n<p><strong>Importante: <\/strong>El proceso y la solicitud que se indican a continuaci\u00f3n solo son v\u00e1lidos para los <strong>Reembolsos est\u00e1ndar de EnergySmart.<\/strong> Si est\u00e1 solicitando <a href=\"https:\/\/energysmartyes.com\/es\/reembolsos\/reembolsos-calificados-por-ingresos\/\">un reembolso por ingresos<\/a> que cumplan con los requisitos a trav\u00e9s de EnergySmart, no utilice este formulario. P\u00f3ngase en contacto con su asesor de EnergySmart para obtener m\u00e1s informaci\u00f3n.[\/vc_column_text]<div class=\"spacer\" style=\"height: 20px;\"><\/div>[\/vc_column][\/vc_row][vc_row bg_color=\u00bb#ededed\u00bb top_padding=\u00bb44&#8243; bottom_padding=\u00bb44&#8243;][vc_column width=\u00bb1\/1&#8243;][vc_column_text]<\/p>\n<h2>Primer paso: Garantizar la elegibilidad del proyecto<\/h2>\n<p>Antes de solicitar los reembolsos de EnergySmart, debe asegurarse de que su proyecto es elegible.<\/p>\n<p><strong>Informaci\u00f3n importante:<\/strong><\/p>\n<ul style=\"list-style-type: disc\">\n<li>Los reembolsos solo est\u00e1n disponibles para proyectos completados en el a\u00f1o calendario en curso. EnergySmart no puede reembolsar retroactivamente proyectos completados en a\u00f1os anteriores<\/li>\n<li>Cada proyecto debe cumplir los requisitos de equipo y\/o alcance del trabajo establecidos en las medidas elegibles<\/li>\n<\/ul>\n<p><strong>Compruebe los requisitos de elegibilidad del proyecto:<\/strong><\/p>\n<ul style=\"list-style-type: disc\">\n<li><a href=\"https:\/\/energysmartyes.com\/es\/reembolsos\/reembolsos-residenciales-del-condado-de-boulder\/\" target=\"_blank\" rel=\"noopener\">Condado de Boulder<\/a><\/li>\n<li><a href=\"https:\/\/energysmartyes.com\/es\/reembolsos\/reembolsos-residenciales-de-la-ciudad-de-boulder\/\" target=\"_blank\" rel=\"noopener\">Ciudad de Boulder<\/a> (Nota: Los montos de reembolso para ciertos proyectos de bombas de calor est\u00e1n cambiando para las solicitudes presentadas a partir del 15 de septiembre. <a href=\"https:\/\/energysmartyes.com\/es\/reembolsos\/reembolsos-residenciales-de-la-ciudad-de-boulder\/#cob-appliances-hvac\" target=\"_blank\" rel=\"noopener\">M\u00e1s informaci\u00f3n<\/a>.)<\/li>\n<li><a href=\"https:\/\/energysmartyes.com\/es\/reembolsos\/lafayette\/\" target=\"_blank\" rel=\"noopener\">Ciudad de Lafayette<\/a><\/li>\n<li><a href=\"https:\/\/energysmartyes.com\/es\/reembolsos\/reembolsos-residenciales-de-la-ciudad-de-louisville\/\" target=\"_blank\" rel=\"noopener\">Ciudad de Louisville<\/a><\/li>\n<li><a href=\"https:\/\/energysmartyes.com\/es\/reembolsos\/reembolsos-del-municipio-de-superior\/\" target=\"_blank\" rel=\"noopener\">Municipio de Superior<\/a><\/li>\n<\/ul>\n<p>[\/vc_column_text][\/vc_column][\/vc_row][vc_row top_padding=\u00bb44&#8243; bottom_padding=\u00bb44&#8243;][vc_column width=\u00bb1\/1&#8243;][vc_column_text]<\/p>\n<h2>Segundo paso: Garantizar la elegibilidad del contratista<\/h2>\n<p>Determinados proyectos pueden requerir que el contratista utilizado figure en la lista de instaladores registrados de su compa\u00f1\u00eda el\u00e9ctrica principal.<\/p>\n<p><strong>Compruebe los requisitos del contratista en funci\u00f3n de su servicio p\u00fablico:<\/strong><\/p>\n<ul style=\"list-style-type: disc\">\n<li><strong>Xcel Energy<\/strong> \u2013 El contratista debe figurar en la lista de instaladores autorizados para proyectos de aislamiento\/sellado herm\u00e9tico, bombas de calor con conductos (incluidas las parcialmente conductadas) o mini split, y bombas de calor geot\u00e9rmicas\n<ul style=\"list-style-type: circle\">\n<li><strong>Nota: <\/strong>Las bombas de calor mini-split sin tuber\u00edas (totalmente sin tuber\u00edas) no tienen un requisito de contratista<\/li>\n<\/ul>\n<\/li>\n<li><strong>Longmont Power Company (Efficiency Works)<\/strong> \u2013 El contratista debe figurar en la lista de instaladores autorizados para proyectos de aislamiento\/sellado herm\u00e9tico, bombas de calor con fuente de aire, bombas de calor mini-split y bombas de calor con fuente geot\u00e9rmica<\/li>\n<li><strong>Poudre Valley REA:<\/strong> Abierto a cualquier contratista con licencia<\/li>\n<li><strong>United Power:<\/strong> Abierto a cualquier contratista con licencia<\/li>\n<li><strong>Lyons Power:<\/strong> Abierto a cualquier contratista con licencia<\/li>\n<\/ul>\n<p>[\/vc_column_text][\/vc_column][\/vc_row][vc_row bg_color=\u00bb#ededed\u00bb top_padding=\u00bb44&#8243; bottom_padding=\u00bb44&#8243;][vc_column width=\u00bb1\/1&#8243;][vc_column_text]<\/p>\n<h2>Tercer paso: Reunir los documentos necesarios<\/h2>\n<p>Aseg\u00farese de tener todos los documentos necesarios para su solicitud de reembolso, seg\u00fan el tipo de proyecto.[\/vc_column_text]<div class=\"spacer\" style=\"height: 20px;\"><\/div>[vc_tta_accordion section_title_tag=\u00bbh3&#8243; active_section=\u00bb0&#8243; collapsible_all=\u00bbtrue\u00bb][vc_tta_section title=\u00bbBombas de calor\u00bb tab_id=\u00bb1728599404590-99680225-415f\u00bb][vc_column_text]Incluidas las bombas de calor aerot\u00e9rmicas, las bombas de calor mini-split, los calentadores de agua con bomba de calor, las bombas de calor geot\u00e9rmicas<\/p>\n<ul style=\"list-style-type: disc\">\n<li>Se requieren facturas detalladas<\/li>\n<li>Las facturas deben indicar la fecha de finalizaci\u00f3n del proyecto, el equipo instalado, el n\u00famero de referencia AHRI y la fuente de combustible del aparato que se sustituye<\/li>\n<\/ul>\n<p>[\/vc_column_text][\/vc_tta_section][vc_tta_section title=\u00bbEstufas de inducci\u00f3n\/electrica y secadoras con bomba de calor\u00bb tab_id=\u00bb1728599404600-d2dff60a-5c7a\u00bb][vc_column_text]<\/p>\n<ul style=\"list-style-type: disc\">\n<li>Prueba de compra, incluido el n\u00famero de modelo de la unidad<\/li>\n<li>Fotos del antes y el despu\u00e9s que muestren:\n<ul style=\"list-style-type: circle\">\n<li>El aparato anterior antes de ser retirado<\/li>\n<li>Prueba de que el aparato retirado funcionaba con gas, si corresponde<\/li>\n<li>La nueva estufa de inducci\u00f3n\/electrica o secadora con bomba de calor instalada<\/li>\n<\/ul>\n<\/li>\n<\/ul>\n<p>[\/vc_column_text][\/vc_tta_section][vc_tta_section title=\u00bbActualizaci\u00f3n del panel el\u00e9ctrico\u00bb tab_id=\u00bb1728600098277-1826f4b5-964b\u00bb][vc_column_text]<\/p>\n<ul style=\"list-style-type: disc\">\n<li>Factura en la que se detalle el trabajo el\u00e9ctrico que constituye la actualizaci\u00f3n del panel<\/li>\n<li>Prueba de haber completado una de las actualizaciones elegibles\n<ul style=\"list-style-type: circle\">\n<li>Bomba de calor aerot\u00e9rmica<\/li>\n<li>Bomba de calor mini-split<\/li>\n<li>Calentador de agua con bomba de calor<\/li>\n<li>Bomba de calor geot\u00e9rmica<\/li>\n<li>Estufa de inducci\u00f3n\/electrica<\/li>\n<li>Cargador de veh\u00edculo el\u00e9ctrico<\/li>\n<li>Solar<\/li>\n<\/ul>\n<\/li>\n<\/ul>\n<p>[\/vc_column_text][\/vc_tta_section][vc_tta_section title=\u00bbAislamiento\/sellado herm\u00e9tico\u00bb tab_id=\u00bb1728600530293-a6669885-f6ea\u00bb][vc_column_text]Factura(s) detallada(s) en la que se especifique la fecha de finalizaci\u00f3n y el alcance del trabajo realizado, incluyendo la realizaci\u00f3n de las pruebas necesarias y el sellado herm\u00e9tico, seg\u00fan corresponda.[\/vc_column_text][\/vc_tta_section][vc_tta_section title=\u00bbPersianas celulares\u00bb tab_id=\u00bb1748367423054-8dde5b32-3821&#8243;][vc_column_text]Prueba de compra, fotos posteriores a la instalaci\u00f3n y fotos laterales de la estructura de sombra. Si se instalan varios modelos, proporcione una foto lateral de cada modelo.[\/vc_column_text][\/vc_tta_section][\/vc_tta_accordion][\/vc_column][\/vc_row][vc_row top_padding=\u00bb44&#8243; bottom_padding=\u00bb44&#8243;][vc_column width=\u00bb1\/1&#8243;][vc_column_text]<\/p>\n<h2>Cuarto paso: Solicite su reembolso<\/h2>\n<p>Una vez que haya completado los pasos 1 a 3 y tenga lista la documentaci\u00f3n adicional, puede completar y enviar el formulario de solicitud de reembolso.<\/p>\n<p><strong>Ofrecemos dos formas de completar el formulario de reclamo:<\/strong><\/p>\n<ul style=\"list-style-type: disc\">\n<li><strong><a href=\"https:\/\/bouldercounty.my.site.com\/energysmart\/s\/2025-es-rebate-claim-form\" target=\"_blank\" rel=\"noopener\">Formulario de reembolso en l\u00ednea<\/a><\/strong>\n<ul style=\"list-style-type: circle\">\n<li>Le recomendamos que complete este formulario en un navegador de computadora o port\u00e1til. Es posible que no funcione correctamente en un dispositivo m\u00f3vil. <\/li>\n<li>Si va a realizar varios proyectos con distintos contratistas, le recomendamos que complete solicitudes digitales separadas para cada proyecto.<\/li>\n<li>Usted cargar\u00e1 la documentaci\u00f3n adicional (descrita en el paso 3 anterior) en una secci\u00f3n que se encuentra hacia el final del formulario.<\/li>\n<\/ul>\n<\/li>\n<li><strong><a href=\"https:\/\/energysmartyes.com\/wp-content\/uploads\/sites\/2\/2024\/10\/EnergySmart-Residential-Rebate-Claim-Form.pdf\" target=\"_blank\" rel=\"noopener\">Formulario de reclamo de reembolsos en PDF<\/a><\/strong>\n<ul style=\"list-style-type: circle\">\n<li>Puede completar y firmar este formulario de manera electr\u00f3nica o imprimirlo, completarlo y firmarlo.<\/li>\n<li>Despu\u00e9s env\u00ede por correo electr\u00f3nico el formulario completado junto con la documentaci\u00f3n adicional (descrita en el paso 3 anterior) a <a href=\"mailto:rebates@energysmartyes.com\">rebates@energysmartyes.com<\/a> y aseg\u00farese de incluir a su consejera de EnergySmart en el correo electr\u00f3nico (si corresponde).<\/li>\n<\/ul>\n<\/li>\n<\/ul>\n<p><strong>Tenga en cuenta:<\/strong> Se necesitar\u00e1 informaci\u00f3n espec\u00edfica del proyecto para completar el formulario de reclamaci\u00f3n. Su contratista deber\u00eda poder facilitarle esta informaci\u00f3n si no figura ya en la factura. <\/p>\n<p>Una vez enviado su formulario de reclamaci\u00f3n, nuestro equipo revisar\u00e1 la solicitud. Si se aprueba, alguien se pondr\u00e1 en contacto con usted para confirmar la aprobaci\u00f3n del reembolso, la cantidad del mismo y otros detalles finales. Si se necesita m\u00e1s informaci\u00f3n, alguien se pondr\u00e1 en contacto con usted seg\u00fan sea necesario.[\/vc_column_text][\/vc_column][\/vc_row][vc_row bottom_padding=\u00bb50&#8243;][vc_column width=\u00bb1\/1&#8243;][vc_column_text]<\/p>\n<h2>Me han aprobado el reembolso, \u00bfy ahora qu\u00e9?<\/h2>\n<p>Una vez aprobado su reembolso, se enviar\u00e1 para su tramitaci\u00f3n.<\/p>\n<ul style=\"list-style-type: disc\">\n<li>Los reembolsos suelen tardar entre 8 y 10 semanas en llegar por correo despu\u00e9s de ser presentados, pero los plazos pueden variar.<\/li>\n<li>Si sus reembolsos no han llegado despu\u00e9s de 10 semanas desde la fecha de presentaci\u00f3n, p\u00f3ngase en contacto con el equipo de EnergySmart enviando un correo electr\u00f3nico a <a href=\"mailto:info@energysmartyes.com\">info@energysmartyes.com<\/a> para iniciar una consulta sobre el estado de su cheque de reembolso.<\/li>\n<\/ul>\n<p>[\/vc_column_text][\/vc_column][\/vc_row][vc_row bg_color=\u00bb#007da3&#8243; text_color=\u00bblight\u00bb top_padding=\u00bb44&#8243; bottom_padding=\u00bb44&#8243;][vc_column column_center=\u00bbtrue\u00bb width=\u00bb1\/2&#8243;][vc_column_text]<\/p>\n<h2>\u00bfLe abruman los reembolsos?<\/h2>\n<p>Entendemos: \u00a1hay muchos programas! Este Planificador de electrificaci\u00f3n personal de Rewiring America puede ayudarle a empezar.[\/vc_column_text]<div class=\"spacer\" style=\"height: 20px;\"><\/div>[vc_btn title=\u00bbEncontrar mis reembolsos (en ingl\u00e9s)\u00bb style=\u00bbflat\u00bb color=\u00bbwarning\u00bb css=\u00bb\u00bb link=\u00bburl:https%3A%2F%2Fhomes.rewiringamerica.org%2Fpersonal-electrification-planner|target:_blank|\u00bb][\/vc_column][vc_column width=\u00bb1\/2&#8243;]<div class=\"single_image wpb_content_element align-left    \" data-animation=\"none\" data-delay=\"0\"><img loading=\"lazy\" decoding=\"async\" width=\"626\" height=\"418\" src=\"https:\/\/energysmartyes.com\/wp-content\/uploads\/sites\/2\/2023\/10\/ReviewingPlan.jpeg\" class=\"attachment-full\" alt=\"Couple sitting at home on their couch reviewing paperwork together\" title=\"ReviewingPlan\" srcset=\"https:\/\/energysmartyes.com\/wp-content\/uploads\/sites\/2\/2023\/10\/ReviewingPlan.jpeg 626w, https:\/\/energysmartyes.com\/wp-content\/uploads\/sites\/2\/2023\/10\/ReviewingPlan-300x200.jpeg 300w, https:\/\/energysmartyes.com\/wp-content\/uploads\/sites\/2\/2023\/10\/ReviewingPlan-600x400.jpeg 600w\" sizes=\"auto, (max-width: 626px) 100vw, 626px\" \/><\/div>[\/vc_column][\/vc_row]<\/p>\n<\/div>","protected":false},"excerpt":{"rendered":"<p>[vc_row top_padding=\u00bb44&#8243; bottom_padding=\u00bb44&#8243;][vc_column width=\u00bb1\/1&#8243;][vc_column_text] Solicitud de reembolsos residenciales est\u00e1ndar de EnergySmart [\/vc_column_text][vc_message icon_type=\u00bbentypo\u00bb icon_entypo=\u00bbentypo-icon entypo-icon-attention\u00bb css=\u00bb\u00bb]Actualizaci\u00f3n sobre los reembolsos de la ciudad de Boulder para 2025: Los importes de los reembolsos para bombas de calor con fuente de aire y calentadores de agua con bomba de calor cambiar\u00e1n para las solicitudes presentadas a partir del 15 de septiembre de 2025. Obtenga m\u00e1s informaci\u00f3n sobre lo que esto significa.[\/vc_message][vc_column_text]Puede solicitar su Reembolso est\u00e1ndar de EnergySmart cuando haya finalizado su proyecto y disponga de una factura final u otra documentaci\u00f3n adicional. No lo solicite antes de que su factura est\u00e9 disponible ya que tendr\u00e1 que presentar la factura con el formulario de reembolso. A continuaci\u00f3n le indicamos los pasos que debe seguir antes de continuar con la solicitud para que el proceso se desarrolle con la mayor fluidez y rapidez posibles. Aseg\u00farese de haber completado cada paso antes de pasar al siguiente. Importante: El proceso y la solicitud que se indican a continuaci\u00f3n solo son v\u00e1lidos para los Reembolsos est\u00e1ndar de EnergySmart. Si est\u00e1 solicitando un reembolso por ingresos que cumplan con los requisitos a trav\u00e9s de EnergySmart, no utilice este formulario. P\u00f3ngase en contacto con su asesor de EnergySmart para obtener [&hellip;]<\/p>\n","protected":false},"author":3038,"featured_media":5135,"parent":5230,"menu_order":0,"comment_status":"closed","ping_status":"closed","template":"","meta":{"_acf_changed":false,"footnotes":""},"class_list":["post-4743","page","type-page","status-publish","has-post-thumbnail","hentry"],"acf":[],"_links":{"self":[{"href":"https:\/\/energysmartyes.com\/es\/wp-json\/wp\/v2\/pages\/4743","targetHints":{"allow":["GET"]}}],"collection":[{"href":"https:\/\/energysmartyes.com\/es\/wp-json\/wp\/v2\/pages"}],"about":[{"href":"https:\/\/energysmartyes.com\/es\/wp-json\/wp\/v2\/types\/page"}],"author":[{"embeddable":true,"href":"https:\/\/energysmartyes.com\/es\/wp-json\/wp\/v2\/users\/3038"}],"replies":[{"embeddable":true,"href":"https:\/\/energysmartyes.com\/es\/wp-json\/wp\/v2\/comments?post=4743"}],"version-history":[{"count":39,"href":"https:\/\/energysmartyes.com\/es\/wp-json\/wp\/v2\/pages\/4743\/revisions"}],"predecessor-version":[{"id":5533,"href":"https:\/\/energysmartyes.com\/es\/wp-json\/wp\/v2\/pages\/4743\/revisions\/5533"}],"up":[{"embeddable":true,"href":"https:\/\/energysmartyes.com\/es\/wp-json\/wp\/v2\/pages\/5230"}],"wp:featuredmedia":[{"embeddable":true,"href":"https:\/\/energysmartyes.com\/es\/wp-json\/wp\/v2\/media\/5135"}],"wp:attachment":[{"href":"https:\/\/energysmartyes.com\/es\/wp-json\/wp\/v2\/media?parent=4743"}],"curies":[{"name":"wp","href":"https:\/\/api.w.org\/{rel}","templated":true}]}}