{"id":4371,"date":"2024-04-24T21:36:33","date_gmt":"2024-04-24T21:36:33","guid":{"rendered":"https:\/\/energysmartyes.com\/servicios-para-clientes-calificados-por-ingresos\/"},"modified":"2025-03-13T00:32:29","modified_gmt":"2025-03-13T00:32:29","slug":"servicios-para-clientes-calificados-por-ingresos","status":"publish","type":"page","link":"https:\/\/energysmartyes.com\/es\/recursos\/servicios-para-clientes-calificados-por-ingresos\/","title":{"rendered":"Servicios para clientes calificados por ingresos"},"content":{"rendered":"<div class=\"wpb-content-wrapper\"><p>[vc_row top_padding=\u00bb40&#8243; bottom_padding=\u00bb10&#8243;][vc_column width=\u00bb1\/1&#8243;][vc_column_text]<\/p>\n<h1>Recursos energ\u00e9ticos para grupos familiares aptos seg\u00fan sus ingresos<\/h1>\n<p>EnergySmart y organizaciones aliadas de todo Colorado ofrecen recursos espec\u00edficos para residentes aptos seg\u00fan sus ingresos. Los umbrales de ingreso medio del \u00e1rea (IAM) actuales (2024) se enumeran a continuaci\u00f3n:<\/p>\n<table style=\"width: 100%\">\n<tbody>\n<tr>\n<th style=\"width: 34%\"><strong>Household Size <\/strong><\/th>\n<th style=\"width: 33%\"><strong>80% AMI <\/strong><\/th>\n<th style=\"width: 33%\"><strong>100% AMI<\/strong><\/th>\n<\/tr>\n<tr>\n<td style=\"text-align: center\">1<\/td>\n<td style=\"text-align: center\">$81,760<\/td>\n<td style=\"text-align: center\">$102,200<\/td>\n<\/tr>\n<tr>\n<td style=\"text-align: center\">2<\/td>\n<td style=\"text-align: center\">$93,440<\/td>\n<td style=\"text-align: center\">$116,800<\/td>\n<\/tr>\n<tr>\n<td style=\"text-align: center\">3<\/td>\n<td style=\"text-align: center\">$105,120<\/td>\n<td style=\"text-align: center\">$131,400<\/td>\n<\/tr>\n<tr>\n<td style=\"text-align: center\">4<\/td>\n<td style=\"text-align: center\">$116,800<\/td>\n<td style=\"text-align: center\">$146,000<\/td>\n<\/tr>\n<tr>\n<td style=\"text-align: center\">5<\/td>\n<td style=\"text-align: center\">$126,160<\/td>\n<td style=\"text-align: center\">$157,700<\/td>\n<\/tr>\n<tr>\n<td style=\"text-align: center\">6<\/td>\n<td style=\"text-align: center\">$135,520<\/td>\n<td style=\"text-align: center\">$169,400<\/td>\n<\/tr>\n<tr>\n<td style=\"text-align: center\">7<\/td>\n<td style=\"text-align: center\">$144,880<\/td>\n<td style=\"text-align: center\">$181,100<\/td>\n<\/tr>\n<tr>\n<td style=\"text-align: center\">8<\/td>\n<td style=\"text-align: center\">$154,240<\/td>\n<td style=\"text-align: center\">$192,800<\/td>\n<\/tr>\n<\/tbody>\n<\/table>\n<p>[\/vc_column_text][vc_empty_space][vc_separator color=\u00bborange\u00bb border_width=\u00bb3&#8243;][\/vc_column][\/vc_row][vc_row top_padding=\u00bb40&#8243; bottom_padding=\u00bb40&#8243;][vc_column width=\u00bb1\/1&#8243;][vc_column_text]<\/p>\n<h2 style=\"text-align: left\">Climatizaci\u00f3n<\/h2>\n<p>La climatizaci\u00f3n protege a una casa y su interior del clima externo, reduciendo as\u00ed el uso de energ\u00eda de su casa. <a href=\"https:\/\/energysmartyes.com\/es\/eficiencia-energetica\/aislamiento-y-sellado-hermetico\/\">Conozca m\u00e1s sobre climatizaci\u00f3n aqu\u00ed.<\/a>[\/vc_column_text][\/vc_column][\/vc_row][vc_row bottom_padding=\u00bb32&#8243;][vc_column width=\u00bb1\/3&#8243;][vc_single_image image=\u00bb3584&#8243; img_size=\u00bbfull\u00bb][\/vc_column][vc_column width=\u00bb2\/3&#8243;][vc_tta_accordion section_title_tag=\u00bbh3&#8243; active_section=\u00bb1&#8243;][vc_tta_section title=\u00bbEficiencia energ\u00e9tica y electrificaci\u00f3n: hasta un 80% de la renta media del \u00e1rea\u00bb tab_id=\u00bb1714059429111-3f83868d-3e98&#8243;][vc_column_text]Run by Energy Outreach Colorado, <a href=\"https:\/\/www.energyoutreach.org\/care\/\">the Colorado Affordable Residential Energy (CARE) program<\/a> offers no-cost energy efficiency and electrification improvements (when appropriate) to qualifying households.<\/p>\n<p><strong>Requirements and Qualifications:<\/strong> Colorado households <a href=\"https:\/\/dlg.colorado.gov\/area-median-income-and-housing-calculator\">at or below 80% Area Median Income<\/a><\/p>\n<p><strong>Contact:<\/strong> 888-266-3139, <a href=\"mailto:CARE@energyoutreach.org\">CARE@energyoutreach.org<\/a>[\/vc_column_text][\/vc_tta_section][vc_tta_section title=\u00bbClimatizaci\u00f3n: hasta 80% del ingreso medio del \u00e1rea\u00bb tab_id=\u00bb1714059429156-2d6ab1f3-0a3f\u00bb][vc_column_text]<a href=\"https:\/\/erc-co.org\/locations\/northern-colorado-regional-office-loveland\/\">WAP es un programa con fondos federales<\/a> (en ingl\u00e9s) que ofrece mejoras de eficiencia energ\u00e9tica sin cobrarles a los residentes aptos. Para solicitarlo u obtener m\u00e1s informaci\u00f3n, los residentes del Condado de Boulder deber\u00edan ponerse en contacto con la oficina del norte de Colorado de Energy Resource Center.<\/p>\n<p><strong>Requisitos y cualificaciones:<\/strong> Grupos familiares de Colorado con ingresos <a href=\"https:\/\/dlg.colorado.gov\/area-median-income-and-housing-calculator\">iguales o inferiores al 80 % de la renta media de la zona<\/a> y\/o que reciben beneficios de LEAP, TANF, SNAP o SSI.<\/p>\n<p><strong>Contacto:<\/strong> 970-617-2801[\/vc_column_text][\/vc_tta_section][vc_tta_section title=\u00bbReembolsos: hasta 100 % del ingreso medio del \u00e1rea\u00bb tab_id=\u00bb1718287729796-7359ad58-84c3&#8243;][vc_column_text]Qualifying Boulder County residents can receive 70% of project costs for home energy efficiency or electrification upgrades, up to a cap of $4,000. <a href=\"https:\/\/energysmartyes.com\/es\/reembolsos\/reembolsos-calificados-por-ingresos\/\">More information is available here<\/a>.[\/vc_column_text][\/vc_tta_section][vc_tta_section title=\u00bbCapacitaciones de h\u00e1galo usted mismo Do-it-Yourself (DIY)\u00bb tab_id=\u00bb1714059429201-ff9f62e2-e4d9&#8243;][vc_column_text]EnergySmart ofrecer\u00e1 capacitaciones en ingl\u00e9s y en espa\u00f1ol sobre consejos y t\u00e9cnicas de eficiencia energ\u00e9tica para que implemente usted mismo a los residentes de determinados parques de viviendas prefabricadas en el oto\u00f1o de 2024. Quedan por determinar las fechas y los lugares; consulte m\u00e1s adelante novedades en esta p\u00e1gina. <\/p>\n<p><strong>Requisitos y cualificaciones:<\/strong> El programa actualmente est\u00e1 destinado a residentes de viviendas m\u00f3viles o prefabricadas que buscan mejorar la eficiencia energ\u00e9tica de su casa.<\/p>\n<p><strong>Contacto: <\/strong> 303-544-1000, <a href=\"mailto:info@energysmartyes.com\">info@energysmartyes.com<\/a>[\/vc_column_text][\/vc_tta_section][vc_tta_section title=\u00bbCr\u00e9dito tributario federal\u00bb tab_id=\u00bb1714059429285-f2a848e8-500f\u00bb][vc_column_text]<a href=\"https:\/\/www.energystar.gov\/about\/federal-tax-credits\">Hasta $1,200 anualmente<\/a> (en ingl\u00e9s) para bajar el costo de actualizaciones habilitadas de eficiencia energ\u00e9tica, hasta un 30 %. Debe ser ocupada por el due\u00f1o y los cr\u00e9ditos no pueden pasar al siguiente a\u00f1o.<\/p>\n<p><strong>Requisitos y cualificaciones:<\/strong> Disponible para todos los propietarios; su ingreso gravable debe ser igual o superior a la cantidad de cr\u00e9dito tributario utilizado.<\/p>\n<p><strong>Contacto:<\/strong> <a href=\"https:\/\/www.energystar.gov\/about\/federal-tax-credits\">Visite este sitio web para arrancar<\/a> (en ingl\u00e9s).[\/vc_column_text][\/vc_tta_section][\/vc_tta_accordion][\/vc_column][\/vc_row][vc_row bg_color=\u00bb#ffffff\u00bb top_padding=\u00bb40&#8243; bottom_padding=\u00bb40&#8243;][vc_column width=\u00bb1\/1&#8243;][vc_separator color=\u00bbturquoise\u00bb style=\u00bbdashed\u00bb border_width=\u00bb2&#8243;][vc_empty_space height=\u00bb60px\u00bb][vc_column_text]<\/p>\n<h2 style=\"text-align: left\">Electrificaci\u00f3n<\/h2>\n<p>Los propietarios pueden acceder a reembolsos, incentivos y cr\u00e9ditos tributarios para actualizarse a sistemas el\u00e9ctricos con eficiencia energ\u00e9tica como bombas de calor, calentadores de agua con bomba de calor, estufas de inducci\u00f3n y m\u00e1s. <a href=\"https:\/\/energysmartyes.com\/es\/electrificacion\/\">Conozca m\u00e1s sobre electrificaci\u00f3n aqu\u00ed.<\/a>[\/vc_column_text][\/vc_column][\/vc_row][vc_row bottom_padding=\u00bb40&#8243;][vc_column width=\u00bb1\/3&#8243;][vc_single_image image=\u00bb3826&#8243; img_size=\u00bbfull\u00bb][\/vc_column][vc_column width=\u00bb2\/3&#8243;][vc_tta_accordion section_title_tag=\u00bbh3&#8243; active_section=\u00bb1&#8243;][vc_tta_section title=\u00bbReembolsos: hasta 100 % del ingreso medio del \u00e1rea\u00bb tab_id=\u00bb1718288237159-a74f8e9c-cadf\u00bb][vc_column_text]Qualifying Boulder County residents can receive 70% of project costs for home energy efficiency or electrification upgrades, up to a cap of $4,000. <a href=\"https:\/\/energysmartyes.com\/es\/reembolsos\/reembolsos-calificados-por-ingresos\/\">More information is available here<\/a>.[\/vc_column_text][\/vc_tta_section][vc_tta_section title=\u00bbEficiencia energ\u00e9tica y electrificaci\u00f3n: hasta un 80 % del ingreso medio del \u00e1rea\u00bb tab_id=\u00bb1718288236478-0369f055-6796&#8243;][vc_column_text]Run by Energy Outreach Colorado, <a href=\"https:\/\/www.energyoutreach.org\/care\/\">the Colorado Affordable Residential Energy (CARE) program<\/a> offers no-cost energy efficiency and electrification improvements (when appropriate) to qualifying households.<\/p>\n<p><strong>Requirements and Qualifications:<\/strong> Colorado households <a href=\"https:\/\/dlg.colorado.gov\/area-median-income-and-housing-calculator\">at or below 80% Area Median Income<\/a><\/p>\n<p><strong>Contact:<\/strong> 888-266-3139, <a href=\"mailto:CARE@energyoutreach.org\">CARE@energyoutreach.org<\/a>[\/vc_column_text][\/vc_tta_section][vc_tta_section title=\u00bbCr\u00e9dito tributario federal\u00bb tab_id=\u00bb1713993923659-dd5b3987-d31f\u00bb][vc_column_text]<a href=\"https:\/\/www.energystar.gov\/about\/federal-tax-credits\">Hasta $2,000 anualmente<\/a> (en ingl\u00e9s) para bajar el costo de actualizaciones habilitadas de bombas de calor, hasta un 30 %. Debe ser ocupada por el due\u00f1o y los cr\u00e9ditos no pueden pasar al siguiente a\u00f1o.<\/p>\n<p><strong>Requisitos y cualificaciones:<\/strong> Disponible para todos los propietarios; su ingreso gravable debe ser igual o superior a la cantidad de cr\u00e9dito tributario utilizado.<\/p>\n<p><strong>Contacto:<\/strong> <a href=\"https:\/\/www.energystar.gov\/about\/federal-tax-credits\">Visite este sitio web para arrancar<\/a> (en ingl\u00e9s).[\/vc_column_text][\/vc_tta_section][vc_tta_section title=\u00bbCr\u00e9dito tributario estatal\u00bb tab_id=\u00bb1714054432249-79408c37-16c9&#8243;][vc_column_text]Cr\u00e9dito tributario estatal disponible para los residentes de Colorado que instalan bombas de calor para calentar y enfriar ambientes y calentar agua.<\/p>\n<p><strong>Requisitos y cualificaciones:<\/strong> Debe tener la certificaci\u00f3n Energy Star. Las bombas de calor aerot\u00e9rmicas (ASHP) deben ser sistemas divididos y de velocidad variable con certificaci\u00f3n AHRI. Las bombas de calor para calentar y enfriar ambientes deben estar dise\u00f1adas para cubrir al menos un 80 % de las necesidades anuales de calefacci\u00f3n.  <\/p>\n<p><strong>Contacto:<\/strong> 303.866.2100, <a href=\"mailto:coloradoenergyoffice@state.co.us\">coloradoenergyoffice@state.co.us<\/a>[\/vc_column_text][\/vc_tta_section][vc_tta_section title=\u00bbReembolsos federales &#8211; Ley de Reducci\u00f3n de la Inflaci\u00f3n\u00bb tab_id=\u00bb1714054434618-6181c53e-c907&#8243;][vc_column_text]<a href=\"https:\/\/homes.rewiringamerica.org\/federal-incentives\/home-electrification-appliance-rebates\">Un reembolso por adelantado<\/a> que se entrega a propietarios que completan una medida de eficiencia energ\u00e9tica.<\/p>\n<p><strong>Requisitos y calificaciones:<\/strong> disponible para todos los propietarios que completen una mejora de eficiencia energ\u00e9tica. Debe tener ingresos calificados. <\/p>\n<p><strong>Contacto:<\/strong> 303-866-2100[\/vc_column_text][\/vc_tta_section][\/vc_tta_accordion][\/vc_column][\/vc_row][vc_row bg_color=\u00bb#ffffff\u00bb top_padding=\u00bb40&#8243; bottom_padding=\u00bb40&#8243;][vc_column width=\u00bb1\/1&#8243;][vc_separator color=\u00bbturquoise\u00bb style=\u00bbdashed\u00bb border_width=\u00bb2&#8243;][vc_empty_space height=\u00bb60px\u00bb][vc_column_text]<\/p>\n<h2 style=\"text-align: left\">Asistencia para pago de facturas<\/h2>\n<p style=\"text-align: left\">Los residentes aptos seg\u00fan sus ingresos pueden acceder a varios programas para ayudar a pagar los costos mensuales de los servicios p\u00fablicos o para hallar ayuda econ\u00f3mica de emergencia con facturas vencidas de energ\u00eda.<\/p>\n<p>[\/vc_column_text][\/vc_column][\/vc_row][vc_row bottom_padding=\u00bb40&#8243;][vc_column width=\u00bb1\/3&#8243;][vc_single_image image=\u00bb3802&#8243; img_size=\u00bbfull\u00bb][\/vc_column][vc_column width=\u00bb2\/3&#8243;][vc_tta_accordion section_title_tag=\u00bbh3&#8243; active_section=\u00bb1&#8243;][vc_tta_section title=\u00bbSuscripci\u00f3n gratis a jard\u00edn solar\u00bb tab_id=\u00bb1714057294952-ea04dee8-898a\u00bb][vc_column_text]<a href=\"https:\/\/www.energyoutreach.org\/community-solar\/\">Income-qualified community solar garden subscriptions<\/a> are offered by Energy Outreach Colorado and Xcel Energy in partnership with Boulder County and the City of Boulder. Enrolled qualifying residents will save on average 40-50% off the cost of electricity per year. Available at no-cost to income-qualified homeowners and renters. Receive the benefits of solar energy without needing to place solar panels on your roof.   <\/p>\n<p><strong>Requisitos y cualificaciones:<\/strong> Disponible para grupos familiares con ingresos <a href=\"https:\/\/dlg.colorado.gov\/area-median-income-and-housing-calculator\">iguales o inferiores al 80 % de la renta media de la zona<\/a>. Los clientes de electricidad aptos de Xcel Energy pueden quedar en lista de espera hasta que haya disponibilidad de suscripciones.<\/p>\n<p><strong>Contacto: <\/strong> 303-226-7060[\/vc_column_text][\/vc_tta_section][vc_tta_section title=\u00bbAsistencia para pago de facturas de servicios p\u00fablicos\u00bb tab_id=\u00bb1714057294972-96407374-ccae\u00bb][vc_column_text]Provee ayuda econ\u00f3mica de emergencia con facturas vencidas de energ\u00eda para residentes aptos seg\u00fan sus ingresos.<\/p>\n<p><strong>Requisitos y cualificaciones: <\/strong> Disponible para grupos familiares con ingresos <a href=\"https:\/\/dlg.colorado.gov\/area-median-income-and-housing-calculator\">iguales o inferiores al 80 % de la renta media de la zona.<\/a> Los clientes de electricidad aptos de Xcel Energy pueden quedar en lista de espera hasta que haya disponibilidad de suscripciones. Not available if you have received prior utility bill assistance from October 1 of the previous year, through September 30 of the current year.<\/p>\n<p><strong>Contacto:<\/strong> 855-MY-HEAT (855-469-4328)[\/vc_column_text][\/vc_tta_section][\/vc_tta_accordion][\/vc_column][\/vc_row][vc_row bg_color=\u00bb#ffffff\u00bb top_padding=\u00bb40&#8243; bottom_padding=\u00bb40&#8243;][vc_column width=\u00bb1\/1&#8243;][vc_separator color=\u00bbturquoise\u00bb style=\u00bbdashed\u00bb border_width=\u00bb2&#8243;][vc_empty_space height=\u00bb60px\u00bb][vc_column_text]<\/p>\n<h2>Reparaciones de calefacci\u00f3n de emergencia<\/h2>\n<p>Los programas de calefacci\u00f3n de emergencia proveen gratis reparaciones cr\u00edticas del sistema de calefacci\u00f3n para propietarios. Los servicios incluyen el reemplazo o la reparaci\u00f3n de una caldera o un horno.<br \/>\n[\/vc_column_text][\/vc_column][\/vc_row][vc_row bottom_padding=\u00bb40&#8243;][vc_column width=\u00bb1\/3&#8243;][vc_single_image image=\u00bb3689&#8243; img_size=\u00bbfull\u00bb][\/vc_column][vc_column width=\u00bb2\/3&#8243;][vc_tta_accordion section_title_tag=\u00bbh3&#8243; active_section=\u00bb1&#8243;][vc_tta_section title=\u00bbPrograma de intervenci\u00f3n en crisis (CIP, en ingl\u00e9s)\u00bb tab_id=\u00bb1714058214772-cf734da7-9f1b\u00bb][vc_column_text]Provides critical emergency heating system repairs or replacements for income-qualified homeowners at no cost. Services include the repair of failed furnaces or boilers and the replacement of failed heating systems. <\/p>\n<p><strong>Requisitos y cualificaciones: <\/strong> Con ingresos iguales o inferiores al 60 % de la renta media de Colorado y que hayan solicitado <a href=\"https:\/\/cdhs.colorado.gov\/leap\">el programa LEAP estatal<\/a>. Debe pagar costos de calefacci\u00f3n de la casa y se requiere comprobante de residencia legal.<\/p>\n<p><strong>Contacto:<\/strong> Visite <a href=\"https:\/\/www.energyoutreach.org\/cip\/\">el sitio web de Energy Outreach Colorado<\/a> para arrancar.[\/vc_column_text][\/vc_tta_section][\/vc_tta_accordion][\/vc_column][\/vc_row][vc_row bg_color=\u00bb#ffffff\u00bb top_padding=\u00bb40&#8243; bottom_padding=\u00bb40&#8243;][vc_column width=\u00bb1\/1&#8243;][vc_separator color=\u00bbturquoise\u00bb style=\u00bbdashed\u00bb border_width=\u00bb2&#8243;][vc_empty_space height=\u00bb60px\u00bb][vc_column_text]<\/p>\n<h2>Recursos educativos<\/h2>\n<p>Hay recursos disponibles para ayudarlo a aprender sobre la eficiencia de su casa y las diferentes estructuras tarifarias de Xcel Energy.<br \/>\n[\/vc_column_text][\/vc_column][\/vc_row][vc_row bottom_padding=\u00bb40&#8243;][vc_column width=\u00bb1\/3&#8243;][vc_single_image image=\u00bb3710&#8243; img_size=\u00bbfull\u00bb][\/vc_column][vc_column width=\u00bb2\/3&#8243;][vc_tta_accordion section_title_tag=\u00bbh3&#8243; active_section=\u00bb1&#8243;][vc_tta_section title=\u00bbDiagn\u00f3stico de la casa (Evaluaci\u00f3n Energ\u00e9tica)\u00bb tab_id=\u00bb1714058654914-26e24ee3-0f4b\u00bb][vc_column_text]Una evaluaci\u00f3n energ\u00e9tica ilumina cu\u00e1n eficiente es su hogar y le ayuda a priorizar las actualizaciones.<\/p>\n<p><strong>Requisitos y cualificaciones:<\/strong> Debe ser propietario de la vivienda. A veces est\u00e1 restringido a viviendas unifamiliares, pero hay excepciones para unidades multifamiliares. <\/p>\n<p><strong>Contacto:<\/strong> Consulte a su proveedor de servicio p\u00fablico para arrancar:<\/p>\n<ul>\n<li><a href=\"https:\/\/xcelenergycores.clearesult.com\/\"><strong>Xcel Energy<\/strong><\/a> (en ingl\u00e9s) &#8211; 303-446-7910, <a href=\"mailto:homeenergysquadco@clearesult.com\">homeenergysquadco@clearesult.com<\/a><\/li>\n<li><strong><a href=\"https:\/\/efficiencyworks.org\/homes\/efficiency-audits\/\">Longmont Power and Communications<\/a><\/strong> &#8211; 877-981-1888, <a href=\"mailto:information@efficiencyworks.org\">information@efficiencyworks.org<\/a><\/li>\n<li><a href=\"https:\/\/pvrea.coop\/contact-us\/\"><strong>PVREA<\/strong><\/a> &#8211; 800-432-1012, <a href=\"mailto:pvrea@pvrea.coop\">pvrea@pvrea.coop<\/a><\/li>\n<\/ul>\n<p>[\/vc_column_text][\/vc_tta_section][vc_tta_section title=\u00bbEstructura tarifaria del servicio p\u00fablico\u00bb tab_id=\u00bb1714058573546-d5eb1a5e-14c5&#8243;][vc_column_text]<a href=\"https:\/\/co.my.xcelenergy.com\/s\/billing-payment\/residential-rates\/time-of-use-pricing\">Las tarifas seg\u00fan el horario del consumo<\/a> (Time of Use, TOU) ajustan el costo de la electricidad a lo largo del d\u00eda. Divide periodos del d\u00eda en \u201cOn Peak\u201d (pico), \u201cMid-Peak\u201d (medio), y \u201cOff-Peak\u201d (no pico) y ajusta los precios en consecuencia.<\/p>\n<p><strong>Requisitos y cualificaciones:<\/strong> Si los clientes de Xcel no se excluyen de las tarifas seg\u00fan el horario del consumo, es posible que est\u00e9n inscritos autom\u00e1ticamente.<\/p>\n<p><strong>Contacto:<\/strong> 800-895-4999[\/vc_column_text][\/vc_tta_section][\/vc_tta_accordion][\/vc_column][\/vc_row][vc_row][vc_column width=\u00bb1\/1&#8243;][vc_column_text]Si bien no podemos garantizar que cada enlace est\u00e9 traducido al espa\u00f1ol, en el condado de Boulder nos aseguramos de que la comunidad tenga acceso a todos los recursos. <a href=\"mailto:info@energysmartyes.com\">Comun\u00edquese con nuestro asesor de energ\u00eda biling\u00fce<\/a> si necesita ayuda.[\/vc_column_text][\/vc_column][\/vc_row][vc_row top_padding=\u00bb40&#8243; bottom_padding=\u00bb40&#8243;][vc_column width=\u00bb1\/1&#8243;][vc_empty_space][\/vc_column][\/vc_row]<\/p>\n<\/div>","protected":false},"excerpt":{"rendered":"<p>[vc_row top_padding=\u00bb40&#8243; bottom_padding=\u00bb10&#8243;][vc_column width=\u00bb1\/1&#8243;][vc_column_text] Recursos energ\u00e9ticos para grupos familiares aptos seg\u00fan sus ingresos EnergySmart y organizaciones aliadas de todo Colorado ofrecen recursos espec\u00edficos para residentes aptos seg\u00fan sus ingresos. Los umbrales de ingreso medio del \u00e1rea (IAM) actuales (2024) se enumeran a continuaci\u00f3n: Household Size 80% AMI 100% AMI 1 $81,760 $102,200 2 $93,440 $116,800 3 $105,120 $131,400 4 $116,800 $146,000 5 $126,160 $157,700 6 $135,520 $169,400 7 $144,880 $181,100 8 $154,240 $192,800 [\/vc_column_text][vc_empty_space][vc_separator color=\u00bborange\u00bb border_width=\u00bb3&#8243;][\/vc_column][\/vc_row][vc_row top_padding=\u00bb40&#8243; bottom_padding=\u00bb40&#8243;][vc_column width=\u00bb1\/1&#8243;][vc_column_text] Climatizaci\u00f3n La climatizaci\u00f3n protege a una casa y su interior del clima externo, reduciendo as\u00ed el uso de energ\u00eda de su casa. Conozca m\u00e1s sobre climatizaci\u00f3n aqu\u00ed.[\/vc_column_text][\/vc_column][\/vc_row][vc_row bottom_padding=\u00bb32&#8243;][vc_column width=\u00bb1\/3&#8243;][vc_single_image image=\u00bb3584&#8243; img_size=\u00bbfull\u00bb][\/vc_column][vc_column width=\u00bb2\/3&#8243;][vc_tta_accordion section_title_tag=\u00bbh3&#8243; active_section=\u00bb1&#8243;][vc_tta_section title=\u00bbEficiencia energ\u00e9tica y electrificaci\u00f3n: hasta un 80% de la renta media del \u00e1rea\u00bb tab_id=\u00bb1714059429111-3f83868d-3e98&#8243;][vc_column_text]Run by Energy Outreach Colorado, the Colorado Affordable Residential Energy (CARE) program offers no-cost energy efficiency and electrification improvements (when appropriate) to qualifying households. Requirements and Qualifications: Colorado households at or below 80% Area Median Income Contact: 888-266-3139, CARE@energyoutreach.org[\/vc_column_text][\/vc_tta_section][vc_tta_section title=\u00bbClimatizaci\u00f3n: hasta 80% del ingreso medio del \u00e1rea\u00bb tab_id=\u00bb1714059429156-2d6ab1f3-0a3f\u00bb][vc_column_text]WAP es un programa con fondos federales (en ingl\u00e9s) que ofrece mejoras de eficiencia energ\u00e9tica sin cobrarles a los residentes aptos. Para solicitarlo u obtener m\u00e1s informaci\u00f3n, [&hellip;]<\/p>\n","protected":false},"author":3030,"featured_media":0,"parent":5230,"menu_order":0,"comment_status":"closed","ping_status":"closed","template":"","meta":{"_acf_changed":false,"footnotes":""},"class_list":["post-4371","page","type-page","status-publish","hentry"],"acf":[],"_links":{"self":[{"href":"https:\/\/energysmartyes.com\/es\/wp-json\/wp\/v2\/pages\/4371","targetHints":{"allow":["GET"]}}],"collection":[{"href":"https:\/\/energysmartyes.com\/es\/wp-json\/wp\/v2\/pages"}],"about":[{"href":"https:\/\/energysmartyes.com\/es\/wp-json\/wp\/v2\/types\/page"}],"author":[{"embeddable":true,"href":"https:\/\/energysmartyes.com\/es\/wp-json\/wp\/v2\/users\/3030"}],"replies":[{"embeddable":true,"href":"https:\/\/energysmartyes.com\/es\/wp-json\/wp\/v2\/comments?post=4371"}],"version-history":[{"count":40,"href":"https:\/\/energysmartyes.com\/es\/wp-json\/wp\/v2\/pages\/4371\/revisions"}],"predecessor-version":[{"id":5241,"href":"https:\/\/energysmartyes.com\/es\/wp-json\/wp\/v2\/pages\/4371\/revisions\/5241"}],"up":[{"embeddable":true,"href":"https:\/\/energysmartyes.com\/es\/wp-json\/wp\/v2\/pages\/5230"}],"wp:attachment":[{"href":"https:\/\/energysmartyes.com\/es\/wp-json\/wp\/v2\/media?parent=4371"}],"curies":[{"name":"wp","href":"https:\/\/api.w.org\/{rel}","templated":true}]}}