{"id":427,"date":"2022-11-27T17:50:11","date_gmt":"2022-11-27T17:50:11","guid":{"rendered":"https:\/\/energysmartyes.com\/asesoramiento-energetico-en-el-hogar\/"},"modified":"2025-03-13T00:49:08","modified_gmt":"2025-03-13T00:49:08","slug":"electrificacion","status":"publish","type":"page","link":"https:\/\/energysmartyes.com\/es\/electrificacion\/","title":{"rendered":"Electrificaci\u00f3n"},"content":{"rendered":"<div class=\"wpb-content-wrapper\"><p>[vc_section full_width=\u00bbstretch_row\u00bb][vc_row type=\u00bbfull_width_section\u00bb][vc_column width=\u00bb1\/1&#8243;]<div class=\"single_image wpb_content_element align-left    \" data-animation=\"none\" data-delay=\"0\"><img loading=\"lazy\" decoding=\"async\" width=\"2560\" height=\"1195\" src=\"https:\/\/energysmartyes.com\/wp-content\/uploads\/sites\/2\/2023\/10\/Electric_Home-scaled.jpeg\" class=\"attachment-full\" alt=\"\" title=\"Electric_Home\" srcset=\"https:\/\/energysmartyes.com\/wp-content\/uploads\/sites\/2\/2023\/10\/Electric_Home-scaled.jpeg 2560w, https:\/\/energysmartyes.com\/wp-content\/uploads\/sites\/2\/2023\/10\/Electric_Home-300x140.jpeg 300w, https:\/\/energysmartyes.com\/wp-content\/uploads\/sites\/2\/2023\/10\/Electric_Home-1024x478.jpeg 1024w, https:\/\/energysmartyes.com\/wp-content\/uploads\/sites\/2\/2023\/10\/Electric_Home-768x359.jpeg 768w, https:\/\/energysmartyes.com\/wp-content\/uploads\/sites\/2\/2023\/10\/Electric_Home-1536x717.jpeg 1536w, https:\/\/energysmartyes.com\/wp-content\/uploads\/sites\/2\/2023\/10\/Electric_Home-2048x956.jpeg 2048w\" sizes=\"auto, (max-width: 2560px) 100vw, 2560px\" \/><\/div>[\/vc_column][\/vc_row][\/vc_section][vc_section][vc_row top_padding=\u00bb44&#8243; bottom_padding=\u00bb44&#8243;][vc_column width=\u00bb1\/1&#8243;][vc_column_text]<\/p>\n<div class=\"sc-17z0hfx-10 kSeEnw\">\n<div class=\"sc-1x8e792-2 jshPaV\">\n<h2 class=\"sc-1i5rpq-0 jaEAna\" style=\"text-align: center\">Electrificaci\u00f3n<\/h2>\n<\/div>\n<\/div>\n<div class=\"sc-17z0hfx-10 kSeEnw\">\n<div class=\"sc-1x8e792-2 jshPaV\"><\/div>\n<\/div>\n<p>[\/vc_column_text]<div class=\"spacer\" style=\"height: 28px;\"><\/div>[vc_column_text]\u00bfSab\u00eda que los aparatos, el dise\u00f1o y las opciones de combustible de su vivienda pueden afectar su salud y confort en general? ? Escoger aparatos completamente el\u00e9ctricos tiene muchos beneficios que incluyen calidad m\u00e1s sana y segura del aire interior, mayor resistencia a da\u00f1os por incendios y humo en el futuro, menos problemas de mantenimiento, costos de energ\u00eda m\u00e1s bajos y menos emisiones de gases de efecto invernadero.<\/p>\n<p>Haga clic en cualquiera de los siguientes iconos para saber m\u00e1s sobre las alternativas el\u00e9ctricas a los aparatos tradicionales.[\/vc_column_text][\/vc_column][\/vc_row][\/vc_section][vc_section el_class=\u00bbesy_blue_border\u00bb css=\u00bb.vc_custom_1697489946573{background-color: #ededed !important;}\u00bb][vc_row][vc_column width=\u00bb1\/1&#8243;][vc_empty_space][\/vc_column][\/vc_row][vc_row bottom_padding=\u00bb44&#8243;][vc_column width=\u00bb1\/3&#8243;]<div class=\"single_image wpb_content_element align-left    \" data-animation=\"none\" data-delay=\"0\"><a href=\"https:\/\/energysmartyes.com\/electrification\/heating-and-cooling\/\" target=\"_self\"><img loading=\"lazy\" decoding=\"async\" width=\"2508\" height=\"1672\" src=\"https:\/\/energysmartyes.com\/wp-content\/uploads\/sites\/2\/2023\/10\/AdobeStock_291912802_resize.jpeg\" class=\"attachment-full\" alt=\"A man and woman relax on a couch.\" title=\"AdobeStock_291912802_resize\" srcset=\"https:\/\/energysmartyes.com\/wp-content\/uploads\/sites\/2\/2023\/10\/AdobeStock_291912802_resize.jpeg 2508w, https:\/\/energysmartyes.com\/wp-content\/uploads\/sites\/2\/2023\/10\/AdobeStock_291912802_resize-300x200.jpeg 300w, https:\/\/energysmartyes.com\/wp-content\/uploads\/sites\/2\/2023\/10\/AdobeStock_291912802_resize-1024x683.jpeg 1024w, https:\/\/energysmartyes.com\/wp-content\/uploads\/sites\/2\/2023\/10\/AdobeStock_291912802_resize-768x512.jpeg 768w, https:\/\/energysmartyes.com\/wp-content\/uploads\/sites\/2\/2023\/10\/AdobeStock_291912802_resize-1536x1024.jpeg 1536w, https:\/\/energysmartyes.com\/wp-content\/uploads\/sites\/2\/2023\/10\/AdobeStock_291912802_resize-2048x1365.jpeg 2048w, https:\/\/energysmartyes.com\/wp-content\/uploads\/sites\/2\/2023\/10\/AdobeStock_291912802_resize-600x400.jpeg 600w\" sizes=\"auto, (max-width: 2508px) 100vw, 2508px\" \/><\/a><\/div><div class=\"spacer\" style=\"height: 40px;\"><\/div>[vc_column_text]<\/p>\n<p style=\"text-align: center\"><a href=\"https:\/\/energysmartyes.com\/es\/electrificacion\/calentar-y-enfriar\/\"><strong>Calentar y enfriar<\/strong><\/a><\/p>\n<p>[\/vc_column_text][\/vc_column][vc_column width=\u00bb1\/3&#8243;]<div class=\"single_image wpb_content_element align-left    \" data-animation=\"none\" data-delay=\"0\"><a href=\"https:\/\/energysmartyes.com\/electrification\/hot-water\/\" target=\"_self\"><img loading=\"lazy\" decoding=\"async\" width=\"1773\" height=\"1182\" src=\"https:\/\/energysmartyes.com\/wp-content\/uploads\/sites\/2\/2023\/10\/AdobeStock_126979254_resize.jpeg\" class=\"attachment-full\" alt=\"A person is washing their hand in a sink.\" title=\"AdobeStock_126979254_resize\" srcset=\"https:\/\/energysmartyes.com\/wp-content\/uploads\/sites\/2\/2023\/10\/AdobeStock_126979254_resize.jpeg 1773w, https:\/\/energysmartyes.com\/wp-content\/uploads\/sites\/2\/2023\/10\/AdobeStock_126979254_resize-300x200.jpeg 300w, https:\/\/energysmartyes.com\/wp-content\/uploads\/sites\/2\/2023\/10\/AdobeStock_126979254_resize-1024x683.jpeg 1024w, https:\/\/energysmartyes.com\/wp-content\/uploads\/sites\/2\/2023\/10\/AdobeStock_126979254_resize-768x512.jpeg 768w, https:\/\/energysmartyes.com\/wp-content\/uploads\/sites\/2\/2023\/10\/AdobeStock_126979254_resize-1536x1024.jpeg 1536w, https:\/\/energysmartyes.com\/wp-content\/uploads\/sites\/2\/2023\/10\/AdobeStock_126979254_resize-600x400.jpeg 600w\" sizes=\"auto, (max-width: 1773px) 100vw, 1773px\" \/><\/a><\/div><div class=\"spacer\" style=\"height: 40px;\"><\/div>[vc_column_text]<\/p>\n<p style=\"text-align: center\"><a href=\"https:\/\/energysmartyes.com\/es\/electrificacion\/calentar-agua\/\"><strong>Calentar agua<\/strong><\/a><\/p>\n<p>[\/vc_column_text][\/vc_column][vc_column width=\u00bb1\/3&#8243;]<div class=\"single_image wpb_content_element align-left    \" data-animation=\"none\" data-delay=\"0\"><a href=\"https:\/\/energysmartyes.com\/electrification\/induction\" target=\"_self\"><img loading=\"lazy\" decoding=\"async\" width=\"2508\" height=\"1672\" src=\"https:\/\/energysmartyes.com\/wp-content\/uploads\/sites\/2\/2023\/10\/AdobeStock_294903192_resize.jpeg\" class=\"attachment-full\" alt=\"A family cooks on an induction stove.\" title=\"AdobeStock_294903192_resize\" srcset=\"https:\/\/energysmartyes.com\/wp-content\/uploads\/sites\/2\/2023\/10\/AdobeStock_294903192_resize.jpeg 2508w, https:\/\/energysmartyes.com\/wp-content\/uploads\/sites\/2\/2023\/10\/AdobeStock_294903192_resize-300x200.jpeg 300w, https:\/\/energysmartyes.com\/wp-content\/uploads\/sites\/2\/2023\/10\/AdobeStock_294903192_resize-1024x683.jpeg 1024w, https:\/\/energysmartyes.com\/wp-content\/uploads\/sites\/2\/2023\/10\/AdobeStock_294903192_resize-768x512.jpeg 768w, https:\/\/energysmartyes.com\/wp-content\/uploads\/sites\/2\/2023\/10\/AdobeStock_294903192_resize-1536x1024.jpeg 1536w, https:\/\/energysmartyes.com\/wp-content\/uploads\/sites\/2\/2023\/10\/AdobeStock_294903192_resize-2048x1365.jpeg 2048w, https:\/\/energysmartyes.com\/wp-content\/uploads\/sites\/2\/2023\/10\/AdobeStock_294903192_resize-600x400.jpeg 600w\" sizes=\"auto, (max-width: 2508px) 100vw, 2508px\" \/><\/a><\/div><div class=\"spacer\" style=\"height: 40px;\"><\/div>[vc_column_text]<\/p>\n<p style=\"text-align: center\"><a href=\"https:\/\/energysmartyes.com\/electrification\/induction\"><strong>Cocci\u00f3n por inducci\u00f3n<\/strong><\/a><\/p>\n<p>[\/vc_column_text][\/vc_column][\/vc_row][\/vc_section][vc_section el_class=\u00bbsection-table\u00bb][vc_row top_padding=\u00bb44&#8243;][vc_column width=\u00bb1\/1&#8243;][vc_column_text]Todos los servicios p\u00fablicos que trabajan en la mayor\u00eda del Condado de Boulder, incluso Xcel Energy, Platte River Power Authority y Tri-State, asumen compromisos con la reducci\u00f3n de un 80 % de sus emisiones para 2030. Adem\u00e1s, tanto la Ciudad de Boulder, la Ciudad de Longmont como el Poblado de Nederland tienen objetivos de proveer energ\u00eda 100 % renovable para 2030.<\/p>\n<p>Limpiar continuamente la red de electricidad significa que la transici\u00f3n de equipos de combustibles f\u00f3siles (como calentadores, calentadores de agua y electrodom\u00e9sticos de cocina) a equipos el\u00e9ctricos seguir\u00e1 generando cada vez menos emisiones en el tiempo.[\/vc_column_text]<div class=\"spacer\" style=\"height: 40px;\"><\/div><div class=\"single_image wpb_content_element align-center    \" data-animation=\"none\" data-delay=\"0\"><img loading=\"lazy\" decoding=\"async\" width=\"1024\" height=\"541\" src=\"https:\/\/energysmartyes.com\/wp-content\/uploads\/sites\/2\/2023\/10\/ElectricHome.png\" class=\"attachment-full\" alt=\"Diagram pointing out sustainable and electric technology in an efficient, electrified home\" title=\"ElectricHome\" srcset=\"https:\/\/energysmartyes.com\/wp-content\/uploads\/sites\/2\/2023\/10\/ElectricHome.png 1024w, https:\/\/energysmartyes.com\/wp-content\/uploads\/sites\/2\/2023\/10\/ElectricHome-300x158.png 300w, https:\/\/energysmartyes.com\/wp-content\/uploads\/sites\/2\/2023\/10\/ElectricHome-768x406.png 768w\" sizes=\"auto, (max-width: 1024px) 100vw, 1024px\" \/><\/div><div class=\"spacer\" style=\"height: 40px;\"><\/div>[vc_column_text]<\/p>\n<h3 style=\"text-align: center\">Electrification FAQ<\/h3>\n<p>[\/vc_column_text]<div class=\"spacer\" style=\"height: 40px;\"><\/div>[vc_tta_accordion][vc_tta_section title=\u00bbWhat is Electrification?\u00bb tab_id=\u00bb1699912783259-1237d49a-c236&#8243;][vc_column_text]Electrification means converting equipment from using fossil fuels to electricity, resulting in reduced pollution and energy costs.[\/vc_column_text][\/vc_tta_section][vc_tta_section title=\u00bbWhat are the benefits of going all-electric?\u00bb tab_id=\u00bb1699912783273-0c546c47-10e2&#8243;][vc_column_text]Electrifying your home can result in:<\/p>\n<ul>\n<li>Reduced emissions of carbon dioxide and other pollutants<\/li>\n<li>Reduced fuel costs<\/li>\n<li>Improved health and safety by removing combustion gas appliances in the home<\/li>\n<li>Improved performance of the electric system or equipment.<\/li>\n<\/ul>\n<p>[\/vc_column_text][\/vc_tta_section][vc_tta_section title=\u00bbIsn&apos;t gas cheaper than electricity?\u00bb tab_id=\u00bb1699913553842-b88d13bd-f994&#8243;][vc_column_text]Price differences between gas and electricity depend on your utility and the rates set at a given time. In general, gas and electricity rates in Colorado are currently very similar. <\/p>\n<p>Even if your gas rates are lower than electric rates, heat pumps can be more than 3 times as energy efficient as natural gas furnaces. This means that your heat pump bill will be comparable or even lower than your equivalent natural gas bill.[\/vc_column_text][\/vc_tta_section][vc_tta_section title=\u00bbWill I need to upgrade my electric panel to electrify my home?\u00bb tab_id=\u00bb1708448692406-25ec8d6a-f261&#8243;][vc_column_text]It may depend on the current status of your panel, typically most homes will need 200 amps of electric current to electrify everything. If you have 100-150 amps you may be able to get by for some upgrades and there may be other workarounds available. Check out <a title=\"https:\/\/www.canarymedia.com\/articles\/guides-and-how-tos\/so-you-want-to-electrify-your-home-do-you-need-a-panel-upgrade-first\" href=\"https:\/\/www.canarymedia.com\/articles\/guides-and-how-tos\/so-you-want-to-electrify-your-home-do-you-need-a-panel-upgrade-first\" target=\"_blank\" rel=\"noopener noreferrer\" data-auth=\"NotApplicable\" data-linkindex=\"6\" data-ogsc=\"\">this article<\/a> to learn more.[\/vc_column_text][\/vc_tta_section][vc_tta_section title=\u00bbIs it possible to electrify my home with a 100-amp panel?\u00bb tab_id=\u00bb1708448760492-dddafa67-9f81&#8243;][vc_column_text]Yes, it&#8217;s possible but it will require careful planning and efficient appliances, check out <a title=\"https:\/\/www.canarymedia.com\/articles\/electrification\/yes-its-possible-to-electrify-a-home-on-just-100-amps\" href=\"https:\/\/www.canarymedia.com\/articles\/electrification\/yes-its-possible-to-electrify-a-home-on-just-100-amps\" target=\"_blank\" rel=\"noopener noreferrer\" data-auth=\"NotApplicable\" data-linkindex=\"7\" data-ogsc=\"\">this article<\/a> to learn more.[\/vc_column_text][\/vc_tta_section][\/vc_tta_accordion][\/vc_column][\/vc_row][vc_row top_padding=\u00bb44&#8243; bottom_padding=\u00bb44&#8243;][vc_column column_center=\u00bbtrue\u00bb width=\u00bb1\/2&#8243;][vc_column_text]<\/p>\n<h3>\u00bfNo sabes por d\u00f3nde empezar?<\/h3>\n<p><a href=\"https:\/\/homes.rewiringamerica.org\/personal-electrification-planner\" target=\"_blank\" rel=\"noopener\">Obtenga una gu\u00eda personalizada GRATUITA<\/a> para actualizar su vivienda. Responda solo algunas preguntas para conseguir una gu\u00eda paso a paso personalizada, estimados de costos, informaci\u00f3n sobre descuentos y m\u00e1s.[\/vc_column_text]<div class=\"spacer\" style=\"height: 18px;\"><\/div>[vc_btn title=\u00bbPrimeros pasos\u00bb style=\u00bbflat\u00bb color=\u00bbwarning\u00bb css=\u00bb\u00bb link=\u00bburl:https%3A%2F%2Fhomes.rewiringamerica.org%2Fpersonal-electrification-planner|title:Primeros%20pasos|target:_blank|\u00bb][\/vc_column][vc_column width=\u00bb1\/2&#8243;]<div class=\"single_image wpb_content_element align-center    \" data-animation=\"none\" data-delay=\"0\"><img loading=\"lazy\" decoding=\"async\" width=\"1773\" height=\"1182\" src=\"https:\/\/energysmartyes.com\/wp-content\/uploads\/sites\/2\/2023\/10\/MakeAPlan.jpeg\" class=\"attachment-full\" alt=\"family of four sitting down together in their living room; parents on the ends are holding up a triangle of cardboard to emulate a home over their heads\" title=\"MakeAPlan\" srcset=\"https:\/\/energysmartyes.com\/wp-content\/uploads\/sites\/2\/2023\/10\/MakeAPlan.jpeg 1773w, https:\/\/energysmartyes.com\/wp-content\/uploads\/sites\/2\/2023\/10\/MakeAPlan-300x200.jpeg 300w, https:\/\/energysmartyes.com\/wp-content\/uploads\/sites\/2\/2023\/10\/MakeAPlan-1024x683.jpeg 1024w, https:\/\/energysmartyes.com\/wp-content\/uploads\/sites\/2\/2023\/10\/MakeAPlan-768x512.jpeg 768w, https:\/\/energysmartyes.com\/wp-content\/uploads\/sites\/2\/2023\/10\/MakeAPlan-1536x1024.jpeg 1536w, https:\/\/energysmartyes.com\/wp-content\/uploads\/sites\/2\/2023\/10\/MakeAPlan-600x400.jpeg 600w\" sizes=\"auto, (max-width: 1773px) 100vw, 1773px\" \/><\/div>[\/vc_column][\/vc_row][\/vc_section][vc_row bg_color=\u00bb#f9a33e\u00bb text_color=\u00bblight\u00bb top_padding=\u00bb30&#8243; bottom_padding=\u00bb30&#8243;][vc_column width=\u00bb1\/4&#8243;][vc_column_text]<\/p>\n<p style=\"text-align: center\">&lt; <a href=\"https:\/\/energysmartyes.com\/es\/eficiencia-energetica\/\"><strong>Pagina anterior: Eficiencia energ\u00e9tica<\/strong><\/a><\/p>\n<p>[\/vc_column_text][\/vc_column][vc_column width=\u00bb1\/2&#8243;][\/vc_column][vc_column width=\u00bb1\/4&#8243;][vc_column_text]<\/p>\n<p style=\"text-align: center\"><a href=\"https:\/\/energysmartyes.com\/es\/conducir-electrico\/\"><strong>El pr\u00f3ximo paso: Transporte<\/strong><\/a> &gt;<\/p>\n<p>[\/vc_column_text][\/vc_column][\/vc_row]<\/p>\n<\/div>","protected":false},"excerpt":{"rendered":"<p>[vc_section full_width=\u00bbstretch_row\u00bb][vc_row type=\u00bbfull_width_section\u00bb][vc_column width=\u00bb1\/1&#8243;][\/vc_column][\/vc_row][\/vc_section][vc_section][vc_row top_padding=\u00bb44&#8243; bottom_padding=\u00bb44&#8243;][vc_column width=\u00bb1\/1&#8243;][vc_column_text] Electrificaci\u00f3n [\/vc_column_text][vc_column_text]\u00bfSab\u00eda que los aparatos, el dise\u00f1o y las opciones de combustible de su vivienda pueden afectar su salud y confort en general? ? Escoger aparatos completamente el\u00e9ctricos tiene muchos beneficios que incluyen calidad m\u00e1s sana y segura del aire interior, mayor resistencia a da\u00f1os por incendios y humo en el futuro, menos problemas de mantenimiento, costos de energ\u00eda m\u00e1s bajos y menos emisiones de gases de efecto invernadero. Haga clic en cualquiera de los siguientes iconos para saber m\u00e1s sobre las alternativas el\u00e9ctricas a los aparatos tradicionales.[\/vc_column_text][\/vc_column][\/vc_row][\/vc_section][vc_section el_class=\u00bbesy_blue_border\u00bb css=\u00bb.vc_custom_1697489946573{background-color: #ededed !important;}\u00bb][vc_row][vc_column width=\u00bb1\/1&#8243;][vc_empty_space][\/vc_column][\/vc_row][vc_row bottom_padding=\u00bb44&#8243;][vc_column width=\u00bb1\/3&#8243;][vc_column_text] Calentar y enfriar [\/vc_column_text][\/vc_column][vc_column width=\u00bb1\/3&#8243;][vc_column_text] Calentar agua [\/vc_column_text][\/vc_column][vc_column width=\u00bb1\/3&#8243;][vc_column_text] Cocci\u00f3n por inducci\u00f3n [\/vc_column_text][\/vc_column][\/vc_row][\/vc_section][vc_section el_class=\u00bbsection-table\u00bb][vc_row top_padding=\u00bb44&#8243;][vc_column width=\u00bb1\/1&#8243;][vc_column_text]Todos los servicios p\u00fablicos que trabajan en la mayor\u00eda del Condado de Boulder, incluso Xcel Energy, Platte River Power Authority y Tri-State, asumen compromisos con la reducci\u00f3n de un 80 % de sus emisiones para 2030. Adem\u00e1s, tanto la Ciudad de Boulder, la Ciudad de Longmont como el Poblado de Nederland tienen objetivos de proveer energ\u00eda 100 % renovable para 2030. Limpiar continuamente la red de electricidad significa que la transici\u00f3n de equipos de combustibles f\u00f3siles (como calentadores, calentadores de agua y electrodom\u00e9sticos [&hellip;]<\/p>\n","protected":false},"author":3013,"featured_media":0,"parent":0,"menu_order":0,"comment_status":"closed","ping_status":"closed","template":"","meta":{"_acf_changed":false,"footnotes":""},"class_list":["post-427","page","type-page","status-publish","hentry"],"acf":[],"_links":{"self":[{"href":"https:\/\/energysmartyes.com\/es\/wp-json\/wp\/v2\/pages\/427","targetHints":{"allow":["GET"]}}],"collection":[{"href":"https:\/\/energysmartyes.com\/es\/wp-json\/wp\/v2\/pages"}],"about":[{"href":"https:\/\/energysmartyes.com\/es\/wp-json\/wp\/v2\/types\/page"}],"author":[{"embeddable":true,"href":"https:\/\/energysmartyes.com\/es\/wp-json\/wp\/v2\/users\/3013"}],"replies":[{"embeddable":true,"href":"https:\/\/energysmartyes.com\/es\/wp-json\/wp\/v2\/comments?post=427"}],"version-history":[{"count":14,"href":"https:\/\/energysmartyes.com\/es\/wp-json\/wp\/v2\/pages\/427\/revisions"}],"predecessor-version":[{"id":5258,"href":"https:\/\/energysmartyes.com\/es\/wp-json\/wp\/v2\/pages\/427\/revisions\/5258"}],"wp:attachment":[{"href":"https:\/\/energysmartyes.com\/es\/wp-json\/wp\/v2\/media?parent=427"}],"curies":[{"name":"wp","href":"https:\/\/api.w.org\/{rel}","templated":true}]}}