{"id":4090,"date":"2023-11-06T18:12:18","date_gmt":"2023-11-06T18:12:18","guid":{"rendered":"https:\/\/energysmartyes.com\/ayuda\/"},"modified":"2025-03-13T00:29:34","modified_gmt":"2025-03-13T00:29:34","slug":"ayuda","status":"publish","type":"page","link":"https:\/\/energysmartyes.com\/es\/recursos\/ayuda\/","title":{"rendered":"Ayuda"},"content":{"rendered":"<div class=\"wpb-content-wrapper\"><p>[vc_row type=\u00bbfull_width_section\u00bb][vc_column width=\u00bb1\/1&#8243;]<div class=\"single_image wpb_content_element align-left    \" data-animation=\"none\" data-delay=\"0\"><img loading=\"lazy\" decoding=\"async\" width=\"2560\" height=\"1206\" src=\"https:\/\/energysmartyes.com\/wp-content\/uploads\/sites\/2\/2023\/10\/Energy-Advising-Sized-scaled.jpeg\" class=\"attachment-full\" alt=\"\" title=\"Energy Advising Sized\" srcset=\"https:\/\/energysmartyes.com\/wp-content\/uploads\/sites\/2\/2023\/10\/Energy-Advising-Sized-scaled.jpeg 2560w, https:\/\/energysmartyes.com\/wp-content\/uploads\/sites\/2\/2023\/10\/Energy-Advising-Sized-300x141.jpeg 300w, https:\/\/energysmartyes.com\/wp-content\/uploads\/sites\/2\/2023\/10\/Energy-Advising-Sized-1024x482.jpeg 1024w, https:\/\/energysmartyes.com\/wp-content\/uploads\/sites\/2\/2023\/10\/Energy-Advising-Sized-768x362.jpeg 768w, https:\/\/energysmartyes.com\/wp-content\/uploads\/sites\/2\/2023\/10\/Energy-Advising-Sized-1536x723.jpeg 1536w, https:\/\/energysmartyes.com\/wp-content\/uploads\/sites\/2\/2023\/10\/Energy-Advising-Sized-2048x965.jpeg 2048w\" sizes=\"auto, (max-width: 2560px) 100vw, 2560px\" \/><\/div>[\/vc_column][\/vc_row][vc_row top_padding=\u00bb44&#8243; bottom_padding=\u00bb44&#8243;][vc_column width=\u00bb1\/1&#8243;][vc_column_text]<\/p>\n<h2 style=\"text-align: center\">Ayuda<\/h2>\n<p style=\"text-align: center\"><em>\u00bfPreguntas sobre c\u00f3mo mejorar su vivienda? \u00a1Tenemos respuestas!<\/em><\/p>\n<p>[\/vc_column_text][\/vc_column][\/vc_row][vc_row bg_color=\u00bb#ffffff\u00bb bottom_padding=\u00bb44&#8243;][vc_column width=\u00bb1\/1&#8243;][vc_column_text]Una de las preguntas m\u00e1s frecuentes que nos hacen los residentes es \u00ab\u00bfd\u00f3nde puedo consultar _____?\u00bb Las casas son algo muy personal para cada familia, y es importante contar con fuentes de informaci\u00f3n de confianza que puedan ayudarle en lo que necesite.<\/p>\n<p>EnergySmart se ha asociado con Go Electric Colorado, un grupo de asesores voluntarios de vecino a vecino que pueden reunirse con usted para responder a sus preguntas y ayudarle a elaborar un plan para electrificar su hogar y sus desplazamientos. Puede <a href=\"https:\/\/goelectriccolorado.org\/\">programar una consulta gratuita con un voluntario de Go Electric Colorado<\/a> para que le ayude a resolver cualquier duda que pueda tener sobre c\u00f3mo es vivir en una casa totalmente el\u00e9ctrica.[\/vc_column_text][\/vc_column][\/vc_row][vc_row bg_color=\u00bb#ededed\u00bb top_padding=\u00bb44&#8243;][vc_column width=\u00bb1\/1&#8243;][vc_column_text]<\/p>\n<h3>A qui\u00e9n preguntar<\/h3>\n<p>Aunque su asesor de EnergySmart, un voluntario de Go Electric Colorado y su contratista tienen diferentes maneras de ayudarle en su camino hacia la electrificaci\u00f3n, no hay una persona equivocada a la que dirigirse entre los tres. A continuaci\u00f3n le indicamos qui\u00e9n est\u00e1 en mejores condiciones para responder a sus preguntas:[\/vc_column_text][\/vc_column][\/vc_row][vc_row bg_color=\u00bb#ededed\u00bb top_padding=\u00bb44&#8243; bottom_padding=\u00bb44&#8243;][vc_column width=\u00bb1\/3&#8243;]<div class=\"single_image wpb_content_element align-center    \" data-animation=\"none\" data-delay=\"0\"><img loading=\"lazy\" decoding=\"async\" width=\"150\" height=\"150\" src=\"https:\/\/energysmartyes.com\/wp-content\/uploads\/sites\/2\/2023\/11\/1-150x150.png\" class=\"attachment-thumbnail\" alt=\"Line art icon of stack of dollar bills\" title=\"1\" srcset=\"https:\/\/energysmartyes.com\/wp-content\/uploads\/sites\/2\/2023\/11\/1-150x150.png 150w, https:\/\/energysmartyes.com\/wp-content\/uploads\/sites\/2\/2023\/11\/1-300x300.png 300w, https:\/\/energysmartyes.com\/wp-content\/uploads\/sites\/2\/2023\/11\/1-80x80.png 80w, https:\/\/energysmartyes.com\/wp-content\/uploads\/sites\/2\/2023\/11\/1.png 500w\" sizes=\"auto, (max-width: 150px) 100vw, 150px\" \/><\/div>[vc_empty_space height=\u00bb12px\u00bb][vc_column_text]<\/p>\n<ul>\n<li>Orientaci\u00f3n general imparcial<\/li>\n<li>Reembolsos, incentivos tributarios y otras cuestiones financieras<\/li>\n<li>Listas de contratistas<\/li>\n<\/ul>\n<p>[\/vc_column_text][\/vc_column][vc_column width=\u00bb1\/3&#8243;]<div class=\"single_image wpb_content_element align-center    \" data-animation=\"none\" data-delay=\"0\"><img loading=\"lazy\" decoding=\"async\" width=\"150\" height=\"150\" src=\"https:\/\/energysmartyes.com\/wp-content\/uploads\/sites\/2\/2023\/11\/2-150x150.png\" class=\"attachment-thumbnail\" alt=\"Line art icon of two people having a conversation\" title=\"2\" srcset=\"https:\/\/energysmartyes.com\/wp-content\/uploads\/sites\/2\/2023\/11\/2-150x150.png 150w, https:\/\/energysmartyes.com\/wp-content\/uploads\/sites\/2\/2023\/11\/2-300x300.png 300w, https:\/\/energysmartyes.com\/wp-content\/uploads\/sites\/2\/2023\/11\/2-80x80.png 80w, https:\/\/energysmartyes.com\/wp-content\/uploads\/sites\/2\/2023\/11\/2.png 500w\" sizes=\"auto, (max-width: 150px) 100vw, 150px\" \/><\/div>[vc_empty_space height=\u00bb12px\u00bb][vc_column_text]<\/p>\n<ul>\n<li>Consultas sobre electrificaci\u00f3n a domicilio<\/li>\n<li>Remisiones a vecinos con experiencia en electrificaci\u00f3n<\/li>\n<li>Recomendaciones personalizadas<\/li>\n<\/ul>\n<p>[\/vc_column_text][\/vc_column][vc_column width=\u00bb1\/3&#8243;]<div class=\"single_image wpb_content_element align-center    \" data-animation=\"none\" data-delay=\"0\"><img loading=\"lazy\" decoding=\"async\" width=\"150\" height=\"150\" src=\"https:\/\/energysmartyes.com\/wp-content\/uploads\/sites\/2\/2023\/11\/3-150x150.png\" class=\"attachment-thumbnail\" alt=\"Line art icon of a heat pump\" title=\"3\" srcset=\"https:\/\/energysmartyes.com\/wp-content\/uploads\/sites\/2\/2023\/11\/3-150x150.png 150w, https:\/\/energysmartyes.com\/wp-content\/uploads\/sites\/2\/2023\/11\/3-300x300.png 300w, https:\/\/energysmartyes.com\/wp-content\/uploads\/sites\/2\/2023\/11\/3-80x80.png 80w, https:\/\/energysmartyes.com\/wp-content\/uploads\/sites\/2\/2023\/11\/3.png 500w\" sizes=\"auto, (max-width: 150px) 100vw, 150px\" \/><\/div>[vc_empty_space height=\u00bb12px\u00bb][vc_column_text]<\/p>\n<ul>\n<li>Estimaciones de costos y especificaciones de los equipos<\/li>\n<li>Mejoras en el panel el\u00e9ctrico<\/li>\n<li>Otras preguntas t\u00e9cnicas<\/li>\n<\/ul>\n<p>[\/vc_column_text][\/vc_column][\/vc_row][vc_row bg_color=\u00bb#ededed\u00bb bottom_padding=\u00bb44&#8243;][vc_column width=\u00bb1\/3&#8243;][vc_btn title=\u00bbPregunte a EnergySmart\u00bb style=\u00bbflat\u00bb color=\u00bbwarning\u00bb align=\u00bbcenter\u00bb link=\u00bburl:https%3A%2F%2Fenergysmartyes.com%2Fes%2Fcontacto%2F|title:Inscribirse|target:_blank|\u00bb][\/vc_column][vc_column width=\u00bb1\/3&#8243;][vc_btn title=\u00bbPregunte a Go Electric Colorado\u00bb style=\u00bbflat\u00bb color=\u00bbwarning\u00bb align=\u00bbcenter\u00bb link=\u00bburl:https%3A%2F%2Fgoelectriccolorado.org%2F|title:Inscribirse|target:_blank|\u00bb][\/vc_column][vc_column width=\u00bb1\/3&#8243;][vc_btn title=\u00bbPregunte a un contratista\u00bb style=\u00bbflat\u00bb color=\u00bbwarning\u00bb align=\u00bbcenter\u00bb link=\u00bburl:https%3A%2F%2Fenergysmartyes.com%2Ffind-a-contractor%2F|title:Inscribirse|target:_blank|\u00bb][\/vc_column][\/vc_row]<\/p>\n<\/div>","protected":false},"excerpt":{"rendered":"<p>[vc_row type=\u00bbfull_width_section\u00bb][vc_column width=\u00bb1\/1&#8243;][\/vc_column][\/vc_row][vc_row top_padding=\u00bb44&#8243; bottom_padding=\u00bb44&#8243;][vc_column width=\u00bb1\/1&#8243;][vc_column_text] Ayuda \u00bfPreguntas sobre c\u00f3mo mejorar su vivienda? \u00a1Tenemos respuestas! [\/vc_column_text][\/vc_column][\/vc_row][vc_row bg_color=\u00bb#ffffff\u00bb bottom_padding=\u00bb44&#8243;][vc_column width=\u00bb1\/1&#8243;][vc_column_text]Una de las preguntas m\u00e1s frecuentes que nos hacen los residentes es \u00ab\u00bfd\u00f3nde puedo consultar _____?\u00bb Las casas son algo muy personal para cada familia, y es importante contar con fuentes de informaci\u00f3n de confianza que puedan ayudarle en lo que necesite. EnergySmart se ha asociado con Go Electric Colorado, un grupo de asesores voluntarios de vecino a vecino que pueden reunirse con usted para responder a sus preguntas y ayudarle a elaborar un plan para electrificar su hogar y sus desplazamientos. Puede programar una consulta gratuita con un voluntario de Go Electric Colorado para que le ayude a resolver cualquier duda que pueda tener sobre c\u00f3mo es vivir en una casa totalmente el\u00e9ctrica.[\/vc_column_text][\/vc_column][\/vc_row][vc_row bg_color=\u00bb#ededed\u00bb top_padding=\u00bb44&#8243;][vc_column width=\u00bb1\/1&#8243;][vc_column_text] A qui\u00e9n preguntar Aunque su asesor de EnergySmart, un voluntario de Go Electric Colorado y su contratista tienen diferentes maneras de ayudarle en su camino hacia la electrificaci\u00f3n, no hay una persona equivocada a la que dirigirse entre los tres. A continuaci\u00f3n le indicamos qui\u00e9n est\u00e1 en mejores condiciones para responder a sus preguntas:[\/vc_column_text][\/vc_column][\/vc_row][vc_row bg_color=\u00bb#ededed\u00bb top_padding=\u00bb44&#8243; bottom_padding=\u00bb44&#8243;][vc_column width=\u00bb1\/3&#8243;][vc_empty_space height=\u00bb12px\u00bb][vc_column_text] Orientaci\u00f3n general imparcial Reembolsos, incentivos tributarios [&hellip;]<\/p>\n","protected":false},"author":3030,"featured_media":5662,"parent":5230,"menu_order":0,"comment_status":"closed","ping_status":"closed","template":"","meta":{"_acf_changed":false,"footnotes":""},"class_list":["post-4090","page","type-page","status-publish","has-post-thumbnail","hentry"],"acf":[],"_links":{"self":[{"href":"https:\/\/energysmartyes.com\/es\/wp-json\/wp\/v2\/pages\/4090","targetHints":{"allow":["GET"]}}],"collection":[{"href":"https:\/\/energysmartyes.com\/es\/wp-json\/wp\/v2\/pages"}],"about":[{"href":"https:\/\/energysmartyes.com\/es\/wp-json\/wp\/v2\/types\/page"}],"author":[{"embeddable":true,"href":"https:\/\/energysmartyes.com\/es\/wp-json\/wp\/v2\/users\/3030"}],"replies":[{"embeddable":true,"href":"https:\/\/energysmartyes.com\/es\/wp-json\/wp\/v2\/comments?post=4090"}],"version-history":[{"count":4,"href":"https:\/\/energysmartyes.com\/es\/wp-json\/wp\/v2\/pages\/4090\/revisions"}],"predecessor-version":[{"id":5238,"href":"https:\/\/energysmartyes.com\/es\/wp-json\/wp\/v2\/pages\/4090\/revisions\/5238"}],"up":[{"embeddable":true,"href":"https:\/\/energysmartyes.com\/es\/wp-json\/wp\/v2\/pages\/5230"}],"wp:featuredmedia":[{"embeddable":true,"href":"https:\/\/energysmartyes.com\/es\/wp-json\/wp\/v2\/media\/5662"}],"wp:attachment":[{"href":"https:\/\/energysmartyes.com\/es\/wp-json\/wp\/v2\/media?parent=4090"}],"curies":[{"name":"wp","href":"https:\/\/api.w.org\/{rel}","templated":true}]}}