{"id":4078,"date":"2023-10-26T21:56:17","date_gmt":"2023-10-26T21:56:17","guid":{"rendered":"https:\/\/energysmartyes.com\/rembolsos-locales-adicionales\/reembolsos-residenciales-de-la-ciudad-de-boulder\/"},"modified":"2025-08-05T22:15:13","modified_gmt":"2025-08-05T22:15:13","slug":"reembolsos-residenciales-de-la-ciudad-de-boulder","status":"publish","type":"page","link":"https:\/\/energysmartyes.com\/es\/reembolsos\/reembolsos-residenciales-de-la-ciudad-de-boulder\/","title":{"rendered":"Reembolsos de la ciudad de Boulder"},"content":{"rendered":"<div class=\"wpb-content-wrapper\"><p>[vc_row top_padding=\u00bb44&#8243; bottom_padding=\u00bb44&#8243;][vc_column width=\u00bb1\/1&#8243;]<div class=\"single_image wpb_content_element align-center    \" data-animation=\"none\" data-delay=\"0\"><img loading=\"lazy\" decoding=\"async\" width=\"150\" height=\"150\" src=\"https:\/\/energysmartyes.com\/wp-content\/uploads\/sites\/2\/2023\/10\/IMG_1987-150x150.png\" class=\"attachment-thumbnail\" alt=\"City of Boulder Logo\" title=\"IMG_1987\" srcset=\"https:\/\/energysmartyes.com\/wp-content\/uploads\/sites\/2\/2023\/10\/IMG_1987-150x150.png 150w, https:\/\/energysmartyes.com\/wp-content\/uploads\/sites\/2\/2023\/10\/IMG_1987-300x300.png 300w, https:\/\/energysmartyes.com\/wp-content\/uploads\/sites\/2\/2023\/10\/IMG_1987-80x80.png 80w, https:\/\/energysmartyes.com\/wp-content\/uploads\/sites\/2\/2023\/10\/IMG_1987-500x500.png 500w, https:\/\/energysmartyes.com\/wp-content\/uploads\/sites\/2\/2023\/10\/IMG_1987.png 640w\" sizes=\"auto, (max-width: 150px) 100vw, 150px\" \/><\/div><div class=\"spacer\" style=\"height: 20px;\"><\/div>[vc_column_text]<\/p>\n<h1 style=\"text-align: center\">Reembolsos de la ciudad de Boulder del 2025<\/h1>\n<p style=\"text-align: center\"><strong>Financiado por el impuesto del Plan de Acci\u00f3n Clim\u00e1tica (PAC por sus siglas en ingl\u00e9s) de la ciudad y la Ordenanza de Reembolso Solar.<\/strong><\/p>\n<p>[\/vc_column_text]<div class=\"spacer\" style=\"height: 20px;\"><\/div>[vc_message icon_type=\u00bbentypo\u00bb icon_entypo=\u00bbentypo-icon entypo-icon-attention\u00bb css=\u00bb\u00bb]<strong>Actualizaci\u00f3n sobre los reembolsos de la ciudad de Boulder para 2025:<\/strong> Los importes de los reembolsos para bombas de calor con fuente de aire y calentadores de agua con bomba de calor cambiar\u00e1n para las solicitudes presentadas a partir del 15 de septiembre de 2025. <a href=\"#cob-appliances-hvac\">Obtenga m\u00e1s informaci\u00f3n sobre lo que esto significa<\/a>.[\/vc_message][vc_column_text]Los siguientes reembolsos est\u00e1n disponibles para los participantes de EnergySmart que residen en la ciudad de Boulder. Para calificar para estos reembolsos, todo el trabajo debe completarse y facturarse entre el <strong>1 de enero de 2025 y el 31 de diciembre de 2025<\/strong>. Es posible que haya reembolsos m\u00e1s elevados disponibles. Visite nuestra p\u00e1gina de <a href=\"https:\/\/energysmartyes.com\/es\/reembolsos\/reembolsos-calificados-por-ingresos\/\">reembolsos por ingresos<\/a> para comprobar si cumple los requisitos.<\/p>\n<p>Los reembolsos se distribuyen por orden de llegada, mientras haya fondos disponibles. Al final de esta p\u00e1gina figuran otros requisitos. Los reembolsos pueden combinarse con cualquier incentivo municipal o de servicios p\u00fablicos relevante.<\/p>\n<p><strong>Nota importante: <\/strong>Determinadas actualizaciones deben ser instaladas por un contratista aprobado por Xcel Energy o EnergySmart para poder conseguir descuentos.<\/p>\n<p><strong>\u00bfTiene alguna duda?<\/strong> <a href=\"https:\/\/energysmartyes.com\/es\/recursos\/energy-smart-faqs\/\" target=\"_blank\" rel=\"noopener\">Consulte nuestras Preguntas frecuentes sobre reembolsos.<\/a><\/p>\n<p><strong>\u00bfListo para aplicar por su reembolso?<\/strong> Complete nuestro <a href=\"https:\/\/energysmartyes.com\/es\/recursos\/solicitud-de-reembolsos-residenciales-estandar-de-energysmart\/\" target=\"_blank\" rel=\"noopener\">formulario en l\u00ednea.<\/a>[\/vc_column_text]<div class=\"spacer\" style=\"height: 20px;\"><\/div>[\/vc_column][\/vc_row][vc_row bg_color=\u00bb#ededed\u00bb top_padding=\u00bb44&#8243; bottom_padding=\u00bb44&#8243;][vc_column width=\u00bb1\/2&#8243;][vc_column_text]<\/p>\n<h2 style=\"text-align: center\">Aislamiento<br \/>\ny sellado herm\u00e9tico<\/h2>\n<p><strong>Reciba 30 % del costo de todo su proyecto o proyectos hasta $750.<\/strong><\/p>\n<p><strong>Descuento extra disponible de $100<\/strong> para completar el sellado herm\u00e9tico de la placa superior exterior junto con el aislamiento y sellado herm\u00e9tico del altillo.<\/p>\n<p><strong>Nota:<\/strong> Prueba Blower Door obligatoria antes y despu\u00e9s \u2013 Prueba CAZ obligatoria si hay aparatos a gas en la casa[\/vc_column_text][\/vc_column][vc_column width=\u00bb1\/2&#8243;]<div class=\"single_image wpb_content_element align-left    \" data-animation=\"none\" data-delay=\"0\"><img loading=\"lazy\" decoding=\"async\" width=\"1773\" height=\"1182\" src=\"https:\/\/energysmartyes.com\/wp-content\/uploads\/sites\/2\/2023\/10\/Insulation.jpeg\" class=\"attachment-full\" alt=\"\" title=\"Insulation\" srcset=\"https:\/\/energysmartyes.com\/wp-content\/uploads\/sites\/2\/2023\/10\/Insulation.jpeg 1773w, https:\/\/energysmartyes.com\/wp-content\/uploads\/sites\/2\/2023\/10\/Insulation-300x200.jpeg 300w, https:\/\/energysmartyes.com\/wp-content\/uploads\/sites\/2\/2023\/10\/Insulation-1024x683.jpeg 1024w, https:\/\/energysmartyes.com\/wp-content\/uploads\/sites\/2\/2023\/10\/Insulation-768x512.jpeg 768w, https:\/\/energysmartyes.com\/wp-content\/uploads\/sites\/2\/2023\/10\/Insulation-1536x1024.jpeg 1536w, https:\/\/energysmartyes.com\/wp-content\/uploads\/sites\/2\/2023\/10\/Insulation-600x400.jpeg 600w\" sizes=\"auto, (max-width: 1773px) 100vw, 1773px\" \/><\/div>[\/vc_column][\/vc_row][vc_row bg_color=\u00bb#ededed\u00bb bottom_padding=\u00bb50&#8243;][vc_column width=\u00bb1\/1&#8243;][vc_column_text]<\/p>\n<table class=\"ins-table\">\n<thead>\n<tr>\n<th id=\"insulation-project\" width=\"50%\">Tipo de proyecto\n<\/th>\n<th id=\"insulation-requirements\" width=\"50%\">Requisitos<\/th>\n<\/tr>\n<\/thead>\n<tbody>\n<tr>\n<td headers=\"insulation-project\">Aislamiento de paredes<\/td>\n<td headers=\"insulation-requirements\">R-19 m\u00ednimo; rellene la cavidad de la pared donde no sea posible R-19. Para paredes s\u00f3lidas como las de ladrillo u hormig\u00f3n, debe a\u00f1adirse aislamiento r\u00edgido exterior hasta un nivel de \u2265 R-10. <\/td>\n<\/tr>\n<tr>\n<td headers=\"insulation-project\">Aislamiento del \u00e1tico con sellado de aire<\/td>\n<td headers=\"insulation-requirements\">Se requiere un m\u00ednimo de R-60 en altillos abiertos; los techos catedral variar\u00e1n en funci\u00f3n de la profundidad de las vigas, pero deben cumplir los requisitos del IECC de 2012. Debe realizar el sellado herm\u00e9tico en los \u00e1ticos antes de a\u00f1adir el aislamiento.<\/td>\n<\/tr>\n<tr>\n<td headers=\"insulation-project\">Aislamiento y sellado herm\u00e9tico de los cimientos (s\u00f3tano o c\u00e1mara)<\/td>\n<td headers=\"insulation-requirements\">C\u00e1mara de poca altura como se indica en el IECC de 2012 R-15 continuo o aislamiento de cavidades R-19 con una barrera de aire permeable al vapor sobre el aislamiento. Las c\u00e1maras de poca altura deben tener una barrera de vapor sellada sobre c\u00e1maras de poca altura de tierra y ventilaci\u00f3n, seg\u00fan el IECC de 2012.<\/td>\n<\/tr>\n<tr>\n<td headers=\"insulation-project\">Aislamiento y sellado herm\u00e9tico de subsuelo o marco de suelo<\/td>\n<td headers=\"insulation-requirements\">R-30 como m\u00ednimo, s\u00f3lo sobre espacios no acondicionados (es decir, voladizos, suelos sobre s\u00f3tanos no acondicionados, sobre garajes, etc.). Rellene las cavidades cerradas del suelo cuando no sea posible R-30.<\/td>\n<\/tr>\n<tr>\n<td headers=\"insulation-project\">Sellado herm\u00e9tico aplicado profesionalmente (nada de \u00abh\u00e1galo usted mismo\u00bb)<\/td>\n<td headers=\"insulation-requirements\">Los niveles de infiltraci\u00f3n de aire deben medirse mediante una puerta soplante antes y despu\u00e9s de la mejora. Se recomienda ventilaci\u00f3n mec\u00e1nica si las renovaciones de aire\/hora son inferiores a 0,35 NACH. El sellado del aire debe ser independiente de uno de los proyectos mencionados anteriormente.<\/td>\n<\/tr>\n<\/tbody>\n<\/table>\n<p>[\/vc_column_text][\/vc_column][\/vc_row][vc_row bg_color=\u00bb#ffffff\u00bb top_padding=\u00bb44&#8243; bottom_padding=\u00bb44&#8243; row_id=\u00bbcob-appliances-hvac\u00bb][vc_column width=\u00bb1\/2&#8243;][vc_column_text]<\/p>\n<h2 style=\"text-align: center\">Aparatos y HVAC<\/h2>\n<p>Los montos de reembolso de la ciudad de Boulder para bombas de calor con fuente de aire y calentadores de agua con bomba de calor est\u00e1n cambiando para las solicitudes presentadas a partir del 15 de septiembre de 2025. Consulte los detalles en la tabla a continuaci\u00f3n.[\/vc_column_text][\/vc_column][vc_column width=\u00bb1\/2&#8243;]<div class=\"single_image wpb_content_element align-center    \" data-animation=\"none\" data-delay=\"0\"><img loading=\"lazy\" decoding=\"async\" width=\"648\" height=\"404\" src=\"https:\/\/energysmartyes.com\/wp-content\/uploads\/sites\/2\/2023\/10\/HeatPump.jpeg\" class=\"attachment-full\" alt=\"outdoor heat pump unit against red siding wall with some foliage in the foreground\" title=\"HeatPump\" srcset=\"https:\/\/energysmartyes.com\/wp-content\/uploads\/sites\/2\/2023\/10\/HeatPump.jpeg 648w, https:\/\/energysmartyes.com\/wp-content\/uploads\/sites\/2\/2023\/10\/HeatPump-300x187.jpeg 300w\" sizes=\"auto, (max-width: 648px) 100vw, 648px\" \/><\/div>[\/vc_column][\/vc_row][vc_row bg_color=\u00bb#ffffff\u00bb bottom_padding=\u00bb50&#8243;][vc_column width=\u00bb1\/1&#8243;]<div class=\"spacer\" style=\"height: 20px;\"><\/div>[vc_column_text]<\/p>\n<table class=\"hvac-table\">\n<thead>\n<tr>\n<th id=\"hvac-project\" width=\"20%\">Tipo de proyecto<\/th>\n<th id=\"hvac-amt-gas\" width=\"20%\">Rembolsos para casas con aparatos a gas existentes<\/th>\n<th id=\"hvac-amt-electric\" width=\"20%\">Rembolsos para casas con aparatos el\u00e9ctricos existentes<\/th>\n<th id=\"hvac-requirements\" width=\"40%\">Requisitos<\/th>\n<\/tr>\n<\/thead>\n<tbody>\n<tr>\n<td id=\"hvac-project\">Bomba de calor aerot\u00e9rmica para climas fr\u00edos, incluidas bombas de calor mini-split<\/td>\n<td id=\"hvac-amt-gas\">$900 antes del 15 de septiembre<br \/>\n<strong>$400 a partir del 15 de septiembre<\/strong><\/td>\n<td id=\"hvac-amt-electric\">$400 antes del 15 de septiembre<br \/>\n<strong>$300 a partir del 15 de septiembre<\/strong><\/td>\n<td id=\"hvac-requirements\">\u2022 HSPF2 \u2265 8.1<br \/>\n\u2022 Debe tener certificado para climas fr\u00edos de ENERGY STAR O COP \u2265 1.75 a 5\u25e6F O capacidad a 5\u25e6F al menos el 70 % de BTU a 47\u25e6F<\/td>\n<\/tr>\n<tr>\n<td id=\"hvac-project\">Bomba de calor aerot\u00e9rmica no para climas fr\u00edos, incluidas bombas de calor mini-split<\/td>\n<td id=\"hvac-amt-gas\">$750 antes del 15 de septiembre<br \/>\n<strong>$200 a partir del 15 de septiembre<\/strong><\/td>\n<td id=\"hvac-amt-electric\">$250 antes del 15 de septiembre<br \/>\n<strong>$100 a partir del 15 de septiembre<\/strong><\/td>\n<td id=\"hvac-requirements\">HSPF2 \u2265 7.8<\/td>\n<\/tr>\n<tr>\n<td id=\"hvac-project\">Bomba de calor geot\u00e9rmicas <\/td>\n<td id=\"hvac-amt-gas\">$900<\/td>\n<td id=\"hvac-amt-electric\">$400<\/td>\n<td id=\"hvac-requirements\">\u2022 5.5 toneladas o menos, 14.1 EER<br \/>\n\u2022 Debe tener la certificaci\u00f3n ENERGY STAR<\/td>\n<\/tr>\n<tr>\n<td id=\"hvac-project\">Bomba de calor aire-agua<\/td>\n<td id=\"hvac-amt-gas\">$900<\/td>\n<td id=\"hvac-amt-electric\">$400<\/td>\n<td id=\"hvac-requirements\">Debe tener un COP de 1.75 o superior<\/td>\n<\/tr>\n<tr>\n<td id=\"hvac-project\">Calentador de agua con bomba de calor<\/td>\n<td id=\"hvac-amt-gas\">$750 antes del 15 de septiembre<br \/>\n<strong>$200 a partir del 15 de septiembre<\/strong><\/td>\n<td id=\"hvac-amt-electric\">$250 antes del 15 de septiembre<br \/>\n<strong>$100 a partir del 15 de septiembre<\/strong><\/td>\n<td id=\"hvac-requirements\">Debe tener certificado ENERGY STAR con un Factor Energ\u00e9tico m\u00ednimo de 2.0<\/td>\n<\/tr>\n<tr>\n<td id=\"hvac-project\">Estufa de inducci\u00f3n o el\u00e9ctrica<\/td>\n<td id=\"hvac-amt-gas\">$450<\/td>\n<td id=\"hvac-amt-electric\">$250<\/td>\n<td id=\"hvac-requirements\">\u2022 S\u00f3lo unidades empotradas, empotrables e independientes<br \/>\n\u2022 Las estufas port\u00e1tiles no son elegibles<br \/>\n\u2022 Se requiere comprobante de compra m\u00e1s fotos del antes y el despu\u00e9s de la instalaci\u00f3n<br \/>\n\u2022 Debe sustituir una estufa a gas por estufa de inducci\u00f3n o el\u00e9ctrica<\/td>\n<\/tr>\n<tr>\n<td id=\"hvac-project\">Secadora con bomba de calor<\/td>\n<td id=\"hvac-amt-gas\">$450<\/td>\n<td id=\"hvac-amt-electric\">$250<\/td>\n<td id=\"hvac-requirements\">\u2022 Debe tener la certificaci\u00f3n ENERGY STAR<br \/>\n\u2022 Se requiere comprobante de compra m\u00e1s fotos del antes y el despu\u00e9s de la instalaci\u00f3n<\/td>\n<\/tr>\n<tr>\n<td id=\"hvac-project\">Actualizaci\u00f3n del panel el\u00e9ctrico<\/td>\n<td id=\"hvac-amt-gas\">$250<\/td>\n<td id=\"hvac-amt-electric\">$250<\/td>\n<td id=\"hvac-requirements\">\u2022 Debe tener una capacidad creciente de 200 amperios<br \/>\n\u2022 O 150 A si va desde un panel de 100 A<br \/>\n\u2022 Un electricista con licencia debe efectuar la instalaci\u00f3n<br \/>\n\u2022 Debe completarse junto con las actualizaciones de bomba de calor, inducci\u00f3n, energ\u00eda solar o cargador de veh\u00edculos el\u00e9ctricos (EV)<br \/>\n\u2022 Se requiere constancia de otras actualizaciones<\/td>\n<\/tr>\n<\/tbody>\n<\/table>\n<p>[\/vc_column_text][\/vc_column][\/vc_row][vc_row bg_color=\u00bb#ffffff\u00bb top_padding=\u00bb44&#8243; bottom_padding=\u00bb44&#8243;][vc_column width=\u00bb1\/2&#8243;][vc_column_text]<\/p>\n<h2 style=\"text-align: center\">Reembolsos solares<\/h2>\n<p>[\/vc_column_text][\/vc_column][vc_column width=\u00bb1\/2&#8243;]<div class=\"single_image wpb_content_element align-center    \" data-animation=\"none\" data-delay=\"0\"><img loading=\"lazy\" decoding=\"async\" width=\"2000\" height=\"550\" src=\"https:\/\/energysmartyes.com\/wp-content\/uploads\/sites\/2\/2022\/07\/solar-hero.webp\" class=\"attachment-full\" alt=\"\" title=\"solar-hero\" srcset=\"https:\/\/energysmartyes.com\/wp-content\/uploads\/sites\/2\/2022\/07\/solar-hero.webp 2000w, https:\/\/energysmartyes.com\/wp-content\/uploads\/sites\/2\/2022\/07\/solar-hero-300x83.webp 300w, https:\/\/energysmartyes.com\/wp-content\/uploads\/sites\/2\/2022\/07\/solar-hero-1024x282.webp 1024w, https:\/\/energysmartyes.com\/wp-content\/uploads\/sites\/2\/2022\/07\/solar-hero-768x211.webp 768w, https:\/\/energysmartyes.com\/wp-content\/uploads\/sites\/2\/2022\/07\/solar-hero-1536x422.webp 1536w\" sizes=\"auto, (max-width: 2000px) 100vw, 2000px\" \/><\/div>[\/vc_column][\/vc_row][vc_row bg_color=\u00bb#ffffff\u00bb bottom_padding=\u00bb50&#8243;][vc_column width=\u00bb1\/1&#8243;]<div class=\"spacer\" style=\"height: 20px;\"><\/div>[vc_column_text]<\/p>\n<table class=\"solar-table\">\n<thead>\n<tr>\n<th id=\"solar-project\" width=\"50%\">Incentivo<\/th>\n<th id=\"solar-eligibility\" width=\"50%\">Eligibility<\/th>\n<\/tr>\n<\/thead>\n<tbody>\n<tr>\n<td id=\"solar-project\">Subvenci\u00f3n para energ\u00eda solar fotovoltaica y energ\u00eda termosolar<\/td>\n<td id=\"solar-eligibility\">Las subvenciones solares residenciales de la ciudad de Boulder se ofrecen de forma continua, por orden de llegada, <a href=\"https:\/\/bouldercolorado.gov\/services\/solar-grants#section-6685\" target=\"_blank\" rel=\"noopener\">a los propietarios de viviendas que cumplan los requisitos de ingresos<\/a>, mientras haya fondos disponibles, seg\u00fan la siguiente estructura:<\/p>\n<p>\u2022 $1 por vatio en funci\u00f3n de la capacidad del sistema<br \/>\n\u2022 Limitado al 50% de los costos totales del proyecto una vez aplicados otros incentivos<br \/>\n\u2022 $8,000 de l\u00edmite m\u00e1ximo<\/p>\n<p><a href=\"https:\/\/energysmartyes.com\/es\/contacto\/\">Los residentes deben ponerse primero en contacto con EnergySmart<\/a> y ser asignados a un asesor para iniciar el proceso de solicitud. <a href=\"https:\/\/energysmartyes.com\/es\/cambie-a-solar\/servicios-para-clientes-calificados-por-ingresos\/\">Obtenga m\u00e1s informaci\u00f3n sobre el proceso de solicitud aqu\u00ed<\/a> o visite <a href=\"https:\/\/bouldercolorado.gov\/services\/solar-grants\" target=\"_blank\" rel=\"noopener\">la p\u00e1gina de subvenciones solares de la ciudad<\/a>.<\/td>\n<\/tr>\n<tr>\n<td id=\"solar-project\">Descuento en impuestos por energ\u00eda solar fotovoltaica y termosolar<\/td>\n<td id=\"solar-eligibility\">La ciudad de Boulder ofrece un reembolso en el impuesto sobre ventas y uso de sistemas de energ\u00eda el\u00e9ctrica solar o solar t\u00e9rmica (agua caliente). La ciudad puede descontar aproximadamente un 15 % en el impuesto a las ventas y al uso que se paga por materiales y permisos para la instalaci\u00f3n del sistema solar. Para obtener m\u00e1s informaci\u00f3n, visite la p\u00e1gina de <a href=\"https:\/\/bouldercolorado.gov\/services\/solar-tax-rebates\" target=\"_blank\" rel=\"noopener\">informaci\u00f3n del descuento en impuestos para instalar energ\u00eda solar <\/a>de la ciudad. <\/td>\n<\/tr>\n<\/tbody>\n<\/table>\n<p>[\/vc_column_text][\/vc_column][\/vc_row][vc_row bg_color=\u00bb#ededed\u00bb top_padding=\u00bb44&#8243; bottom_padding=\u00bb44&#8243;][vc_column width=\u00bb1\/1&#8243;][vc_column_text]<strong>Las siguientes condiciones se aplican a todos los reembolsos enumerados:<\/strong><\/p>\n<ul>\n<li>Los descuentos y las subvenciones est\u00e1n \u00fanicamente disponibles para actualizaciones completadas en unidades residenciales dentro de la Ciudad de Boulder y est\u00e1n financiados por la Ordenanza para descuentos de energ\u00eda solar e impuesto clim\u00e1tico de la Ciudad de Boulder.<\/li>\n<li>Los reembolsos solo est\u00e1n disponibles para la rehabilitaci\u00f3n de viviendas existentes; los reembolsos no est\u00e1n disponibles para la nueva construcci\u00f3n.<\/li>\n<li>Los fondos para reembolsos y subvenciones son limitados, est\u00e1n sujetos a cambios y se otorgar\u00e1n por orden de llegada, mientras haya fondos disponibles.<\/li>\n<li>Las asignaciones de descuentos y subvenciones se basar\u00e1n en los niveles publicados en el momento de presentaci\u00f3n de una factura por el trabajo completo a EnergySmart.<\/li>\n<li>Para acceder a los servicios, los descuentos y las subvenciones de EnergySmart, todos los trabajos deben cumplir con los c\u00f3digos energ\u00e9ticos o de edificaci\u00f3n pertinentes y se deben obtener todos los permisos obligatorios.<\/li>\n<li>A menos que se especifique lo contrario, cualquier producto o instalaci\u00f3n debe cumplir con los est\u00e1ndares vigentes de ENERGY STAR como m\u00ednimo, si dichos est\u00e1ndares existen para ese determinado producto o aplicaci\u00f3n.<\/li>\n<li>Los reembolsos y subvenciones no pueden superar el 70% del coste de la actualizaci\u00f3n despu\u00e9s de aplicar todos los dem\u00e1s reembolsos.<\/li>\n<li>Todas las actualizaciones deben ser para los ocupantes de la unidad o beneficiarlos directamente. (Por ejemplo, s\u00f3lo las unidades superiores pueden recibir un reembolso de aislamiento del \u00e1tico cuando se solicitan reembolsos de unidades m\u00faltiples.)<\/li>\n<li>Hay un l\u00edmite de por vida de dos descuentos por casa para bombas de calor aerot\u00e9rmicas (incluidas bombas de calor mini-split).<\/li>\n<li>Las viviendas multifamiliares de 5 unidades o m\u00e1s no son elegibles para recibir estos descuentos. Si su proyecto incluye actualizaciones a 5 unidades o a una vivienda multifamiliar m\u00e1s grande, comun\u00edquese con <a href=\"https:\/\/pacepartners.com\/\" target=\"_blank\" rel=\"noopener\">Partners for a Clean Environment<\/a> (PACE) para informarse sobre posibles incentivos a trav\u00e9s.<\/li>\n<li>Para poder conseguir estos descuentos, todo el trabajo y las actualizaciones elegibles deben ser instalados, completados y facturados entre<strong> el 1 de enero de 2025 y el 31 de diciembre de 2025<\/strong>.<\/li>\n<li>Las instalaciones de energ\u00eda solar deben completarse dentro de los 12 meses desde la aprobaci\u00f3n de la subvenci\u00f3n.<\/li>\n<li>Los descuentos para aparatos y HVAC requieren de certificaci\u00f3n de la fuente previa de combustible (electricidad o gas\/propano).<\/li>\n<li><strong>Para las bombas de calor aerot\u00e9rmicas (ASHP):<\/strong> Se requiere de una v\u00e1lvula de expansi\u00f3n electr\u00f3nica para ayudar a regular el flujo de refrigerante para los componentes interiores con precisi\u00f3n y eficiencia.<\/li>\n<li>Pueden aplicarse <strong>requisitos para contratistas<\/strong> seg\u00fan el proyecto; EnergySmart adopta los requisitos para contratistas de Xcel Energy. A continuaci\u00f3n presentamos los requisitos para proyectos con contratista:\n<ul>\n<li>El contratista debe figurar en la lista de instaladores elegibles para proyectos de aislamiento\/sellado herm\u00e9tico, bomba de calor aerot\u00e9rmica con tuber\u00edas (incluidas tuber\u00edas parciales) o bomba de calor mini-split, calentador de agua con bomba de calor y bomba de calor geot\u00e9rmica.<\/li>\n<\/ul>\n<\/li>\n<\/ul>\n<p>Consulte <a href=\"https:\/\/energysmartyes.com\/es\/recursos\/energy-smart-faqs\/\" target=\"_blank\" rel=\"noopener\">las preguntas m\u00e1s frecuentes sobre los descuentos de EnergySmart<\/a> para encontrar respuestas a las preguntas m\u00e1s frecuentes.<\/p>\n<p><strong>\u00bfListo para aplicar por su reembolso?<\/strong> Complete nuestro <a href=\"https:\/\/energysmartyes.com\/es\/recursos\/solicitud-de-reembolsos-residenciales-estandar-de-energysmart\/\" target=\"_blank\" rel=\"noopener\">formulario en l\u00ednea.<\/a><\/p>\n<p>Los asesores EnergySmart est\u00e1n a su disposici\u00f3n para ayudarle a completar y presentar su solicitud para todos los reembolsos elegibles. Ll\u00e1menos hoy al <strong><a href=\"tel:1-303-544-1000\">303.544.1000<\/a><\/strong> o env\u00edenos un correo electr\u00f3nico a <a href=\"mailto:info@energysmartyes.com\"><strong>info@energysmartyes.com<\/strong><\/a>.[\/vc_column_text][\/vc_column][\/vc_row][vc_row bg_color=\u00bb#007da3&#8243; text_color=\u00bblight\u00bb top_padding=\u00bb44&#8243; bottom_padding=\u00bb44&#8243;][vc_column column_center=\u00bbtrue\u00bb width=\u00bb1\/2&#8243;][vc_column_text]<\/p>\n<h2>\u00bfLe abruman los reembolsos?<\/h2>\n<p>Entendemos: \u00a1hay muchos programas! Este Planificador de electrificaci\u00f3n personal de Rewiring America puede ayudarle a empezar.[\/vc_column_text]<div class=\"spacer\" style=\"height: 20px;\"><\/div>[vc_btn title=\u00bbEncontrar mis reembolsos (en ingl\u00e9s)\u00bb style=\u00bbflat\u00bb color=\u00bbwarning\u00bb css=\u00bb\u00bb link=\u00bburl:https%3A%2F%2Fhomes.rewiringamerica.org%2Fpersonal-electrification-planner|target:_blank|\u00bb][\/vc_column][vc_column width=\u00bb1\/2&#8243;]<div class=\"single_image wpb_content_element align-left    \" data-animation=\"none\" data-delay=\"0\"><img loading=\"lazy\" decoding=\"async\" width=\"626\" height=\"418\" src=\"https:\/\/energysmartyes.com\/wp-content\/uploads\/sites\/2\/2023\/10\/ReviewingPlan.jpeg\" class=\"attachment-full\" alt=\"Couple sitting at home on their couch reviewing paperwork together\" title=\"ReviewingPlan\" srcset=\"https:\/\/energysmartyes.com\/wp-content\/uploads\/sites\/2\/2023\/10\/ReviewingPlan.jpeg 626w, https:\/\/energysmartyes.com\/wp-content\/uploads\/sites\/2\/2023\/10\/ReviewingPlan-300x200.jpeg 300w, https:\/\/energysmartyes.com\/wp-content\/uploads\/sites\/2\/2023\/10\/ReviewingPlan-600x400.jpeg 600w\" sizes=\"auto, (max-width: 626px) 100vw, 626px\" \/><\/div>[\/vc_column][\/vc_row][vc_row bg_color=\u00bb#ededed\u00bb top_padding=\u00bb12&#8243; bottom_padding=\u00bb12&#8243;][vc_column width=\u00bb1\/1&#8243;][vc_column_text]<a href=\"https:\/\/energysmartyes.com\/rebates-financing\/\">&lt; Buscar mis reembolsos<\/a>[\/vc_column_text][\/vc_column][\/vc_row]<\/p>\n<\/div>","protected":false},"excerpt":{"rendered":"<p>[vc_row top_padding=\u00bb44&#8243; bottom_padding=\u00bb44&#8243;][vc_column width=\u00bb1\/1&#8243;][vc_column_text] Reembolsos de la ciudad de Boulder del 2025 Financiado por el impuesto del Plan de Acci\u00f3n Clim\u00e1tica (PAC por sus siglas en ingl\u00e9s) de la ciudad y la Ordenanza de Reembolso Solar. [\/vc_column_text][vc_message icon_type=\u00bbentypo\u00bb icon_entypo=\u00bbentypo-icon entypo-icon-attention\u00bb css=\u00bb\u00bb]Actualizaci\u00f3n sobre los reembolsos de la ciudad de Boulder para 2025: Los importes de los reembolsos para bombas de calor con fuente de aire y calentadores de agua con bomba de calor cambiar\u00e1n para las solicitudes presentadas a partir del 15 de septiembre de 2025. Obtenga m\u00e1s informaci\u00f3n sobre lo que esto significa.[\/vc_message][vc_column_text]Los siguientes reembolsos est\u00e1n disponibles para los participantes de EnergySmart que residen en la ciudad de Boulder. Para calificar para estos reembolsos, todo el trabajo debe completarse y facturarse entre el 1 de enero de 2025 y el 31 de diciembre de 2025. Es posible que haya reembolsos m\u00e1s elevados disponibles. Visite nuestra p\u00e1gina de reembolsos por ingresos para comprobar si cumple los requisitos. Los reembolsos se distribuyen por orden de llegada, mientras haya fondos disponibles. Al final de esta p\u00e1gina figuran otros requisitos. Los reembolsos pueden combinarse con cualquier incentivo municipal o de servicios p\u00fablicos relevante. Nota importante: Determinadas actualizaciones deben ser instaladas por un contratista aprobado [&hellip;]<\/p>\n","protected":false},"author":3030,"featured_media":5135,"parent":5205,"menu_order":0,"comment_status":"closed","ping_status":"closed","template":"","meta":{"_acf_changed":false,"footnotes":""},"class_list":["post-4078","page","type-page","status-publish","has-post-thumbnail","hentry"],"acf":[],"_links":{"self":[{"href":"https:\/\/energysmartyes.com\/es\/wp-json\/wp\/v2\/pages\/4078","targetHints":{"allow":["GET"]}}],"collection":[{"href":"https:\/\/energysmartyes.com\/es\/wp-json\/wp\/v2\/pages"}],"about":[{"href":"https:\/\/energysmartyes.com\/es\/wp-json\/wp\/v2\/types\/page"}],"author":[{"embeddable":true,"href":"https:\/\/energysmartyes.com\/es\/wp-json\/wp\/v2\/users\/3030"}],"replies":[{"embeddable":true,"href":"https:\/\/energysmartyes.com\/es\/wp-json\/wp\/v2\/comments?post=4078"}],"version-history":[{"count":23,"href":"https:\/\/energysmartyes.com\/es\/wp-json\/wp\/v2\/pages\/4078\/revisions"}],"predecessor-version":[{"id":5538,"href":"https:\/\/energysmartyes.com\/es\/wp-json\/wp\/v2\/pages\/4078\/revisions\/5538"}],"up":[{"embeddable":true,"href":"https:\/\/energysmartyes.com\/es\/wp-json\/wp\/v2\/pages\/5205"}],"wp:featuredmedia":[{"embeddable":true,"href":"https:\/\/energysmartyes.com\/es\/wp-json\/wp\/v2\/media\/5135"}],"wp:attachment":[{"href":"https:\/\/energysmartyes.com\/es\/wp-json\/wp\/v2\/media?parent=4078"}],"curies":[{"name":"wp","href":"https:\/\/api.w.org\/{rel}","templated":true}]}}