{"id":3969,"date":"2022-06-27T17:53:02","date_gmt":"2022-06-27T17:53:02","guid":{"rendered":"https:\/\/energysmartyes.com\/historias-de-exito\/"},"modified":"2024-02-09T21:16:58","modified_gmt":"2024-02-09T21:16:58","slug":"historias-de-exito","status":"publish","type":"page","link":"https:\/\/energysmartyes.com\/es\/historias-de-exito\/","title":{"rendered":"Historias de \u00e9xito"},"content":{"rendered":"<div class=\"wpb-content-wrapper\"><p>[vc_section full_width=\u00bbstretch_row\u00bb][vc_row bottom_padding=\u00bb64&#8243;][vc_column width=\u00bb1\/1&#8243;][vc_column_text]<\/p>\n<div class=\"sc-17z0hfx-10 kSeEnw\">\n<div class=\"sc-1x8e792-2 jshPaV\">\n<h2 class=\"sc-1i5rpq-0 jaEAna\" style=\"text-align: center\">Historias de \u00e9xito<\/h2>\n<\/div>\n<\/div>\n<p>[\/vc_column_text]<div class=\"spacer\" style=\"height: 44px;\"><\/div>[\/vc_column][\/vc_row][\/vc_section][vc_section full_width=\u00bbstretch_row\u00bb][vc_row][vc_column width=\u00bb1\/1&#8243;][vc_column_text]<\/p>\n<p style=\"text-align: center\">Consulte las siguientes historias de participantes en EnergySmart que optaron por a\u00f1adir elementos electrificados en sus casas y sienten gran entusiasmo por compartir los beneficios que tuvieron con otras personas que est\u00e9n pensando en hacer lo mismo.<\/p>\n<p>[\/vc_column_text]<div class=\"spacer\" style=\"height: 44px;\"><\/div>[\/vc_column][\/vc_row][vc_row][vc_column width=\u00bb1\/1&#8243;]<div class=\"spacer\" style=\"height: 44px;\"><\/div>[vc_column_text]<\/p>\n<h4 class=\"alignfull has-text-align-center\" style=\"text-align: center\"><strong>SUE ANDERSON, <em>CONDADO DE BOULDER NO CONSTITUIDO<\/em><\/strong><\/h4>\n<p>[\/vc_column_text]<div class=\"spacer\" style=\"height: 44px;\"><\/div>[vc_column_text]Sue y su esposa pasaron d\u00e9cadas electrificando elementos de su casa, desde la bomba de calor hasta la estufa a inducci\u00f3n, complementando con energ\u00eda solar en el camino. El aumento de las temperaturas debido al cambio clim\u00e1tico fue un factor principal que motiv\u00f3 a Sue a electrificar su casa. Y, a pesar de que hay un gasto inicial asociado con la electrificaci\u00f3n, los beneficios a corto y largo plazo, como la reducci\u00f3n en los costos para calentar y enfriar, y la mayor eficiencia energ\u00e9tica, ganaron un \u201crespaldo del 1000 %\u201d de Sue.[\/vc_column_text]<div class=\"spacer\" style=\"height: 44px;\"><\/div>[vc_video link=\u00bbhttps:\/\/youtu.be\/ZORmEEabdZQ\u00bb]<div class=\"spacer\" style=\"height: 44px;\"><\/div><div class=\"divider divider1\" style='margin:60px 0 60px 0 !important;'><\/div>[vc_column_text]<\/p>\n<h4 class=\"has-text-align-center\" style=\"text-align: center\">EMILY JACOBSON, <em>LONGMONT<\/em><\/h4>\n<p>[\/vc_column_text]<div class=\"spacer\" style=\"height: 44px;\"><\/div>[vc_column_text]Cuando la caldera de Emily se muri\u00f3 el invierno pasado, estaba entusiasmada por reemplazarla por una bomba de calor aerot\u00e9rmica, sumando otro aparato electrificado a su casa adem\u00e1s de los paneles solares que hab\u00edan instalado en el techo. Emily cree que nuestra dependencia de combustibles f\u00f3siles no es sostenible y que tenemos la tecnolog\u00eda indicada ahora para alejarnos de ellos. Con recursos y subsidios disponibles para propietarios, dice que la electrificaci\u00f3n \u201ces para todos\u201d.[\/vc_column_text]<div class=\"spacer\" style=\"height: 44px;\"><\/div>[vc_video link=\u00bbhttps:\/\/youtu.be\/K9kPQxaoHF0&#8243;]<div class=\"spacer\" style=\"height: 44px;\"><\/div><div class=\"divider divider1\" style='margin:60px 0 60px 0 !important;'><\/div>[vc_column_text]<\/p>\n<h4 class=\"has-text-align-center\" style=\"text-align: center\">ROBERT STEPHENS, <em>SUPERIOR<\/em><\/h4>\n<p>[\/vc_column_text]<div class=\"spacer\" style=\"height: 44px;\"><\/div>[vc_column_text]Por la salud de su familia y del planeta, Robert empez\u00f3 a electrificar diversos elementos de su casa, desde reemplazar una estufa a gas y horno por inducci\u00f3n el\u00e9ctrica, a instalar un calentador de agua el\u00e9ctrico y crear infraestructura para cargar veh\u00edculos el\u00e9ctricos en la casa. Como resultado, pudo reducir la cantidad de facturas que paga cada mes y ver una reducci\u00f3n general en el costo. A pesar de que los pasos parecen relativamente peque\u00f1os, se suman en el tiempo; la inversi\u00f3n comunitaria en electrificaci\u00f3n importa en la lucha contra el cambio clim\u00e1tico.[\/vc_column_text]<div class=\"spacer\" style=\"height: 44px;\"><\/div>[vc_video link=\u00bbhttps:\/\/youtu.be\/clKSUrENKDo\u00bb]<div class=\"spacer\" style=\"height: 44px;\"><\/div><div class=\"divider divider1\" style='margin:60px 0 60px 0 !important;'><\/div>[vc_empty_space height=\u00bb64px\u00bb][\/vc_column][\/vc_row][\/vc_section]<\/p>\n<\/div>","protected":false},"excerpt":{"rendered":"<p>[vc_section full_width=\u00bbstretch_row\u00bb][vc_row bottom_padding=\u00bb64&#8243;][vc_column width=\u00bb1\/1&#8243;][vc_column_text] Historias de \u00e9xito [\/vc_column_text][\/vc_column][\/vc_row][\/vc_section][vc_section full_width=\u00bbstretch_row\u00bb][vc_row][vc_column width=\u00bb1\/1&#8243;][vc_column_text] Consulte las siguientes historias de participantes en EnergySmart que optaron por a\u00f1adir elementos electrificados en sus casas y sienten gran entusiasmo por compartir los beneficios que tuvieron con otras personas que est\u00e9n pensando en hacer lo mismo. [\/vc_column_text][\/vc_column][\/vc_row][vc_row][vc_column width=\u00bb1\/1&#8243;][vc_column_text] SUE ANDERSON, CONDADO DE BOULDER NO CONSTITUIDO [\/vc_column_text][vc_column_text]Sue y su esposa pasaron d\u00e9cadas electrificando elementos de su casa, desde la bomba de calor hasta la estufa a inducci\u00f3n, complementando con energ\u00eda solar en el camino. El aumento de las temperaturas debido al cambio clim\u00e1tico fue un factor principal que motiv\u00f3 a Sue a electrificar su casa. Y, a pesar de que hay un gasto inicial asociado con la electrificaci\u00f3n, los beneficios a corto y largo plazo, como la reducci\u00f3n en los costos para calentar y enfriar, y la mayor eficiencia energ\u00e9tica, ganaron un \u201crespaldo del 1000 %\u201d de Sue.[\/vc_column_text][vc_video link=\u00bbhttps:\/\/youtu.be\/ZORmEEabdZQ\u00bb][vc_column_text] EMILY JACOBSON, LONGMONT [\/vc_column_text][vc_column_text]Cuando la caldera de Emily se muri\u00f3 el invierno pasado, estaba entusiasmada por reemplazarla por una bomba de calor aerot\u00e9rmica, sumando otro aparato electrificado a su casa adem\u00e1s de los paneles solares que hab\u00edan instalado en el techo. Emily cree que nuestra dependencia de combustibles f\u00f3siles no es [&hellip;]<\/p>\n","protected":false},"author":3004,"featured_media":0,"parent":0,"menu_order":0,"comment_status":"closed","ping_status":"closed","template":"","meta":{"_acf_changed":false,"footnotes":""},"class_list":["post-3969","page","type-page","status-publish","hentry"],"acf":[],"_links":{"self":[{"href":"https:\/\/energysmartyes.com\/es\/wp-json\/wp\/v2\/pages\/3969","targetHints":{"allow":["GET"]}}],"collection":[{"href":"https:\/\/energysmartyes.com\/es\/wp-json\/wp\/v2\/pages"}],"about":[{"href":"https:\/\/energysmartyes.com\/es\/wp-json\/wp\/v2\/types\/page"}],"author":[{"embeddable":true,"href":"https:\/\/energysmartyes.com\/es\/wp-json\/wp\/v2\/users\/3004"}],"replies":[{"embeddable":true,"href":"https:\/\/energysmartyes.com\/es\/wp-json\/wp\/v2\/comments?post=3969"}],"version-history":[{"count":5,"href":"https:\/\/energysmartyes.com\/es\/wp-json\/wp\/v2\/pages\/3969\/revisions"}],"predecessor-version":[{"id":4220,"href":"https:\/\/energysmartyes.com\/es\/wp-json\/wp\/v2\/pages\/3969\/revisions\/4220"}],"wp:attachment":[{"href":"https:\/\/energysmartyes.com\/es\/wp-json\/wp\/v2\/media?parent=3969"}],"curies":[{"name":"wp","href":"https:\/\/api.w.org\/{rel}","templated":true}]}}