{"id":3952,"date":"2023-10-10T16:21:44","date_gmt":"2023-10-10T16:21:44","guid":{"rendered":"https:\/\/energysmartyes.com\/electrificacion\/calentar-agua\/"},"modified":"2023-10-27T16:21:24","modified_gmt":"2023-10-27T16:21:24","slug":"calentar-agua","status":"publish","type":"page","link":"https:\/\/energysmartyes.com\/es\/electrificacion\/calentar-agua\/","title":{"rendered":"Calentar agua"},"content":{"rendered":"<div class=\"wpb-content-wrapper\"><p>[vc_section full_width=\u00bbstretch_row\u00bb][vc_row bg_color=\u00bb#ededed\u00bb top_padding=\u00bb12&#8243; bottom_padding=\u00bb12&#8243;][vc_column width=\u00bb1\/1&#8243;][vc_row_inner][vc_column_inner][vc_column_text]<a href=\"https:\/\/energysmartyes.com\/es\/electrificacion\/\">&lt; Volver a la p\u00e1gina Electrificaci\u00f3n<\/a>[\/vc_column_text][\/vc_column_inner][\/vc_row_inner][\/vc_column][\/vc_row][vc_row type=\u00bbfull_width_section\u00bb][vc_column width=\u00bb1\/1&#8243;][vc_single_image image=\u00bb3720&#8243; img_size=\u00bbfull\u00bb][\/vc_column][\/vc_row][\/vc_section][vc_row top_padding=\u00bb44&#8243; bottom_padding=\u00bb44&#8243;][vc_column width=\u00bb1\/1&#8243;][vc_column_text]<\/p>\n<h2 style=\"text-align: center\">Los calentadores de agua con bomba de calor (HPWH)<\/h2>\n<p>[\/vc_column_text][vc_empty_space][vc_column_text]<\/p>\n<div class=\"wpb_text_column wpb_content_element \">\n<div class=\"wpb_wrapper\">Los calentadores de agua con bomba de calor (HPWH) usan tecnolog\u00eda de bomba de calor para extraer calor del aire para calentar agua. Son de <strong>dos a tres veces m\u00e1s eficientes que los calentadores de agua por resistencia el\u00e9ctrica est\u00e1ndares<\/strong>, reduciendo sus costos anuales de energ\u00eda para agua caliente un 67 %.<\/div>\n<\/div>\n<div><\/div>\n<div>En comparaci\u00f3n con los calentadores de agua a gas de EnergyStar, los calentadores de agua con bomba de calor son casi cinco veces tan eficientes y generan la mitad de la contaminaci\u00f3n por carbono por casi los mismos costos anuales de energ\u00eda.<\/div>\n<div>\n<p>La mayor\u00eda de los HPWH est\u00e1n completamente en interiores, con todos los elementos de la bomba ubicados en la misma unidad que el tanque de dep\u00f3sito. Muchos de los HPWH son \u201ch\u00edbridos\u201d, es decir, que tambi\u00e9n incluyen elementos de calefacci\u00f3n por resistencia el\u00e9ctrica para proveer calor auxiliar cuando la demanda de agua caliente es alta.<\/p>\n<\/div>\n<p>[\/vc_column_text][vc_empty_space]<div class=\"single_image wpb_content_element align-center    \" data-animation=\"none\" data-delay=\"0\"><img loading=\"lazy\" decoding=\"async\" width=\"521\" height=\"337\" src=\"https:\/\/energysmartyes.com\/wp-content\/uploads\/sites\/2\/2022\/12\/HPWH-diagram.jpg\" class=\"attachment-full\" alt=\"Heat Pump water heater diagram\" title=\"HPWH diagram\" srcset=\"https:\/\/energysmartyes.com\/wp-content\/uploads\/sites\/2\/2022\/12\/HPWH-diagram.jpg 521w, https:\/\/energysmartyes.com\/wp-content\/uploads\/sites\/2\/2022\/12\/HPWH-diagram-300x194.jpg 300w\" sizes=\"auto, (max-width: 521px) 100vw, 521px\" \/><\/div>[vc_empty_space][vc_column_text]<\/p>\n<div class=\"wpb_text_column wpb_content_element \">\n<div class=\"wpb_wrapper\">Debido a que los HPWH son un tipo diferente de tecnolog\u00eda que los calentadores de agua a gas o por resistencia el\u00e9ctrica, tambi\u00e9n tienen algunos ajustes.<\/div>\n<div><\/div>\n<ul>\n<li class=\"wpb_wrapper\">A medida que funcionan, los HPWH deshumidifican y enfr\u00edan el aire que los rodea. Aunque esto significa que podr\u00eda necesitar un poco m\u00e1s de calefacci\u00f3n de ambientes en el invierno, puede ayudar a manejar los problemas de moho y enfriamiento en los veranos m\u00e1s c\u00e1lidos.<\/li>\n<li>Los HPWH son un poco m\u00e1s ruidosos que un t\u00edpico calentador de agua, alrededor del mismo volumen que un acondicionador de aire de ventana. Mucha gente mantiene sus HPWH en el s\u00f3tano y casi no notan una diferencia, pero comun\u00edquese con un asesor de EnergySmart para hablar de opciones si es muy sensible al ruido o a las vibraciones.<\/li>\n<li>Los HPWH cuestan un poco m\u00e1s al principio que sus equivalentes. Sin embargo, sus ahorros energ\u00e9ticos suelen compensar la diferencia de costo; adem\u00e1s, hay algunos <a href=\"https:\/\/energysmartyes.com\/es\/rembolsos-locales-adicionales\/#boulder-equipment\">descuentos excelentes de EnergySmart<\/a> que tambi\u00e9n pueden servir para equilibrar el gasto inicial.<\/li>\n<\/ul>\n<\/div>\n<div><\/div>\n<div><\/div>\n<p>[\/vc_column_text][\/vc_column][\/vc_row][vc_row bg_color=\u00bb#ededed\u00bb top_padding=\u00bb44&#8243; bottom_padding=\u00bb44&#8243;][vc_column width=\u00bb1\/6&#8243;][\/vc_column][vc_column width=\u00bb2\/3&#8243;][vc_video link=\u00bbhttps:\/\/www.youtube.com\/watch?v=omivdhxdGv0&#8243;][\/vc_column][vc_column width=\u00bb1\/6&#8243;][\/vc_column][\/vc_row][vc_row top_padding=\u00bb44&#8243;][vc_column width=\u00bb1\/4&#8243;]<div class=\"single_image wpb_content_element align-center    \" data-animation=\"none\" data-delay=\"0\"><img loading=\"lazy\" decoding=\"async\" width=\"1800\" height=\"1165\" src=\"https:\/\/energysmartyes.com\/wp-content\/uploads\/sites\/2\/2023\/10\/contractor.jpeg\" class=\"attachment-full\" alt=\"A woman talks to a contractor in her home\" title=\"contractor\" srcset=\"https:\/\/energysmartyes.com\/wp-content\/uploads\/sites\/2\/2023\/10\/contractor.jpeg 1800w, https:\/\/energysmartyes.com\/wp-content\/uploads\/sites\/2\/2023\/10\/contractor-300x194.jpeg 300w, https:\/\/energysmartyes.com\/wp-content\/uploads\/sites\/2\/2023\/10\/contractor-1024x663.jpeg 1024w, https:\/\/energysmartyes.com\/wp-content\/uploads\/sites\/2\/2023\/10\/contractor-768x497.jpeg 768w, https:\/\/energysmartyes.com\/wp-content\/uploads\/sites\/2\/2023\/10\/contractor-1536x994.jpeg 1536w\" sizes=\"auto, (max-width: 1800px) 100vw, 1800px\" \/><\/div>[\/vc_column][vc_column width=\u00bb3\/4&#8243;][vc_column_text]<\/p>\n<div class=\"wpb_text_column wpb_content_element \">\n<div class=\"wpb_wrapper\">\n<h3>\u00bfListo para arrancar?<\/h3>\n<p>Algunos proyectos se pueden emprender por cuenta propia mientras que otros ser\u00eda mejor que est\u00e9n en manos de un contratista para garantizar los mejores resultados. Si est\u00e1 listo para empezar a realizar llamados y conseguir presupuestos, cuenta con la ayuda de EnergySmart.<\/p>\n<\/div>\n<\/div>\n<p>[\/vc_column_text][vc_empty_space][vc_btn title=\u00bbEncuente una contratista\u00bb style=\u00bbflat\u00bb color=\u00bbwarning\u00bb link=\u00bburl:https%3A%2F%2Fenergysmartyes.com%2Fes%2Fcontratista%2F|\u00bb][\/vc_column][\/vc_row][vc_row top_padding=\u00bb44&#8243; bottom_padding=\u00bb44&#8243;][vc_column width=\u00bb1\/4&#8243;]<div class=\"single_image wpb_content_element align-center    \" data-animation=\"none\" data-delay=\"0\"><img loading=\"lazy\" decoding=\"async\" width=\"626\" height=\"418\" src=\"https:\/\/energysmartyes.com\/wp-content\/uploads\/sites\/2\/2023\/10\/ReviewingPlan.jpeg\" class=\"attachment-full\" alt=\"Couple sitting at home on their couch reviewing paperwork together\" title=\"ReviewingPlan\" srcset=\"https:\/\/energysmartyes.com\/wp-content\/uploads\/sites\/2\/2023\/10\/ReviewingPlan.jpeg 626w, https:\/\/energysmartyes.com\/wp-content\/uploads\/sites\/2\/2023\/10\/ReviewingPlan-300x200.jpeg 300w, https:\/\/energysmartyes.com\/wp-content\/uploads\/sites\/2\/2023\/10\/ReviewingPlan-600x400.jpeg 600w\" sizes=\"auto, (max-width: 626px) 100vw, 626px\" \/><\/div>[\/vc_column][vc_column width=\u00bb3\/4&#8243;][vc_column_text]<\/p>\n<div class=\"wpb_text_column wpb_content_element \">\n<div class=\"wpb_wrapper\">\n<h3>\u00bfNo est\u00e1 seguro por d\u00f3nde arrancar?<\/h3>\n<p><a href=\"https:\/\/app.canopyclimate.com\/join\/energysmart-R-EpVtvPkxt4mTO_1yR9J\">Obtenga una gu\u00eda personalizada GRATUITA<\/a> para actualizar su casa. Responda solo algunas preguntas para conseguir una gu\u00eda paso a paso personalizada, estimados de costos, informaci\u00f3n sobre descuentos y m\u00e1s.<\/p>\n<\/div>\n<\/div>\n<p>[\/vc_column_text][vc_empty_space][vc_btn title=\u00bbArranque por aqui\u00bb style=\u00bbflat\u00bb color=\u00bbwarning\u00bb link=\u00bburl:https%3A%2F%2Fapp.canopyclimate.com%2Fjoin%2Fenergysmart-R-EpVtvPkxt4mTO_1yR9J|\u00bb][\/vc_column][\/vc_row][vc_row bg_color=\u00bb#ededed\u00bb top_padding=\u00bb12&#8243; bottom_padding=\u00bb12&#8243;][vc_column width=\u00bb1\/2&#8243;][vc_column_text]<a href=\"https:\/\/energysmartyes.com\/es\/electrificacion\/\">&lt; Volver a la p\u00e1gina Electrificaci\u00f3n<\/a>[\/vc_column_text][\/vc_column][vc_column width=\u00bb1\/2&#8243;][vc_column_text]<\/p>\n<p style=\"text-align: right\"><a href=\"https:\/\/energysmartyes.com\/es\/electrificacion\/coccion-a-induccion\/\">El pr\u00f3ximo paso: Cocci\u00f3n a inducci\u00f3n &gt;<\/a><\/p>\n<p>[\/vc_column_text][\/vc_column][\/vc_row]<\/p>\n<\/div>","protected":false},"excerpt":{"rendered":"<p>[vc_section full_width=\u00bbstretch_row\u00bb][vc_row bg_color=\u00bb#ededed\u00bb top_padding=\u00bb12&#8243; bottom_padding=\u00bb12&#8243;][vc_column width=\u00bb1\/1&#8243;][vc_row_inner][vc_column_inner][vc_column_text]&lt; Volver a la p\u00e1gina Electrificaci\u00f3n[\/vc_column_text][\/vc_column_inner][\/vc_row_inner][\/vc_column][\/vc_row][vc_row type=\u00bbfull_width_section\u00bb][vc_column width=\u00bb1\/1&#8243;][vc_single_image image=\u00bb3720&#8243; img_size=\u00bbfull\u00bb][\/vc_column][\/vc_row][\/vc_section][vc_row top_padding=\u00bb44&#8243; bottom_padding=\u00bb44&#8243;][vc_column width=\u00bb1\/1&#8243;][vc_column_text] Los calentadores de agua con bomba de calor (HPWH) [\/vc_column_text][vc_empty_space][vc_column_text] Los calentadores de agua con bomba de calor (HPWH) usan tecnolog\u00eda de bomba de calor para extraer calor del aire para calentar agua. Son de dos a tres veces m\u00e1s eficientes que los calentadores de agua por resistencia el\u00e9ctrica est\u00e1ndares, reduciendo sus costos anuales de energ\u00eda para agua caliente un 67 %. En comparaci\u00f3n con los calentadores de agua a gas de EnergyStar, los calentadores de agua con bomba de calor son casi cinco veces tan eficientes y generan la mitad de la contaminaci\u00f3n por carbono por casi los mismos costos anuales de energ\u00eda. La mayor\u00eda de los HPWH est\u00e1n completamente en interiores, con todos los elementos de la bomba ubicados en la misma unidad que el tanque de dep\u00f3sito. Muchos de los HPWH son \u201ch\u00edbridos\u201d, es decir, que tambi\u00e9n incluyen elementos de calefacci\u00f3n por resistencia el\u00e9ctrica para proveer calor auxiliar cuando la demanda de agua caliente es alta. [\/vc_column_text][vc_empty_space][vc_empty_space][vc_column_text] Debido a que los HPWH son un tipo diferente de tecnolog\u00eda que los calentadores de agua a gas o por resistencia el\u00e9ctrica, [&hellip;]<\/p>\n","protected":false},"author":3030,"featured_media":0,"parent":427,"menu_order":0,"comment_status":"closed","ping_status":"closed","template":"","meta":{"_acf_changed":false,"footnotes":""},"class_list":["post-3952","page","type-page","status-publish","hentry"],"acf":[],"_links":{"self":[{"href":"https:\/\/energysmartyes.com\/es\/wp-json\/wp\/v2\/pages\/3952","targetHints":{"allow":["GET"]}}],"collection":[{"href":"https:\/\/energysmartyes.com\/es\/wp-json\/wp\/v2\/pages"}],"about":[{"href":"https:\/\/energysmartyes.com\/es\/wp-json\/wp\/v2\/types\/page"}],"author":[{"embeddable":true,"href":"https:\/\/energysmartyes.com\/es\/wp-json\/wp\/v2\/users\/3030"}],"replies":[{"embeddable":true,"href":"https:\/\/energysmartyes.com\/es\/wp-json\/wp\/v2\/comments?post=3952"}],"version-history":[{"count":2,"href":"https:\/\/energysmartyes.com\/es\/wp-json\/wp\/v2\/pages\/3952\/revisions"}],"predecessor-version":[{"id":3954,"href":"https:\/\/energysmartyes.com\/es\/wp-json\/wp\/v2\/pages\/3952\/revisions\/3954"}],"up":[{"embeddable":true,"href":"https:\/\/energysmartyes.com\/es\/wp-json\/wp\/v2\/pages\/427"}],"wp:attachment":[{"href":"https:\/\/energysmartyes.com\/es\/wp-json\/wp\/v2\/media?parent=3952"}],"curies":[{"name":"wp","href":"https:\/\/api.w.org\/{rel}","templated":true}]}}