{"id":3938,"date":"2022-06-30T18:44:36","date_gmt":"2022-06-30T18:44:36","guid":{"rendered":"https:\/\/energysmartyes.com\/eficiencia-energetica\/por-150-a-veces-de-oferta-a-100-haran-una-auditoria-energetica-varios-controles-de-seguridad-y-actualizaciones-de-eficiencia-como-bombillas-led-burletes-aireadores-termostatos-inteligentes-y\/"},"modified":"2025-03-13T00:59:15","modified_gmt":"2025-03-13T00:59:15","slug":"auditorias-energeticas-de-casas","status":"publish","type":"page","link":"https:\/\/energysmartyes.com\/es\/eficiencia-energetica\/auditorias-energeticas-de-casas\/","title":{"rendered":"Auditor\u00edas energ\u00e9ticas de viviendas"},"content":{"rendered":"<div class=\"wpb-content-wrapper\"><p>[vc_section full_width=\u00bbstretch_row\u00bb][vc_row bg_color=\u00bb#ededed\u00bb top_padding=\u00bb12&#8243; bottom_padding=\u00bb12&#8243;][vc_column width=\u00bb1\/1&#8243;][vc_column_text]&lt; <a href=\"https:\/\/energysmartyes.com\/es\/eficiencia-energetica\/\">Volver a la p\u00e1gina Eficiencia energ\u00e9tica<\/a>[\/vc_column_text][\/vc_column][\/vc_row][vc_row type=\u00bbfull_width_section\u00bb][vc_column width=\u00bb1\/1&#8243;][vc_single_image image=\u00bb3664&#8243; img_size=\u00bbfull\u00bb alignment=\u00bbcenter\u00bb][\/vc_column][\/vc_row][\/vc_section][vc_row top_padding=\u00bb44&#8243;][vc_column width=\u00bb1\/1&#8243;][vc_column_text]<\/p>\n<div class=\"wpb_text_column wpb_content_element \">\n<div class=\"wpb_wrapper\">\n<div class=\"sc-17z0hfx-10 kSeEnw\">\n<div class=\"sc-1x8e792-2 jshPaV\">\n<h2 class=\"sc-1i5rpq-0 jaEAna\" style=\"text-align: center\">Auditor\u00edas energ\u00e9ticas de viviendas<\/h2>\n<\/div>\n<\/div>\n<\/div>\n<\/div>\n<p>[\/vc_column_text]<div class=\"spacer\" style=\"height: 20px;\"><\/div>[vc_column_text]<\/p>\n<div class=\"wpb_text_column wpb_content_element \">\n<div class=\"wpb_wrapper\">Las auditor\u00edas energ\u00e9ticas de viviendas (a veces llamadas evaluaciones energ\u00e9ticas de una viviendas) ayudan a los propietarios a entender su consumo energ\u00e9tico residencial. Las evaluaciones energ\u00e9ticas suelen entregar un informe del consumo de energ\u00eda de su vivienda y ayudan a determinar las mejoras m\u00e1s eficientes en materia de costos para la vivienda. Tambi\u00e9n pueden proporcionar resultados en las pruebas de fugas de rad\u00f3n, mon\u00f3xido de carbono y gas natural para ayudar a mantener su hogar seguro. <a href=\"https:\/\/www.energy.gov\/energysaver\/articles\/energy-saver-101-infographic-home-energy-audits\">El Departamento de Energ\u00eda de EE. UU. ofrece una gran explicaci\u00f3n sobre los diferentes tipos de auditor\u00edas energ\u00e9ticas y sus ventajas.<\/a><\/div>\n<\/div>\n<p>[\/vc_column_text]<div class=\"spacer\" style=\"height: 40px;\"><\/div>[vc_video link=\u00bbhttps:\/\/www.youtube.com\/watch?v=YolBP0-vkBU\u00bb el_width=\u00bb80&#8243; align=\u00bbcenter\u00bb]<div class=\"spacer\" style=\"height: 40px;\"><\/div>[vc_column_text]<\/p>\n<div class=\"wpb_text_column wpb_content_element \">\n<div class=\"wpb_wrapper\"><a href=\"https:\/\/co.my.xcelenergy.com\/s\/residential\/home-services\/home-energy-audit\">Xcel Energy<\/a> <span style=\"color: #333333\">y<\/span> <a href=\"https:\/\/efficiencyworks.org\/homes\/efficiency-audits\/?gclid=Cj0KCQiA54KfBhCKARIsAJzSrdojbCQXOAMehfkf1C1DnAPsrHwN49P3uPAWuU9Yd1vYP9rEdLHQQRMaAvH0EALw_wcB\">Efficiency Works<\/a> (que atiende a los clientes de Longmont Power and Communications) <span style=\"color: #333333\">proveen incentivos para comenzar. Consulte los siguientes programas afiliados con su servicio p\u00fablico para comenzar. <\/span><\/div>\n<\/div>\n<p>[\/vc_column_text]<div class=\"newdivider align-center\" style=\"border-bottom-style: solid; border-color: #dd9933; border-bottom-width: 4px; margin-top: 32px; margin-bottom: 32px; width: 100%; \"><\/div><div class=\"clear\"><\/div>[\/vc_column][\/vc_row][vc_row][vc_column width=\u00bb1\/4&#8243;][vc_single_image image=\u00bb2629&#8243; img_size=\u00bbmedium\u00bb]<div class=\"spacer\" style=\"height: 40px;\"><\/div>[vc_btn title=\u00bbCoordine su visita\u00bb color=\u00bbwarning\u00bb link=\u00bburl:https%3A%2F%2Fxcelenergycores.clearesult.com%2Fhome-energy-squad-plus-visit|title:Coordine%20su%20visita|target:_blank|\u00bb][\/vc_column][vc_column width=\u00bb3\/4&#8243;][vc_column_text]<a href=\"https:\/\/co.my.xcelenergy.com\/s\/residential\/home-services\/home-energy-audit\"><span style=\"font-family: Lato;font-size: 12.0pt;background: white\">El programa Home Energy Squad de Xcel Energy<\/span><\/a> <span style=\"font-family: Lato;font-size: 12.0pt;color: #333333;background: white\">env\u00eda a un experto directamente a su vivienda<\/span><span style=\"font-family: Lato;font-size: 12.0pt;color: #333333;background: white\">. Por $150 (a veces de oferta a $100), har\u00e1n una auditor\u00eda energ\u00e9tica, varios controles de seguridad y actualizaciones de eficiencia como bombillas LED, burletes, aireadores, termostatos inteligentes y m\u00e1s. El trabajo y los materiales est\u00e1n incluidos en el costo de su visita.<\/span>[\/vc_column_text]<div class=\"spacer\" style=\"height: 40px;\"><\/div>[vc_tta_accordion spacing=\u00bb3&#8243; active_section=\u00bb0&#8243; collapsible_all=\u00bbtrue\u00bb][vc_tta_section title=\u00bbRequisitos\u00bb tab_id=\u00bb1675712203094-17ee1cf4-f81a\u00bb][vc_column_text]Para poder recibir una visita de un Home Energy Squad:<\/p>\n<ul>\n<li class=\"ewa-rteLine\">Debe ser un cliente residencial de Xcel Energy en Colorado.<\/li>\n<li class=\"ewa-rteLine\">Su vivienda debe tener su propia cuenta de servicio p\u00fablico de electricidad y\/o gas, y debe ser una vivienda unifamiliar independiente o parte de un edificio con cuatro unidades o menos.<\/li>\n<li class=\"ewa-rteLine\">Las instalaciones ofrecidas dependen de su vivienda y de los servicios energ\u00e9ticos que reciba de Xcel Energy. Por ejemplo, los clientes solo de gas no pueden recibir bombillas LED y los clientes solo de electricidad con agua caliente a gas no pueden recibir una regadera.<\/li>\n<\/ul>\n<p>Para poder recibir un termostato inteligente gratis:<\/p>\n<ul>\n<li class=\"ewa-rteLine\">Debe ser un cliente de electricidad de Xcel Energy.<\/li>\n<li class=\"ewa-rteLine\">Debe tener acondicionador de aire central.<\/li>\n<li class=\"ewa-rteLine\">Debe inscribirse en el programa AC Rewards de Xcel Energy.<\/li>\n<\/ul>\n<p>Los clientes tambi\u00e9n pueden comprar un termostato inteligente en la tienda <a href=\"https:\/\/www.poweredbyefi.org\/xcelenergyco\/\">por internet de Xcel Energy<\/a> que el Squad puede instalar, seg\u00fan el cableado existente. Para la instalaci\u00f3n, el termostato debe estar en su envoltorio original, sin abrir. Incluso si se cumplen estos requisitos, nunca est\u00e1 garantizada la instalaci\u00f3n debido a situaciones espec\u00edficas de cableado.<\/p>\n<div class=\"ewa-rteLine\">Los inquilinos pueden participar en Home Energy Squad<sup>\u00ae<\/sup>. Se requiere de aprobaci\u00f3n previa del propietario o arrendador.<\/div>\n<div class=\"ewa-rteLine\"><\/div>\n<div class=\"ewa-rteLine\">Podr\u00edan aplicarse otras restricciones. Si tiene preguntas, llame a Xcel al <strong><a href=\"tel:303-446-7910,,2\">303-446-7910<\/a>, opci\u00f3n 2<\/strong>.<\/div>\n<p>[\/vc_column_text][\/vc_tta_section][vc_tta_section title=\u00bbQu\u00e9 puede esperar\u00bb tab_id=\u00bb1675712216864-256917e1-ef70&#8243;][vc_column_text]La visita del Home Energy Squad suele tardar alrededor de tres horas y se lleva a cabo en un horario conveniente para usted. La visita incluir\u00e1:<\/p>\n<ul>\n<li>Inspecci\u00f3n visual e instalaci\u00f3n de actualizaciones de eficiencia pertinentes<\/li>\n<li>Inspecci\u00f3n del exterior de la vivienda, aislamiento y sistemas mec\u00e1nicos<\/li>\n<li>An\u00e1lisis de fugas de aire con una prueba diagn\u00f3stica Blower-Door<\/li>\n<li>Prueba de la seguridad de la combusti\u00f3n<\/li>\n<li>Control del mon\u00f3xido de carbono<\/li>\n<li>Im\u00e1genes infrarrojas y an\u00e1lisis<\/li>\n<li>Informe resumido completo de hallazgos y recomendaciones<\/li>\n<li>Asesoramiento gratis sobre actualizaciones y descuentos<\/li>\n<\/ul>\n<p>[\/vc_column_text][\/vc_tta_section][vc_tta_section title=\u00bbM\u00e1s informaci\u00f3n\u00bb tab_id=\u00bb1675712624860-24ef6fd1-fb27&#8243;][vc_column_text]Visite <a href=\"https:\/\/xcelenergycores.clearesult.com\/home-energy-squad-plus-visit\">el sitio web del Home Energy Squad de Xcel<\/a> o, si tiene preguntas, llame a Xcel al <a href=\"tel:303-446-7910,,2\">303-446-7910<\/a>, <strong>opci\u00f3n 2<\/strong>.[\/vc_column_text][\/vc_tta_section][\/vc_tta_accordion][\/vc_column][\/vc_row][vc_row][vc_column width=\u00bb1\/1&#8243;]<div class=\"newdivider align-center\" style=\"border-bottom-style: solid; border-color: #dd9933; border-bottom-width: 2px; margin-top: 44px; margin-bottom: 44px; width: 100%; \"><\/div><div class=\"clear\"><\/div>[\/vc_column][\/vc_row][vc_row][vc_column width=\u00bb1\/4&#8243;][vc_single_image image=\u00bb2627&#8243; img_size=\u00bbmedium\u00bb]<div class=\"spacer\" style=\"height: 40px;\"><\/div>[vc_btn title=\u00bbCoordine su visita\u00bb color=\u00bbwarning\u00bb link=\u00bburl:https%3A%2F%2Fefficiencyworks.org%2Fhomes%2Fefficiency-audits%2F%3Fgclid%3DCj0KCQiA54KfBhCKARIsAJzSrdojbCQXOAMehfkf1C1DnAPsrHwN49P3uPAWuU9Yd1vYP9rEdLHQQRMaAvH0EALw_wcB|title:Coordine%20su%20visita|target:_blank|\u00bb][\/vc_column][vc_column width=\u00bb3\/4&#8243;][vc_column_text]<\/p>\n<div class=\"excerpt xeg-h4\">\n<p><a href=\"https:\/\/efficiencyworks.org\/homes\/efficiency-audits\/?gclid=Cj0KCQiA54KfBhCKARIsAJzSrdojbCQXOAMehfkf1C1DnAPsrHwN49P3uPAWuU9Yd1vYP9rEdLHQQRMaAvH0EALw_wcB%20_blank\">Efficiency Works Homes<\/a> ofrece evaluaciones de las viviendas y asesoramiento energ\u00e9tico gratis para clientes residenciales, incluso la identificaci\u00f3n de ineficiencias en su vivienda, la explicaci\u00f3n de beneficios y actualizaciones y ayuda con la planificaci\u00f3n o la revisi\u00f3n de proyectos.<\/p>\n<\/div>\n<p>[\/vc_column_text]<div class=\"spacer\" style=\"height: 40px;\"><\/div>[vc_tta_accordion gap=\u00bb3&#8243; active_section=\u00bb0&#8243; collapsible_all=\u00bbtrue\u00bb][vc_tta_section title=\u00bbRequisitos\u00bb tab_id=\u00bb1675713335055-b121d7b1-b1c4&#8243;][vc_column_text]Debe ser un cliente de Longmont Power and Communications.<\/p>\n<p>Los propietarios deben tener una evaluaci\u00f3n presencial de la eficiencia para poder obtener descuentos para proyectos de ventanas, aislamiento o sellado herm\u00e9tico.<\/p>\n<p>Los proyectos deben ser completados por un proveedor de servicios de Efficiency Works para ser elegibles para obtener descuentos. <a href=\"https:\/\/efficiencyworks.org\/homes\/efficiency-audits\/URL%20LINK:%20https:\/\/efficiencyworks.org\/resources\/find-a-service-provider\/\">Aqu\u00ed puede encontrar una lista de proveedores<\/a>.<\/p>\n<p>Efficiency Works trabajar\u00e1 con usted para confirmar si es elegible o no.[\/vc_column_text][\/vc_tta_section][vc_tta_section title=\u00bbQu\u00e9 puede esperar\u00bb tab_id=\u00bb1675713335071-452809e5-930f\u00bb][vc_column_text]Las evaluaciones energ\u00e9ticas le permitir\u00e1n saber m\u00e1s sobre la eficiencia energ\u00e9tica de su vivienda a trav\u00e9s de inspecciones visuales, mediciones y pruebas diagn\u00f3sticas que realizar\u00e1 un asesor de energ\u00eda. Su asesor entrega un informe detallado y a medida de los hallazgos y analizar\u00e1 el informe con usted y responder\u00e1 cualquier pregunta que tenga. Adem\u00e1s, su asesor puede ayudar a conectarlo con uno de nuestros proveedores de servicio cuando escoja avanzar con un proyecto.<\/p>\n<ul>\n<li><strong>Costo:<\/strong> $0 a $60<\/li>\n<li><strong>Tiempo:<\/strong> De 1 a 4 horas<\/li>\n<\/ul>\n<p>[\/vc_column_text][\/vc_tta_section][vc_tta_section title=\u00bbM\u00e1s informaci\u00f3n\u00bb tab_id=\u00bb1675713615349-e4bc316e-1d6a\u00bb][vc_column_text]<strong>\u00bfPreguntas?<\/strong> Contacte a EfficiencyWorks al <strong>877-981-1888<\/strong> u <a href=\"https:\/\/efficiencyworks.org\/homes\/efficiency-audits\/?gclid=Cj0KCQiA54KfBhCKARIsAJzSrdojbCQXOAMehfkf1C1DnAPsrHwN49P3uPAWuU9Yd1vYP9rEdLHQQRMaAvH0EALw_wcB%20_blank\">obtenga m\u00e1s informaci\u00f3n en el sitio web de EfficiencyWorks<\/a>.[\/vc_column_text][\/vc_tta_section][\/vc_tta_accordion][\/vc_column][\/vc_row][vc_row][vc_column width=\u00bb1\/1&#8243;]<div class=\"newdivider align-center\" style=\"border-bottom-style: solid; border-color: #dd9933; border-bottom-width: 2px; margin-top: 44px; margin-bottom: 44px; width: 100%; \"><\/div><div class=\"clear\"><\/div>[\/vc_column][\/vc_row][vc_row][vc_column width=\u00bb1\/1&#8243;][vc_column_text]<\/p>\n<h3>\u00bfNo est\u00e1 en el territorio de Xcel o de Efficiency Works?<\/h3>\n<p>Independientemente de su proveedor de servicios p\u00fablicos, las auditor\u00edas o evaluaciones energ\u00e9ticas de la vivienda son la herramienta m\u00e1s poderosa para entender su vivienda y comenzar las mejoras de salud y consumo energ\u00e9tico. Mientras United Power, Poudre Valley REA y servicios p\u00fablicos municipales de Lyons no ofrecen descuentos en este momento, <a href=\"https:\/\/energysmartyes.com\/es\/recursos\/contratista\/\">muchos contratistas estar\u00e1n felices de trabajar<\/a> con usted para seleccionar y completar un paquete de evaluaci\u00f3n energ\u00e9tica que tenga sentido para su hogar y su familia.[\/vc_column_text][\/vc_column][\/vc_row][vc_row][vc_column width=\u00bb1\/1&#8243;][vc_empty_space height=\u00bb40px\u00bb][vc_video link=\u00bbhttps:\/\/www.youtube.com\/watch?v=R_FdTPbgzTs\u00bb el_width=\u00bb80&#8243; align=\u00bbcenter\u00bb][vc_empty_space height=\u00bb40px\u00bb][\/vc_column][\/vc_row][vc_row bg_color=\u00bb#ededed\u00bb top_padding=\u00bb12&#8243; bottom_padding=\u00bb12&#8243;][vc_column width=\u00bb1\/3&#8243;][vc_column_text]&lt; <a href=\"https:\/\/energysmartyes.com\/es\/eficiencia-energetica\/\">Volver a la p\u00e1gina Eficiencia energ\u00e9tica<\/a>[\/vc_column_text][\/vc_column][vc_column width=\u00bb1\/3&#8243;][\/vc_column][vc_column width=\u00bb1\/3&#8243;][vc_column_text]<a href=\"https:\/\/energysmartyes.com\/es\/eficiencia-energetica\/aislamiento-y-sellado-hermetico\/\">El pr\u00f3ximo paso: Aislamiento y sellado herm\u00e9tico<\/a> &gt;[\/vc_column_text][\/vc_column][\/vc_row]<\/p>\n<\/div>","protected":false},"excerpt":{"rendered":"<p>[vc_section full_width=\u00bbstretch_row\u00bb][vc_row bg_color=\u00bb#ededed\u00bb top_padding=\u00bb12&#8243; bottom_padding=\u00bb12&#8243;][vc_column width=\u00bb1\/1&#8243;][vc_column_text]&lt; Volver a la p\u00e1gina Eficiencia energ\u00e9tica[\/vc_column_text][\/vc_column][\/vc_row][vc_row type=\u00bbfull_width_section\u00bb][vc_column width=\u00bb1\/1&#8243;][vc_single_image image=\u00bb3664&#8243; img_size=\u00bbfull\u00bb alignment=\u00bbcenter\u00bb][\/vc_column][\/vc_row][\/vc_section][vc_row top_padding=\u00bb44&#8243;][vc_column width=\u00bb1\/1&#8243;][vc_column_text] Auditor\u00edas energ\u00e9ticas de viviendas [\/vc_column_text][vc_column_text] Las auditor\u00edas energ\u00e9ticas de viviendas (a veces llamadas evaluaciones energ\u00e9ticas de una viviendas) ayudan a los propietarios a entender su consumo energ\u00e9tico residencial. Las evaluaciones energ\u00e9ticas suelen entregar un informe del consumo de energ\u00eda de su vivienda y ayudan a determinar las mejoras m\u00e1s eficientes en materia de costos para la vivienda. Tambi\u00e9n pueden proporcionar resultados en las pruebas de fugas de rad\u00f3n, mon\u00f3xido de carbono y gas natural para ayudar a mantener su hogar seguro. El Departamento de Energ\u00eda de EE. UU. ofrece una gran explicaci\u00f3n sobre los diferentes tipos de auditor\u00edas energ\u00e9ticas y sus ventajas. [\/vc_column_text][vc_video link=\u00bbhttps:\/\/www.youtube.com\/watch?v=YolBP0-vkBU\u00bb el_width=\u00bb80&#8243; align=\u00bbcenter\u00bb][vc_column_text] Xcel Energy y Efficiency Works (que atiende a los clientes de Longmont Power and Communications) proveen incentivos para comenzar. Consulte los siguientes programas afiliados con su servicio p\u00fablico para comenzar. [\/vc_column_text][\/vc_column][\/vc_row][vc_row][vc_column width=\u00bb1\/4&#8243;][vc_single_image image=\u00bb2629&#8243; img_size=\u00bbmedium\u00bb][vc_btn title=\u00bbCoordine su visita\u00bb color=\u00bbwarning\u00bb link=\u00bburl:https%3A%2F%2Fxcelenergycores.clearesult.com%2Fhome-energy-squad-plus-visit|title:Coordine%20su%20visita|target:_blank|\u00bb][\/vc_column][vc_column width=\u00bb3\/4&#8243;][vc_column_text]El programa Home Energy Squad de Xcel Energy env\u00eda a un experto directamente a su vivienda. Por $150 (a veces de oferta a $100), har\u00e1n una auditor\u00eda energ\u00e9tica, varios controles de seguridad y actualizaciones de eficiencia [&hellip;]<\/p>\n","protected":false},"author":1999,"featured_media":0,"parent":3907,"menu_order":6,"comment_status":"closed","ping_status":"closed","template":"","meta":{"_acf_changed":false,"footnotes":""},"class_list":["post-3938","page","type-page","status-publish","hentry"],"acf":[],"_links":{"self":[{"href":"https:\/\/energysmartyes.com\/es\/wp-json\/wp\/v2\/pages\/3938","targetHints":{"allow":["GET"]}}],"collection":[{"href":"https:\/\/energysmartyes.com\/es\/wp-json\/wp\/v2\/pages"}],"about":[{"href":"https:\/\/energysmartyes.com\/es\/wp-json\/wp\/v2\/types\/page"}],"author":[{"embeddable":true,"href":"https:\/\/energysmartyes.com\/es\/wp-json\/wp\/v2\/users\/1999"}],"replies":[{"embeddable":true,"href":"https:\/\/energysmartyes.com\/es\/wp-json\/wp\/v2\/comments?post=3938"}],"version-history":[{"count":18,"href":"https:\/\/energysmartyes.com\/es\/wp-json\/wp\/v2\/pages\/3938\/revisions"}],"predecessor-version":[{"id":5271,"href":"https:\/\/energysmartyes.com\/es\/wp-json\/wp\/v2\/pages\/3938\/revisions\/5271"}],"up":[{"embeddable":true,"href":"https:\/\/energysmartyes.com\/es\/wp-json\/wp\/v2\/pages\/3907"}],"wp:attachment":[{"href":"https:\/\/energysmartyes.com\/es\/wp-json\/wp\/v2\/media?parent=3938"}],"curies":[{"name":"wp","href":"https:\/\/api.w.org\/{rel}","templated":true}]}}