{"id":3921,"date":"2023-10-18T20:58:20","date_gmt":"2023-10-18T20:58:20","guid":{"rendered":"https:\/\/energysmartyes.com\/eficiencia-energetica\/ahorrar-energia\/"},"modified":"2025-03-13T00:58:45","modified_gmt":"2025-03-13T00:58:45","slug":"ahorrar-energia","status":"publish","type":"page","link":"https:\/\/energysmartyes.com\/es\/eficiencia-energetica\/ahorrar-energia\/","title":{"rendered":"Ahorrando energ\u00eda"},"content":{"rendered":"<div class=\"wpb-content-wrapper\"><p>[vc_section full_width=\u00bbstretch_row\u00bb][vc_row bg_color=\u00bb#ededed\u00bb top_padding=\u00bb12&#8243; bottom_padding=\u00bb12&#8243;][vc_column width=\u00bb1\/1&#8243;][vc_column_text]&lt; <a href=\"https:\/\/energysmartyes.com\/efficiency\/\">Back to Energy Efficiency<\/a>[\/vc_column_text][\/vc_column][\/vc_row][vc_row type=\u00bbfull_width_section\u00bb][vc_column width=\u00bb1\/1&#8243;]<div class=\"single_image wpb_content_element align-left    \" data-animation=\"none\" data-delay=\"0\"><img loading=\"lazy\" decoding=\"async\" width=\"2560\" height=\"1339\" src=\"https:\/\/energysmartyes.com\/wp-content\/uploads\/sites\/2\/2023\/10\/Equipment-and-Appliances-Sized-scaled.jpeg\" class=\"attachment-full\" alt=\"Man installing a lightbulb into a black light fixture hanging from the ceiling\" title=\"Equipment and Appliances Sized\" srcset=\"https:\/\/energysmartyes.com\/wp-content\/uploads\/sites\/2\/2023\/10\/Equipment-and-Appliances-Sized-scaled.jpeg 2560w, https:\/\/energysmartyes.com\/wp-content\/uploads\/sites\/2\/2023\/10\/Equipment-and-Appliances-Sized-300x157.jpeg 300w, https:\/\/energysmartyes.com\/wp-content\/uploads\/sites\/2\/2023\/10\/Equipment-and-Appliances-Sized-1024x536.jpeg 1024w, https:\/\/energysmartyes.com\/wp-content\/uploads\/sites\/2\/2023\/10\/Equipment-and-Appliances-Sized-768x402.jpeg 768w, https:\/\/energysmartyes.com\/wp-content\/uploads\/sites\/2\/2023\/10\/Equipment-and-Appliances-Sized-1536x804.jpeg 1536w, https:\/\/energysmartyes.com\/wp-content\/uploads\/sites\/2\/2023\/10\/Equipment-and-Appliances-Sized-2048x1071.jpeg 2048w\" sizes=\"auto, (max-width: 2560px) 100vw, 2560px\" \/><\/div>[\/vc_column][\/vc_row][\/vc_section][vc_row top_padding=\u00bb44&#8243; bottom_padding=\u00bb44&#8243;][vc_column width=\u00bb1\/1&#8243;][vc_column_text]<\/p>\n<h2 style=\"text-align: center\">Ahorrando energ\u00eda<\/h2>\n<p>[\/vc_column_text][vc_empty_space][vc_column_text]Sus aparatos, equipos, iluminaci\u00f3n y costumbres tambi\u00e9n juegan un rol importante en la eficiencia energ\u00e9tica de su vivienda. Actualizar con tecnolog\u00eda m\u00e1s nueva, incluso si es un poco m\u00e1s costoso al principio, puede lograr grandes ahorros en el consumo el\u00e9ctrico y el mantenimiento de rutina. <a href=\"https:\/\/www.energy.gov\/energysaver\/articles\/10-energy-saving-tips-spring\">Consulte estas opciones de bajo costo o gratis<\/a> para ahorrando energ\u00eda en la vivienda o despl\u00e1cese hacia abajo para conocer m\u00e1s ideas.[\/vc_column_text]<div class=\"newdivider align-center\" style=\"border-bottom-style: solid; border-color: #dd9933; border-bottom-width: 4px; margin-top: 32px; margin-bottom: 12px; width: 100%; \"><\/div><div class=\"clear\"><\/div>[\/vc_column][\/vc_row][vc_row bg_color=\u00bb#ffffff\u00bb top_padding=\u00bb20&#8243; bottom_padding=\u00bb44&#8243;][vc_column column_center=\u00bbtrue\u00bb width=\u00bb1\/2&#8243;][vc_column_text]<strong>Las l\u00e1mparas LED<\/strong> duran 50 veces m\u00e1s que las bombillas incandescentes y 5 veces m\u00e1s que las fluorescentes. Tambi\u00e9n son m\u00e1s brillantes, m\u00e1s econ\u00f3micas y usan menos electricidad para funcionar.[\/vc_column_text][\/vc_column][vc_column width=\u00bb1\/2&#8243;]<div class=\"single_image wpb_content_element align-left    \" data-animation=\"none\" data-delay=\"0\"><img loading=\"lazy\" decoding=\"async\" width=\"2560\" height=\"1440\" src=\"https:\/\/energysmartyes.com\/wp-content\/uploads\/sites\/2\/2023\/10\/LED-Lightbulb-scaled.jpeg\" class=\"attachment-full\" alt=\"Hands screwing in an LED lightbulb to a hanging socket\" title=\"LED Lightbulb\" srcset=\"https:\/\/energysmartyes.com\/wp-content\/uploads\/sites\/2\/2023\/10\/LED-Lightbulb-scaled.jpeg 2560w, https:\/\/energysmartyes.com\/wp-content\/uploads\/sites\/2\/2023\/10\/LED-Lightbulb-300x169.jpeg 300w, https:\/\/energysmartyes.com\/wp-content\/uploads\/sites\/2\/2023\/10\/LED-Lightbulb-1024x576.jpeg 1024w, https:\/\/energysmartyes.com\/wp-content\/uploads\/sites\/2\/2023\/10\/LED-Lightbulb-768x432.jpeg 768w, https:\/\/energysmartyes.com\/wp-content\/uploads\/sites\/2\/2023\/10\/LED-Lightbulb-1536x864.jpeg 1536w, https:\/\/energysmartyes.com\/wp-content\/uploads\/sites\/2\/2023\/10\/LED-Lightbulb-2048x1152.jpeg 2048w, https:\/\/energysmartyes.com\/wp-content\/uploads\/sites\/2\/2023\/10\/LED-Lightbulb-1000x563.jpeg 1000w\" sizes=\"auto, (max-width: 2560px) 100vw, 2560px\" \/><\/div>[\/vc_column][\/vc_row][vc_row bg_color=\u00bb#ffffff\u00bb bottom_padding=\u00bb44&#8243;][vc_column width=\u00bb1\/2&#8243;]<div class=\"single_image wpb_content_element align-left    \" data-animation=\"none\" data-delay=\"0\"><img loading=\"lazy\" decoding=\"async\" width=\"626\" height=\"418\" src=\"https:\/\/energysmartyes.com\/wp-content\/uploads\/sites\/2\/2023\/10\/Smart-Thermostat.jpeg\" class=\"attachment-full\" alt=\"Person in their kitchen interacting with a smart thermostat\" title=\"Smart Thermostat\" srcset=\"https:\/\/energysmartyes.com\/wp-content\/uploads\/sites\/2\/2023\/10\/Smart-Thermostat.jpeg 626w, https:\/\/energysmartyes.com\/wp-content\/uploads\/sites\/2\/2023\/10\/Smart-Thermostat-300x200.jpeg 300w, https:\/\/energysmartyes.com\/wp-content\/uploads\/sites\/2\/2023\/10\/Smart-Thermostat-600x400.jpeg 600w\" sizes=\"auto, (max-width: 626px) 100vw, 626px\" \/><\/div>[\/vc_column][vc_column column_center=\u00bbtrue\u00bb width=\u00bb1\/2&#8243;][vc_column_text]<strong>Smart thermostats<\/strong>, which allow you to control your home&#8217;s temperature remotely or \u00abset and forget\u00bb a schedule, can lead to huge savings and also increase your comfort. Some utilities offer rebates to purchase and install smart thermostats&#8211;<a href=\"https:\/\/www.energystar.gov\/products\/smart_thermostats\">check out Energy Star&#8217;s rebate finder here.<\/a>[\/vc_column_text][\/vc_column][\/vc_row][vc_row bg_color=\u00bb#ffffff\u00bb bottom_padding=\u00bb44&#8243;][vc_column column_center=\u00bbtrue\u00bb width=\u00bb1\/2&#8243;][vc_column_text]Los aparatos electr\u00f3nicos enchufados siempre est\u00e1n usando energ\u00eda incluso si est\u00e1n apagados. <strong>Las regletas inteligentes<\/strong> cortan la alimentaci\u00f3n de los dispositivos en modo de espera y reducen esta \u201ccarga vampiro\u201d, ahorr\u00e1ndole en su factura de electricidad. <a href=\"https:\/\/www.nrel.gov\/docs\/fy14osti\/60461.pdf\">Inf\u00f3rmese m\u00e1s aqu\u00ed.<\/a>[\/vc_column_text][\/vc_column][vc_column width=\u00bb1\/2&#8243;]<div class=\"single_image wpb_content_element align-left    \" data-animation=\"none\" data-delay=\"0\"><img loading=\"lazy\" decoding=\"async\" width=\"1772\" height=\"1183\" src=\"https:\/\/energysmartyes.com\/wp-content\/uploads\/sites\/2\/2023\/10\/Smart-Power-Strip.jpeg\" class=\"attachment-full\" alt=\"Hand plugging in a cable to a smart power strip\" title=\"Smart Power Strip\" srcset=\"https:\/\/energysmartyes.com\/wp-content\/uploads\/sites\/2\/2023\/10\/Smart-Power-Strip.jpeg 1772w, https:\/\/energysmartyes.com\/wp-content\/uploads\/sites\/2\/2023\/10\/Smart-Power-Strip-300x200.jpeg 300w, https:\/\/energysmartyes.com\/wp-content\/uploads\/sites\/2\/2023\/10\/Smart-Power-Strip-1024x684.jpeg 1024w, https:\/\/energysmartyes.com\/wp-content\/uploads\/sites\/2\/2023\/10\/Smart-Power-Strip-768x513.jpeg 768w, https:\/\/energysmartyes.com\/wp-content\/uploads\/sites\/2\/2023\/10\/Smart-Power-Strip-1536x1025.jpeg 1536w, https:\/\/energysmartyes.com\/wp-content\/uploads\/sites\/2\/2023\/10\/Smart-Power-Strip-600x400.jpeg 600w\" sizes=\"auto, (max-width: 1772px) 100vw, 1772px\" \/><\/div>[\/vc_column][\/vc_row][vc_row bg_color=\u00bb#ffffff\u00bb bottom_padding=\u00bb44&#8243;][vc_column width=\u00bb1\/2&#8243;][vc_video link=\u00bbhttps:\/\/www.youtube.com\/watch?v=X2m19VCQrpc\u00bb][\/vc_column][vc_column column_center=\u00bbtrue\u00bb width=\u00bb1\/2&#8243;][vc_column_text]When shopping for products, look for the <a href=\"https:\/\/www.energystar.gov\/products\/products_list\">Energy Star<\/a> seal to make sure you aren&#8217;t inviting extra energy or water bills into your home. Watch this video for a short explainer.[\/vc_column_text][\/vc_column][\/vc_row][vc_row bg_color=\u00bb#ededed\u00bb top_padding=\u00bb12&#8243; bottom_padding=\u00bb12&#8243;][vc_column width=\u00bb1\/1&#8243;][vc_column_text]&lt; <a href=\"https:\/\/energysmartyes.com\/efficiency\/\">Back to Energy Efficiency Home<\/a>[\/vc_column_text][\/vc_column][\/vc_row]<\/p>\n<\/div>","protected":false},"excerpt":{"rendered":"<p>[vc_section full_width=\u00bbstretch_row\u00bb][vc_row bg_color=\u00bb#ededed\u00bb top_padding=\u00bb12&#8243; bottom_padding=\u00bb12&#8243;][vc_column width=\u00bb1\/1&#8243;][vc_column_text]&lt; Back to Energy Efficiency[\/vc_column_text][\/vc_column][\/vc_row][vc_row type=\u00bbfull_width_section\u00bb][vc_column width=\u00bb1\/1&#8243;][\/vc_column][\/vc_row][\/vc_section][vc_row top_padding=\u00bb44&#8243; bottom_padding=\u00bb44&#8243;][vc_column width=\u00bb1\/1&#8243;][vc_column_text] Ahorrando energ\u00eda [\/vc_column_text][vc_empty_space][vc_column_text]Sus aparatos, equipos, iluminaci\u00f3n y costumbres tambi\u00e9n juegan un rol importante en la eficiencia energ\u00e9tica de su vivienda. Actualizar con tecnolog\u00eda m\u00e1s nueva, incluso si es un poco m\u00e1s costoso al principio, puede lograr grandes ahorros en el consumo el\u00e9ctrico y el mantenimiento de rutina. Consulte estas opciones de bajo costo o gratis para ahorrando energ\u00eda en la vivienda o despl\u00e1cese hacia abajo para conocer m\u00e1s ideas.[\/vc_column_text][\/vc_column][\/vc_row][vc_row bg_color=\u00bb#ffffff\u00bb top_padding=\u00bb20&#8243; bottom_padding=\u00bb44&#8243;][vc_column column_center=\u00bbtrue\u00bb width=\u00bb1\/2&#8243;][vc_column_text]Las l\u00e1mparas LED duran 50 veces m\u00e1s que las bombillas incandescentes y 5 veces m\u00e1s que las fluorescentes. Tambi\u00e9n son m\u00e1s brillantes, m\u00e1s econ\u00f3micas y usan menos electricidad para funcionar.[\/vc_column_text][\/vc_column][vc_column width=\u00bb1\/2&#8243;][\/vc_column][\/vc_row][vc_row bg_color=\u00bb#ffffff\u00bb bottom_padding=\u00bb44&#8243;][vc_column width=\u00bb1\/2&#8243;][\/vc_column][vc_column column_center=\u00bbtrue\u00bb width=\u00bb1\/2&#8243;][vc_column_text]Smart thermostats, which allow you to control your home&#8217;s temperature remotely or \u00abset and forget\u00bb a schedule, can lead to huge savings and also increase your comfort. Some utilities offer rebates to purchase and install smart thermostats&#8211;check out Energy Star&#8217;s rebate finder here.[\/vc_column_text][\/vc_column][\/vc_row][vc_row bg_color=\u00bb#ffffff\u00bb bottom_padding=\u00bb44&#8243;][vc_column column_center=\u00bbtrue\u00bb width=\u00bb1\/2&#8243;][vc_column_text]Los aparatos electr\u00f3nicos enchufados siempre est\u00e1n usando energ\u00eda incluso si est\u00e1n apagados. Las regletas inteligentes cortan la alimentaci\u00f3n de los dispositivos en modo de espera y reducen esta \u201ccarga vampiro\u201d, ahorr\u00e1ndole [&hellip;]<\/p>\n","protected":false},"author":3030,"featured_media":0,"parent":3907,"menu_order":0,"comment_status":"closed","ping_status":"closed","template":"","meta":{"_acf_changed":false,"footnotes":""},"class_list":["post-3921","page","type-page","status-publish","hentry"],"acf":[],"_links":{"self":[{"href":"https:\/\/energysmartyes.com\/es\/wp-json\/wp\/v2\/pages\/3921","targetHints":{"allow":["GET"]}}],"collection":[{"href":"https:\/\/energysmartyes.com\/es\/wp-json\/wp\/v2\/pages"}],"about":[{"href":"https:\/\/energysmartyes.com\/es\/wp-json\/wp\/v2\/types\/page"}],"author":[{"embeddable":true,"href":"https:\/\/energysmartyes.com\/es\/wp-json\/wp\/v2\/users\/3030"}],"replies":[{"embeddable":true,"href":"https:\/\/energysmartyes.com\/es\/wp-json\/wp\/v2\/comments?post=3921"}],"version-history":[{"count":10,"href":"https:\/\/energysmartyes.com\/es\/wp-json\/wp\/v2\/pages\/3921\/revisions"}],"predecessor-version":[{"id":5270,"href":"https:\/\/energysmartyes.com\/es\/wp-json\/wp\/v2\/pages\/3921\/revisions\/5270"}],"up":[{"embeddable":true,"href":"https:\/\/energysmartyes.com\/es\/wp-json\/wp\/v2\/pages\/3907"}],"wp:attachment":[{"href":"https:\/\/energysmartyes.com\/es\/wp-json\/wp\/v2\/media?parent=3921"}],"curies":[{"name":"wp","href":"https:\/\/api.w.org\/{rel}","templated":true}]}}