{"id":3918,"date":"2023-10-18T20:15:46","date_gmt":"2023-10-18T20:15:46","guid":{"rendered":"https:\/\/energysmartyes.com\/eficiencia-energetica\/aislamiento-y-sellado-hermetico\/"},"modified":"2025-03-13T00:44:48","modified_gmt":"2025-03-13T00:44:48","slug":"aislamiento-y-sellado-hermetico","status":"publish","type":"page","link":"https:\/\/energysmartyes.com\/es\/eficiencia-energetica\/aislamiento-y-sellado-hermetico\/","title":{"rendered":"Aislamiento y sellado herm\u00e9tico"},"content":{"rendered":"<div class=\"wpb-content-wrapper\"><p>[vc_section full_width=\u00bbstretch_row\u00bb][vc_row bg_color=\u00bb#ededed\u00bb top_padding=\u00bb12&#8243; bottom_padding=\u00bb12&#8243;][vc_column width=\u00bb1\/1&#8243;][vc_column_text]&lt; <a href=\"https:\/\/energysmartyes.com\/es\/eficiencia-energetica\/\">Volver a la p\u00e1gina Eficiencia energ\u00e9tica<\/a>[\/vc_column_text][\/vc_column][\/vc_row][vc_row type=\u00bbfull_width_section\u00bb][vc_column width=\u00bb1\/1&#8243;]<div class=\"single_image wpb_content_element align-left    \" data-animation=\"none\" data-delay=\"0\"><img loading=\"lazy\" decoding=\"async\" width=\"2560\" height=\"1063\" src=\"https:\/\/energysmartyes.com\/wp-content\/uploads\/sites\/2\/2023\/10\/Insulation-Banner-Sized-scaled.jpeg\" class=\"attachment-full\" alt=\"person\" title=\"Insulation Banner Sized\" srcset=\"https:\/\/energysmartyes.com\/wp-content\/uploads\/sites\/2\/2023\/10\/Insulation-Banner-Sized-scaled.jpeg 2560w, https:\/\/energysmartyes.com\/wp-content\/uploads\/sites\/2\/2023\/10\/Insulation-Banner-Sized-300x125.jpeg 300w, https:\/\/energysmartyes.com\/wp-content\/uploads\/sites\/2\/2023\/10\/Insulation-Banner-Sized-1024x425.jpeg 1024w, https:\/\/energysmartyes.com\/wp-content\/uploads\/sites\/2\/2023\/10\/Insulation-Banner-Sized-768x319.jpeg 768w, https:\/\/energysmartyes.com\/wp-content\/uploads\/sites\/2\/2023\/10\/Insulation-Banner-Sized-1536x638.jpeg 1536w, https:\/\/energysmartyes.com\/wp-content\/uploads\/sites\/2\/2023\/10\/Insulation-Banner-Sized-2048x850.jpeg 2048w\" sizes=\"auto, (max-width: 2560px) 100vw, 2560px\" \/><\/div>[\/vc_column][\/vc_row][\/vc_section][vc_section][vc_row top_padding=\u00bb44&#8243; bottom_padding=\u00bb44&#8243;][vc_column width=\u00bb1\/1&#8243;][vc_column_text]<\/p>\n<h2 style=\"text-align: center\">Aislamiento y sellado herm\u00e9tico<\/h2>\n<p>[\/vc_column_text][vc_empty_space][vc_column_text]El aislamiento y el sellado herm\u00e9tico funcionan juntos para ayudar a mantener su vivienda con una temperatura uniforme y a menudo son la primera l\u00ednea de defensa para las actualizaciones de eficiencia energ\u00e9tica porque marcan una gran diferencia en su consumo de energ\u00eda.<\/p>\n<p>El <strong>sellado<\/strong> <strong>herm\u00e9tico<\/strong> incluye rellenar huecos que permiten que el aire exterior ingrese por lugares por los que no queremos. Debido a que el aire es un gas, incluso huecos diminutos que no podemos ver pueden producir problemas con el mantenimiento de la temperatura.<\/p>\n<p><strong>Aislamiento<\/strong> hace referencia a cu\u00e1n bien sus muros, techos y otras caracter\u00edsticas exteriores mantienen la barrera t\u00e9rmica entre el interior y el exterior.<\/p>\n<p>El sellado herm\u00e9tico y el aislamiento funcionan juntos para mantener su casa m\u00e1s fresca en el verano y m\u00e1s c\u00e1lida en el invierno, logran ahorros energ\u00e9ticos todo el a\u00f1o y colaboran con la insonorizaci\u00f3n y una mejor calidad del aire interior. <a href=\"https:\/\/www.energystar.gov\/saveathome\/seal_insulate\/methodology\">La Agencia de Protecci\u00f3n Ambiental de Estados Unidos (EPA, en ingl\u00e9s) calcula<\/a> que los propietarios pueden ahorrar un promedio del 15 % en costos para calentar y enfriar (o un promedio del 11 % en el total de costos energ\u00e9ticos) mediante el sellado herm\u00e9tico de sus casas y el agregado de aislamiento en \u00e1ticos, pisos con c\u00e1maras y s\u00f3tanos.[\/vc_column_text]<div class=\"newdivider align-center\" style=\"border-bottom-style: solid; border-color: #dd9933; border-bottom-width: 4px; margin-top: 32px; margin-bottom: 32px; width: 100%; \"><\/div><div class=\"clear\"><\/div>[vc_column_text]Hay muchos tipos de proyectos de aislamiento y sellado herm\u00e9tico que pueden mejorar la eficiencia de su vivienda. Despl\u00e1cese hacia abajo para ver qu\u00e9 tipos de proyectos pueden ajustarse bien para su vivienda.[\/vc_column_text][\/vc_column][\/vc_row][vc_row bg_color=\u00bb#ededed\u00bb top_padding=\u00bb44&#8243; bottom_padding=\u00bb44&#8243;][vc_column column_center=\u00bbtrue\u00bb width=\u00bb1\/2&#8243;][vc_column_text]<\/p>\n<h3>\u00c1tico, muros, s\u00f3tanos o pisos con c\u00e1maras<\/h3>\n<p>Los espacios entre su sala de estar principal y el resto del mundo son donde es probable que su hogar transfiera la mayor cantidad de calor, ya sea perdiendo calidez en invierno o aire fresco en verano. Aislar su \u00e1tico y s\u00f3tano puede ser m\u00e1s complicado si lo hace solo, pero a menudo produce el mayor efecto sobre la mejora de la eficiencia energ\u00e9tica de su vivienda.<\/p>\n<ul>\n<li><a href=\"https:\/\/www.energystar.gov\/saveathome\/seal_insulate\/attic_air_sealing_project\">Sellado herm\u00e9tico de su \u00e1tico<\/a><\/li>\n<li><a href=\"https:\/\/www.energystar.gov\/saveathome\/seal_insulate\/attic_insulation_project\">Aislamiento de su \u00e1tico<\/a><\/li>\n<li><a href=\"https:\/\/www.energy.gov\/energysaver\/where-insulate-home#:~:text=Exterior%20Wall%20Insulation\">Aislamiento de sus muros<\/a><\/li>\n<li><a href=\"https:\/\/www.energystar.gov\/saveathome\/seal_insulate\/basement_crawlspace\">Sellado herm\u00e9tico o aislamiento de su s\u00f3tano o pisos con c\u00e1mara<\/a><\/li>\n<\/ul>\n<p>[\/vc_column_text][\/vc_column][vc_column width=\u00bb1\/2&#8243;]<div class=\"single_image wpb_content_element align-left    \" data-animation=\"none\" data-delay=\"0\"><img loading=\"lazy\" decoding=\"async\" width=\"1775\" height=\"1180\" src=\"https:\/\/energysmartyes.com\/wp-content\/uploads\/sites\/2\/2023\/10\/Insulation-Roll.jpeg\" class=\"attachment-full\" alt=\"person installing new insulation\" title=\"Insulation Roll\" srcset=\"https:\/\/energysmartyes.com\/wp-content\/uploads\/sites\/2\/2023\/10\/Insulation-Roll.jpeg 1775w, https:\/\/energysmartyes.com\/wp-content\/uploads\/sites\/2\/2023\/10\/Insulation-Roll-300x199.jpeg 300w, https:\/\/energysmartyes.com\/wp-content\/uploads\/sites\/2\/2023\/10\/Insulation-Roll-1024x681.jpeg 1024w, https:\/\/energysmartyes.com\/wp-content\/uploads\/sites\/2\/2023\/10\/Insulation-Roll-768x511.jpeg 768w, https:\/\/energysmartyes.com\/wp-content\/uploads\/sites\/2\/2023\/10\/Insulation-Roll-1536x1021.jpeg 1536w, https:\/\/energysmartyes.com\/wp-content\/uploads\/sites\/2\/2023\/10\/Insulation-Roll-600x400.jpeg 600w\" sizes=\"auto, (max-width: 1775px) 100vw, 1775px\" \/><\/div>[\/vc_column][\/vc_row][vc_row bg_color=\u00bb#ededed\u00bb bottom_padding=\u00bb44&#8243;][vc_column width=\u00bb1\/2&#8243;]<div class=\"single_image wpb_content_element align-left    \" data-animation=\"none\" data-delay=\"0\"><img loading=\"lazy\" decoding=\"async\" width=\"2508\" height=\"1672\" src=\"https:\/\/energysmartyes.com\/wp-content\/uploads\/sites\/2\/2023\/10\/Window.jpeg\" class=\"attachment-full\" alt=\"A person lowering shades in their home\" title=\"Window\" srcset=\"https:\/\/energysmartyes.com\/wp-content\/uploads\/sites\/2\/2023\/10\/Window.jpeg 2508w, https:\/\/energysmartyes.com\/wp-content\/uploads\/sites\/2\/2023\/10\/Window-300x200.jpeg 300w, https:\/\/energysmartyes.com\/wp-content\/uploads\/sites\/2\/2023\/10\/Window-1024x683.jpeg 1024w, https:\/\/energysmartyes.com\/wp-content\/uploads\/sites\/2\/2023\/10\/Window-768x512.jpeg 768w, https:\/\/energysmartyes.com\/wp-content\/uploads\/sites\/2\/2023\/10\/Window-1536x1024.jpeg 1536w, https:\/\/energysmartyes.com\/wp-content\/uploads\/sites\/2\/2023\/10\/Window-2048x1365.jpeg 2048w, https:\/\/energysmartyes.com\/wp-content\/uploads\/sites\/2\/2023\/10\/Window-600x400.jpeg 600w\" sizes=\"auto, (max-width: 2508px) 100vw, 2508px\" \/><\/div>[\/vc_column][vc_column column_center=\u00bbtrue\u00bb width=\u00bb1\/2&#8243;][vc_column_text]<\/p>\n<h3>Ventanas y puertas<\/h3>\n<p>A pesar de que reemplazar sus ventanas y puertas puede mejorar enormemente su eficiencia energ\u00e9tica, eso puede tomar mucho tiempo y resultar costoso muy r\u00e1pidamente (y se tarda mucho tiempo en compensar el gasto en materia de eficiencia energ\u00e9tica). Existen otras opciones que se pueden lograr por un costo significativamente m\u00e1s bajo y con o sin un contratista:<\/p>\n<ul>\n<li><a href=\"https:\/\/www.energystar.gov\/saveathome\/seal_insulate\/plastic_over_windows\">Instalar pl\u00e1stico en las ventanas para el invierno<\/a><\/li>\n<li><a href=\"https:\/\/www.energystar.gov\/saveathome\/seal_insulate\/sealing_window_door\">Sellar detr\u00e1s de la moldura de una ventana y puerta<\/a><\/li>\n<li><a href=\"https:\/\/www.energy.gov\/energysaver\/energy-efficient-window-coverings\">Tapar ventanas con materiales de alta calidad como cortinas o persianas<\/a><\/li>\n<\/ul>\n<p>[\/vc_column_text][\/vc_column][\/vc_row][vc_row top_padding=\u00bb40&#8243; bottom_padding=\u00bb40&#8243;][vc_column width=\u00bb1\/1&#8243;][vc_column_text]<\/p>\n<h3 style=\"text-align: center\">Insulation and Air Sealing FAQ<\/h3>\n<p>[\/vc_column_text][vc_empty_space][vc_tta_accordion][vc_tta_section title=\u00bbWill improving insulation\/air sealing fix comfort issues like hot and cold spots?\u00bb tab_id=\u00bb1699982471107-4309f087-9a69&#8243;][vc_column_text]Insulation and air sealing often yield comfort improvements in homes. How much those issues are improved may depend on the current status of your insulation and air tightness and if there are other issues to take into account. Getting a <a href=\"https:\/\/energysmartyes.com\/es\/eficiencia-energetica\/auditorias-energeticas-de-casas\/\">Home Energy Audit<\/a> can help determine what\u2019s causing those comfort issues.[\/vc_column_text][\/vc_tta_section][vc_tta_section title=\u00bbWhat is the best insulation product to use?\u00bb tab_id=\u00bb1699982471124-f192dea3-3c14&#8243;][vc_column_text]There are many insulation products to use that have different pros and cons. <a href=\"https:\/\/www.energy.gov\/energysaver\/types-insulation\">Visit this Department of Energy webpage<\/a> detailing the various insulation products to learn more.<\/p>\n<p>Many contractors have preferred vendors they use when selecting insulation products, so we recommend consulting with them on what they might think is the best fit for your home.[\/vc_column_text][\/vc_tta_section][\/vc_tta_accordion][\/vc_column][\/vc_row][vc_row top_padding=\u00bb44&#8243; bottom_padding=\u00bb44&#8243;][vc_column column_center=\u00bbtrue\u00bb width=\u00bb1\/4&#8243;]<div class=\"single_image wpb_content_element align-left    \" data-animation=\"none\" data-delay=\"0\"><img loading=\"lazy\" decoding=\"async\" width=\"1800\" height=\"1165\" src=\"https:\/\/energysmartyes.com\/wp-content\/uploads\/sites\/2\/2023\/10\/contractor.jpeg\" class=\"attachment-full\" alt=\"A woman talks to a contractor in her home\" title=\"contractor\" srcset=\"https:\/\/energysmartyes.com\/wp-content\/uploads\/sites\/2\/2023\/10\/contractor.jpeg 1800w, https:\/\/energysmartyes.com\/wp-content\/uploads\/sites\/2\/2023\/10\/contractor-300x194.jpeg 300w, https:\/\/energysmartyes.com\/wp-content\/uploads\/sites\/2\/2023\/10\/contractor-1024x663.jpeg 1024w, https:\/\/energysmartyes.com\/wp-content\/uploads\/sites\/2\/2023\/10\/contractor-768x497.jpeg 768w, https:\/\/energysmartyes.com\/wp-content\/uploads\/sites\/2\/2023\/10\/contractor-1536x994.jpeg 1536w\" sizes=\"auto, (max-width: 1800px) 100vw, 1800px\" \/><\/div>[\/vc_column][vc_column width=\u00bb3\/4&#8243;][vc_column_text]<\/p>\n<h3>\u00bfListo para arrancar?<\/h3>\n<p>Algunos proyectos se pueden emprender por cuenta propia mientras que otros ser\u00eda mejor que est\u00e9n en manos de un contratista para garantizar los mejores resultados. . Si est\u00e1 listo para empezar a realizar llamados y conseguir presupuestos, cuenta con la ayuda de EnergySmart:[\/vc_column_text][vc_empty_space height=\u00bb16px\u00bb][vc_btn title=\u00bbEncuente una contratista\u00bb color=\u00bbwarning\u00bb link=\u00bburl:https%3A%2F%2Fenergysmartyes.com%2Ffind-a-contractor%2F|title:Encuente%20una%20contratista|target:_blank|\u00bb][\/vc_column][\/vc_row][vc_row top_padding=\u00bb44&#8243; bottom_padding=\u00bb44&#8243;][vc_column column_center=\u00bbtrue\u00bb width=\u00bb1\/4&#8243;]<div class=\"single_image wpb_content_element align-left    \" data-animation=\"none\" data-delay=\"0\"><img loading=\"lazy\" decoding=\"async\" width=\"626\" height=\"418\" src=\"https:\/\/energysmartyes.com\/wp-content\/uploads\/sites\/2\/2023\/10\/ReviewingPlan.jpeg\" class=\"attachment-full\" alt=\"Couple sitting at home on their couch reviewing paperwork together\" title=\"ReviewingPlan\" srcset=\"https:\/\/energysmartyes.com\/wp-content\/uploads\/sites\/2\/2023\/10\/ReviewingPlan.jpeg 626w, https:\/\/energysmartyes.com\/wp-content\/uploads\/sites\/2\/2023\/10\/ReviewingPlan-300x200.jpeg 300w, https:\/\/energysmartyes.com\/wp-content\/uploads\/sites\/2\/2023\/10\/ReviewingPlan-600x400.jpeg 600w\" sizes=\"auto, (max-width: 626px) 100vw, 626px\" \/><\/div>[\/vc_column][vc_column width=\u00bb3\/4&#8243;][vc_column_text]<\/p>\n<h3>\u00bfNo sabes por d\u00f3nde empezar?<\/h3>\n<p><a href=\"\/\/homes.rewiringamerica.org\/personal-electrification-planner\" target=\"_blank\" rel=\"noopener\">Obtenga una gu\u00eda personalizada GRATUITA<\/a> para actualizar su vivienda. Responda solo algunas preguntas para conseguir una gu\u00eda paso a paso personalizada, estimados de costos, informaci\u00f3n sobre descuentos y m\u00e1s.[\/vc_column_text][vc_empty_space height=\u00bb16px\u00bb][vc_btn title=\u00bbComience aqui\u00bb color=\u00bbwarning\u00bb css=\u00bb\u00bb link=\u00bburl:https%3A%2F%2Fhomes.rewiringamerica.org%2Fpersonal-electrification-planner|title:Comience%20aqui|target:_blank|\u00bb][\/vc_column][\/vc_row][\/vc_section][vc_row bg_color=\u00bb#ededed\u00bb top_padding=\u00bb12&#8243; bottom_padding=\u00bb12&#8243;][vc_column width=\u00bb1\/2&#8243;][vc_column_text]&lt; <a href=\"https:\/\/energysmartyes.com\/es\/eficiencia-energetica\/\">Volver a la p\u00e1gina Eficiencia energ\u00e9tica<\/a>[\/vc_column_text][\/vc_column][vc_column width=\u00bb1\/2&#8243;][vc_column_text]<\/p>\n<p style=\"text-align: right\"><a href=\"https:\/\/energysmartyes.com\/es\/eficiencia-energetica\/ahorrar-energia\/\">El pr\u00f3ximo paso: Ahorrar energ\u00eda<\/a> &gt;<\/p>\n<p>[\/vc_column_text][\/vc_column][\/vc_row]<\/p>\n<\/div>","protected":false},"excerpt":{"rendered":"<p>[vc_section full_width=\u00bbstretch_row\u00bb][vc_row bg_color=\u00bb#ededed\u00bb top_padding=\u00bb12&#8243; bottom_padding=\u00bb12&#8243;][vc_column width=\u00bb1\/1&#8243;][vc_column_text]&lt; Volver a la p\u00e1gina Eficiencia energ\u00e9tica[\/vc_column_text][\/vc_column][\/vc_row][vc_row type=\u00bbfull_width_section\u00bb][vc_column width=\u00bb1\/1&#8243;][\/vc_column][\/vc_row][\/vc_section][vc_section][vc_row top_padding=\u00bb44&#8243; bottom_padding=\u00bb44&#8243;][vc_column width=\u00bb1\/1&#8243;][vc_column_text] Aislamiento y sellado herm\u00e9tico [\/vc_column_text][vc_empty_space][vc_column_text]El aislamiento y el sellado herm\u00e9tico funcionan juntos para ayudar a mantener su vivienda con una temperatura uniforme y a menudo son la primera l\u00ednea de defensa para las actualizaciones de eficiencia energ\u00e9tica porque marcan una gran diferencia en su consumo de energ\u00eda. El sellado herm\u00e9tico incluye rellenar huecos que permiten que el aire exterior ingrese por lugares por los que no queremos. Debido a que el aire es un gas, incluso huecos diminutos que no podemos ver pueden producir problemas con el mantenimiento de la temperatura. Aislamiento hace referencia a cu\u00e1n bien sus muros, techos y otras caracter\u00edsticas exteriores mantienen la barrera t\u00e9rmica entre el interior y el exterior. El sellado herm\u00e9tico y el aislamiento funcionan juntos para mantener su casa m\u00e1s fresca en el verano y m\u00e1s c\u00e1lida en el invierno, logran ahorros energ\u00e9ticos todo el a\u00f1o y colaboran con la insonorizaci\u00f3n y una mejor calidad del aire interior. La Agencia de Protecci\u00f3n Ambiental de Estados Unidos (EPA, en ingl\u00e9s) calcula que los propietarios pueden ahorrar un promedio del 15 % en costos para calentar y enfriar [&hellip;]<\/p>\n","protected":false},"author":3030,"featured_media":0,"parent":3907,"menu_order":0,"comment_status":"closed","ping_status":"closed","template":"","meta":{"_acf_changed":false,"footnotes":""},"class_list":["post-3918","page","type-page","status-publish","hentry"],"acf":[],"_links":{"self":[{"href":"https:\/\/energysmartyes.com\/es\/wp-json\/wp\/v2\/pages\/3918","targetHints":{"allow":["GET"]}}],"collection":[{"href":"https:\/\/energysmartyes.com\/es\/wp-json\/wp\/v2\/pages"}],"about":[{"href":"https:\/\/energysmartyes.com\/es\/wp-json\/wp\/v2\/types\/page"}],"author":[{"embeddable":true,"href":"https:\/\/energysmartyes.com\/es\/wp-json\/wp\/v2\/users\/3030"}],"replies":[{"embeddable":true,"href":"https:\/\/energysmartyes.com\/es\/wp-json\/wp\/v2\/comments?post=3918"}],"version-history":[{"count":6,"href":"https:\/\/energysmartyes.com\/es\/wp-json\/wp\/v2\/pages\/3918\/revisions"}],"predecessor-version":[{"id":5252,"href":"https:\/\/energysmartyes.com\/es\/wp-json\/wp\/v2\/pages\/3918\/revisions\/5252"}],"up":[{"embeddable":true,"href":"https:\/\/energysmartyes.com\/es\/wp-json\/wp\/v2\/pages\/3907"}],"wp:attachment":[{"href":"https:\/\/energysmartyes.com\/es\/wp-json\/wp\/v2\/media?parent=3918"}],"curies":[{"name":"wp","href":"https:\/\/api.w.org\/{rel}","templated":true}]}}