{"id":3914,"date":"2023-10-10T19:01:01","date_gmt":"2023-10-10T19:01:01","guid":{"rendered":"https:\/\/energysmartyes.com\/nosotros\/"},"modified":"2026-03-10T21:12:44","modified_gmt":"2026-03-10T21:12:44","slug":"nosotros","status":"publish","type":"page","link":"https:\/\/energysmartyes.com\/es\/nosotros\/","title":{"rendered":"Nosotros"},"content":{"rendered":"<div class=\"wpb-content-wrapper\"><p>[vc_row][vc_column width=\u00bb1\/1&#8243;][vc_column_text]<\/p>\n<h1>Conozca a EnergySmart<\/h1>\n<p>[\/vc_column_text]<div class=\"divider divider1\" style='margin:30px 0 30px 0 !important;'><\/div>[vc_column_text]EnergySmart ayuda a los residentes del Condado de Boulder a hacer que sus casas sean m\u00e1s saludables, m\u00e1s seguras y m\u00e1s aptas para el clima. Nuestros recursos por internet y programas pueden guiarlo por los pasos de mejoras de eficiencia energ\u00e9tica, electrificaci\u00f3n, pasarse a energ\u00eda solar y m\u00e1s, \u00a1y todo gratis!<\/p>\n<p>Cuando se inscribe en EnergySmart, recibe acceso a recursos y descuentos que contribuyen a la transici\u00f3n m\u00e1s sencilla y econ\u00f3mica de su hogar hacia una tecnolog\u00eda limpia. <a href=\"https:\/\/bouldercounty.formstack.com\/forms\/energysmart_contact_form\" target=\"_blank\" rel=\"noopener\">Inscr\u00edbase aqu\u00ed en EnergySmart y conozca a nuestros asesores<\/a>.[\/vc_column_text]<div class=\"spacer\" style=\"height: 40px;\"><\/div>[vc_column_text]<\/p>\n<h2>Nuestro equipo<\/h2>\n<p>[\/vc_column_text]<div class=\"spacer\" style=\"height: 20px;\"><\/div>[\/vc_column][\/vc_row][vc_row][vc_column width=\u00bb1\/3&#8243;][vc_single_image image=\u00bb4568&#8243; img_size=\u00bbfull\u00bb css=\u00bb.vc_custom_1723588267822{padding-bottom: 10px !important;}\u00bb][vc_column_text]<\/p>\n<h3 class=\"es-names\">Andy Kadlec (he\/him)<\/h3>\n<p>Multifamily Electrification Specialist[\/vc_column_text][\/vc_column][vc_column width=\u00bb1\/3&#8243;][vc_single_image image=\u00bb4581&#8243; img_size=\u00bbfull\u00bb css=\u00bb.vc_custom_1724431011947{padding-bottom: 10px !important;}\u00bb][vc_column_text]<\/p>\n<h3 class=\"es-names\">Jazmin Melendez (she\/her)<\/h3>\n<p>Asesor energ\u00e9tico residencial [\/vc_column_text][\/vc_column][vc_column width=\u00bb1\/3&#8243;][vc_single_image image=\u00bb4583&#8243; img_size=\u00bbfull\u00bb css=\u00bb.vc_custom_1724431040588{padding-bottom: 10px !important;}\u00bb][vc_column_text]<\/p>\n<h3 class=\"es-names\">Michelle Francies (she\/her\/ella)<\/h3>\n<p>Asesor energ\u00e9tico residencial biling\u00fce[\/vc_column_text][\/vc_column][\/vc_row][vc_row][vc_column width=\u00bb1\/1&#8243;]<div class=\"spacer\" style=\"height: 30px;\"><\/div>[\/vc_column][\/vc_row][vc_row][vc_column width=\u00bb1\/3&#8243;][vc_single_image image=\u00bb4658&#8243; img_size=\u00bbfull\u00bb css=\u00bb.vc_custom_1725642176132{padding-bottom: 10px !important;}\u00bb][vc_column_text]<\/p>\n<h3 class=\"es-names\">Miles Hoffman (he\/him)<\/h3>\n<p>Residential Energy Fellow[\/vc_column_text][\/vc_column][vc_column width=\u00bb1\/3&#8243;][vc_single_image image=\u00bb4573&#8243; img_size=\u00bbfull\u00bb css=\u00bb.vc_custom_1723588581463{padding-bottom: 10px !important;}\u00bb][vc_column_text]<\/p>\n<h3 class=\"es-names\">Rachael Bramblett (she\/her)<\/h3>\n<p>EnergySmart Program Manager[\/vc_column_text][\/vc_column][vc_column width=\u00bb1\/3&#8243;][\/vc_column][\/vc_row][vc_row][vc_column width=\u00bb1\/1&#8243;]<div class=\"spacer\" style=\"height: 40px;\"><\/div>[\/vc_column][\/vc_row]<\/p>\n<\/div>","protected":false},"excerpt":{"rendered":"<p>[vc_row][vc_column width=\u00bb1\/1&#8243;][vc_column_text] Conozca a EnergySmart [\/vc_column_text][vc_column_text]EnergySmart ayuda a los residentes del Condado de Boulder a hacer que sus casas sean m\u00e1s saludables, m\u00e1s seguras y m\u00e1s aptas para el clima. Nuestros recursos por internet y programas pueden guiarlo por los pasos de mejoras de eficiencia energ\u00e9tica, electrificaci\u00f3n, pasarse a energ\u00eda solar y m\u00e1s, \u00a1y todo gratis! Cuando se inscribe en EnergySmart, recibe acceso a recursos y descuentos que contribuyen a la transici\u00f3n m\u00e1s sencilla y econ\u00f3mica de su hogar hacia una tecnolog\u00eda limpia. Inscr\u00edbase aqu\u00ed en EnergySmart y conozca a nuestros asesores.[\/vc_column_text][vc_column_text] Nuestro equipo [\/vc_column_text][\/vc_column][\/vc_row][vc_row][vc_column width=\u00bb1\/3&#8243;][vc_single_image image=\u00bb4568&#8243; img_size=\u00bbfull\u00bb css=\u00bb.vc_custom_1723588267822{padding-bottom: 10px !important;}\u00bb][vc_column_text] Andy Kadlec (he\/him) Multifamily Electrification Specialist[\/vc_column_text][\/vc_column][vc_column width=\u00bb1\/3&#8243;][vc_single_image image=\u00bb4581&#8243; img_size=\u00bbfull\u00bb css=\u00bb.vc_custom_1724431011947{padding-bottom: 10px !important;}\u00bb][vc_column_text] Jazmin Melendez (she\/her) Asesor energ\u00e9tico residencial [\/vc_column_text][\/vc_column][vc_column width=\u00bb1\/3&#8243;][vc_single_image image=\u00bb4583&#8243; img_size=\u00bbfull\u00bb css=\u00bb.vc_custom_1724431040588{padding-bottom: 10px !important;}\u00bb][vc_column_text] Michelle Francies (she\/her\/ella) Asesor energ\u00e9tico residencial biling\u00fce[\/vc_column_text][\/vc_column][\/vc_row][vc_row][vc_column width=\u00bb1\/1&#8243;][\/vc_column][\/vc_row][vc_row][vc_column width=\u00bb1\/3&#8243;][vc_single_image image=\u00bb4658&#8243; img_size=\u00bbfull\u00bb css=\u00bb.vc_custom_1725642176132{padding-bottom: 10px !important;}\u00bb][vc_column_text] Miles Hoffman (he\/him) Residential Energy Fellow[\/vc_column_text][\/vc_column][vc_column width=\u00bb1\/3&#8243;][vc_single_image image=\u00bb4573&#8243; img_size=\u00bbfull\u00bb css=\u00bb.vc_custom_1723588581463{padding-bottom: 10px !important;}\u00bb][vc_column_text] Rachael Bramblett (she\/her) EnergySmart Program Manager[\/vc_column_text][\/vc_column][vc_column width=\u00bb1\/3&#8243;][\/vc_column][\/vc_row][vc_row][vc_column width=\u00bb1\/1&#8243;][\/vc_column][\/vc_row]<\/p>\n","protected":false},"author":3030,"featured_media":0,"parent":0,"menu_order":0,"comment_status":"closed","ping_status":"closed","template":"","meta":{"_acf_changed":false,"footnotes":""},"class_list":["post-3914","page","type-page","status-publish","hentry"],"acf":[],"_links":{"self":[{"href":"https:\/\/energysmartyes.com\/es\/wp-json\/wp\/v2\/pages\/3914","targetHints":{"allow":["GET"]}}],"collection":[{"href":"https:\/\/energysmartyes.com\/es\/wp-json\/wp\/v2\/pages"}],"about":[{"href":"https:\/\/energysmartyes.com\/es\/wp-json\/wp\/v2\/types\/page"}],"author":[{"embeddable":true,"href":"https:\/\/energysmartyes.com\/es\/wp-json\/wp\/v2\/users\/3030"}],"replies":[{"embeddable":true,"href":"https:\/\/energysmartyes.com\/es\/wp-json\/wp\/v2\/comments?post=3914"}],"version-history":[{"count":11,"href":"https:\/\/energysmartyes.com\/es\/wp-json\/wp\/v2\/pages\/3914\/revisions"}],"predecessor-version":[{"id":6094,"href":"https:\/\/energysmartyes.com\/es\/wp-json\/wp\/v2\/pages\/3914\/revisions\/6094"}],"wp:attachment":[{"href":"https:\/\/energysmartyes.com\/es\/wp-json\/wp\/v2\/media?parent=3914"}],"curies":[{"name":"wp","href":"https:\/\/api.w.org\/{rel}","templated":true}]}}