{"id":3907,"date":"2023-10-11T16:41:20","date_gmt":"2023-10-11T16:41:20","guid":{"rendered":"https:\/\/energysmartyes.com\/eficiencia-energetica\/"},"modified":"2025-03-13T00:40:26","modified_gmt":"2025-03-13T00:40:26","slug":"eficiencia-energetica","status":"publish","type":"page","link":"https:\/\/energysmartyes.com\/es\/eficiencia-energetica\/","title":{"rendered":"Eficiencia energ\u00e9tica"},"content":{"rendered":"<div class=\"wpb-content-wrapper\"><p>[vc_section full_width=\u00bbstretch_row\u00bb][vc_row type=\u00bbfull_width_section\u00bb][vc_column width=\u00bb1\/1&#8243;]<div class=\"single_image wpb_content_element align-left    \" data-animation=\"none\" data-delay=\"0\"><img loading=\"lazy\" decoding=\"async\" width=\"1773\" height=\"791\" src=\"https:\/\/energysmartyes.com\/wp-content\/uploads\/sites\/2\/2023\/10\/EnergyEfficiency.jpeg\" class=\"attachment-full\" alt=\"A woman hugs a dog and looks out a window\" title=\"EnergyEfficiency\" srcset=\"https:\/\/energysmartyes.com\/wp-content\/uploads\/sites\/2\/2023\/10\/EnergyEfficiency.jpeg 1773w, https:\/\/energysmartyes.com\/wp-content\/uploads\/sites\/2\/2023\/10\/EnergyEfficiency-300x134.jpeg 300w, https:\/\/energysmartyes.com\/wp-content\/uploads\/sites\/2\/2023\/10\/EnergyEfficiency-1024x457.jpeg 1024w, https:\/\/energysmartyes.com\/wp-content\/uploads\/sites\/2\/2023\/10\/EnergyEfficiency-768x343.jpeg 768w, https:\/\/energysmartyes.com\/wp-content\/uploads\/sites\/2\/2023\/10\/EnergyEfficiency-1536x685.jpeg 1536w\" sizes=\"auto, (max-width: 1773px) 100vw, 1773px\" \/><\/div>[\/vc_column][\/vc_row][\/vc_section][vc_row top_padding=\u00bb32&#8243; bottom_padding=\u00bb32&#8243;][vc_column width=\u00bb1\/1&#8243;][vc_column_text]<\/p>\n<h2 style=\"text-align: center\">Eficiencia energ\u00e9tica<\/h2>\n<p>[\/vc_column_text][vc_empty_space][vc_column_text]Si quiere electrificar, pasar a energ\u00eda solar o hacer otras renovaciones o actualizaciones en su vivienda, <strong>el primer paso siempre deber\u00eda ser evaluar y mejorar la eficiencia energ\u00e9tica de su vivienda.<\/strong><\/p>\n<p>Sin un buen sellado herm\u00e9tico, las puertas o ventanas fugar\u00e1n aire calentado o enfriado. Si su aislamiento no es bueno, no mantendr\u00e1 el aire calentado o enfriado dentro de su vivienda y no ver\u00e1 tantos beneficios, como reducci\u00f3n de costos, de otras actualizaciones costosas si no trata primero esas cuestiones.<\/p>\n<p>Sin lograr primero la eficiencia energ\u00e9tica, quiz\u00e1 termine gastando m\u00e1s de lo que necesita por algunos motivos:<\/p>\n<ol>\n<li>Una vivienda que tiene buen aislamiento y sellado herm\u00e9tico a menudo puede usar una bomba de calor m\u00e1s peque\u00f1a (y por tanto, m\u00e1s econ\u00f3mica) para lograr los mismos resultados;<\/li>\n<li>Los residentes que han minimizado su consumo el\u00e9ctrico en aparatos, iluminaci\u00f3n y equipos pueden abastecer de energ\u00eda a su vivienda con un sistema de paneles solares m\u00e1s peque\u00f1o (y por tanto, m\u00e1s econ\u00f3mico) y bater\u00eda.<\/li>\n<\/ol>\n<p>Si no sabe qu\u00e9 encarar primero, una auditor\u00eda energ\u00e9tica es un excelente punto de partida. Si no sabe qu\u00e9 encarar primero, una <a href=\"https:\/\/energysmartyes.com\/es\/eficiencia-energetica\/auditorias-energeticas-de-casas\/\">auditor\u00eda energ\u00e9tica<\/a> es un excelente punto de partida.[\/vc_column_text][\/vc_column][\/vc_row][vc_row bg_color=\u00bb#ededed\u00bb top_padding=\u00bb44&#8243; bottom_padding=\u00bb44&#8243;][vc_column width=\u00bb1\/3&#8243;]<div class=\"single_image wpb_content_element align-left    \" data-animation=\"none\" data-delay=\"0\"><a href=\"https:\/\/energysmartyes.com\/efficiency\/energyaudit\/\" target=\"_self\"><img loading=\"lazy\" decoding=\"async\" width=\"627\" height=\"418\" src=\"https:\/\/energysmartyes.com\/wp-content\/uploads\/sites\/2\/2023\/10\/Energy-Advising-Icon.jpeg\" class=\"attachment-full\" alt=\"couple working on home decisions with a contractor over a glass table\" title=\"Energy Advising Icon\" srcset=\"https:\/\/energysmartyes.com\/wp-content\/uploads\/sites\/2\/2023\/10\/Energy-Advising-Icon.jpeg 627w, https:\/\/energysmartyes.com\/wp-content\/uploads\/sites\/2\/2023\/10\/Energy-Advising-Icon-300x200.jpeg 300w, https:\/\/energysmartyes.com\/wp-content\/uploads\/sites\/2\/2023\/10\/Energy-Advising-Icon-600x400.jpeg 600w\" sizes=\"auto, (max-width: 627px) 100vw, 627px\" \/><\/a><\/div><div class=\"spacer\" style=\"height: 40px;\"><\/div>[vc_column_text]<\/p>\n<p style=\"text-align: center\"><a href=\"https:\/\/energysmartyes.com\/es\/eficiencia-energetica\/auditorias-energeticas-de-casas\/\"><strong>Paso 1: Auditor\u00edas energ\u00e9ticas de viviendas<\/strong><\/a><\/p>\n<p>[\/vc_column_text][\/vc_column][vc_column width=\u00bb1\/3&#8243;]<div class=\"single_image wpb_content_element align-left    \" data-animation=\"none\" data-delay=\"0\"><a href=\"https:\/\/energysmartyes.com\/efficiency\/insulation-and-air-sealing\/\" target=\"_self\"><img loading=\"lazy\" decoding=\"async\" width=\"1775\" height=\"1180\" src=\"https:\/\/energysmartyes.com\/wp-content\/uploads\/sites\/2\/2023\/10\/Insulation-Roll.jpeg\" class=\"attachment-full\" alt=\"person installing new insulation\" title=\"Insulation Roll\" srcset=\"https:\/\/energysmartyes.com\/wp-content\/uploads\/sites\/2\/2023\/10\/Insulation-Roll.jpeg 1775w, https:\/\/energysmartyes.com\/wp-content\/uploads\/sites\/2\/2023\/10\/Insulation-Roll-300x199.jpeg 300w, https:\/\/energysmartyes.com\/wp-content\/uploads\/sites\/2\/2023\/10\/Insulation-Roll-1024x681.jpeg 1024w, https:\/\/energysmartyes.com\/wp-content\/uploads\/sites\/2\/2023\/10\/Insulation-Roll-768x511.jpeg 768w, https:\/\/energysmartyes.com\/wp-content\/uploads\/sites\/2\/2023\/10\/Insulation-Roll-1536x1021.jpeg 1536w, https:\/\/energysmartyes.com\/wp-content\/uploads\/sites\/2\/2023\/10\/Insulation-Roll-600x400.jpeg 600w\" sizes=\"auto, (max-width: 1775px) 100vw, 1775px\" \/><\/a><\/div><div class=\"spacer\" style=\"height: 40px;\"><\/div>[vc_column_text]<\/p>\n<p style=\"text-align: center\"><a href=\"https:\/\/energysmartyes.com\/es\/eficiencia-energetica\/aislamiento-y-sellado-hermetico\/\"><b>Paso 2: Aislamiento y sellado herm\u00e9tico<\/b><\/a><\/p>\n<p>[\/vc_column_text][\/vc_column][vc_column width=\u00bb1\/3&#8243;]<div class=\"single_image wpb_content_element align-left    \" data-animation=\"none\" data-delay=\"0\"><a href=\"https:\/\/energysmartyes.com\/efficiency\/saving-energy\/\" target=\"_self\"><img loading=\"lazy\" decoding=\"async\" width=\"1772\" height=\"1183\" src=\"https:\/\/energysmartyes.com\/wp-content\/uploads\/sites\/2\/2023\/10\/Smart-Power-Strip.jpeg\" class=\"attachment-full\" alt=\"Hand plugging in a cable to a smart power strip\" title=\"Smart Power Strip\" srcset=\"https:\/\/energysmartyes.com\/wp-content\/uploads\/sites\/2\/2023\/10\/Smart-Power-Strip.jpeg 1772w, https:\/\/energysmartyes.com\/wp-content\/uploads\/sites\/2\/2023\/10\/Smart-Power-Strip-300x200.jpeg 300w, https:\/\/energysmartyes.com\/wp-content\/uploads\/sites\/2\/2023\/10\/Smart-Power-Strip-1024x684.jpeg 1024w, https:\/\/energysmartyes.com\/wp-content\/uploads\/sites\/2\/2023\/10\/Smart-Power-Strip-768x513.jpeg 768w, https:\/\/energysmartyes.com\/wp-content\/uploads\/sites\/2\/2023\/10\/Smart-Power-Strip-1536x1025.jpeg 1536w, https:\/\/energysmartyes.com\/wp-content\/uploads\/sites\/2\/2023\/10\/Smart-Power-Strip-600x400.jpeg 600w\" sizes=\"auto, (max-width: 1772px) 100vw, 1772px\" \/><\/a><\/div><div class=\"spacer\" style=\"height: 40px;\"><\/div>[vc_column_text]<\/p>\n<p style=\"text-align: center\"><a href=\"https:\/\/energysmartyes.com\/es\/eficiencia-energetica\/ahorrar-energia\/\"><b>Paso 3: Ahorrar energ\u00eda<\/b><\/a><\/p>\n<p>[\/vc_column_text][\/vc_column][\/vc_row][vc_row bg_color=\u00bb#ffffff\u00bb top_padding=\u00bb44&#8243; bottom_padding=\u00bb44&#8243;][vc_column column_center=\u00bbtrue\u00bb width=\u00bb1\/2&#8243;][vc_column_text]<\/p>\n<h3>\u00bfNo est\u00e1 seguro por d\u00f3nde comenzar?<\/h3>\n<p>[\/vc_column_text][vc_empty_space height=\u00bb16px\u00bb][vc_column_text]<a href=\"https:\/\/app.canopyclimate.com\/join\/energysmart-R-EpVtvPkxt4mTO_1yR9J\">Obtenga una gu\u00eda personalizada GRATUITA<\/a> para mejorar su hogar. Responda solo algunas preguntas para conseguir una gu\u00eda paso a paso personalizada, estimados de costos, informaci\u00f3n sobre descuentos y m\u00e1s.[\/vc_column_text][vc_empty_space height=\u00bb16px\u00bb][vc_btn title=\u00bbPrimeros pasos\u00bb style=\u00bbflat\u00bb color=\u00bbwarning\u00bb link=\u00bburl:https%3A%2F%2Fapp.canopyclimate.com%2Fjoin%2Fenergysmart-R-EpVtvPkxt4mTO_1yR9J|\u00bb][\/vc_column][vc_column width=\u00bb1\/2&#8243;]<div class=\"single_image wpb_content_element align-left    \" data-animation=\"none\" data-delay=\"0\"><a href=\"https:\/\/app.canopyclimate.com\/join\/energysmart-R-EpVtvPkxt4mTO_1yR9J\" target=\"_blank\"><img loading=\"lazy\" decoding=\"async\" width=\"1773\" height=\"1182\" src=\"https:\/\/energysmartyes.com\/wp-content\/uploads\/sites\/2\/2023\/10\/MakeAPlan.jpeg\" class=\"attachment-full\" alt=\"family of four sitting down together in their living room; parents on the ends are holding up a triangle of cardboard to emulate a home over their heads\" title=\"MakeAPlan\" srcset=\"https:\/\/energysmartyes.com\/wp-content\/uploads\/sites\/2\/2023\/10\/MakeAPlan.jpeg 1773w, https:\/\/energysmartyes.com\/wp-content\/uploads\/sites\/2\/2023\/10\/MakeAPlan-300x200.jpeg 300w, https:\/\/energysmartyes.com\/wp-content\/uploads\/sites\/2\/2023\/10\/MakeAPlan-1024x683.jpeg 1024w, https:\/\/energysmartyes.com\/wp-content\/uploads\/sites\/2\/2023\/10\/MakeAPlan-768x512.jpeg 768w, https:\/\/energysmartyes.com\/wp-content\/uploads\/sites\/2\/2023\/10\/MakeAPlan-1536x1024.jpeg 1536w, https:\/\/energysmartyes.com\/wp-content\/uploads\/sites\/2\/2023\/10\/MakeAPlan-600x400.jpeg 600w\" sizes=\"auto, (max-width: 1773px) 100vw, 1773px\" \/><\/a><\/div>[\/vc_column][\/vc_row][vc_row bg_color=\u00bb#f9a33e\u00bb text_color=\u00bblight\u00bb top_padding=\u00bb30&#8243; bottom_padding=\u00bb30&#8243;][vc_column width=\u00bb1\/4&#8243;][\/vc_column][vc_column width=\u00bb1\/2&#8243;][\/vc_column][vc_column width=\u00bb1\/4&#8243;][vc_column_text]<\/p>\n<p style=\"text-align: center\"><a href=\"https:\/\/energysmartyes.com\/es\/electrificacion\/\"><strong>El pr\u00f3ximo paso: electrificaci\u00f3n &gt;<\/strong><\/a><\/p>\n<p>[\/vc_column_text][\/vc_column][\/vc_row]<\/p>\n<\/div>","protected":false},"excerpt":{"rendered":"<p>[vc_section full_width=\u00bbstretch_row\u00bb][vc_row type=\u00bbfull_width_section\u00bb][vc_column width=\u00bb1\/1&#8243;][\/vc_column][\/vc_row][\/vc_section][vc_row top_padding=\u00bb32&#8243; bottom_padding=\u00bb32&#8243;][vc_column width=\u00bb1\/1&#8243;][vc_column_text] Eficiencia energ\u00e9tica [\/vc_column_text][vc_empty_space][vc_column_text]Si quiere electrificar, pasar a energ\u00eda solar o hacer otras renovaciones o actualizaciones en su vivienda, el primer paso siempre deber\u00eda ser evaluar y mejorar la eficiencia energ\u00e9tica de su vivienda. Sin un buen sellado herm\u00e9tico, las puertas o ventanas fugar\u00e1n aire calentado o enfriado. Si su aislamiento no es bueno, no mantendr\u00e1 el aire calentado o enfriado dentro de su vivienda y no ver\u00e1 tantos beneficios, como reducci\u00f3n de costos, de otras actualizaciones costosas si no trata primero esas cuestiones. Sin lograr primero la eficiencia energ\u00e9tica, quiz\u00e1 termine gastando m\u00e1s de lo que necesita por algunos motivos: Una vivienda que tiene buen aislamiento y sellado herm\u00e9tico a menudo puede usar una bomba de calor m\u00e1s peque\u00f1a (y por tanto, m\u00e1s econ\u00f3mica) para lograr los mismos resultados; Los residentes que han minimizado su consumo el\u00e9ctrico en aparatos, iluminaci\u00f3n y equipos pueden abastecer de energ\u00eda a su vivienda con un sistema de paneles solares m\u00e1s peque\u00f1o (y por tanto, m\u00e1s econ\u00f3mico) y bater\u00eda. Si no sabe qu\u00e9 encarar primero, una auditor\u00eda energ\u00e9tica es un excelente punto de partida. Si no sabe qu\u00e9 encarar primero, una auditor\u00eda energ\u00e9tica es un excelente punto de [&hellip;]<\/p>\n","protected":false},"author":3030,"featured_media":0,"parent":0,"menu_order":0,"comment_status":"closed","ping_status":"closed","template":"","meta":{"_acf_changed":false,"footnotes":""},"class_list":["post-3907","page","type-page","status-publish","hentry"],"acf":[],"_links":{"self":[{"href":"https:\/\/energysmartyes.com\/es\/wp-json\/wp\/v2\/pages\/3907","targetHints":{"allow":["GET"]}}],"collection":[{"href":"https:\/\/energysmartyes.com\/es\/wp-json\/wp\/v2\/pages"}],"about":[{"href":"https:\/\/energysmartyes.com\/es\/wp-json\/wp\/v2\/types\/page"}],"author":[{"embeddable":true,"href":"https:\/\/energysmartyes.com\/es\/wp-json\/wp\/v2\/users\/3030"}],"replies":[{"embeddable":true,"href":"https:\/\/energysmartyes.com\/es\/wp-json\/wp\/v2\/comments?post=3907"}],"version-history":[{"count":6,"href":"https:\/\/energysmartyes.com\/es\/wp-json\/wp\/v2\/pages\/3907\/revisions"}],"predecessor-version":[{"id":4204,"href":"https:\/\/energysmartyes.com\/es\/wp-json\/wp\/v2\/pages\/3907\/revisions\/4204"}],"wp:attachment":[{"href":"https:\/\/energysmartyes.com\/es\/wp-json\/wp\/v2\/media?parent=3907"}],"curies":[{"name":"wp","href":"https:\/\/api.w.org\/{rel}","templated":true}]}}