{"id":366,"date":"2022-06-28T21:52:46","date_gmt":"2022-06-28T21:52:46","guid":{"rendered":"https:\/\/energysmartyes.com\/home-page\/"},"modified":"2026-02-03T21:01:36","modified_gmt":"2026-02-03T21:01:36","slug":"home-page","status":"publish","type":"page","link":"https:\/\/energysmartyes.com\/es\/","title":{"rendered":"P\u00e1gina principal"},"content":{"rendered":"<div class=\"wpb-content-wrapper\"><p>[vc_section full_width=\u00bbstretch_row\u00bb content_placement=\u00bbmiddle\u00bb css=\u00bb.vc_custom_1697046929540{background-image: url(https:\/\/energysmartyes.com\/wp-content\/uploads\/sites\/2\/2023\/10\/ESHome.jpeg?id=3582) !important;background-position: center !important;background-repeat: no-repeat !important;background-size: cover !important;}\u00bb el_id=\u00bbsection-hero\u00bb][vc_row text_color=\u00bblight\u00bb text_align=\u00bbcenter\u00bb top_padding=\u00bb330&#8243; bottom_padding=\u00bb270&#8243;][vc_column width=\u00bb1\/6&#8243;][\/vc_column][vc_column width=\u00bb2\/3&#8243;][vc_column_text]<\/p>\n<h1>Opte por la eficiencia. Opte por la electricidad.<br \/>L\u00f3grelo con EnergySmart. <\/h1>\n<p>[\/vc_column_text][\/vc_column][vc_column width=\u00bb1\/6&#8243;][\/vc_column][\/vc_row][\/vc_section][vc_section][vc_row bg_color=\u00bb#007da3&#8243; text_color=\u00bblight\u00bb top_padding=\u00bb44&#8243; bottom_padding=\u00bb44&#8243;][vc_column width=\u00bb1\/1&#8243;][vc_column_text]<\/p>\n<h2 style=\"text-align: center\"><strong>Bienvenidos a EnergySmart: Su gu\u00eda del Condado de Boulder para tener hogares m\u00e1s saludables, seguros y eficientes en materia energ\u00e9tica.<\/strong><\/h2>\n<p style=\"text-align: center\">Cuenta con nuestra ayuda para que su hogar sea m\u00e1s c\u00f3modo y est\u00e9 listo para el cambiante clima de Colorado.<\/p>\n<p>[\/vc_column_text][\/vc_column][\/vc_row][vc_row top_padding=\u00bb44&#8243; bottom_padding=\u00bb32&#8243;][vc_column width=\u00bb1\/3&#8243;]<div class=\"single_image wpb_content_element align-left    \" data-animation=\"none\" data-delay=\"0\"><img loading=\"lazy\" decoding=\"async\" width=\"1773\" height=\"1182\" src=\"https:\/\/energysmartyes.com\/wp-content\/uploads\/sites\/2\/2023\/10\/Insulation.jpeg\" class=\"attachment-full\" alt=\"\" title=\"Insulation\" srcset=\"https:\/\/energysmartyes.com\/wp-content\/uploads\/sites\/2\/2023\/10\/Insulation.jpeg 1773w, https:\/\/energysmartyes.com\/wp-content\/uploads\/sites\/2\/2023\/10\/Insulation-300x200.jpeg 300w, https:\/\/energysmartyes.com\/wp-content\/uploads\/sites\/2\/2023\/10\/Insulation-1024x683.jpeg 1024w, https:\/\/energysmartyes.com\/wp-content\/uploads\/sites\/2\/2023\/10\/Insulation-768x512.jpeg 768w, https:\/\/energysmartyes.com\/wp-content\/uploads\/sites\/2\/2023\/10\/Insulation-1536x1024.jpeg 1536w, https:\/\/energysmartyes.com\/wp-content\/uploads\/sites\/2\/2023\/10\/Insulation-600x400.jpeg 600w\" sizes=\"auto, (max-width: 1773px) 100vw, 1773px\" \/><\/div>[\/vc_column][vc_column column_center=\u00bbtrue\u00bb width=\u00bb2\/3&#8243;][vc_column_text]<\/p>\n<h2>Paso 1: Eficiencia energ\u00e9tica<\/h2>\n<p>Mejorar la eficiencia energ\u00e9tica de su vivienda es el primer paso. Asegurarse de no estar derrochando dinero en calentar donde hay fugas o con aparatos que consumen demasiada energ\u00eda har\u00e1 que el resto de las actualizaciones sean mucho m\u00e1s significativas (y econ\u00f3micas). Commience aqu\u00ed su camino hacia la eficiencia.[\/vc_column_text]<div class=\"spacer\" style=\"height: 20px;\"><\/div>[vc_btn title=\u00bbSea eficiente\u00bb style=\u00bbcustom\u00bb custom_background=\u00bb#FBAA26&#8243; custom_text=\u00bb#0B323F\u00bb css=\u00bb\u00bb link=\u00bburl:https%3A%2F%2Fenergysmartyes.com%2Fes%2Feficiencia-energetica%2F|title:Sea%20eficiente|\u00bb][\/vc_column][\/vc_row][vc_row bg_color=\u00bb#ffffff\u00bb bottom_padding=\u00bb32&#8243;][vc_column width=\u00bb1\/3&#8243;]<div class=\"single_image wpb_content_element align-left    \" data-animation=\"none\" data-delay=\"0\"><img loading=\"lazy\" decoding=\"async\" width=\"2508\" height=\"1672\" src=\"https:\/\/energysmartyes.com\/wp-content\/uploads\/sites\/2\/2023\/10\/AdobeStock_294903192_resize.jpeg\" class=\"attachment-full\" alt=\"A family cooks on an induction stove.\" title=\"AdobeStock_294903192_resize\" srcset=\"https:\/\/energysmartyes.com\/wp-content\/uploads\/sites\/2\/2023\/10\/AdobeStock_294903192_resize.jpeg 2508w, https:\/\/energysmartyes.com\/wp-content\/uploads\/sites\/2\/2023\/10\/AdobeStock_294903192_resize-300x200.jpeg 300w, https:\/\/energysmartyes.com\/wp-content\/uploads\/sites\/2\/2023\/10\/AdobeStock_294903192_resize-1024x683.jpeg 1024w, https:\/\/energysmartyes.com\/wp-content\/uploads\/sites\/2\/2023\/10\/AdobeStock_294903192_resize-768x512.jpeg 768w, https:\/\/energysmartyes.com\/wp-content\/uploads\/sites\/2\/2023\/10\/AdobeStock_294903192_resize-1536x1024.jpeg 1536w, https:\/\/energysmartyes.com\/wp-content\/uploads\/sites\/2\/2023\/10\/AdobeStock_294903192_resize-2048x1365.jpeg 2048w, https:\/\/energysmartyes.com\/wp-content\/uploads\/sites\/2\/2023\/10\/AdobeStock_294903192_resize-600x400.jpeg 600w\" sizes=\"auto, (max-width: 2508px) 100vw, 2508px\" \/><\/div>[\/vc_column][vc_column column_center=\u00bbtrue\u00bb width=\u00bb2\/3&#8243;][vc_column_text]<\/p>\n<h2>Paso 2: Electrificaci\u00f3n<\/h2>\n<p>Una vez que est\u00e9 conforme con la eficiencia en su vivienda, el siguiente paso es reemplazar los aparatos que usan combustibles f\u00f3siles por el\u00e9ctricos. Los aparatos completamente el\u00e9ctricos mantienen la calidad m\u00e1s sana y segura del aire interior, tienen mayor resistencia a da\u00f1os por incendios y humo, menos problemas de mantenimiento, costos de energ\u00eda m\u00e1s bajos y menos contaminaci\u00f3n con gases de efecto invernadero.[\/vc_column_text]<div class=\"spacer\" style=\"height: 20px;\"><\/div>[vc_btn title=\u00bbCambiar a electricidad\u00bb style=\u00bbcustom\u00bb custom_background=\u00bb#FBAA26&#8243; custom_text=\u00bb#0B323F\u00bb css=\u00bb\u00bb link=\u00bburl:https%3A%2F%2Fenergysmartyes.com%2Fes%2Felectrificacion%2F|title:Cambiar%20a%20electricidad|\u00bb][\/vc_column][\/vc_row][vc_row bottom_padding=\u00bb32&#8243;][vc_column width=\u00bb1\/3&#8243;]<div class=\"single_image wpb_content_element align-left    \" data-animation=\"none\" data-delay=\"0\"><img loading=\"lazy\" decoding=\"async\" width=\"1763\" height=\"1188\" src=\"https:\/\/energysmartyes.com\/wp-content\/uploads\/sites\/2\/2023\/10\/EV.jpeg\" class=\"attachment-full\" alt=\"\" title=\"EV\" srcset=\"https:\/\/energysmartyes.com\/wp-content\/uploads\/sites\/2\/2023\/10\/EV.jpeg 1763w, https:\/\/energysmartyes.com\/wp-content\/uploads\/sites\/2\/2023\/10\/EV-300x202.jpeg 300w, https:\/\/energysmartyes.com\/wp-content\/uploads\/sites\/2\/2023\/10\/EV-1024x690.jpeg 1024w, https:\/\/energysmartyes.com\/wp-content\/uploads\/sites\/2\/2023\/10\/EV-768x518.jpeg 768w, https:\/\/energysmartyes.com\/wp-content\/uploads\/sites\/2\/2023\/10\/EV-1536x1035.jpeg 1536w\" sizes=\"auto, (max-width: 1763px) 100vw, 1763px\" \/><\/div>[\/vc_column][vc_column column_center=\u00bbtrue\u00bb width=\u00bb2\/3&#8243;][vc_column_text]<\/p>\n<h2>Paso 3: Transporte<\/h2>\n<p>En cualquier momento puede pasarse a un veh\u00edculo el\u00e9ctrico con cargador en su vivienda, pero es mejor emprender estos proyectos una vez que su vivienda est\u00e1 herm\u00e9tica y electrificada para que pueda entender mejor su consumo de electricidad y tomar decisiones m\u00e1s informadas sobre equipos.[\/vc_column_text]<div class=\"spacer\" style=\"height: 20px;\"><\/div>[vc_btn title=\u00bbGo for an EV\u00bb style=\u00bbcustom\u00bb custom_background=\u00bb#FBAA26&#8243; custom_text=\u00bb#0B323F\u00bb css=\u00bb\u00bb link=\u00bburl:https%3A%2F%2Fenergysmartyes.com%2Ftransportation%2F|title:Go%20for%20an%20EV|\u00bb][\/vc_column][\/vc_row][vc_row bg_color=\u00bb#ffffff\u00bb bottom_padding=\u00bb32&#8243;][vc_column width=\u00bb1\/3&#8243;]<div class=\"single_image wpb_content_element align-left    \" data-animation=\"none\" data-delay=\"0\"><img loading=\"lazy\" decoding=\"async\" width=\"1773\" height=\"1182\" src=\"https:\/\/energysmartyes.com\/wp-content\/uploads\/sites\/2\/2023\/10\/Rooftop_Solar.jpeg\" class=\"attachment-full\" alt=\"\" title=\"Rooftop_Solar\" srcset=\"https:\/\/energysmartyes.com\/wp-content\/uploads\/sites\/2\/2023\/10\/Rooftop_Solar.jpeg 1773w, https:\/\/energysmartyes.com\/wp-content\/uploads\/sites\/2\/2023\/10\/Rooftop_Solar-300x200.jpeg 300w, https:\/\/energysmartyes.com\/wp-content\/uploads\/sites\/2\/2023\/10\/Rooftop_Solar-1024x683.jpeg 1024w, https:\/\/energysmartyes.com\/wp-content\/uploads\/sites\/2\/2023\/10\/Rooftop_Solar-768x512.jpeg 768w, https:\/\/energysmartyes.com\/wp-content\/uploads\/sites\/2\/2023\/10\/Rooftop_Solar-1536x1024.jpeg 1536w, https:\/\/energysmartyes.com\/wp-content\/uploads\/sites\/2\/2023\/10\/Rooftop_Solar-600x400.jpeg 600w\" sizes=\"auto, (max-width: 1773px) 100vw, 1773px\" \/><\/div>[\/vc_column][vc_column column_center=\u00bbtrue\u00bb width=\u00bb2\/3&#8243;][vc_column_text]<\/p>\n<h2>Paso 4: Energ\u00eda solar<\/h2>\n<p>En cualquier momento puede instalar paneles solares pero es mejor emprender estos proyectos una vez que su vivienda est\u00e1 herm\u00e9tica y electrificada para que pueda entender mejor su consumo de electricidad y tomar decisiones m\u00e1s informadas sobre equipos.[\/vc_column_text]<div class=\"spacer\" style=\"height: 20px;\"><\/div>[vc_btn title=\u00bbCambie a Solar\u00bb style=\u00bbcustom\u00bb custom_background=\u00bb#FBAA26&#8243; custom_text=\u00bb#0B323F\u00bb css=\u00bb\u00bb link=\u00bburl:https%3A%2F%2Fenergysmartyes.com%2Fsolar%2F|title:Cambie%20a%20Solar|\u00bb][\/vc_column][\/vc_row][\/vc_section][vc_section][vc_row bg_color=\u00bb#007da3&#8243; text_color=\u00bblight\u00bb top_padding=\u00bb44&#8243; bottom_padding=\u00bb44&#8243;][vc_column width=\u00bb1\/1&#8243;][vc_column_text]<\/p>\n<h2 style=\"text-align: center\"><strong>H\u00e1galo sin dudarlo<\/strong><\/h2>\n<p style=\"text-align: center\">Lista de descuentos, contratistas y m\u00e1s para que esos primeros pasos e inversiones sean un poco menos intimidantes.<\/p>\n<p>[\/vc_column_text][\/vc_column][\/vc_row][vc_row top_padding=\u00bb32&#8243; bottom_padding=\u00bb32&#8243;][vc_column width=\u00bb1\/3&#8243;]<div class=\"single_image wpb_content_element align-left    \" data-animation=\"none\" data-delay=\"0\"><img loading=\"lazy\" decoding=\"async\" width=\"1773\" height=\"1182\" src=\"https:\/\/energysmartyes.com\/wp-content\/uploads\/sites\/2\/2023\/10\/MakeAPlan.jpeg\" class=\"attachment-full\" alt=\"family of four sitting down together in their living room; parents on the ends are holding up a triangle of cardboard to emulate a home over their heads\" title=\"MakeAPlan\" srcset=\"https:\/\/energysmartyes.com\/wp-content\/uploads\/sites\/2\/2023\/10\/MakeAPlan.jpeg 1773w, https:\/\/energysmartyes.com\/wp-content\/uploads\/sites\/2\/2023\/10\/MakeAPlan-300x200.jpeg 300w, https:\/\/energysmartyes.com\/wp-content\/uploads\/sites\/2\/2023\/10\/MakeAPlan-1024x683.jpeg 1024w, https:\/\/energysmartyes.com\/wp-content\/uploads\/sites\/2\/2023\/10\/MakeAPlan-768x512.jpeg 768w, https:\/\/energysmartyes.com\/wp-content\/uploads\/sites\/2\/2023\/10\/MakeAPlan-1536x1024.jpeg 1536w, https:\/\/energysmartyes.com\/wp-content\/uploads\/sites\/2\/2023\/10\/MakeAPlan-600x400.jpeg 600w\" sizes=\"auto, (max-width: 1773px) 100vw, 1773px\" \/><\/div>[\/vc_column][vc_column column_center=\u00bbtrue\u00bb width=\u00bb2\/3&#8243;][vc_column_text]<\/p>\n<h2>Obtenga su gu\u00eda personalizada<\/h2>\n<p>Nuestro socio, Canopy, es su instructor por internet GRATIS para actualizar su vivienda. Responda solo algunas preguntas para conseguir una gu\u00eda paso a paso personalizada, estimados de costos, informaci\u00f3n sobre descuentos y m\u00e1s.<\/p>\n<p>Lo sentimos, este servicio solo est\u00e1 disponible en ingl\u00e9s en este momento. Anticipamos que una versi\u00f3n en espa\u00f1ol estar\u00e1 disponible a principios de 2025.[\/vc_column_text]<div class=\"spacer\" style=\"height: 20px;\"><\/div>[vc_btn title=\u00bbConsiga su gu\u00eda personalizada\u00bb style=\u00bbcustom\u00bb custom_background=\u00bb#FBAA26&#8243; custom_text=\u00bb#0B323F\u00bb css=\u00bb\u00bb link=\u00bburl:https%3A%2F%2Fhomes.rewiringamerica.org%2Fpersonal-electrification-planner|title:Consiga%20su%20gu%C3%ADa%20personalizada|target:_blank|\u00bb][\/vc_column][\/vc_row][vc_row bottom_padding=\u00bb32&#8243;][vc_column width=\u00bb1\/3&#8243;]<div class=\"single_image wpb_content_element align-left    \" data-animation=\"none\" data-delay=\"0\"><img loading=\"lazy\" decoding=\"async\" width=\"1773\" height=\"1182\" src=\"https:\/\/energysmartyes.com\/wp-content\/uploads\/sites\/2\/2023\/10\/handshake.jpeg\" class=\"attachment-full\" alt=\"\" title=\"handshake\" srcset=\"https:\/\/energysmartyes.com\/wp-content\/uploads\/sites\/2\/2023\/10\/handshake.jpeg 1773w, https:\/\/energysmartyes.com\/wp-content\/uploads\/sites\/2\/2023\/10\/handshake-300x200.jpeg 300w, https:\/\/energysmartyes.com\/wp-content\/uploads\/sites\/2\/2023\/10\/handshake-1024x683.jpeg 1024w, https:\/\/energysmartyes.com\/wp-content\/uploads\/sites\/2\/2023\/10\/handshake-768x512.jpeg 768w, https:\/\/energysmartyes.com\/wp-content\/uploads\/sites\/2\/2023\/10\/handshake-1536x1024.jpeg 1536w, https:\/\/energysmartyes.com\/wp-content\/uploads\/sites\/2\/2023\/10\/handshake-600x400.jpeg 600w\" sizes=\"auto, (max-width: 1773px) 100vw, 1773px\" \/><\/div>[\/vc_column][vc_column column_center=\u00bbtrue\u00bb width=\u00bb2\/3&#8243;][vc_column_text]<\/p>\n<h2>Encuentre descuentos<\/h2>\n<p>EnergySmart, algunos municipios del condado de Boulder, el estado de Colorado y los proveedores de servicios p\u00fablicos ofrecen reembolsos, descuentos e incentivos que le ayudan a ahorrar dinero en mejoras energ\u00e9ticas para el hogar que no dependen de la quema de combustibles f\u00f3siles. Los reembolsos se otorgan por orden de llegada, hasta agotar los fondos disponibles. Haga clic en \u00abReembolsos\u00bb en el men\u00fa de la parte superior de la p\u00e1gina web y comience.[\/vc_column_text]<div class=\"spacer\" style=\"height: 20px;\"><\/div>[vc_btn title=\u00bbEncuentre descuentos\u00bb style=\u00bbcustom\u00bb custom_background=\u00bb#FBAA26&#8243; custom_text=\u00bb#0B323F\u00bb css=\u00bb\u00bb link=\u00bburl:https%3A%2F%2Fenergysmartyes.com%2Fes%2Freembolsos%2F|title:Encuentre%20descuentos|\u00bb][\/vc_column][\/vc_row][vc_row bottom_padding=\u00bb32&#8243;][vc_column width=\u00bb1\/3&#8243;]<div class=\"single_image wpb_content_element align-left    \" data-animation=\"none\" data-delay=\"0\"><img loading=\"lazy\" decoding=\"async\" width=\"1800\" height=\"1165\" src=\"https:\/\/energysmartyes.com\/wp-content\/uploads\/sites\/2\/2023\/10\/contractor.jpeg\" class=\"attachment-full\" alt=\"A woman talks to a contractor in her home\" title=\"contractor\" srcset=\"https:\/\/energysmartyes.com\/wp-content\/uploads\/sites\/2\/2023\/10\/contractor.jpeg 1800w, https:\/\/energysmartyes.com\/wp-content\/uploads\/sites\/2\/2023\/10\/contractor-300x194.jpeg 300w, https:\/\/energysmartyes.com\/wp-content\/uploads\/sites\/2\/2023\/10\/contractor-1024x663.jpeg 1024w, https:\/\/energysmartyes.com\/wp-content\/uploads\/sites\/2\/2023\/10\/contractor-768x497.jpeg 768w, https:\/\/energysmartyes.com\/wp-content\/uploads\/sites\/2\/2023\/10\/contractor-1536x994.jpeg 1536w\" sizes=\"auto, (max-width: 1800px) 100vw, 1800px\" \/><\/div>[\/vc_column][vc_column column_center=\u00bbtrue\u00bb width=\u00bb2\/3&#8243;][vc_column_text]<\/p>\n<h2>Encuente una contratista<\/h2>\n<p>La lista de contratistas que conocemos de EnergySmart tiene muchas ganas de trabajar en proyectos de eficiencia energ\u00e9tica y electrificaci\u00f3n y ya han completado trabajo de calidad en el pasado.[\/vc_column_text]<div class=\"spacer\" style=\"height: 20px;\"><\/div>[vc_btn title=\u00bbEncuente una contratista\u00bb style=\u00bbcustom\u00bb custom_background=\u00bb#FBAA26&#8243; custom_text=\u00bb#0B323F\u00bb css=\u00bb\u00bb link=\u00bburl:https%3A%2F%2Fenergysmartyes.com%2Ffind-a-contractor%2F|title:Encuente%20una%20contratista|\u00bb][\/vc_column][\/vc_row][\/vc_section][vc_row bg_color=\u00bb#007da3&#8243; text_color=\u00bblight\u00bb top_padding=\u00bb44&#8243; bottom_padding=\u00bb44&#8243;][vc_column width=\u00bb1\/1&#8243;][vc_column_text]<\/p>\n<h2 style=\"text-align: center\">\u00bfPor qu\u00e9 electrificar?<\/h2>\n<p>Cuando quemamos combustibles f\u00f3siles como el petr\u00f3leo, el carb\u00f3n y el gas, generamos contaminaci\u00f3n que calienta el planeta y provoca la crisis clim\u00e1tica. La crisis clim\u00e1tica significa m\u00e1s y peores inundaciones, incendios, sequ\u00edas y olas de calor. <\/p>\n<p>Para detener el empeoramiento de la crisis clim\u00e1tica, debemos detener la quema de combustibles f\u00f3siles. Nuestros servicios p\u00fablicos est\u00e1n pasando nuestra red el\u00e9ctrica de fuentes de energ\u00eda que queman combustibles f\u00f3siles generadoras de electricidad a fuentes renovables. <\/p>\n<p>Sin embargo, muchas de las actividades cotidianas como calentar nuestras viviendas, conducir nuestros carros e incluso cortar el c\u00e9sped todav\u00eda usan combustibles f\u00f3siles sin importar si nuestra red el\u00e9ctrica usa un suministro de energ\u00eda limpia o no. EnergySmart ayudar\u00e1 a que pase a la energ\u00eda el\u00e9ctrica para que deje de quemar combustibles f\u00f3siles en su vivienda y se conecte a nuestra red cada vez m\u00e1s ecol\u00f3gica.[\/vc_column_text][\/vc_column][\/vc_row]<\/p>\n<\/div>","protected":false},"excerpt":{"rendered":"<p>[vc_section full_width=\u00bbstretch_row\u00bb content_placement=\u00bbmiddle\u00bb css=\u00bb.vc_custom_1697046929540{background-image: url(https:\/\/energysmartyes.com\/wp-content\/uploads\/sites\/2\/2023\/10\/ESHome.jpeg?id=3582) !important;background-position: center !important;background-repeat: no-repeat !important;background-size: cover !important;}\u00bb el_id=\u00bbsection-hero\u00bb][vc_row text_color=\u00bblight\u00bb text_align=\u00bbcenter\u00bb top_padding=\u00bb330&#8243; bottom_padding=\u00bb270&#8243;][vc_column width=\u00bb1\/6&#8243;][\/vc_column][vc_column width=\u00bb2\/3&#8243;][vc_column_text] Opte por la eficiencia. Opte por la electricidad.L\u00f3grelo con EnergySmart. [\/vc_column_text][\/vc_column][vc_column width=\u00bb1\/6&#8243;][\/vc_column][\/vc_row][\/vc_section][vc_section][vc_row bg_color=\u00bb#007da3&#8243; text_color=\u00bblight\u00bb top_padding=\u00bb44&#8243; bottom_padding=\u00bb44&#8243;][vc_column width=\u00bb1\/1&#8243;][vc_column_text] Bienvenidos a EnergySmart: Su gu\u00eda del Condado de Boulder para tener hogares m\u00e1s saludables, seguros y eficientes en materia energ\u00e9tica. Cuenta con nuestra ayuda para que su hogar sea m\u00e1s c\u00f3modo y est\u00e9 listo para el cambiante clima de Colorado. [\/vc_column_text][\/vc_column][\/vc_row][vc_row top_padding=\u00bb44&#8243; bottom_padding=\u00bb32&#8243;][vc_column width=\u00bb1\/3&#8243;][\/vc_column][vc_column column_center=\u00bbtrue\u00bb width=\u00bb2\/3&#8243;][vc_column_text] Paso 1: Eficiencia energ\u00e9tica Mejorar la eficiencia energ\u00e9tica de su vivienda es el primer paso. Asegurarse de no estar derrochando dinero en calentar donde hay fugas o con aparatos que consumen demasiada energ\u00eda har\u00e1 que el resto de las actualizaciones sean mucho m\u00e1s significativas (y econ\u00f3micas). Commience aqu\u00ed su camino hacia la eficiencia.[\/vc_column_text][vc_btn title=\u00bbSea eficiente\u00bb style=\u00bbcustom\u00bb custom_background=\u00bb#FBAA26&#8243; custom_text=\u00bb#0B323F\u00bb css=\u00bb\u00bb link=\u00bburl:https%3A%2F%2Fenergysmartyes.com%2Fes%2Feficiencia-energetica%2F|title:Sea%20eficiente|\u00bb][\/vc_column][\/vc_row][vc_row bg_color=\u00bb#ffffff\u00bb bottom_padding=\u00bb32&#8243;][vc_column width=\u00bb1\/3&#8243;][\/vc_column][vc_column column_center=\u00bbtrue\u00bb width=\u00bb2\/3&#8243;][vc_column_text] Paso 2: Electrificaci\u00f3n Una vez que est\u00e9 conforme con la eficiencia en su vivienda, el siguiente paso es reemplazar los aparatos que usan combustibles f\u00f3siles por el\u00e9ctricos. Los aparatos completamente el\u00e9ctricos mantienen la calidad m\u00e1s sana y segura del aire interior, tienen mayor resistencia a da\u00f1os por incendios y humo, menos problemas de [&hellip;]<\/p>\n","protected":false},"author":3004,"featured_media":0,"parent":0,"menu_order":0,"comment_status":"closed","ping_status":"closed","template":"","meta":{"_acf_changed":false,"footnotes":""},"class_list":["post-366","page","type-page","status-publish","hentry"],"acf":[],"_links":{"self":[{"href":"https:\/\/energysmartyes.com\/es\/wp-json\/wp\/v2\/pages\/366","targetHints":{"allow":["GET"]}}],"collection":[{"href":"https:\/\/energysmartyes.com\/es\/wp-json\/wp\/v2\/pages"}],"about":[{"href":"https:\/\/energysmartyes.com\/es\/wp-json\/wp\/v2\/types\/page"}],"author":[{"embeddable":true,"href":"https:\/\/energysmartyes.com\/es\/wp-json\/wp\/v2\/users\/3004"}],"replies":[{"embeddable":true,"href":"https:\/\/energysmartyes.com\/es\/wp-json\/wp\/v2\/comments?post=366"}],"version-history":[{"count":23,"href":"https:\/\/energysmartyes.com\/es\/wp-json\/wp\/v2\/pages\/366\/revisions"}],"predecessor-version":[{"id":6060,"href":"https:\/\/energysmartyes.com\/es\/wp-json\/wp\/v2\/pages\/366\/revisions\/6060"}],"wp:attachment":[{"href":"https:\/\/energysmartyes.com\/es\/wp-json\/wp\/v2\/media?parent=366"}],"curies":[{"name":"wp","href":"https:\/\/api.w.org\/{rel}","templated":true}]}}